{"id":119,"date":"2024-09-21T03:50:16","date_gmt":"2024-09-21T03:50:16","guid":{"rendered":"https:\/\/dulich.tamkhoa.com\/bat-dong-san-01\/?page_id=119"},"modified":"2024-11-01T03:08:23","modified_gmt":"2024-11-01T03:08:23","slug":"gioi-thieu","status":"publish","type":"page","link":"https:\/\/webchodoanhnghiep.tamkhoa.com\/bat-dong-san-01\/gioi-thieu\/","title":{"rendered":"Gi\u1edbi thi\u1ec7u"},"content":{"rendered":"\t\t<div data-elementor-type=\"wp-page\" data-elementor-id=\"119\" class=\"elementor elementor-119\">\n\t\t\t\t<div class=\"elementor-element elementor-element-3a31b41 e-flex e-con-boxed wpr-particle-no wpr-jarallax-no wpr-parallax-no wpr-sticky-section-no wpr-column-slider-no wpr-equal-height-no e-con e-parent\" data-id=\"3a31b41\" data-element_type=\"container\" data-e-type=\"container\">\n\t\t\t\t\t<div class=\"e-con-inner\">\n\t\t\t\t<div class=\"elementor-element elementor-element-60a327d elementor-widget elementor-widget-page-title\" data-id=\"60a327d\" data-element_type=\"widget\" data-e-type=\"widget\" data-settings=\"{&quot;align&quot;:&quot;center&quot;}\" data-widget_type=\"page-title.default\">\n\t\t\t\t<div class=\"elementor-widget-container\">\n\t\t\t\t\t\t\t\n\t\t<div class=\"hfe-page-title hfe-page-title-wrapper elementor-widget-heading\">\n\n\t\t\t\t\t\t\t\t<h2 class=\"elementor-heading-title elementor-size-default\">\n\t\t\t\t\t\t\t\t\n\t\t\t\tGi\u1edbi thi\u1ec7u  \n\t\t\t<\/h2 > \n\t\t\t\t\t<\/div>\n\t\t\t\t\t\t<\/div>\n\t\t\t\t<\/div>\n\t\t\t\t\t<\/div>\n\t\t\t\t<\/div>\n\t\t<div class=\"wpr-jarallax elementor-element elementor-element-1177387 e-con-full wpr-jarallax-yes e-flex wpr-particle-no wpr-parallax-no wpr-sticky-section-no wpr-column-slider-no wpr-equal-height-no e-con e-parent\" speed-data=\"1.6\" bg-image=\"http:\/\/webchodoanhnghiep.tamkhoa.com\/bat-dong-san-01\/wp-content\/uploads\/sites\/3\/2024\/10\/pexels-pixabay-280221-scaled.webp\" bg-image-mobile=\"\" scroll-effect=\"scroll\" data-id=\"1177387\" data-element_type=\"container\" data-e-type=\"container\">\n\t\t<div class=\"elementor-element elementor-element-b0f278e e-flex e-con-boxed wpr-particle-no wpr-jarallax-no wpr-parallax-no wpr-sticky-section-no wpr-column-slider-no wpr-equal-height-no e-con e-child\" data-id=\"b0f278e\" data-element_type=\"container\" data-e-type=\"container\">\n\t\t\t\t\t<div class=\"e-con-inner\">\n\t\t\t\t<div class=\"elementor-element elementor-element-d45894d elementor-widget elementor-widget-heading\" data-id=\"d45894d\" data-element_type=\"widget\" data-e-type=\"widget\" data-widget_type=\"heading.default\">\n\t\t\t\t<div class=\"elementor-widget-container\">\n\t\t\t\t\t<h2 class=\"elementor-heading-title elementor-size-default\">Ch\u00e0o m\u1eebng b\u1ea1n \u0111\u1ebfn v\u1edbi EstateSync<\/h2>\t\t\t\t<\/div>\n\t\t\t\t<\/div>\n\t\t\t\t<div class=\"elementor-element elementor-element-414e064 elementor-widget elementor-widget-heading\" data-id=\"414e064\" data-element_type=\"widget\" data-e-type=\"widget\" data-widget_type=\"heading.default\">\n\t\t\t\t<div class=\"elementor-widget-container\">\n\t\t\t\t\t<h3 class=\"elementor-heading-title elementor-size-default\">n\u1ec1n t\u1ea3ng b\u1ea5t \u0111\u1ed9ng s\u1ea3n h\u00e0ng \u0111\u1ea7u \u0111\u01b0\u1ee3c thi\u1ebft k\u1ebf \u0111\u1ec3 mang \u0111\u1ebfn cho b\u1ea1n tr\u1ea3i nghi\u1ec7m mua b\u00e1n v\u00e0 cho thu\u00ea b\u1ea5t \u0111\u1ed9ng s\u1ea3n d\u1ec5 d\u00e0ng v\u00e0 hi\u1ec7u qu\u1ea3 nh\u1ea5t<\/h3>\t\t\t\t<\/div>\n\t\t\t\t<\/div>\n\t\t\t\t\t<\/div>\n\t\t\t\t<\/div>\n\t\t\t\t<\/div>\n\t\t<div class=\"elementor-element elementor-element-bc4903e e-flex e-con-boxed wpr-particle-no wpr-jarallax-no wpr-parallax-no wpr-sticky-section-no wpr-column-slider-no wpr-equal-height-no e-con e-parent\" data-id=\"bc4903e\" data-element_type=\"container\" data-e-type=\"container\">\n\t\t\t\t\t<div class=\"e-con-inner\">\n\t\t\t\t<div class=\"elementor-element elementor-element-4ebb38b elementor-widget elementor-widget-text-editor\" data-id=\"4ebb38b\" data-element_type=\"widget\" data-e-type=\"widget\" data-widget_type=\"text-editor.default\">\n\t\t\t\t<div class=\"elementor-widget-container\">\n\t\t\t\t\t\t\t\t\t<p>Ch\u00e0o m\u1eebng b\u1ea1n \u0111\u1ebfn v\u1edbi <strong>EstateSync<\/strong> \u2013 n\u1ec1n t\u1ea3ng b\u1ea5t \u0111\u1ed9ng s\u1ea3n h\u00e0ng \u0111\u1ea7u \u0111\u01b0\u1ee3c thi\u1ebft k\u1ebf \u0111\u1ec3 mang \u0111\u1ebfn cho b\u1ea1n tr\u1ea3i nghi\u1ec7m mua b\u00e1n v\u00e0 cho thu\u00ea b\u1ea5t \u0111\u1ed9ng s\u1ea3n d\u1ec5 d\u00e0ng v\u00e0 hi\u1ec7u qu\u1ea3 nh\u1ea5t.<\/p><h4><strong>1. T\u1ea7m nh\u00ecn c\u1ee7a ch\u00fang t\u00f4i<\/strong><\/h4><p>T\u1ea1i <strong>EstateSync<\/strong>, ch\u00fang t\u00f4i kh\u00f4ng ch\u1ec9 \u0111\u01a1n thu\u1ea7n cung c\u1ea5p d\u1ecbch v\u1ee5 t\u00ecm ki\u1ebfm b\u1ea5t \u0111\u1ed9ng s\u1ea3n m\u00e0 c\u00f2n \u0111\u1eb7t m\u1ee5c ti\u00eau tr\u1edf th\u00e0nh ng\u01b0\u1eddi b\u1ea1n \u0111\u1ed3ng h\u00e0nh \u0111\u00e1ng tin c\u1eady trong m\u1ecdi quy\u1ebft \u0111\u1ecbnh mua, b\u00e1n, v\u00e0 \u0111\u1ea7u t\u01b0 b\u1ea5t \u0111\u1ed9ng s\u1ea3n c\u1ee7a b\u1ea1n. Ch\u00fang t\u00f4i cam k\u1ebft t\u1ea1o ra m\u1ed9t m\u00f4i tr\u01b0\u1eddng giao d\u1ecbch minh b\u1ea1ch, an to\u00e0n v\u00e0 d\u1ec5 ti\u1ebfp c\u1eadn cho m\u1ecdi kh\u00e1ch h\u00e0ng, t\u1eeb nh\u1eefng ng\u01b0\u1eddi mua nh\u00e0 l\u1ea7n \u0111\u1ea7u cho \u0111\u1ebfn c\u00e1c nh\u00e0 \u0111\u1ea7u t\u01b0 chuy\u00ean nghi\u1ec7p.<\/p><h4><strong>2. Gi\u00e1 tr\u1ecb c\u1ed1t l\u00f5i<\/strong><\/h4><ul><li><strong>Uy t\u00edn v\u00e0 minh b\u1ea1ch<\/strong>: M\u1ed7i th\u00f4ng tin b\u1ea5t \u0111\u1ed9ng s\u1ea3n tr\u00ean n\u1ec1n t\u1ea3ng c\u1ee7a ch\u00fang t\u00f4i \u0111\u1ec1u \u0111\u01b0\u1ee3c ki\u1ec3m duy\u1ec7t ch\u1eb7t ch\u1ebd \u0111\u1ec3 \u0111\u1ea3m b\u1ea3o t\u00ednh ch\u00ednh x\u00e1c v\u00e0 minh b\u1ea1ch.<\/li><li><strong>Kh\u00e1ch h\u00e0ng l\u00e0 tr\u1ecdng t\u00e2m<\/strong>: Ch\u00fang t\u00f4i l\u1eafng nghe nhu c\u1ea7u c\u1ee7a b\u1ea1n v\u00e0 cung c\u1ea5p nh\u1eefng gi\u1ea3i ph\u00e1p ph\u00f9 h\u1ee3p nh\u1ea5t, gi\u00fap b\u1ea1n d\u1ec5 d\u00e0ng t\u00ecm \u0111\u01b0\u1ee3c t\u1ed5 \u1ea5m ho\u1eb7c c\u01a1 h\u1ed9i \u0111\u1ea7u t\u01b0 l\u00fd t\u01b0\u1edfng.<\/li><li><strong>S\u00e1ng t\u1ea1o v\u00e0 \u0111\u1ed5i m\u1edbi<\/strong>: EstateSync lu\u00f4n \u00e1p d\u1ee5ng nh\u1eefng c\u00f4ng ngh\u1ec7 hi\u1ec7n \u0111\u1ea1i nh\u1ea5t nh\u1eb1m t\u1ed1i \u01b0u h\u00f3a qu\u00e1 tr\u00ecnh t\u00ecm ki\u1ebfm v\u00e0 giao d\u1ecbch b\u1ea5t \u0111\u1ed9ng s\u1ea3n.<\/li><li><strong>Chuy\u00ean nghi\u1ec7p v\u00e0 t\u1eadn t\u00e2m<\/strong>: \u0110\u1ed9i ng\u0169 c\u1ee7a ch\u00fang t\u00f4i bao g\u1ed3m c\u00e1c chuy\u00ean gia gi\u00e0u kinh nghi\u1ec7m trong l\u0129nh v\u1ef1c b\u1ea5t \u0111\u1ed9ng s\u1ea3n v\u00e0 lu\u00f4n s\u1eb5n s\u00e0ng h\u1ed7 tr\u1ee3 b\u1ea1n trong t\u1eebng b\u01b0\u1edbc \u0111i.<\/li><\/ul><h4><strong>3. C\u00e1c d\u1ecbch v\u1ee5 c\u1ee7a ch\u00fang t\u00f4i<\/strong><\/h4><p>EstateSync cung c\u1ea5p m\u1ed9t lo\u1ea1t c\u00e1c d\u1ecbch v\u1ee5 nh\u1eb1m \u0111\u00e1p \u1ee9ng nhu c\u1ea7u \u0111a d\u1ea1ng c\u1ee7a th\u1ecb tr\u01b0\u1eddng:<\/p><ul><li><p><strong>T\u01b0 v\u1ea5n mua b\u00e1n v\u00e0 cho thu\u00ea<\/strong>: \u0110\u1ed9i ng\u0169 chuy\u00ean vi\u00ean c\u1ee7a ch\u00fang t\u00f4i lu\u00f4n s\u1eb5n s\u00e0ng h\u1ed7 tr\u1ee3 b\u1ea1n trong vi\u1ec7c \u0111\u00e0m ph\u00e1n gi\u00e1 c\u1ea3, t\u01b0 v\u1ea5n ph\u00e1p l\u00fd v\u00e0 c\u00e1c th\u1ee7 t\u1ee5c li\u00ean quan \u0111\u1ebfn vi\u1ec7c mua, b\u00e1n ho\u1eb7c cho thu\u00ea b\u1ea5t \u0111\u1ed9ng s\u1ea3n.<\/p><\/li><li><p><strong>Ph\u00e2n t\u00edch th\u1ecb tr\u01b0\u1eddng<\/strong>: Ch\u00fang t\u00f4i cung c\u1ea5p c\u00e1c b\u00e1o c\u00e1o v\u00e0 th\u00f4ng tin c\u1eadp nh\u1eadt v\u1ec1 xu h\u01b0\u1edbng th\u1ecb tr\u01b0\u1eddng b\u1ea5t \u0111\u1ed9ng s\u1ea3n, gi\u00fap b\u1ea1n \u0111\u01b0a ra c\u00e1c quy\u1ebft \u0111\u1ecbnh \u0111\u1ea7u t\u01b0 s\u00e1ng su\u1ed1t v\u00e0 hi\u1ec7u qu\u1ea3.<\/p><\/li><\/ul><h4><strong>4. V\u00ec sao ch\u1ecdn EstateSync?<\/strong><\/h4><ul><li><strong>\u0110\u1ed9i ng\u0169 chuy\u00ean gia gi\u00e0u kinh nghi\u1ec7m<\/strong>: V\u1edbi nhi\u1ec1u n\u0103m kinh nghi\u1ec7m trong l\u0129nh v\u1ef1c b\u1ea5t \u0111\u1ed9ng s\u1ea3n, ch\u00fang t\u00f4i hi\u1ec3u r\u00f5 th\u1ecb tr\u01b0\u1eddng v\u00e0 s\u1eb5n s\u00e0ng h\u1ed7 tr\u1ee3 b\u1ea1n trong su\u1ed1t qu\u00e1 tr\u00ecnh giao d\u1ecbch.<\/li><li><strong>H\u1ed7 tr\u1ee3 to\u00e0n di\u1ec7n<\/strong>: T\u1eeb kh\u00e2u t\u01b0 v\u1ea5n ban \u0111\u1ea7u cho \u0111\u1ebfn ho\u00e0n t\u1ea5t giao d\u1ecbch, ch\u00fang t\u00f4i lu\u00f4n \u0111\u1ed3ng h\u00e0nh v\u00e0 \u0111\u1ea3m b\u1ea3o b\u1ea1n s\u1ebd c\u00f3 \u0111\u01b0\u1ee3c tr\u1ea3i nghi\u1ec7m t\u1ed1t nh\u1ea5t.<\/li><\/ul><h4><strong>5. \u0110\u1ed9i ng\u0169 c\u1ee7a ch\u00fang t\u00f4i<\/strong><\/h4><p>\u0110\u1eb1ng sau <strong>EstateSync<\/strong> l\u00e0 m\u1ed9t \u0111\u1ed9i ng\u0169 g\u1ed3m nh\u1eefng chuy\u00ean gia t\u1eadn t\u00e2m trong l\u0129nh v\u1ef1c b\u1ea5t \u0111\u1ed9ng s\u1ea3n, c\u00f4ng ngh\u1ec7 v\u00e0 d\u1ecbch v\u1ee5 kh\u00e1ch h\u00e0ng. Ch\u00fang t\u00f4i l\u00e0m vi\u1ec7c v\u1edbi m\u1ee5c ti\u00eau mang \u0111\u1ebfn cho b\u1ea1n s\u1ef1 ti\u1ec7n l\u1ee3i v\u00e0 tin c\u1eady cao nh\u1ea5t khi s\u1eed d\u1ee5ng d\u1ecbch v\u1ee5. S\u1ef1 h\u00e0i l\u00f2ng c\u1ee7a b\u1ea1n l\u00e0 \u0111\u1ed9ng l\u1ef1c l\u1edbn nh\u1ea5t gi\u00fap ch\u00fang t\u00f4i kh\u00f4ng ng\u1eebng c\u1ea3i ti\u1ebfn v\u00e0 ph\u00e1t tri\u1ec3n.<\/p><h4><strong>6. Li\u00ean h\u1ec7 v\u1edbi ch\u00fang t\u00f4i<\/strong><\/h4><p>EstateSync lu\u00f4n s\u1eb5n s\u00e0ng l\u1eafng nghe v\u00e0 gi\u1ea3i \u0111\u00e1p m\u1ecdi th\u1eafc m\u1eafc c\u1ee7a b\u1ea1n. N\u1ebfu b\u1ea1n c\u1ea7n h\u1ed7 tr\u1ee3 ho\u1eb7c mu\u1ed1n t\u00ecm hi\u1ec3u th\u00eam v\u1ec1 d\u1ecbch v\u1ee5 c\u1ee7a ch\u00fang t\u00f4i, vui l\u00f2ng li\u00ean h\u1ec7:<\/p><ul><li><strong>Email<\/strong>: <a rel=\"noopener\">support@estatesync.vn<\/a><\/li><li><strong>S\u1ed1 \u0111i\u1ec7n tho\u1ea1i<\/strong>: +84 123 456 789<\/li><li><strong>\u0110\u1ecba ch\u1ec9<\/strong>: 110\/26-110\/28 \u00d4ng \u00cdch Khi\u00eam, P.5, Q.11, TP.HCM<\/li><\/ul>\t\t\t\t\t\t\t\t<\/div>\n\t\t\t\t<\/div>\n\t\t\t\t\t<\/div>\n\t\t\t\t<\/div>\n\t\t\t\t<\/div>\n\t\t","protected":false},"excerpt":{"rendered":"<p>Gi\u1edbi thi\u1ec7u Ch\u00e0o m\u1eebng b\u1ea1n \u0111\u1ebfn v\u1edbi EstateSync n\u1ec1n t\u1ea3ng b\u1ea5t \u0111\u1ed9ng s\u1ea3n h\u00e0ng \u0111\u1ea7u \u0111\u01b0\u1ee3c thi\u1ebft k\u1ebf \u0111\u1ec3 mang \u0111\u1ebfn cho b\u1ea1n tr\u1ea3i nghi\u1ec7m mua b\u00e1n v\u00e0 cho thu\u00ea b\u1ea5t \u0111\u1ed9ng s\u1ea3n d\u1ec5 d\u00e0ng v\u00e0 hi\u1ec7u qu\u1ea3 nh\u1ea5t Ch\u00e0o m\u1eebng b\u1ea1n \u0111\u1ebfn v\u1edbi EstateSync \u2013 n\u1ec1n t\u1ea3ng b\u1ea5t \u0111\u1ed9ng s\u1ea3n h\u00e0ng \u0111\u1ea7u \u0111\u01b0\u1ee3c thi\u1ebft k\u1ebf \u0111\u1ec3 mang \u0111\u1ebfn cho b\u1ea1n tr\u1ea3i nghi\u1ec7m mua b\u00e1n v\u00e0 cho thu\u00ea b\u1ea5t \u0111\u1ed9ng s\u1ea3n d\u1ec5 d\u00e0ng v\u00e0 hi\u1ec7u qu\u1ea3 nh\u1ea5t. 1. T\u1ea7m nh\u00ecn c\u1ee7a ch\u00fang t\u00f4i T\u1ea1i EstateSync, ch\u00fang t\u00f4i kh\u00f4ng ch\u1ec9 \u0111\u01a1n thu\u1ea7n cung c\u1ea5p d\u1ecbch v\u1ee5 t\u00ecm ki\u1ebfm b\u1ea5t \u0111\u1ed9ng s\u1ea3n m\u00e0 c\u00f2n \u0111\u1eb7t m\u1ee5c ti\u00eau tr\u1edf th\u00e0nh ng\u01b0\u1eddi b\u1ea1n \u0111\u1ed3ng h\u00e0nh \u0111\u00e1ng tin c\u1eady trong m\u1ecdi quy\u1ebft \u0111\u1ecbnh mua, b\u00e1n, v\u00e0 \u0111\u1ea7u t\u01b0 b\u1ea5t \u0111\u1ed9ng s\u1ea3n c\u1ee7a b\u1ea1n. Ch\u00fang t\u00f4i cam k\u1ebft t\u1ea1o ra m\u1ed9t m\u00f4i tr\u01b0\u1eddng giao d\u1ecbch minh b\u1ea1ch, an to\u00e0n v\u00e0 d\u1ec5 ti\u1ebfp c\u1eadn cho m\u1ecdi kh\u00e1ch h\u00e0ng, t\u1eeb nh\u1eefng ng\u01b0\u1eddi mua nh\u00e0 l\u1ea7n \u0111\u1ea7u cho \u0111\u1ebfn c\u00e1c nh\u00e0 \u0111\u1ea7u t\u01b0 chuy\u00ean nghi\u1ec7p. 2. Gi\u00e1 tr\u1ecb c\u1ed1t l\u00f5i Uy t\u00edn v\u00e0 minh b\u1ea1ch: M\u1ed7i th\u00f4ng tin b\u1ea5t \u0111\u1ed9ng s\u1ea3n tr\u00ean n\u1ec1n t\u1ea3ng c\u1ee7a ch\u00fang t\u00f4i \u0111\u1ec1u \u0111\u01b0\u1ee3c ki\u1ec3m duy\u1ec7t ch\u1eb7t ch\u1ebd \u0111\u1ec3 \u0111\u1ea3m b\u1ea3o t\u00ednh ch\u00ednh x\u00e1c v\u00e0 minh b\u1ea1ch. Kh\u00e1ch h\u00e0ng l\u00e0 tr\u1ecdng t\u00e2m: Ch\u00fang t\u00f4i l\u1eafng nghe nhu c\u1ea7u c\u1ee7a b\u1ea1n v\u00e0 cung c\u1ea5p nh\u1eefng gi\u1ea3i ph\u00e1p ph\u00f9 h\u1ee3p nh\u1ea5t, gi\u00fap b\u1ea1n d\u1ec5 d\u00e0ng t\u00ecm \u0111\u01b0\u1ee3c t\u1ed5 \u1ea5m ho\u1eb7c c\u01a1 h\u1ed9i \u0111\u1ea7u t\u01b0 l\u00fd t\u01b0\u1edfng. S\u00e1ng t\u1ea1o v\u00e0 \u0111\u1ed5i m\u1edbi: EstateSync lu\u00f4n \u00e1p d\u1ee5ng nh\u1eefng c\u00f4ng ngh\u1ec7 hi\u1ec7n \u0111\u1ea1i nh\u1ea5t nh\u1eb1m t\u1ed1i \u01b0u h\u00f3a qu\u00e1 tr\u00ecnh t\u00ecm ki\u1ebfm v\u00e0 giao d\u1ecbch b\u1ea5t \u0111\u1ed9ng s\u1ea3n. Chuy\u00ean nghi\u1ec7p v\u00e0 t\u1eadn t\u00e2m: \u0110\u1ed9i ng\u0169 c\u1ee7a ch\u00fang t\u00f4i bao g\u1ed3m c\u00e1c chuy\u00ean gia gi\u00e0u kinh nghi\u1ec7m trong l\u0129nh v\u1ef1c b\u1ea5t \u0111\u1ed9ng s\u1ea3n v\u00e0 lu\u00f4n s\u1eb5n s\u00e0ng h\u1ed7 tr\u1ee3 b\u1ea1n trong t\u1eebng b\u01b0\u1edbc \u0111i. 3. C\u00e1c d\u1ecbch v\u1ee5 c\u1ee7a ch\u00fang t\u00f4i EstateSync cung c\u1ea5p m\u1ed9t lo\u1ea1t c\u00e1c d\u1ecbch v\u1ee5 nh\u1eb1m \u0111\u00e1p \u1ee9ng nhu c\u1ea7u \u0111a d\u1ea1ng c\u1ee7a th\u1ecb tr\u01b0\u1eddng: T\u01b0 v\u1ea5n mua b\u00e1n v\u00e0 cho thu\u00ea: \u0110\u1ed9i ng\u0169 chuy\u00ean vi\u00ean c\u1ee7a ch\u00fang t\u00f4i lu\u00f4n s\u1eb5n s\u00e0ng h\u1ed7 tr\u1ee3 b\u1ea1n trong vi\u1ec7c \u0111\u00e0m ph\u00e1n gi\u00e1 c\u1ea3, t\u01b0 v\u1ea5n ph\u00e1p l\u00fd v\u00e0 c\u00e1c th\u1ee7 t\u1ee5c li\u00ean quan \u0111\u1ebfn vi\u1ec7c mua, b\u00e1n ho\u1eb7c cho thu\u00ea b\u1ea5t \u0111\u1ed9ng s\u1ea3n. Ph\u00e2n t\u00edch th\u1ecb tr\u01b0\u1eddng: Ch\u00fang t\u00f4i cung c\u1ea5p c\u00e1c b\u00e1o c\u00e1o v\u00e0 th\u00f4ng tin c\u1eadp nh\u1eadt v\u1ec1 xu h\u01b0\u1edbng th\u1ecb tr\u01b0\u1eddng b\u1ea5t \u0111\u1ed9ng s\u1ea3n, gi\u00fap b\u1ea1n \u0111\u01b0a ra c\u00e1c quy\u1ebft \u0111\u1ecbnh \u0111\u1ea7u t\u01b0 s\u00e1ng su\u1ed1t v\u00e0 hi\u1ec7u qu\u1ea3. 4. V\u00ec sao ch\u1ecdn EstateSync? \u0110\u1ed9i ng\u0169 chuy\u00ean gia gi\u00e0u kinh nghi\u1ec7m: V\u1edbi nhi\u1ec1u n\u0103m kinh nghi\u1ec7m trong l\u0129nh v\u1ef1c b\u1ea5t \u0111\u1ed9ng s\u1ea3n, ch\u00fang t\u00f4i hi\u1ec3u r\u00f5 th\u1ecb tr\u01b0\u1eddng v\u00e0 s\u1eb5n s\u00e0ng h\u1ed7 tr\u1ee3 b\u1ea1n trong su\u1ed1t qu\u00e1 tr\u00ecnh giao d\u1ecbch. H\u1ed7 tr\u1ee3 to\u00e0n di\u1ec7n: T\u1eeb kh\u00e2u t\u01b0 v\u1ea5n ban \u0111\u1ea7u cho \u0111\u1ebfn ho\u00e0n t\u1ea5t giao d\u1ecbch, ch\u00fang t\u00f4i lu\u00f4n \u0111\u1ed3ng h\u00e0nh v\u00e0 \u0111\u1ea3m b\u1ea3o b\u1ea1n s\u1ebd c\u00f3 \u0111\u01b0\u1ee3c tr\u1ea3i nghi\u1ec7m t\u1ed1t nh\u1ea5t. 5. \u0110\u1ed9i ng\u0169 c\u1ee7a ch\u00fang t\u00f4i \u0110\u1eb1ng sau EstateSync l\u00e0 m\u1ed9t \u0111\u1ed9i ng\u0169 g\u1ed3m nh\u1eefng chuy\u00ean gia t\u1eadn t\u00e2m trong l\u0129nh v\u1ef1c b\u1ea5t \u0111\u1ed9ng s\u1ea3n, c\u00f4ng ngh\u1ec7 v\u00e0 d\u1ecbch v\u1ee5 kh\u00e1ch h\u00e0ng. Ch\u00fang t\u00f4i l\u00e0m vi\u1ec7c v\u1edbi m\u1ee5c ti\u00eau mang \u0111\u1ebfn cho b\u1ea1n s\u1ef1 ti\u1ec7n l\u1ee3i v\u00e0 tin c\u1eady cao nh\u1ea5t khi s\u1eed d\u1ee5ng d\u1ecbch v\u1ee5. S\u1ef1 h\u00e0i l\u00f2ng c\u1ee7a b\u1ea1n l\u00e0 \u0111\u1ed9ng l\u1ef1c l\u1edbn nh\u1ea5t gi\u00fap ch\u00fang t\u00f4i kh\u00f4ng ng\u1eebng c\u1ea3i ti\u1ebfn v\u00e0 ph\u00e1t tri\u1ec3n. 6. Li\u00ean h\u1ec7 v\u1edbi ch\u00fang t\u00f4i EstateSync lu\u00f4n s\u1eb5n s\u00e0ng l\u1eafng nghe v\u00e0 gi\u1ea3i \u0111\u00e1p m\u1ecdi th\u1eafc m\u1eafc c\u1ee7a b\u1ea1n. N\u1ebfu b\u1ea1n c\u1ea7n h\u1ed7 tr\u1ee3 ho\u1eb7c mu\u1ed1n t\u00ecm hi\u1ec3u th\u00eam v\u1ec1 d\u1ecbch v\u1ee5 c\u1ee7a ch\u00fang t\u00f4i, vui l\u00f2ng li\u00ean h\u1ec7: Email: support@estatesync.vn S\u1ed1 \u0111i\u1ec7n tho\u1ea1i: +84 123 456 789 \u0110\u1ecba ch\u1ec9: 110\/26-110\/28 \u00d4ng \u00cdch Khi\u00eam, P.5, Q.11, TP.HCM<\/p>\n","protected":false},"author":1,"featured_media":0,"parent":0,"menu_order":0,"comment_status":"closed","ping_status":"closed","template":"","meta":{"footnotes":""},"class_list":["post-119","page","type-page","status-publish","hentry"],"_links":{"self":[{"href":"https:\/\/webchodoanhnghiep.tamkhoa.com\/bat-dong-san-01\/wp-json\/wp\/v2\/pages\/119"}],"collection":[{"href":"https:\/\/webchodoanhnghiep.tamkhoa.com\/bat-dong-san-01\/wp-json\/wp\/v2\/pages"}],"about":[{"href":"https:\/\/webchodoanhnghiep.tamkhoa.com\/bat-dong-san-01\/wp-json\/wp\/v2\/types\/page"}],"author":[{"embeddable":true,"href":"https:\/\/webchodoanhnghiep.tamkhoa.com\/bat-dong-san-01\/wp-json\/wp\/v2\/users\/1"}],"replies":[{"embeddable":true,"href":"https:\/\/webchodoanhnghiep.tamkhoa.com\/bat-dong-san-01\/wp-json\/wp\/v2\/comments?post=119"}],"version-history":[{"count":9,"href":"https:\/\/webchodoanhnghiep.tamkhoa.com\/bat-dong-san-01\/wp-json\/wp\/v2\/pages\/119\/revisions"}],"predecessor-version":[{"id":467,"href":"https:\/\/webchodoanhnghiep.tamkhoa.com\/bat-dong-san-01\/wp-json\/wp\/v2\/pages\/119\/revisions\/467"}],"wp:attachment":[{"href":"https:\/\/webchodoanhnghiep.tamkhoa.com\/bat-dong-san-01\/wp-json\/wp\/v2\/media?parent=119"}],"curies":[{"name":"wp","href":"https:\/\/api.w.org\/{rel}","templated":true}]}}