{"id":266,"date":"2024-09-23T04:48:09","date_gmt":"2024-09-23T04:48:09","guid":{"rendered":"https:\/\/dulich.tamkhoa.com\/bat-dong-san-01\/?page_id=266"},"modified":"2024-11-01T03:11:21","modified_gmt":"2024-11-01T03:11:21","slug":"moi-gioi","status":"publish","type":"page","link":"https:\/\/webchodoanhnghiep.tamkhoa.com\/bat-dong-san-01\/moi-gioi\/","title":{"rendered":"M\u00f4i gi\u1edbi"},"content":{"rendered":"\t\t<div data-elementor-type=\"wp-page\" data-elementor-id=\"266\" class=\"elementor elementor-266\">\n\t\t\t\t<div class=\"elementor-element elementor-element-365b6d2 e-flex e-con-boxed wpr-particle-no wpr-jarallax-no wpr-parallax-no wpr-sticky-section-no wpr-column-slider-no wpr-equal-height-no e-con e-parent\" data-id=\"365b6d2\" data-element_type=\"container\" data-e-type=\"container\" data-settings=\"{&quot;background_background&quot;:&quot;classic&quot;}\">\n\t\t\t\t\t<div class=\"e-con-inner\">\n\t\t\t\t<div class=\"elementor-element elementor-element-7e1f806 elementor-widget elementor-widget-page-title\" data-id=\"7e1f806\" data-element_type=\"widget\" data-e-type=\"widget\" data-settings=\"{&quot;align&quot;:&quot;center&quot;}\" data-widget_type=\"page-title.default\">\n\t\t\t\t<div class=\"elementor-widget-container\">\n\t\t\t\t\t\t\t\n\t\t<div class=\"hfe-page-title hfe-page-title-wrapper elementor-widget-heading\">\n\n\t\t\t\t\t\t\t\t<h2 class=\"elementor-heading-title elementor-size-default\">\n\t\t\t\t\t\t\t\t\n\t\t\t\tM\u00f4i gi\u1edbi  \n\t\t\t<\/h2 > \n\t\t\t\t\t<\/div>\n\t\t\t\t\t\t<\/div>\n\t\t\t\t<\/div>\n\t\t\t\t<div class=\"elementor-element elementor-element-17a3edc elementor-widget elementor-widget-heading\" data-id=\"17a3edc\" data-element_type=\"widget\" data-e-type=\"widget\" data-widget_type=\"heading.default\">\n\t\t\t\t<div class=\"elementor-widget-container\">\n\t\t\t\t\t<h3 class=\"elementor-heading-title elementor-size-default\">C\u00e1c nh\u00e0 m\u00f4i gi\u1edbi chuy\u00ean nghi\u1ec7p c\u1ee7a ch\u00fang t\u00f4i<\/h3>\t\t\t\t<\/div>\n\t\t\t\t<\/div>\n\t\t\t\t\t<\/div>\n\t\t\t\t<\/div>\n\t\t<div class=\"elementor-element elementor-element-e5aa626 e-flex e-con-boxed wpr-particle-no wpr-jarallax-no wpr-parallax-no wpr-sticky-section-no wpr-column-slider-no wpr-equal-height-no e-con e-parent\" data-id=\"e5aa626\" data-element_type=\"container\" data-e-type=\"container\">\n\t\t\t\t\t<div class=\"e-con-inner\">\n\t\t<div class=\"elementor-element elementor-element-4a646cb e-grid e-con-full wpr-particle-no wpr-jarallax-no wpr-parallax-no wpr-sticky-section-no wpr-column-slider-no wpr-equal-height-no e-con e-child\" data-id=\"4a646cb\" data-element_type=\"container\" data-e-type=\"container\">\n\t\t<div class=\"elementor-element elementor-element-7425624 e-con-full e-flex wpr-particle-no wpr-jarallax-no wpr-parallax-no wpr-sticky-section-no wpr-column-slider-no wpr-equal-height-no e-con e-child\" data-id=\"7425624\" data-element_type=\"container\" data-e-type=\"container\">\n\t\t\t\t<div class=\"elementor-element elementor-element-86562d4 elementor-widget elementor-widget-heading\" data-id=\"86562d4\" data-element_type=\"widget\" data-e-type=\"widget\" data-widget_type=\"heading.default\">\n\t\t\t\t<div class=\"elementor-widget-container\">\n\t\t\t\t\t<h5 class=\"elementor-heading-title elementor-size-default\">Nguy\u1ec5n Th\u1ecb A<\/h5>\t\t\t\t<\/div>\n\t\t\t\t<\/div>\n\t\t\t\t<div class=\"elementor-element elementor-element-b1876a1 elementor-widget elementor-widget-image\" data-id=\"b1876a1\" data-element_type=\"widget\" data-e-type=\"widget\" data-widget_type=\"image.default\">\n\t\t\t\t<div class=\"elementor-widget-container\">\n\t\t\t\t\t\t\t\t\t\t\t\t\t\t\t<img fetchpriority=\"high\" decoding=\"async\" width=\"768\" height=\"768\" src=\"https:\/\/webchodoanhnghiep.tamkhoa.com\/bat-dong-san-01\/wp-content\/uploads\/sites\/3\/2024\/10\/agency-1-768x768.webp\" class=\"attachment-medium_large size-medium_large wp-image-5\" alt=\"\" srcset=\"https:\/\/webchodoanhnghiep.tamkhoa.com\/bat-dong-san-01\/wp-content\/uploads\/sites\/3\/2024\/10\/agency-1-768x768.webp 768w, https:\/\/webchodoanhnghiep.tamkhoa.com\/bat-dong-san-01\/wp-content\/uploads\/sites\/3\/2024\/10\/agency-1-300x300.webp 300w, https:\/\/webchodoanhnghiep.tamkhoa.com\/bat-dong-san-01\/wp-content\/uploads\/sites\/3\/2024\/10\/agency-1-150x150.webp 150w, https:\/\/webchodoanhnghiep.tamkhoa.com\/bat-dong-san-01\/wp-content\/uploads\/sites\/3\/2024\/10\/agency-1-600x600.webp 600w, https:\/\/webchodoanhnghiep.tamkhoa.com\/bat-dong-san-01\/wp-content\/uploads\/sites\/3\/2024\/10\/agency-1.webp 1024w\" sizes=\"(max-width: 768px) 100vw, 768px\" \/>\t\t\t\t\t\t\t\t\t\t\t\t\t\t\t<\/div>\n\t\t\t\t<\/div>\n\t\t\t\t<div class=\"elementor-element elementor-element-7811be3 elementor-widget elementor-widget-text-editor\" data-id=\"7811be3\" data-element_type=\"widget\" data-e-type=\"widget\" data-widget_type=\"text-editor.default\">\n\t\t\t\t<div class=\"elementor-widget-container\">\n\t\t\t\t\t\t\t\t\t<p><strong>Email:<br \/><\/strong>agency@estatesync.com<\/p><p><strong>Phone:<\/strong><br \/>0912 345 678<\/p>\t\t\t\t\t\t\t\t<\/div>\n\t\t\t\t<\/div>\n\t\t\t\t<\/div>\n\t\t<div class=\"elementor-element elementor-element-08032ef e-con-full e-flex wpr-particle-no wpr-jarallax-no wpr-parallax-no wpr-sticky-section-no wpr-column-slider-no wpr-equal-height-no e-con e-child\" data-id=\"08032ef\" data-element_type=\"container\" data-e-type=\"container\">\n\t\t\t\t<div class=\"elementor-element elementor-element-a84b395 elementor-widget elementor-widget-heading\" data-id=\"a84b395\" data-element_type=\"widget\" data-e-type=\"widget\" data-widget_type=\"heading.default\">\n\t\t\t\t<div class=\"elementor-widget-container\">\n\t\t\t\t\t<h5 class=\"elementor-heading-title elementor-size-default\">Nguy\u1ec5n V\u0103n A<\/h5>\t\t\t\t<\/div>\n\t\t\t\t<\/div>\n\t\t\t\t<div class=\"elementor-element elementor-element-8474b44 elementor-widget elementor-widget-image\" data-id=\"8474b44\" data-element_type=\"widget\" data-e-type=\"widget\" data-widget_type=\"image.default\">\n\t\t\t\t<div class=\"elementor-widget-container\">\n\t\t\t\t\t\t\t\t\t\t\t\t\t\t\t<img decoding=\"async\" width=\"768\" height=\"768\" src=\"https:\/\/webchodoanhnghiep.tamkhoa.com\/bat-dong-san-01\/wp-content\/uploads\/sites\/3\/2024\/10\/agency-2-768x768.webp\" class=\"attachment-medium_large size-medium_large wp-image-6\" alt=\"\" srcset=\"https:\/\/webchodoanhnghiep.tamkhoa.com\/bat-dong-san-01\/wp-content\/uploads\/sites\/3\/2024\/10\/agency-2-768x768.webp 768w, https:\/\/webchodoanhnghiep.tamkhoa.com\/bat-dong-san-01\/wp-content\/uploads\/sites\/3\/2024\/10\/agency-2-300x300.webp 300w, https:\/\/webchodoanhnghiep.tamkhoa.com\/bat-dong-san-01\/wp-content\/uploads\/sites\/3\/2024\/10\/agency-2-150x150.webp 150w, https:\/\/webchodoanhnghiep.tamkhoa.com\/bat-dong-san-01\/wp-content\/uploads\/sites\/3\/2024\/10\/agency-2-600x600.webp 600w, https:\/\/webchodoanhnghiep.tamkhoa.com\/bat-dong-san-01\/wp-content\/uploads\/sites\/3\/2024\/10\/agency-2.webp 1024w\" sizes=\"(max-width: 768px) 100vw, 768px\" \/>\t\t\t\t\t\t\t\t\t\t\t\t\t\t\t<\/div>\n\t\t\t\t<\/div>\n\t\t\t\t<div class=\"elementor-element elementor-element-59e74ee elementor-widget elementor-widget-text-editor\" data-id=\"59e74ee\" data-element_type=\"widget\" data-e-type=\"widget\" data-widget_type=\"text-editor.default\">\n\t\t\t\t<div class=\"elementor-widget-container\">\n\t\t\t\t\t\t\t\t\t<p><strong>Email:<br \/><\/strong>agency@estatesync.com<\/p><p><strong>Phone:<\/strong><br \/>0912 345 678<\/p>\t\t\t\t\t\t\t\t<\/div>\n\t\t\t\t<\/div>\n\t\t\t\t<\/div>\n\t\t<div class=\"elementor-element elementor-element-f84e466 e-con-full e-flex wpr-particle-no wpr-jarallax-no wpr-parallax-no wpr-sticky-section-no wpr-column-slider-no wpr-equal-height-no e-con e-child\" data-id=\"f84e466\" data-element_type=\"container\" data-e-type=\"container\">\n\t\t\t\t<div class=\"elementor-element elementor-element-34d99ab elementor-widget elementor-widget-heading\" data-id=\"34d99ab\" data-element_type=\"widget\" data-e-type=\"widget\" data-widget_type=\"heading.default\">\n\t\t\t\t<div class=\"elementor-widget-container\">\n\t\t\t\t\t<h5 class=\"elementor-heading-title elementor-size-default\">Tr\u1ea7n Th\u1ecb B<\/h5>\t\t\t\t<\/div>\n\t\t\t\t<\/div>\n\t\t\t\t<div class=\"elementor-element elementor-element-f0bdaa7 elementor-widget elementor-widget-image\" data-id=\"f0bdaa7\" data-element_type=\"widget\" data-e-type=\"widget\" data-widget_type=\"image.default\">\n\t\t\t\t<div class=\"elementor-widget-container\">\n\t\t\t\t\t\t\t\t\t\t\t\t\t\t\t<img fetchpriority=\"high\" decoding=\"async\" width=\"768\" height=\"768\" src=\"https:\/\/webchodoanhnghiep.tamkhoa.com\/bat-dong-san-01\/wp-content\/uploads\/sites\/3\/2024\/10\/agency-1-768x768.webp\" class=\"attachment-medium_large size-medium_large wp-image-5\" alt=\"\" srcset=\"https:\/\/webchodoanhnghiep.tamkhoa.com\/bat-dong-san-01\/wp-content\/uploads\/sites\/3\/2024\/10\/agency-1-768x768.webp 768w, https:\/\/webchodoanhnghiep.tamkhoa.com\/bat-dong-san-01\/wp-content\/uploads\/sites\/3\/2024\/10\/agency-1-300x300.webp 300w, https:\/\/webchodoanhnghiep.tamkhoa.com\/bat-dong-san-01\/wp-content\/uploads\/sites\/3\/2024\/10\/agency-1-150x150.webp 150w, https:\/\/webchodoanhnghiep.tamkhoa.com\/bat-dong-san-01\/wp-content\/uploads\/sites\/3\/2024\/10\/agency-1-600x600.webp 600w, https:\/\/webchodoanhnghiep.tamkhoa.com\/bat-dong-san-01\/wp-content\/uploads\/sites\/3\/2024\/10\/agency-1.webp 1024w\" sizes=\"(max-width: 768px) 100vw, 768px\" \/>\t\t\t\t\t\t\t\t\t\t\t\t\t\t\t<\/div>\n\t\t\t\t<\/div>\n\t\t\t\t<div class=\"elementor-element elementor-element-b5b9a8e elementor-widget elementor-widget-text-editor\" data-id=\"b5b9a8e\" data-element_type=\"widget\" data-e-type=\"widget\" data-widget_type=\"text-editor.default\">\n\t\t\t\t<div class=\"elementor-widget-container\">\n\t\t\t\t\t\t\t\t\t<p><strong>Email:<br \/><\/strong>agency@estatesync.com<\/p><p><strong>Phone:<\/strong><br \/>0912 345 678<\/p>\t\t\t\t\t\t\t\t<\/div>\n\t\t\t\t<\/div>\n\t\t\t\t<\/div>\n\t\t<div class=\"elementor-element elementor-element-7d8bd5d e-con-full e-flex wpr-particle-no wpr-jarallax-no wpr-parallax-no wpr-sticky-section-no wpr-column-slider-no wpr-equal-height-no e-con e-child\" data-id=\"7d8bd5d\" data-element_type=\"container\" data-e-type=\"container\">\n\t\t\t\t<div class=\"elementor-element elementor-element-787f984 elementor-widget elementor-widget-heading\" data-id=\"787f984\" data-element_type=\"widget\" data-e-type=\"widget\" data-widget_type=\"heading.default\">\n\t\t\t\t<div class=\"elementor-widget-container\">\n\t\t\t\t\t<h5 class=\"elementor-heading-title elementor-size-default\">Phan Ng\u1ecdc D<\/h5>\t\t\t\t<\/div>\n\t\t\t\t<\/div>\n\t\t\t\t<div class=\"elementor-element elementor-element-9976f73 elementor-widget elementor-widget-image\" data-id=\"9976f73\" data-element_type=\"widget\" data-e-type=\"widget\" data-widget_type=\"image.default\">\n\t\t\t\t<div class=\"elementor-widget-container\">\n\t\t\t\t\t\t\t\t\t\t\t\t\t\t\t<img fetchpriority=\"high\" decoding=\"async\" width=\"768\" height=\"768\" src=\"https:\/\/webchodoanhnghiep.tamkhoa.com\/bat-dong-san-01\/wp-content\/uploads\/sites\/3\/2024\/10\/agency-1-768x768.webp\" class=\"attachment-medium_large size-medium_large wp-image-5\" alt=\"\" srcset=\"https:\/\/webchodoanhnghiep.tamkhoa.com\/bat-dong-san-01\/wp-content\/uploads\/sites\/3\/2024\/10\/agency-1-768x768.webp 768w, https:\/\/webchodoanhnghiep.tamkhoa.com\/bat-dong-san-01\/wp-content\/uploads\/sites\/3\/2024\/10\/agency-1-300x300.webp 300w, https:\/\/webchodoanhnghiep.tamkhoa.com\/bat-dong-san-01\/wp-content\/uploads\/sites\/3\/2024\/10\/agency-1-150x150.webp 150w, https:\/\/webchodoanhnghiep.tamkhoa.com\/bat-dong-san-01\/wp-content\/uploads\/sites\/3\/2024\/10\/agency-1-600x600.webp 600w, https:\/\/webchodoanhnghiep.tamkhoa.com\/bat-dong-san-01\/wp-content\/uploads\/sites\/3\/2024\/10\/agency-1.webp 1024w\" sizes=\"(max-width: 768px) 100vw, 768px\" \/>\t\t\t\t\t\t\t\t\t\t\t\t\t\t\t<\/div>\n\t\t\t\t<\/div>\n\t\t\t\t<div class=\"elementor-element elementor-element-9baf9cf elementor-widget elementor-widget-text-editor\" data-id=\"9baf9cf\" data-element_type=\"widget\" data-e-type=\"widget\" data-widget_type=\"text-editor.default\">\n\t\t\t\t<div class=\"elementor-widget-container\">\n\t\t\t\t\t\t\t\t\t<p><strong>Email:<br \/><\/strong>agency@estatesync.com<\/p><p><strong>Phone:<\/strong><br \/>0912 345 678<\/p>\t\t\t\t\t\t\t\t<\/div>\n\t\t\t\t<\/div>\n\t\t\t\t<\/div>\n\t\t<div class=\"elementor-element elementor-element-a1427d8 e-con-full e-flex wpr-particle-no wpr-jarallax-no wpr-parallax-no wpr-sticky-section-no wpr-column-slider-no wpr-equal-height-no e-con e-child\" data-id=\"a1427d8\" data-element_type=\"container\" data-e-type=\"container\">\n\t\t\t\t<div class=\"elementor-element elementor-element-6c10e26 elementor-widget elementor-widget-heading\" data-id=\"6c10e26\" data-element_type=\"widget\" data-e-type=\"widget\" data-widget_type=\"heading.default\">\n\t\t\t\t<div class=\"elementor-widget-container\">\n\t\t\t\t\t<h5 class=\"elementor-heading-title elementor-size-default\">Ph\u1ea1m Nguy\u1ec5n V\u0103n T<\/h5>\t\t\t\t<\/div>\n\t\t\t\t<\/div>\n\t\t\t\t<div class=\"elementor-element elementor-element-1dc911a elementor-widget elementor-widget-image\" data-id=\"1dc911a\" data-element_type=\"widget\" data-e-type=\"widget\" data-widget_type=\"image.default\">\n\t\t\t\t<div class=\"elementor-widget-container\">\n\t\t\t\t\t\t\t\t\t\t\t\t\t\t\t<img decoding=\"async\" width=\"768\" height=\"768\" src=\"https:\/\/webchodoanhnghiep.tamkhoa.com\/bat-dong-san-01\/wp-content\/uploads\/sites\/3\/2024\/10\/agency-2-768x768.webp\" class=\"attachment-medium_large size-medium_large wp-image-6\" alt=\"\" srcset=\"https:\/\/webchodoanhnghiep.tamkhoa.com\/bat-dong-san-01\/wp-content\/uploads\/sites\/3\/2024\/10\/agency-2-768x768.webp 768w, https:\/\/webchodoanhnghiep.tamkhoa.com\/bat-dong-san-01\/wp-content\/uploads\/sites\/3\/2024\/10\/agency-2-300x300.webp 300w, https:\/\/webchodoanhnghiep.tamkhoa.com\/bat-dong-san-01\/wp-content\/uploads\/sites\/3\/2024\/10\/agency-2-150x150.webp 150w, https:\/\/webchodoanhnghiep.tamkhoa.com\/bat-dong-san-01\/wp-content\/uploads\/sites\/3\/2024\/10\/agency-2-600x600.webp 600w, https:\/\/webchodoanhnghiep.tamkhoa.com\/bat-dong-san-01\/wp-content\/uploads\/sites\/3\/2024\/10\/agency-2.webp 1024w\" sizes=\"(max-width: 768px) 100vw, 768px\" \/>\t\t\t\t\t\t\t\t\t\t\t\t\t\t\t<\/div>\n\t\t\t\t<\/div>\n\t\t\t\t<div class=\"elementor-element elementor-element-cca6797 elementor-widget elementor-widget-text-editor\" data-id=\"cca6797\" data-element_type=\"widget\" data-e-type=\"widget\" data-widget_type=\"text-editor.default\">\n\t\t\t\t<div class=\"elementor-widget-container\">\n\t\t\t\t\t\t\t\t\t<p><strong>Email:<br \/><\/strong>agency@estatesync.com<\/p><p><strong>Phone:<\/strong><br \/>0912 345 678<\/p>\t\t\t\t\t\t\t\t<\/div>\n\t\t\t\t<\/div>\n\t\t\t\t<\/div>\n\t\t<div class=\"elementor-element elementor-element-b695675 e-con-full e-flex wpr-particle-no wpr-jarallax-no wpr-parallax-no wpr-sticky-section-no wpr-column-slider-no wpr-equal-height-no e-con e-child\" data-id=\"b695675\" data-element_type=\"container\" data-e-type=\"container\">\n\t\t\t\t<div class=\"elementor-element elementor-element-daaa1b7 elementor-widget elementor-widget-heading\" data-id=\"daaa1b7\" data-element_type=\"widget\" data-e-type=\"widget\" data-widget_type=\"heading.default\">\n\t\t\t\t<div class=\"elementor-widget-container\">\n\t\t\t\t\t<h5 class=\"elementor-heading-title elementor-size-default\">\u0110\u00e0o Trung H<\/h5>\t\t\t\t<\/div>\n\t\t\t\t<\/div>\n\t\t\t\t<div class=\"elementor-element elementor-element-f976111 elementor-widget elementor-widget-image\" data-id=\"f976111\" data-element_type=\"widget\" data-e-type=\"widget\" data-widget_type=\"image.default\">\n\t\t\t\t<div class=\"elementor-widget-container\">\n\t\t\t\t\t\t\t\t\t\t\t\t\t\t\t<img decoding=\"async\" width=\"768\" height=\"768\" src=\"https:\/\/webchodoanhnghiep.tamkhoa.com\/bat-dong-san-01\/wp-content\/uploads\/sites\/3\/2024\/10\/agency-2-768x768.webp\" class=\"attachment-medium_large size-medium_large wp-image-6\" alt=\"\" srcset=\"https:\/\/webchodoanhnghiep.tamkhoa.com\/bat-dong-san-01\/wp-content\/uploads\/sites\/3\/2024\/10\/agency-2-768x768.webp 768w, https:\/\/webchodoanhnghiep.tamkhoa.com\/bat-dong-san-01\/wp-content\/uploads\/sites\/3\/2024\/10\/agency-2-300x300.webp 300w, https:\/\/webchodoanhnghiep.tamkhoa.com\/bat-dong-san-01\/wp-content\/uploads\/sites\/3\/2024\/10\/agency-2-150x150.webp 150w, https:\/\/webchodoanhnghiep.tamkhoa.com\/bat-dong-san-01\/wp-content\/uploads\/sites\/3\/2024\/10\/agency-2-600x600.webp 600w, https:\/\/webchodoanhnghiep.tamkhoa.com\/bat-dong-san-01\/wp-content\/uploads\/sites\/3\/2024\/10\/agency-2.webp 1024w\" sizes=\"(max-width: 768px) 100vw, 768px\" \/>\t\t\t\t\t\t\t\t\t\t\t\t\t\t\t<\/div>\n\t\t\t\t<\/div>\n\t\t\t\t<div class=\"elementor-element elementor-element-edc2cfa elementor-widget elementor-widget-text-editor\" data-id=\"edc2cfa\" data-element_type=\"widget\" data-e-type=\"widget\" data-widget_type=\"text-editor.default\">\n\t\t\t\t<div class=\"elementor-widget-container\">\n\t\t\t\t\t\t\t\t\t<p><strong>Email:<br \/><\/strong>agency@estatesync.com<\/p><p><strong>Phone:<\/strong><br \/>0912 345 678<\/p>\t\t\t\t\t\t\t\t<\/div>\n\t\t\t\t<\/div>\n\t\t\t\t<\/div>\n\t\t\t\t<\/div>\n\t\t\t\t\t<\/div>\n\t\t\t\t<\/div>\n\t\t\t\t<\/div>\n\t\t","protected":false},"excerpt":{"rendered":"<p>M\u00f4i gi\u1edbi C\u00e1c nh\u00e0 m\u00f4i gi\u1edbi chuy\u00ean nghi\u1ec7p c\u1ee7a ch\u00fang t\u00f4i Nguy\u1ec5n Th\u1ecb A Email:agency@estatesync.com Phone:0912 345 678 Nguy\u1ec5n V\u0103n A Email:agency@estatesync.com Phone:0912 345 678 Tr\u1ea7n Th\u1ecb B Email:agency@estatesync.com Phone:0912 345 678 Phan Ng\u1ecdc D Email:agency@estatesync.com Phone:0912 345 678 Ph\u1ea1m Nguy\u1ec5n V\u0103n T Email:agency@estatesync.com Phone:0912 345 678 \u0110\u00e0o Trung H Email:agency@estatesync.com Phone:0912 345 678<\/p>\n","protected":false},"author":1,"featured_media":0,"parent":0,"menu_order":0,"comment_status":"closed","ping_status":"closed","template":"","meta":{"footnotes":""},"class_list":["post-266","page","type-page","status-publish","hentry"],"_links":{"self":[{"href":"https:\/\/webchodoanhnghiep.tamkhoa.com\/bat-dong-san-01\/wp-json\/wp\/v2\/pages\/266"}],"collection":[{"href":"https:\/\/webchodoanhnghiep.tamkhoa.com\/bat-dong-san-01\/wp-json\/wp\/v2\/pages"}],"about":[{"href":"https:\/\/webchodoanhnghiep.tamkhoa.com\/bat-dong-san-01\/wp-json\/wp\/v2\/types\/page"}],"author":[{"embeddable":true,"href":"https:\/\/webchodoanhnghiep.tamkhoa.com\/bat-dong-san-01\/wp-json\/wp\/v2\/users\/1"}],"replies":[{"embeddable":true,"href":"https:\/\/webchodoanhnghiep.tamkhoa.com\/bat-dong-san-01\/wp-json\/wp\/v2\/comments?post=266"}],"version-history":[{"count":6,"href":"https:\/\/webchodoanhnghiep.tamkhoa.com\/bat-dong-san-01\/wp-json\/wp\/v2\/pages\/266\/revisions"}],"predecessor-version":[{"id":474,"href":"https:\/\/webchodoanhnghiep.tamkhoa.com\/bat-dong-san-01\/wp-json\/wp\/v2\/pages\/266\/revisions\/474"}],"wp:attachment":[{"href":"https:\/\/webchodoanhnghiep.tamkhoa.com\/bat-dong-san-01\/wp-json\/wp\/v2\/media?parent=266"}],"curies":[{"name":"wp","href":"https:\/\/api.w.org\/{rel}","templated":true}]}}