{"id":209,"date":"2024-09-23T01:56:06","date_gmt":"2024-09-23T01:56:06","guid":{"rendered":"https:\/\/dulich.tamkhoa.com\/bat-dong-san-01\/?post_type=product&#038;p=209"},"modified":"2024-10-08T02:03:41","modified_gmt":"2024-10-08T02:03:41","slug":"biet-thu-sunlight-villa","status":"publish","type":"product","link":"https:\/\/webchodoanhnghiep.tamkhoa.com\/bat-dong-san-01\/product\/biet-thu-sunlight-villa\/","title":{"rendered":"Bi\u1ec7t th\u1ef1 Sunlight Villa"},"content":{"rendered":"<h4><strong>Bi\u1ec7t th\u1ef1 Sunlight Villa<\/strong><\/h4>\n<ul>\n<li><strong>Lo\u1ea1i h\u00ecnh<\/strong>: Bi\u1ec7t th\u1ef1 ven bi\u1ec3n<\/li>\n<li><strong>\u0110\u1ecba ch\u1ec9<\/strong>: \u0110\u01b0\u1eddng Nguy\u1ec5n V\u0103n Linh, Ph\u01b0\u1eddng An Ph\u00fa, Qu\u1eadn 7, TP.HCM<\/li>\n<li><strong>Di\u1ec7n t\u00edch<\/strong>: 300m\u00b2<\/li>\n<li><strong>S\u1ed1 t\u1ea7ng<\/strong>: 2 t\u1ea7ng<\/li>\n<li><strong>Ph\u00f2ng ng\u1ee7<\/strong>: 4 ph\u00f2ng ng\u1ee7<\/li>\n<li><strong>N\u1ed9i th\u1ea5t<\/strong>: Ho\u00e0n thi\u1ec7n \u0111\u1ea7y \u0111\u1ee7 v\u1edbi n\u1ed9i th\u1ea5t cao c\u1ea5p<\/li>\n<li><strong>H\u01b0\u1edbng<\/strong>: H\u01b0\u1edbng \u0111\u00f4ng nam, view bi\u1ec3n<\/li>\n<li><strong>Gi\u00e1 b\u00e1n<\/strong>: 25 t\u1ef7 VN\u0110<\/li>\n<li><strong>Ti\u1ec7n \u00edch n\u1ed9i khu<\/strong>: H\u1ed3 b\u01a1i ri\u00eang, s\u00e2n v\u01b0\u1eddn, ph\u00f2ng gym, b\u1ea3o v\u1ec7 24\/7<\/li>\n<li><strong>Ph\u00e1p l\u00fd<\/strong>: S\u1ed5 h\u1ed3ng, quy\u1ec1n s\u1edf h\u1eefu v\u0129nh vi\u1ec5n<\/li>\n<li><strong>Ch\u1ee7 \u0111\u1ea7u t\u01b0<\/strong>: T\u1eadp \u0111o\u00e0n X\u00e2y d\u1ef1ng v\u00e0 Ph\u00e1t tri\u1ec3n \u0110\u00f4 th\u1ecb XYZ<\/li>\n<\/ul>\n<div id=\"eJOY__extension_root\" class=\"eJOY__extension_root_class\"><\/div>\n","protected":false},"excerpt":{"rendered":"<p>&nbsp;<\/p>\n<div id=\"eJOY__extension_root\" class=\"eJOY__extension_root_class\"><\/div>\n","protected":false},"featured_media":21,"comment_status":"open","ping_status":"closed","template":"","meta":[],"product_brand":[],"product_cat":[17],"product_tag":[],"class_list":{"0":"post-209","1":"product","2":"type-product","3":"status-publish","4":"has-post-thumbnail","6":"product_cat-mua","8":"first","9":"instock","10":"virtual","11":"purchasable","12":"product-type-simple"},"_links":{"self":[{"href":"https:\/\/webchodoanhnghiep.tamkhoa.com\/bat-dong-san-01\/wp-json\/wp\/v2\/product\/209"}],"collection":[{"href":"https:\/\/webchodoanhnghiep.tamkhoa.com\/bat-dong-san-01\/wp-json\/wp\/v2\/product"}],"about":[{"href":"https:\/\/webchodoanhnghiep.tamkhoa.com\/bat-dong-san-01\/wp-json\/wp\/v2\/types\/product"}],"replies":[{"embeddable":true,"href":"https:\/\/webchodoanhnghiep.tamkhoa.com\/bat-dong-san-01\/wp-json\/wp\/v2\/comments?post=209"}],"wp:featuredmedia":[{"embeddable":true,"href":"https:\/\/webchodoanhnghiep.tamkhoa.com\/bat-dong-san-01\/wp-json\/wp\/v2\/media\/21"}],"wp:attachment":[{"href":"https:\/\/webchodoanhnghiep.tamkhoa.com\/bat-dong-san-01\/wp-json\/wp\/v2\/media?parent=209"}],"wp:term":[{"taxonomy":"product_brand","embeddable":true,"href":"https:\/\/webchodoanhnghiep.tamkhoa.com\/bat-dong-san-01\/wp-json\/wp\/v2\/product_brand?post=209"},{"taxonomy":"product_cat","embeddable":true,"href":"https:\/\/webchodoanhnghiep.tamkhoa.com\/bat-dong-san-01\/wp-json\/wp\/v2\/product_cat?post=209"},{"taxonomy":"product_tag","embeddable":true,"href":"https:\/\/webchodoanhnghiep.tamkhoa.com\/bat-dong-san-01\/wp-json\/wp\/v2\/product_tag?post=209"}],"curies":[{"name":"wp","href":"https:\/\/api.w.org\/{rel}","templated":true}]}}