{"id":119,"date":"2024-09-21T03:50:16","date_gmt":"2024-09-21T03:50:16","guid":{"rendered":"https:\/\/dulich.tamkhoa.com\/bat-dong-san-01\/?page_id=119"},"modified":"2024-11-01T09:06:18","modified_gmt":"2024-11-01T09:06:18","slug":"ve-chung-toi","status":"publish","type":"page","link":"https:\/\/webchodoanhnghiep.tamkhoa.com\/bat-dong-san-02\/ve-chung-toi\/","title":{"rendered":"V\u1ec1 ch\u00fang t\u00f4i"},"content":{"rendered":"\t\t<div data-elementor-type=\"wp-page\" data-elementor-id=\"119\" class=\"elementor elementor-119\">\n\t\t\t\t<div class=\"elementor-element elementor-element-fc9ccd5 e-con-full e-flex wpr-particle-no wpr-jarallax-no wpr-parallax-no wpr-sticky-section-no wpr-column-slider-no wpr-equal-height-no e-con e-parent\" data-id=\"fc9ccd5\" data-element_type=\"container\" data-e-type=\"container\">\n\t\t\t\t<div class=\"elementor-element elementor-element-7cb8eb2 elementor-widget elementor-widget-image\" data-id=\"7cb8eb2\" data-element_type=\"widget\" data-e-type=\"widget\" data-widget_type=\"image.default\">\n\t\t\t\t<div class=\"elementor-widget-container\">\n\t\t\t\t\t\t\t\t\t\t\t\t\t\t\t<img fetchpriority=\"high\" decoding=\"async\" width=\"1920\" height=\"500\" src=\"https:\/\/webchodoanhnghiep.tamkhoa.com\/bat-dong-san-02\/wp-content\/uploads\/sites\/15\/2024\/10\/o.webp\" class=\"attachment-full size-full wp-image-550\" alt=\"\" srcset=\"https:\/\/webchodoanhnghiep.tamkhoa.com\/bat-dong-san-02\/wp-content\/uploads\/sites\/15\/2024\/10\/o.webp 1920w, https:\/\/webchodoanhnghiep.tamkhoa.com\/bat-dong-san-02\/wp-content\/uploads\/sites\/15\/2024\/10\/o-300x78.webp 300w, https:\/\/webchodoanhnghiep.tamkhoa.com\/bat-dong-san-02\/wp-content\/uploads\/sites\/15\/2024\/10\/o-1024x267.webp 1024w, https:\/\/webchodoanhnghiep.tamkhoa.com\/bat-dong-san-02\/wp-content\/uploads\/sites\/15\/2024\/10\/o-768x200.webp 768w, https:\/\/webchodoanhnghiep.tamkhoa.com\/bat-dong-san-02\/wp-content\/uploads\/sites\/15\/2024\/10\/o-1536x400.webp 1536w, https:\/\/webchodoanhnghiep.tamkhoa.com\/bat-dong-san-02\/wp-content\/uploads\/sites\/15\/2024\/10\/o-600x156.webp 600w\" sizes=\"(max-width: 1920px) 100vw, 1920px\" \/>\t\t\t\t\t\t\t\t\t\t\t\t\t\t\t<\/div>\n\t\t\t\t<\/div>\n\t\t\t\t<\/div>\n\t\t<div class=\"elementor-element elementor-element-bc4903e e-flex e-con-boxed wpr-particle-no wpr-jarallax-no wpr-parallax-no wpr-sticky-section-no wpr-column-slider-no wpr-equal-height-no e-con e-parent\" data-id=\"bc4903e\" data-element_type=\"container\" data-e-type=\"container\">\n\t\t\t\t\t<div class=\"e-con-inner\">\n\t\t\t\t<div class=\"elementor-element elementor-element-4ebb38b elementor-widget elementor-widget-text-editor\" data-id=\"4ebb38b\" data-element_type=\"widget\" data-e-type=\"widget\" data-widget_type=\"text-editor.default\">\n\t\t\t\t<div class=\"elementor-widget-container\">\n\t\t\t\t\t\t\t\t\t<p><strong>Gi\u1edbi thi\u1ec7u v\u1ec1 Landify \u2013 N\u1ec1n t\u1ea3ng b\u1ea5t \u0111\u1ed9ng s\u1ea3n \u0111\u00e1ng tin c\u1eady<\/strong><\/p><p>Trong th\u1ecb tr\u01b0\u1eddng b\u1ea5t \u0111\u1ed9ng s\u1ea3n s\u00f4i \u0111\u1ed9ng v\u00e0 kh\u00f4ng ng\u1eebng ph\u00e1t tri\u1ec3n, <strong>Landify<\/strong> ra \u0111\u1eddi v\u1edbi s\u1ee9 m\u1ec7nh tr\u1edf th\u00e0nh m\u1ed9t n\u1ec1n t\u1ea3ng \u0111\u00e1ng tin c\u1eady, cung c\u1ea5p c\u00e1c gi\u1ea3i ph\u00e1p b\u1ea5t \u0111\u1ed9ng s\u1ea3n chuy\u00ean nghi\u1ec7p, minh b\u1ea1ch v\u00e0 hi\u1ec7u qu\u1ea3 cho kh\u00e1ch h\u00e0ng. V\u1edbi t\u1ea7m nh\u00ecn tr\u1edf th\u00e0nh c\u1ea7u n\u1ed1i gi\u1eefa kh\u00e1ch h\u00e0ng v\u00e0 nh\u1eefng b\u1ea5t \u0111\u1ed9ng s\u1ea3n ch\u1ea5t l\u01b0\u1ee3ng, Landify t\u1ef1 h\u00e0o l\u00e0 m\u1ed9t trong nh\u1eefng c\u00f4ng ty \u0111i \u0111\u1ea7u trong vi\u1ec7c cung c\u1ea5p tr\u1ea3i nghi\u1ec7m mua b\u00e1n b\u1ea5t \u0111\u1ed9ng s\u1ea3n hi\u1ec7n \u0111\u1ea1i, \u0111\u00e1p \u1ee9ng m\u1ecdi nhu c\u1ea7u t\u1eeb c\u00e1 nh\u00e2n \u0111\u1ebfn t\u1ed5 ch\u1ee9c.<\/p><p><strong>Gi\u00e1 tr\u1ecb c\u1ed1t l\u00f5i c\u1ee7a ch\u00fang t\u00f4i<\/strong><\/p><p>T\u1ea1i Landify, ch\u00fang t\u00f4i cam k\u1ebft gi\u1eef v\u1eefng gi\u00e1 tr\u1ecb c\u1ed1t l\u00f5i v\u1ec1 minh b\u1ea1ch, ch\u1ea5t l\u01b0\u1ee3ng v\u00e0 kh\u00e1ch h\u00e0ng l\u00e0 tr\u1ecdng t\u00e2m trong m\u1ecdi ho\u1ea1t \u0111\u1ed9ng. Ch\u00fang t\u00f4i tin r\u1eb1ng s\u1ef1 th\u00e0nh c\u00f4ng c\u1ee7a kh\u00e1ch h\u00e0ng c\u0169ng l\u00e0 th\u00e0nh c\u00f4ng c\u1ee7a ch\u00ednh m\u00ecnh, v\u00e0 Landify lu\u00f4n n\u1ed7 l\u1ef1c \u0111\u1ec3 x\u00e2y d\u1ef1ng m\u1ed9t m\u1ed1i quan h\u1ec7 b\u1ec1n v\u1eefng, l\u00e2u d\u00e0i v\u1edbi m\u1ed7i kh\u00e1ch h\u00e0ng th\u00f4ng qua d\u1ecbch v\u1ee5 chuy\u00ean nghi\u1ec7p, t\u1eadn t\u00e2m v\u00e0 \u0111\u00e1ng tin c\u1eady.<\/p><p><strong>D\u1ecbch v\u1ee5 v\u00e0 s\u1ea3n ph\u1ea9m \u0111a d\u1ea1ng<\/strong><\/p><p>Landify cung c\u1ea5p danh m\u1ee5c b\u1ea5t \u0111\u1ed9ng s\u1ea3n phong ph\u00fa t\u1eeb c\u00e1c lo\u1ea1i h\u00ecnh nh\u00e0 \u1edf, \u0111\u1ea5t n\u1ec1n, \u0111\u1ebfn c\u00e1c d\u1ef1 \u00e1n bi\u1ec7t th\u1ef1 cao c\u1ea5p v\u00e0 nh\u00e0 ph\u1ed1 th\u01b0\u01a1ng m\u1ea1i. Ch\u00fang t\u00f4i kh\u00f4ng ng\u1eebng c\u1eadp nh\u1eadt c\u00e1c s\u1ea3n ph\u1ea9m m\u1edbi \u0111\u1ec3 \u0111\u00e1p \u1ee9ng \u0111a d\u1ea1ng nhu c\u1ea7u c\u1ee7a kh\u00e1ch h\u00e0ng v\u00e0 \u0111\u1ea3m b\u1ea3o m\u1ecdi b\u1ea5t \u0111\u1ed9ng s\u1ea3n \u0111\u1ec1u \u0111\u01b0\u1ee3c ki\u1ec3m tra k\u1ef9 l\u01b0\u1ee1ng v\u1ec1 ph\u00e1p l\u00fd, ch\u1ea5t l\u01b0\u1ee3ng v\u00e0 ti\u1ec1m n\u0103ng ph\u00e1t tri\u1ec3n. Landify kh\u00f4ng ch\u1ec9 gi\u00fap kh\u00e1ch h\u00e0ng t\u00ecm ki\u1ebfm n\u01a1i an c\u01b0 m\u00e0 c\u00f2n l\u00e0 m\u1ed9t \u0111i\u1ec3m t\u1ef1a \u0111\u00e1ng tin c\u1eady cho c\u00e1c nh\u00e0 \u0111\u1ea7u t\u01b0 b\u1ea5t \u0111\u1ed9ng s\u1ea3n \u0111ang t\u00ecm ki\u1ebfm c\u01a1 h\u1ed9i gia t\u0103ng gi\u00e1 tr\u1ecb t\u00e0i s\u1ea3n.<\/p><p><strong>\u0110\u1ed9i ng\u0169 chuy\u00ean gia gi\u00e0u kinh nghi\u1ec7m<\/strong><\/p><p>Landify t\u1ef1 h\u00e0o s\u1edf h\u1eefu \u0111\u1ed9i ng\u0169 chuy\u00ean gia b\u1ea5t \u0111\u1ed9ng s\u1ea3n c\u00f3 ki\u1ebfn th\u1ee9c s\u00e2u r\u1ed9ng v\u00e0 kinh nghi\u1ec7m phong ph\u00fa. M\u1ed7i th\u00e0nh vi\u00ean c\u1ee7a ch\u00fang t\u00f4i \u0111\u1ec1u \u0111\u01b0\u1ee3c \u0111\u00e0o t\u1ea1o b\u00e0i b\u1ea3n v\u00e0 s\u1eb5n s\u00e0ng h\u1ed7 tr\u1ee3 kh\u00e1ch h\u00e0ng trong t\u1eebng b\u01b0\u1edbc c\u1ee7a qu\u00e1 tr\u00ecnh mua b\u00e1n. \u0110\u1ed9i ng\u0169 c\u1ee7a Landify kh\u00f4ng ch\u1ec9 l\u00e0 nh\u1eefng nh\u00e0 t\u01b0 v\u1ea5n b\u1ea5t \u0111\u1ed9ng s\u1ea3n, m\u00e0 c\u00f2n l\u00e0 nh\u1eefng ng\u01b0\u1eddi b\u1ea1n \u0111\u1ed3ng h\u00e0nh gi\u00fap kh\u00e1ch h\u00e0ng \u0111\u01b0a ra nh\u1eefng quy\u1ebft \u0111\u1ecbnh s\u00e1ng su\u1ed1t, an to\u00e0n v\u00e0 \u0111\u00fang th\u1eddi \u0111i\u1ec3m.<\/p><p><strong>\u1ee8ng d\u1ee5ng c\u00f4ng ngh\u1ec7 hi\u1ec7n \u0111\u1ea1i<\/strong><\/p><p>Trong b\u1ed1i c\u1ea3nh c\u00f4ng ngh\u1ec7 \u0111ang thay \u0111\u1ed5i t\u1eebng ng\u00e0y, Landify kh\u00f4ng ng\u1eebng \u0111\u1ed5i m\u1edbi v\u00e0 \u00e1p d\u1ee5ng c\u00e1c gi\u1ea3i ph\u00e1p c\u00f4ng ngh\u1ec7 ti\u00ean ti\u1ebfn nh\u1eb1m mang \u0111\u1ebfn cho kh\u00e1ch h\u00e0ng tr\u1ea3i nghi\u1ec7m t\u1ed1t nh\u1ea5t. H\u1ec7 th\u1ed1ng website v\u00e0 \u1ee9ng d\u1ee5ng di \u0111\u1ed9ng c\u1ee7a ch\u00fang t\u00f4i gi\u00fap kh\u00e1ch h\u00e0ng d\u1ec5 d\u00e0ng t\u00ecm ki\u1ebfm th\u00f4ng tin, so s\u00e1nh v\u00e0 l\u1ef1a ch\u1ecdn b\u1ea5t \u0111\u1ed9ng s\u1ea3n ch\u1ec9 trong v\u00e0i thao t\u00e1c \u0111\u01a1n gi\u1ea3n. Ngo\u00e0i ra, Landify c\u0169ng t\u00edch h\u1ee3p c\u00f4ng ngh\u1ec7 b\u1ea3n \u0111\u1ed3 s\u1ed1 v\u00e0 ph\u00e2n t\u00edch d\u1eef li\u1ec7u \u0111\u1ec3 h\u1ed7 tr\u1ee3 kh\u00e1ch h\u00e0ng hi\u1ec3u r\u00f5 h\u01a1n v\u1ec1 v\u1ecb tr\u00ed, ti\u1ec7n \u00edch v\u00e0 ti\u1ec1m n\u0103ng c\u1ee7a t\u1eebng b\u1ea5t \u0111\u1ed9ng s\u1ea3n.<\/p>\t\t\t\t\t\t\t\t<\/div>\n\t\t\t\t<\/div>\n\t\t\t\t\t<\/div>\n\t\t\t\t<\/div>\n\t\t\t\t<\/div>\n\t\t","protected":false},"excerpt":{"rendered":"<p>Gi\u1edbi thi\u1ec7u v\u1ec1 Landify \u2013 N\u1ec1n t\u1ea3ng b\u1ea5t \u0111\u1ed9ng s\u1ea3n \u0111\u00e1ng tin c\u1eady Trong th\u1ecb tr\u01b0\u1eddng b\u1ea5t \u0111\u1ed9ng s\u1ea3n s\u00f4i \u0111\u1ed9ng v\u00e0 kh\u00f4ng ng\u1eebng ph\u00e1t tri\u1ec3n, Landify ra \u0111\u1eddi v\u1edbi s\u1ee9 m\u1ec7nh tr\u1edf th\u00e0nh m\u1ed9t n\u1ec1n t\u1ea3ng \u0111\u00e1ng tin c\u1eady, cung c\u1ea5p c\u00e1c gi\u1ea3i ph\u00e1p b\u1ea5t \u0111\u1ed9ng s\u1ea3n chuy\u00ean nghi\u1ec7p, minh b\u1ea1ch v\u00e0 hi\u1ec7u qu\u1ea3 cho kh\u00e1ch h\u00e0ng. V\u1edbi t\u1ea7m nh\u00ecn tr\u1edf th\u00e0nh c\u1ea7u n\u1ed1i gi\u1eefa kh\u00e1ch h\u00e0ng v\u00e0 nh\u1eefng b\u1ea5t \u0111\u1ed9ng s\u1ea3n ch\u1ea5t l\u01b0\u1ee3ng, Landify t\u1ef1 h\u00e0o l\u00e0 m\u1ed9t trong nh\u1eefng c\u00f4ng ty \u0111i \u0111\u1ea7u trong vi\u1ec7c cung c\u1ea5p tr\u1ea3i nghi\u1ec7m mua b\u00e1n b\u1ea5t \u0111\u1ed9ng s\u1ea3n hi\u1ec7n \u0111\u1ea1i, \u0111\u00e1p \u1ee9ng m\u1ecdi nhu c\u1ea7u t\u1eeb c\u00e1 nh\u00e2n \u0111\u1ebfn t\u1ed5 ch\u1ee9c. Gi\u00e1 tr\u1ecb c\u1ed1t l\u00f5i c\u1ee7a ch\u00fang t\u00f4i T\u1ea1i Landify, ch\u00fang t\u00f4i cam k\u1ebft gi\u1eef v\u1eefng gi\u00e1 tr\u1ecb c\u1ed1t l\u00f5i v\u1ec1 minh b\u1ea1ch, ch\u1ea5t l\u01b0\u1ee3ng v\u00e0 kh\u00e1ch h\u00e0ng l\u00e0 tr\u1ecdng t\u00e2m trong m\u1ecdi ho\u1ea1t \u0111\u1ed9ng. Ch\u00fang t\u00f4i tin r\u1eb1ng s\u1ef1 th\u00e0nh c\u00f4ng c\u1ee7a kh\u00e1ch h\u00e0ng c\u0169ng l\u00e0 th\u00e0nh c\u00f4ng c\u1ee7a ch\u00ednh m\u00ecnh, v\u00e0 Landify lu\u00f4n n\u1ed7 l\u1ef1c \u0111\u1ec3 x\u00e2y d\u1ef1ng m\u1ed9t m\u1ed1i quan h\u1ec7 b\u1ec1n v\u1eefng, l\u00e2u d\u00e0i v\u1edbi m\u1ed7i kh\u00e1ch h\u00e0ng th\u00f4ng qua d\u1ecbch v\u1ee5 chuy\u00ean nghi\u1ec7p, t\u1eadn t\u00e2m v\u00e0 \u0111\u00e1ng tin c\u1eady. D\u1ecbch v\u1ee5 v\u00e0 s\u1ea3n ph\u1ea9m \u0111a d\u1ea1ng Landify cung c\u1ea5p danh m\u1ee5c b\u1ea5t \u0111\u1ed9ng s\u1ea3n phong ph\u00fa t\u1eeb c\u00e1c lo\u1ea1i h\u00ecnh nh\u00e0 \u1edf, \u0111\u1ea5t n\u1ec1n, \u0111\u1ebfn c\u00e1c d\u1ef1 \u00e1n bi\u1ec7t th\u1ef1 cao c\u1ea5p v\u00e0 nh\u00e0 ph\u1ed1 th\u01b0\u01a1ng m\u1ea1i. Ch\u00fang t\u00f4i kh\u00f4ng ng\u1eebng c\u1eadp nh\u1eadt c\u00e1c s\u1ea3n ph\u1ea9m m\u1edbi \u0111\u1ec3 \u0111\u00e1p \u1ee9ng \u0111a d\u1ea1ng nhu c\u1ea7u c\u1ee7a kh\u00e1ch h\u00e0ng v\u00e0 \u0111\u1ea3m b\u1ea3o m\u1ecdi b\u1ea5t \u0111\u1ed9ng s\u1ea3n \u0111\u1ec1u \u0111\u01b0\u1ee3c ki\u1ec3m tra k\u1ef9 l\u01b0\u1ee1ng v\u1ec1 ph\u00e1p l\u00fd, ch\u1ea5t l\u01b0\u1ee3ng v\u00e0 ti\u1ec1m n\u0103ng ph\u00e1t tri\u1ec3n. Landify kh\u00f4ng ch\u1ec9 gi\u00fap kh\u00e1ch h\u00e0ng t\u00ecm ki\u1ebfm n\u01a1i an c\u01b0 m\u00e0 c\u00f2n l\u00e0 m\u1ed9t \u0111i\u1ec3m t\u1ef1a \u0111\u00e1ng tin c\u1eady cho c\u00e1c nh\u00e0 \u0111\u1ea7u t\u01b0 b\u1ea5t \u0111\u1ed9ng s\u1ea3n \u0111ang t\u00ecm ki\u1ebfm c\u01a1 h\u1ed9i gia t\u0103ng gi\u00e1 tr\u1ecb t\u00e0i s\u1ea3n. \u0110\u1ed9i ng\u0169 chuy\u00ean gia gi\u00e0u kinh nghi\u1ec7m Landify t\u1ef1 h\u00e0o s\u1edf h\u1eefu \u0111\u1ed9i ng\u0169 chuy\u00ean gia b\u1ea5t \u0111\u1ed9ng s\u1ea3n c\u00f3 ki\u1ebfn th\u1ee9c s\u00e2u r\u1ed9ng v\u00e0 kinh nghi\u1ec7m phong ph\u00fa. M\u1ed7i th\u00e0nh vi\u00ean c\u1ee7a ch\u00fang t\u00f4i \u0111\u1ec1u \u0111\u01b0\u1ee3c \u0111\u00e0o t\u1ea1o b\u00e0i b\u1ea3n v\u00e0 s\u1eb5n s\u00e0ng h\u1ed7 tr\u1ee3 kh\u00e1ch h\u00e0ng trong t\u1eebng b\u01b0\u1edbc c\u1ee7a qu\u00e1 tr\u00ecnh mua b\u00e1n. \u0110\u1ed9i ng\u0169 c\u1ee7a Landify kh\u00f4ng ch\u1ec9 l\u00e0 nh\u1eefng nh\u00e0 t\u01b0 v\u1ea5n b\u1ea5t \u0111\u1ed9ng s\u1ea3n, m\u00e0 c\u00f2n l\u00e0 nh\u1eefng ng\u01b0\u1eddi b\u1ea1n \u0111\u1ed3ng h\u00e0nh gi\u00fap kh\u00e1ch h\u00e0ng \u0111\u01b0a ra nh\u1eefng quy\u1ebft \u0111\u1ecbnh s\u00e1ng su\u1ed1t, an to\u00e0n v\u00e0 \u0111\u00fang th\u1eddi \u0111i\u1ec3m. \u1ee8ng d\u1ee5ng c\u00f4ng ngh\u1ec7 hi\u1ec7n \u0111\u1ea1i Trong b\u1ed1i c\u1ea3nh c\u00f4ng ngh\u1ec7 \u0111ang thay \u0111\u1ed5i t\u1eebng ng\u00e0y, Landify kh\u00f4ng ng\u1eebng \u0111\u1ed5i m\u1edbi v\u00e0 \u00e1p d\u1ee5ng c\u00e1c gi\u1ea3i ph\u00e1p c\u00f4ng ngh\u1ec7 ti\u00ean ti\u1ebfn nh\u1eb1m mang \u0111\u1ebfn cho kh\u00e1ch h\u00e0ng tr\u1ea3i nghi\u1ec7m t\u1ed1t nh\u1ea5t. H\u1ec7 th\u1ed1ng website v\u00e0 \u1ee9ng d\u1ee5ng di \u0111\u1ed9ng c\u1ee7a ch\u00fang t\u00f4i gi\u00fap kh\u00e1ch h\u00e0ng d\u1ec5 d\u00e0ng t\u00ecm ki\u1ebfm th\u00f4ng tin, so s\u00e1nh v\u00e0 l\u1ef1a ch\u1ecdn b\u1ea5t \u0111\u1ed9ng s\u1ea3n ch\u1ec9 trong v\u00e0i thao t\u00e1c \u0111\u01a1n gi\u1ea3n. Ngo\u00e0i ra, Landify c\u0169ng t\u00edch h\u1ee3p c\u00f4ng ngh\u1ec7 b\u1ea3n \u0111\u1ed3 s\u1ed1 v\u00e0 ph\u00e2n t\u00edch d\u1eef li\u1ec7u \u0111\u1ec3 h\u1ed7 tr\u1ee3 kh\u00e1ch h\u00e0ng hi\u1ec3u r\u00f5 h\u01a1n v\u1ec1 v\u1ecb tr\u00ed, ti\u1ec7n \u00edch v\u00e0 ti\u1ec1m n\u0103ng c\u1ee7a t\u1eebng b\u1ea5t \u0111\u1ed9ng s\u1ea3n.<\/p>\n","protected":false},"author":1,"featured_media":0,"parent":0,"menu_order":0,"comment_status":"closed","ping_status":"closed","template":"","meta":{"footnotes":""},"class_list":["post-119","page","type-page","status-publish","hentry"],"_links":{"self":[{"href":"https:\/\/webchodoanhnghiep.tamkhoa.com\/bat-dong-san-02\/wp-json\/wp\/v2\/pages\/119"}],"collection":[{"href":"https:\/\/webchodoanhnghiep.tamkhoa.com\/bat-dong-san-02\/wp-json\/wp\/v2\/pages"}],"about":[{"href":"https:\/\/webchodoanhnghiep.tamkhoa.com\/bat-dong-san-02\/wp-json\/wp\/v2\/types\/page"}],"author":[{"embeddable":true,"href":"https:\/\/webchodoanhnghiep.tamkhoa.com\/bat-dong-san-02\/wp-json\/wp\/v2\/users\/1"}],"replies":[{"embeddable":true,"href":"https:\/\/webchodoanhnghiep.tamkhoa.com\/bat-dong-san-02\/wp-json\/wp\/v2\/comments?post=119"}],"version-history":[{"count":13,"href":"https:\/\/webchodoanhnghiep.tamkhoa.com\/bat-dong-san-02\/wp-json\/wp\/v2\/pages\/119\/revisions"}],"predecessor-version":[{"id":637,"href":"https:\/\/webchodoanhnghiep.tamkhoa.com\/bat-dong-san-02\/wp-json\/wp\/v2\/pages\/119\/revisions\/637"}],"wp:attachment":[{"href":"https:\/\/webchodoanhnghiep.tamkhoa.com\/bat-dong-san-02\/wp-json\/wp\/v2\/media?parent=119"}],"curies":[{"name":"wp","href":"https:\/\/api.w.org\/{rel}","templated":true}]}}