{"id":53,"date":"2024-09-21T03:16:03","date_gmt":"2024-09-21T03:16:03","guid":{"rendered":"https:\/\/dulich.tamkhoa.com\/bat-dong-san-01\/?page_id=53"},"modified":"2025-07-04T03:52:28","modified_gmt":"2025-07-04T03:52:28","slug":"tin-tuc","status":"publish","type":"page","link":"https:\/\/webchodoanhnghiep.tamkhoa.com\/bat-dong-san-02\/tin-tuc\/","title":{"rendered":"Tin t\u1ee9c"},"content":{"rendered":"\t\t<div data-elementor-type=\"wp-page\" data-elementor-id=\"53\" class=\"elementor elementor-53\">\n\t\t\t\t<div class=\"elementor-element elementor-element-122d5db e-flex e-con-boxed wpr-particle-no wpr-jarallax-no wpr-parallax-no wpr-sticky-section-no wpr-column-slider-no wpr-equal-height-no e-con e-parent\" data-id=\"122d5db\" data-element_type=\"container\" data-e-type=\"container\">\n\t\t\t\t\t<div class=\"e-con-inner\">\n\t\t\t\t<div class=\"elementor-element elementor-element-56074a8 elementor-widget elementor-widget-page-title\" data-id=\"56074a8\" data-element_type=\"widget\" data-e-type=\"widget\" data-settings=\"{&quot;align&quot;:&quot;center&quot;}\" data-widget_type=\"page-title.default\">\n\t\t\t\t<div class=\"elementor-widget-container\">\n\t\t\t\t\t\t\t\n\t\t<div class=\"hfe-page-title hfe-page-title-wrapper elementor-widget-heading\">\n\n\t\t\t\t\t\t\t\t<h2 class=\"elementor-heading-title elementor-size-default\">\n\t\t\t\t\t\t\t\t\n\t\t\t\tTin t\u1ee9c  \n\t\t\t<\/h2 > \n\t\t\t\t\t<\/div>\n\t\t\t\t\t\t<\/div>\n\t\t\t\t<\/div>\n\t\t\t\t\t<\/div>\n\t\t\t\t<\/div>\n\t\t<div class=\"elementor-element elementor-element-4e44e98 e-flex e-con-boxed wpr-particle-no wpr-jarallax-no wpr-parallax-no wpr-sticky-section-no wpr-column-slider-no wpr-equal-height-no e-con e-parent\" data-id=\"4e44e98\" data-element_type=\"container\" data-e-type=\"container\">\n\t\t\t\t\t<div class=\"e-con-inner\">\n\t\t\t\t<div class=\"elementor-element elementor-element-822a1cf elementor-widget elementor-widget-gutenberg-post-blocks\" data-id=\"822a1cf\" data-element_type=\"widget\" data-e-type=\"widget\" data-widget_type=\"gutenberg-post-blocks.default\">\n\t\t\t\t<div class=\"elementor-widget-container\">\n\t\t\t\t\t<div class=\"ultp-shortcode\" data-postid=\"645\"><div class=\"wp-block-ultimate-post-post-grid-parent ultp-post-grid-parent\" data-postid=\"645\" data-grids=\"[{&quot;blockId&quot;:&quot;a80b33&quot;,&quot;name&quot;:&quot;ultimate-post_post-list-3&quot;}]\" data-pagi=\"[&quot;ultp-block-eabeb5&quot;]\"><div  class=\"ultp-post-grid-block wp-block-ultimate-post-post-list-3 ultp-block-a80b33\"><div class=\"ultp-block-wrapper\"><div class=\"ultp-loading\"><div class=\"ultp-loading-blocks\" style=\"width:100%;height:100%;\"><div style=\"left: 0;top: 0;animation-delay:0s;\"><\/div><div style=\"left: 21px;top: 0;animation-delay:0.125s;\"><\/div><div style=\"left: 42px;top: 0;animation-delay:0.25s;\"><\/div><div style=\"left: 0;top: 21px;animation-delay:0.875s;\"><\/div><div style=\"left: 42px;top: 21px;animation-delay:0.375s;\"><\/div><div style=\"left: 0;top: 42px;animation-delay:0.75s;\"><\/div><div style=\"left: 42px;top: 42px;animation-delay:0.625s;\"><\/div><div style=\"left: 21px;top: 42px;animation-delay:0.5s;\"><\/div><\/div><\/div><div class=\"ultp-block-items-wrap ultp-block-row ultp-block-column-1 ultp-block-content-middle ultp-layout1\"><div class=\"ultp-block-item ultp-block-media post-id-586\"><div class=\"ultp-block-content-wrap\"><div class=\"ultp-block-image ultp-block-image-opacity\"><a href=\"https:\/\/webchodoanhnghiep.tamkhoa.com\/bat-dong-san-02\/2024\/10\/31\/tuyen-dung-2024\/\" ><img decoding=\"async\"  alt=\"Tuy\u1ec3n d\u1ee5ng: Chuy\u00ean vi\u00ean Kinh doanh B\u1ea5t \u0111\u1ed9ng s\u1ea3n\"  src=\"https:\/\/webchodoanhnghiep.tamkhoa.com\/bat-dong-san-02\/wp-content\/uploads\/sites\/15\/2024\/10\/pexels-anon-213834-754276.webp\" \/><\/a><\/div><div class=\"ultp-block-content\"><div class=\"ultp-category-grid ultp-category-classic ultp-category-aboveTitle\"><div class=\"ultp-category-in\"><a class=\"ultp-cat-tuyen-dung\" href=\"https:\/\/webchodoanhnghiep.tamkhoa.com\/bat-dong-san-02\/category\/tuyen-dung\/\"  >Tuy\u1ec3n d\u1ee5ng<\/a><\/div><\/div><h3 class=\"ultp-block-title \"><a href=\"https:\/\/webchodoanhnghiep.tamkhoa.com\/bat-dong-san-02\/2024\/10\/31\/tuyen-dung-2024\/\" >Tuy\u1ec3n d\u1ee5ng: Chuy\u00ean vi\u00ean Kinh doanh B\u1ea5t \u0111\u1ed9ng s\u1ea3n<\/a><\/h3><div class=\"ultp-block-meta ultp-block-meta-dot ultp-block-meta-icon\"><span class=\"ultp-block-author ultp-block-meta-element\"><svg xmlns=\"http:\/\/www.w3.org\/2000\/svg\" fill=\"none\" viewBox=\"0 0 24 24\">\n  <circle cx=\"12\" cy=\"7\" r=\"4\" stroke=\"currentColor\" stroke-linejoin=\"round\" stroke-width=\"1.5\"\/>\n  <path stroke=\"currentColor\" stroke-linecap=\"round\" stroke-linejoin=\"round\" stroke-width=\"1.5\" d=\"M4 21v-3a4 4 0 0 1 4-4h8a4 4 0 0 1 4 4v3\"\/>\n<\/svg>\n<a class=\"\" href=\"https:\/\/webchodoanhnghiep.tamkhoa.com\/bat-dong-san-02\/author\/admin\/\">admin<\/a><\/span><span class=\"ultp-block-date ultp-block-meta-element\"><svg xmlns=\"http:\/\/www.w3.org\/2000\/svg\" fill=\"none\" viewBox=\"0 0 24 24\">\n  <path stroke=\"currentColor\" stroke-linecap=\"round\" stroke-linejoin=\"round\" stroke-width=\"1.5\" d=\"M3 5.5a2 2 0 0 1 2-2h14a2 2 0 0 1 2 2v14a2 2 0 0 1-2 2H5a2 2 0 0 1-2-2v-14ZM8 2v3m8-3v3M3 9h18\"\/>\n<\/svg>\nOct 31, 2024<\/span><span class=\"ultp-post-read ultp-block-meta-element\"><svg xmlns=\"http:\/\/www.w3.org\/2000\/svg\" fill=\"none\" viewBox=\"0 0 24 24\">\n  <path stroke=\"currentColor\" stroke-linecap=\"round\" stroke-linejoin=\"round\" stroke-width=\"1.5\" d=\"M4 5v14a3 3 0 0 0 3 3h13V8H7a3 3 0 0 1-3-3Zm0 0a3 3 0 0 1 3-3h13M7 5h10\"\/>\n  <path stroke=\"currentColor\" stroke-linecap=\"round\" stroke-linejoin=\"round\" stroke-width=\"1.5\" d=\"M9.5 18.5v-3.092a3 3 0 0 1 .504-1.664l1.219-1.828a.934.934 0 0 1 1.554 0l1.22 1.828a3 3 0 0 1 .503 1.664V18.5m-5-2.5h5\"\/>\n<\/svg>\n2 min read<\/span><\/div><div class=\"ultp-block-excerpt\"><p>V\u1ecb tr\u00ed tuy\u1ec3n d\u1ee5ng: Chuy\u00ean vi\u00ean Kinh doanh B\u1ea5t \u0111\u1ed9ng s\u1ea3n M\u00f4 t\u1ea3 c\u00f4ng vi\u1ec7c: T\u00ecm ki\u1ebfm v\u00e0 ph\u00e1t tri\u1ec3n m\u1ea1ng l\u01b0\u1edbi kh\u00e1ch h\u00e0ng ti\u1ec1m n\u0103ng. T\u01b0 v\u1ea5n, cung c\u1ea5p th\u00f4ng tin chi ti\u1ebft v\u00e0 h\u1ed7 tr\u1ee3 kh\u00e1ch h\u00e0ng trong&hellip;<\/p>\n<\/div><\/div><\/div><\/div><div class=\"ultp-block-item ultp-block-media post-id-179\"><div class=\"ultp-block-content-wrap\"><div class=\"ultp-block-image ultp-block-image-opacity\"><a href=\"https:\/\/webchodoanhnghiep.tamkhoa.com\/bat-dong-san-02\/2024\/09\/21\/tin-tuc-7\/\" ><img decoding=\"async\"  alt=\"Tin t\u1ee9c 7\"  src=\"https:\/\/webchodoanhnghiep.tamkhoa.com\/bat-dong-san-02\/wp-content\/uploads\/sites\/15\/2024\/10\/pexels-vividcafe-681333.webp\" \/><\/a><\/div><div class=\"ultp-block-content\"><div class=\"ultp-category-grid ultp-category-classic ultp-category-aboveTitle\"><div class=\"ultp-category-in\"><a class=\"ultp-cat-tin-tuc\" href=\"https:\/\/webchodoanhnghiep.tamkhoa.com\/bat-dong-san-02\/category\/tin-tuc\/\"  >Tin t\u1ee9c<\/a><\/div><\/div><h3 class=\"ultp-block-title \"><a href=\"https:\/\/webchodoanhnghiep.tamkhoa.com\/bat-dong-san-02\/2024\/09\/21\/tin-tuc-7\/\" >Tin t\u1ee9c 7<\/a><\/h3><div class=\"ultp-block-meta ultp-block-meta-dot ultp-block-meta-icon\"><span class=\"ultp-block-author ultp-block-meta-element\"><svg xmlns=\"http:\/\/www.w3.org\/2000\/svg\" fill=\"none\" viewBox=\"0 0 24 24\">\n  <circle cx=\"12\" cy=\"7\" r=\"4\" stroke=\"currentColor\" stroke-linejoin=\"round\" stroke-width=\"1.5\"\/>\n  <path stroke=\"currentColor\" stroke-linecap=\"round\" stroke-linejoin=\"round\" stroke-width=\"1.5\" d=\"M4 21v-3a4 4 0 0 1 4-4h8a4 4 0 0 1 4 4v3\"\/>\n<\/svg>\n<a class=\"\" href=\"https:\/\/webchodoanhnghiep.tamkhoa.com\/bat-dong-san-02\/author\/admin\/\">admin<\/a><\/span><span class=\"ultp-block-date ultp-block-meta-element\"><svg xmlns=\"http:\/\/www.w3.org\/2000\/svg\" fill=\"none\" viewBox=\"0 0 24 24\">\n  <path stroke=\"currentColor\" stroke-linecap=\"round\" stroke-linejoin=\"round\" stroke-width=\"1.5\" d=\"M3 5.5a2 2 0 0 1 2-2h14a2 2 0 0 1 2 2v14a2 2 0 0 1-2 2H5a2 2 0 0 1-2-2v-14ZM8 2v3m8-3v3M3 9h18\"\/>\n<\/svg>\nSep 21, 2024<\/span><span class=\"ultp-post-read ultp-block-meta-element\"><svg xmlns=\"http:\/\/www.w3.org\/2000\/svg\" fill=\"none\" viewBox=\"0 0 24 24\">\n  <path stroke=\"currentColor\" stroke-linecap=\"round\" stroke-linejoin=\"round\" stroke-width=\"1.5\" d=\"M4 5v14a3 3 0 0 0 3 3h13V8H7a3 3 0 0 1-3-3Zm0 0a3 3 0 0 1 3-3h13M7 5h10\"\/>\n  <path stroke=\"currentColor\" stroke-linecap=\"round\" stroke-linejoin=\"round\" stroke-width=\"1.5\" d=\"M9.5 18.5v-3.092a3 3 0 0 1 .504-1.664l1.219-1.828a.934.934 0 0 1 1.554 0l1.22 1.828a3 3 0 0 1 .503 1.664V18.5m-5-2.5h5\"\/>\n<\/svg>\n3 min read<\/span><\/div><div class=\"ultp-block-excerpt\"><p>N\u0103m 2024 \u0111\u00e3 mang \u0111\u1ebfn nh\u1eefng thay \u0111\u1ed5i l\u1edbn trong th\u1ecb tr\u01b0\u1eddng b\u1ea5t \u0111\u1ed9ng s\u1ea3n t\u1ea1i Vi\u1ec7t Nam v\u00e0 khu v\u1ef1c \u0110\u00f4ng Nam \u00c1. D\u01b0\u1edbi \u0111\u00e2y l\u00e0 nh\u1eefng xu h\u01b0\u1edbng quan tr\u1ecdng m\u00e0 c\u00e1c nh\u00e0 \u0111\u1ea7u t\u01b0 v\u00e0 ng\u01b0\u1eddi mua&hellip;<\/p>\n<\/div><\/div><\/div><\/div><div class=\"ultp-block-item ultp-block-media post-id-178\"><div class=\"ultp-block-content-wrap\"><div class=\"ultp-block-image ultp-block-image-opacity\"><a href=\"https:\/\/webchodoanhnghiep.tamkhoa.com\/bat-dong-san-02\/2024\/09\/21\/tin-tuc-6\/\" ><img decoding=\"async\"  alt=\"Tin t\u1ee9c 6\"  src=\"https:\/\/webchodoanhnghiep.tamkhoa.com\/bat-dong-san-02\/wp-content\/uploads\/sites\/15\/2024\/10\/pexels-pixabay-273209.webp\" \/><\/a><\/div><div class=\"ultp-block-content\"><div class=\"ultp-category-grid ultp-category-classic ultp-category-aboveTitle\"><div class=\"ultp-category-in\"><a class=\"ultp-cat-tin-tuc\" href=\"https:\/\/webchodoanhnghiep.tamkhoa.com\/bat-dong-san-02\/category\/tin-tuc\/\"  >Tin t\u1ee9c<\/a><\/div><\/div><h3 class=\"ultp-block-title \"><a href=\"https:\/\/webchodoanhnghiep.tamkhoa.com\/bat-dong-san-02\/2024\/09\/21\/tin-tuc-6\/\" >Tin t\u1ee9c 6<\/a><\/h3><div class=\"ultp-block-meta ultp-block-meta-dot ultp-block-meta-icon\"><span class=\"ultp-block-author ultp-block-meta-element\"><svg xmlns=\"http:\/\/www.w3.org\/2000\/svg\" fill=\"none\" viewBox=\"0 0 24 24\">\n  <circle cx=\"12\" cy=\"7\" r=\"4\" stroke=\"currentColor\" stroke-linejoin=\"round\" stroke-width=\"1.5\"\/>\n  <path stroke=\"currentColor\" stroke-linecap=\"round\" stroke-linejoin=\"round\" stroke-width=\"1.5\" d=\"M4 21v-3a4 4 0 0 1 4-4h8a4 4 0 0 1 4 4v3\"\/>\n<\/svg>\n<a class=\"\" href=\"https:\/\/webchodoanhnghiep.tamkhoa.com\/bat-dong-san-02\/author\/admin\/\">admin<\/a><\/span><span class=\"ultp-block-date ultp-block-meta-element\"><svg xmlns=\"http:\/\/www.w3.org\/2000\/svg\" fill=\"none\" viewBox=\"0 0 24 24\">\n  <path stroke=\"currentColor\" stroke-linecap=\"round\" stroke-linejoin=\"round\" stroke-width=\"1.5\" d=\"M3 5.5a2 2 0 0 1 2-2h14a2 2 0 0 1 2 2v14a2 2 0 0 1-2 2H5a2 2 0 0 1-2-2v-14ZM8 2v3m8-3v3M3 9h18\"\/>\n<\/svg>\nSep 21, 2024<\/span><span class=\"ultp-post-read ultp-block-meta-element\"><svg xmlns=\"http:\/\/www.w3.org\/2000\/svg\" fill=\"none\" viewBox=\"0 0 24 24\">\n  <path stroke=\"currentColor\" stroke-linecap=\"round\" stroke-linejoin=\"round\" stroke-width=\"1.5\" d=\"M4 5v14a3 3 0 0 0 3 3h13V8H7a3 3 0 0 1-3-3Zm0 0a3 3 0 0 1 3-3h13M7 5h10\"\/>\n  <path stroke=\"currentColor\" stroke-linecap=\"round\" stroke-linejoin=\"round\" stroke-width=\"1.5\" d=\"M9.5 18.5v-3.092a3 3 0 0 1 .504-1.664l1.219-1.828a.934.934 0 0 1 1.554 0l1.22 1.828a3 3 0 0 1 .503 1.664V18.5m-5-2.5h5\"\/>\n<\/svg>\n3 min read<\/span><\/div><div class=\"ultp-block-excerpt\"><p>N\u0103m 2024 \u0111\u00e3 mang \u0111\u1ebfn nh\u1eefng thay \u0111\u1ed5i l\u1edbn trong th\u1ecb tr\u01b0\u1eddng b\u1ea5t \u0111\u1ed9ng s\u1ea3n t\u1ea1i Vi\u1ec7t Nam v\u00e0 khu v\u1ef1c \u0110\u00f4ng Nam \u00c1. D\u01b0\u1edbi \u0111\u00e2y l\u00e0 nh\u1eefng xu h\u01b0\u1edbng quan tr\u1ecdng m\u00e0 c\u00e1c nh\u00e0 \u0111\u1ea7u t\u01b0 v\u00e0 ng\u01b0\u1eddi mua&hellip;<\/p>\n<\/div><\/div><\/div><\/div><div class=\"ultp-block-item ultp-block-media post-id-177\"><div class=\"ultp-block-content-wrap\"><div class=\"ultp-block-image ultp-block-image-opacity\"><a href=\"https:\/\/webchodoanhnghiep.tamkhoa.com\/bat-dong-san-02\/2024\/09\/21\/tin-tuc-5\/\" ><img decoding=\"async\"  alt=\"Tin t\u1ee9c 5\"  src=\"https:\/\/webchodoanhnghiep.tamkhoa.com\/bat-dong-san-02\/wp-content\/uploads\/sites\/15\/2024\/10\/pexels-godless-humanist-739743-1587947.webp\" \/><\/a><\/div><div class=\"ultp-block-content\"><div class=\"ultp-category-grid ultp-category-classic ultp-category-aboveTitle\"><div class=\"ultp-category-in\"><a class=\"ultp-cat-tin-tuc\" href=\"https:\/\/webchodoanhnghiep.tamkhoa.com\/bat-dong-san-02\/category\/tin-tuc\/\"  >Tin t\u1ee9c<\/a><\/div><\/div><h3 class=\"ultp-block-title \"><a href=\"https:\/\/webchodoanhnghiep.tamkhoa.com\/bat-dong-san-02\/2024\/09\/21\/tin-tuc-5\/\" >Tin t\u1ee9c 5<\/a><\/h3><div class=\"ultp-block-meta ultp-block-meta-dot ultp-block-meta-icon\"><span class=\"ultp-block-author ultp-block-meta-element\"><svg xmlns=\"http:\/\/www.w3.org\/2000\/svg\" fill=\"none\" viewBox=\"0 0 24 24\">\n  <circle cx=\"12\" cy=\"7\" r=\"4\" stroke=\"currentColor\" stroke-linejoin=\"round\" stroke-width=\"1.5\"\/>\n  <path stroke=\"currentColor\" stroke-linecap=\"round\" stroke-linejoin=\"round\" stroke-width=\"1.5\" d=\"M4 21v-3a4 4 0 0 1 4-4h8a4 4 0 0 1 4 4v3\"\/>\n<\/svg>\n<a class=\"\" href=\"https:\/\/webchodoanhnghiep.tamkhoa.com\/bat-dong-san-02\/author\/admin\/\">admin<\/a><\/span><span class=\"ultp-block-date ultp-block-meta-element\"><svg xmlns=\"http:\/\/www.w3.org\/2000\/svg\" fill=\"none\" viewBox=\"0 0 24 24\">\n  <path stroke=\"currentColor\" stroke-linecap=\"round\" stroke-linejoin=\"round\" stroke-width=\"1.5\" d=\"M3 5.5a2 2 0 0 1 2-2h14a2 2 0 0 1 2 2v14a2 2 0 0 1-2 2H5a2 2 0 0 1-2-2v-14ZM8 2v3m8-3v3M3 9h18\"\/>\n<\/svg>\nSep 21, 2024<\/span><span class=\"ultp-post-read ultp-block-meta-element\"><svg xmlns=\"http:\/\/www.w3.org\/2000\/svg\" fill=\"none\" viewBox=\"0 0 24 24\">\n  <path stroke=\"currentColor\" stroke-linecap=\"round\" stroke-linejoin=\"round\" stroke-width=\"1.5\" d=\"M4 5v14a3 3 0 0 0 3 3h13V8H7a3 3 0 0 1-3-3Zm0 0a3 3 0 0 1 3-3h13M7 5h10\"\/>\n  <path stroke=\"currentColor\" stroke-linecap=\"round\" stroke-linejoin=\"round\" stroke-width=\"1.5\" d=\"M9.5 18.5v-3.092a3 3 0 0 1 .504-1.664l1.219-1.828a.934.934 0 0 1 1.554 0l1.22 1.828a3 3 0 0 1 .503 1.664V18.5m-5-2.5h5\"\/>\n<\/svg>\n3 min read<\/span><\/div><div class=\"ultp-block-excerpt\"><p>N\u0103m 2024 \u0111\u00e3 mang \u0111\u1ebfn nh\u1eefng thay \u0111\u1ed5i l\u1edbn trong th\u1ecb tr\u01b0\u1eddng b\u1ea5t \u0111\u1ed9ng s\u1ea3n t\u1ea1i Vi\u1ec7t Nam v\u00e0 khu v\u1ef1c \u0110\u00f4ng Nam \u00c1. D\u01b0\u1edbi \u0111\u00e2y l\u00e0 nh\u1eefng xu h\u01b0\u1edbng quan tr\u1ecdng m\u00e0 c\u00e1c nh\u00e0 \u0111\u1ea7u t\u01b0 v\u00e0 ng\u01b0\u1eddi mua&hellip;<\/p>\n<\/div><\/div><\/div><\/div><div class=\"ultp-block-item ultp-block-media post-id-167\"><div class=\"ultp-block-content-wrap\"><div class=\"ultp-block-image ultp-block-image-opacity\"><a href=\"https:\/\/webchodoanhnghiep.tamkhoa.com\/bat-dong-san-02\/2024\/09\/21\/tin-tuc-4\/\" ><img decoding=\"async\"  alt=\"Tin t\u1ee9c 4\"  src=\"https:\/\/webchodoanhnghiep.tamkhoa.com\/bat-dong-san-02\/wp-content\/uploads\/sites\/15\/2024\/10\/pexels-harrisonhaines-3082638.webp\" \/><\/a><\/div><div class=\"ultp-block-content\"><div class=\"ultp-category-grid ultp-category-classic ultp-category-aboveTitle\"><div class=\"ultp-category-in\"><a class=\"ultp-cat-tin-tuc\" href=\"https:\/\/webchodoanhnghiep.tamkhoa.com\/bat-dong-san-02\/category\/tin-tuc\/\"  >Tin t\u1ee9c<\/a><\/div><\/div><h3 class=\"ultp-block-title \"><a href=\"https:\/\/webchodoanhnghiep.tamkhoa.com\/bat-dong-san-02\/2024\/09\/21\/tin-tuc-4\/\" >Tin t\u1ee9c 4<\/a><\/h3><div class=\"ultp-block-meta ultp-block-meta-dot ultp-block-meta-icon\"><span class=\"ultp-block-author ultp-block-meta-element\"><svg xmlns=\"http:\/\/www.w3.org\/2000\/svg\" fill=\"none\" viewBox=\"0 0 24 24\">\n  <circle cx=\"12\" cy=\"7\" r=\"4\" stroke=\"currentColor\" stroke-linejoin=\"round\" stroke-width=\"1.5\"\/>\n  <path stroke=\"currentColor\" stroke-linecap=\"round\" stroke-linejoin=\"round\" stroke-width=\"1.5\" d=\"M4 21v-3a4 4 0 0 1 4-4h8a4 4 0 0 1 4 4v3\"\/>\n<\/svg>\n<a class=\"\" href=\"https:\/\/webchodoanhnghiep.tamkhoa.com\/bat-dong-san-02\/author\/admin\/\">admin<\/a><\/span><span class=\"ultp-block-date ultp-block-meta-element\"><svg xmlns=\"http:\/\/www.w3.org\/2000\/svg\" fill=\"none\" viewBox=\"0 0 24 24\">\n  <path stroke=\"currentColor\" stroke-linecap=\"round\" stroke-linejoin=\"round\" stroke-width=\"1.5\" d=\"M3 5.5a2 2 0 0 1 2-2h14a2 2 0 0 1 2 2v14a2 2 0 0 1-2 2H5a2 2 0 0 1-2-2v-14ZM8 2v3m8-3v3M3 9h18\"\/>\n<\/svg>\nSep 21, 2024<\/span><span class=\"ultp-post-read ultp-block-meta-element\"><svg xmlns=\"http:\/\/www.w3.org\/2000\/svg\" fill=\"none\" viewBox=\"0 0 24 24\">\n  <path stroke=\"currentColor\" stroke-linecap=\"round\" stroke-linejoin=\"round\" stroke-width=\"1.5\" d=\"M4 5v14a3 3 0 0 0 3 3h13V8H7a3 3 0 0 1-3-3Zm0 0a3 3 0 0 1 3-3h13M7 5h10\"\/>\n  <path stroke=\"currentColor\" stroke-linecap=\"round\" stroke-linejoin=\"round\" stroke-width=\"1.5\" d=\"M9.5 18.5v-3.092a3 3 0 0 1 .504-1.664l1.219-1.828a.934.934 0 0 1 1.554 0l1.22 1.828a3 3 0 0 1 .503 1.664V18.5m-5-2.5h5\"\/>\n<\/svg>\n3 min read<\/span><\/div><div class=\"ultp-block-excerpt\"><p>N\u0103m 2024 \u0111\u00e3 mang \u0111\u1ebfn nh\u1eefng thay \u0111\u1ed5i l\u1edbn trong th\u1ecb tr\u01b0\u1eddng b\u1ea5t \u0111\u1ed9ng s\u1ea3n t\u1ea1i Vi\u1ec7t Nam v\u00e0 khu v\u1ef1c \u0110\u00f4ng Nam \u00c1. D\u01b0\u1edbi \u0111\u00e2y l\u00e0 nh\u1eefng xu h\u01b0\u1edbng quan tr\u1ecdng m\u00e0 c\u00e1c nh\u00e0 \u0111\u1ea7u t\u01b0 v\u00e0 ng\u01b0\u1eddi mua&hellip;<\/p>\n<\/div><\/div><\/div><\/div><\/div><\/div><div class=\"pagination-block-html\" aria-hidden=\"true\" style=\"display: none;\"><div class=\"ultp-pagination-wrap ultp-pagination-ajax-action\"  data-for=\"ultp-block-a80b33\"  data-blockid=\"a80b33\"  data-expost=\"\"  data-paged=\"1\"  data-pages=\"2\"  data-blockname=\"ultimate-post_post-list-3\"  data-postid=\"645\"  data-selfpostid=\"yes\" ><ul class=\"ultp-pagination\"><li class=\"ultp-prev-page-numbers\" style=\"display:none\"><a href=\"https:\/\/webchodoanhnghiep.tamkhoa.com\/bat-dong-san-02\/wp-json\/wp\/v2\/pages\/53\/\"><svg xmlns=\"http:\/\/www.w3.org\/2000\/svg\" fill=\"none\" viewBox=\"0 0 24 24\">\n  <path stroke=\"currentColor\" stroke-linecap=\"round\" stroke-linejoin=\"round\" stroke-width=\"1.5\" d=\"m15 18-6-6 6-6\"\/>\n<\/svg>\n Tr\u01b0\u1edbc<\/a><\/li><li class=\"ultp-center-item pagination-active\" data-current=\"1\"><a href=\"https:\/\/webchodoanhnghiep.tamkhoa.com\/bat-dong-san-02\/wp-json\/wp\/v2\/pages\/53\/\">1<\/a><\/li><li class=\"ultp-center-item\" data-current=\"2\" ><a href=\"https:\/\/webchodoanhnghiep.tamkhoa.com\/bat-dong-san-02\/wp-json\/wp\/v2\/pages\/53\/page\/2\/\">2<\/a><\/li><li class=\"ultp-last-dot\" style=\"display:none\"><a href=\"#\">&#8230;<\/a><\/li><li class=\"ultp-next-page-numbers\"><a href=\"https:\/\/webchodoanhnghiep.tamkhoa.com\/bat-dong-san-02\/wp-json\/wp\/v2\/pages\/53\/page\/2\/\">Ti\u1ebfp<svg xmlns=\"http:\/\/www.w3.org\/2000\/svg\" fill=\"none\" viewBox=\"0 0 24 24\">\n  <path stroke=\"currentColor\" stroke-linecap=\"round\" stroke-linejoin=\"round\" stroke-width=\"1.5\" d=\"m9 18 6-6-6-6\"\/>\n<\/svg>\n<\/a><\/li><\/ul><\/div><\/div><\/div>\n\n<div class=\"wp-block-ultimate-post-post-pagination ultp-block-eabeb5 ultp-pagination-block ultp-pagination-wrap\"><div class=\"ultp-pagination-wrap ultp-disable-editor-click ultp-pagination-ajax-action\"><ul class=\"ultp-pagination\"><li><a href=\"#\" class=\"ultp-prev-page-numbers\"><svg enable-background=\"new 0 0 477.175 477.175\" version=\"1.1\" viewBox=\"0 0 477.18 477.18\"><path d=\"m145.19 238.58 215.5-215.5c5.3-5.3 5.3-13.8 0-19.1s-13.8-5.3-19.1 0l-225.1 225.1c-5.3 5.3-5.3 13.8 0 19.1l225.1 225c2.6 2.6 6.1 4 9.5 4s6.9-1.3 9.5-4c5.3-5.3 5.3-13.8 0-19.1l-215.4-215.5z\"><\/path><\/svg> Tr\u01b0\u1edbc<\/a><\/li><li><a href=\"#\">1<\/a><\/li><li><a href=\"#\">2<\/a><\/li><li><a href=\"#\">3<\/a><\/li><li><a href=\"#\" class=\"ultp-next-page-numbers\">Ti\u1ebfp <svg enable-background=\"new 0 0 477.175 477.175\" version=\"1.1\" viewBox=\"0 0 477.18 477.18\"><path d=\"m360.73 229.08-225.1-225.1c-5.3-5.3-13.8-5.3-19.1 0s-5.3 13.8 0 19.1l215.5 215.5-215.5 215.5c-5.3 5.3-5.3 13.8 0 19.1 2.6 2.6 6.1 4 9.5 4s6.9-1.3 9.5-4l225.1-225.1c5.3-5.2 5.3-13.8 0.1-19z\"><\/path><\/svg><\/a><\/li><\/ul><\/div><\/div><\/div><div style=\"height:100px\" aria-hidden=\"true\" class=\"wp-block-spacer\"><\/div><\/div>\t\t\t\t<\/div>\n\t\t\t\t<\/div>\n\t\t\t\t\t<\/div>\n\t\t\t\t<\/div>\n\t\t\t\t<\/div>\n\t\t","protected":false},"excerpt":{"rendered":"<p>Tin t\u1ee9c Tuy\u1ec3n d\u1ee5ng Tuy\u1ec3n d\u1ee5ng: Chuy\u00ean vi\u00ean Kinh doanh B\u1ea5t \u0111\u1ed9ng s\u1ea3n adminOct 31, 20242 min read V\u1ecb tr\u00ed tuy\u1ec3n d\u1ee5ng: Chuy\u00ean vi\u00ean Kinh doanh B\u1ea5t \u0111\u1ed9ng s\u1ea3n M\u00f4 t\u1ea3 c\u00f4ng vi\u1ec7c: T\u00ecm ki\u1ebfm v\u00e0 ph\u00e1t tri\u1ec3n m\u1ea1ng l\u01b0\u1edbi kh\u00e1ch h\u00e0ng ti\u1ec1m n\u0103ng. T\u01b0 v\u1ea5n, cung c\u1ea5p th\u00f4ng tin chi ti\u1ebft v\u00e0 h\u1ed7 tr\u1ee3 kh\u00e1ch h\u00e0ng trong&hellip; Tin t\u1ee9c Tin t\u1ee9c 7 adminSep 21, 20243 min read N\u0103m 2024 \u0111\u00e3 mang \u0111\u1ebfn nh\u1eefng thay \u0111\u1ed5i l\u1edbn trong th\u1ecb tr\u01b0\u1eddng b\u1ea5t \u0111\u1ed9ng s\u1ea3n t\u1ea1i Vi\u1ec7t Nam v\u00e0 khu v\u1ef1c \u0110\u00f4ng Nam \u00c1. D\u01b0\u1edbi \u0111\u00e2y l\u00e0 nh\u1eefng xu h\u01b0\u1edbng quan tr\u1ecdng m\u00e0 c\u00e1c nh\u00e0 \u0111\u1ea7u t\u01b0 v\u00e0 ng\u01b0\u1eddi mua&hellip; Tin t\u1ee9c Tin t\u1ee9c 6 adminSep 21, 20243 min read N\u0103m 2024 \u0111\u00e3 mang \u0111\u1ebfn nh\u1eefng thay \u0111\u1ed5i l\u1edbn trong th\u1ecb tr\u01b0\u1eddng b\u1ea5t \u0111\u1ed9ng s\u1ea3n t\u1ea1i Vi\u1ec7t Nam v\u00e0 khu v\u1ef1c \u0110\u00f4ng Nam \u00c1. D\u01b0\u1edbi \u0111\u00e2y l\u00e0 nh\u1eefng xu h\u01b0\u1edbng quan tr\u1ecdng m\u00e0 c\u00e1c nh\u00e0 \u0111\u1ea7u t\u01b0 v\u00e0 ng\u01b0\u1eddi mua&hellip; Tin t\u1ee9c Tin t\u1ee9c 5 adminSep 21, 20243 min read N\u0103m 2024 \u0111\u00e3 mang \u0111\u1ebfn nh\u1eefng thay \u0111\u1ed5i l\u1edbn trong th\u1ecb tr\u01b0\u1eddng b\u1ea5t \u0111\u1ed9ng s\u1ea3n t\u1ea1i Vi\u1ec7t Nam v\u00e0 khu v\u1ef1c \u0110\u00f4ng Nam \u00c1. D\u01b0\u1edbi \u0111\u00e2y l\u00e0 nh\u1eefng xu h\u01b0\u1edbng quan tr\u1ecdng m\u00e0 c\u00e1c nh\u00e0 \u0111\u1ea7u t\u01b0 v\u00e0 ng\u01b0\u1eddi mua&hellip; Tin t\u1ee9c Tin t\u1ee9c 4 adminSep 21, 20243 min read N\u0103m 2024 \u0111\u00e3 mang \u0111\u1ebfn nh\u1eefng thay \u0111\u1ed5i l\u1edbn trong th\u1ecb tr\u01b0\u1eddng b\u1ea5t \u0111\u1ed9ng s\u1ea3n t\u1ea1i Vi\u1ec7t Nam v\u00e0 khu v\u1ef1c \u0110\u00f4ng Nam \u00c1. D\u01b0\u1edbi \u0111\u00e2y l\u00e0 nh\u1eefng xu h\u01b0\u1edbng quan tr\u1ecdng m\u00e0 c\u00e1c nh\u00e0 \u0111\u1ea7u t\u01b0 v\u00e0 ng\u01b0\u1eddi mua&hellip; Tr\u01b0\u1edbc 1 2 Ti\u1ebfp Tr\u01b0\u1edbc 1 2 3 Ti\u1ebfp<\/p>\n","protected":false},"author":1,"featured_media":0,"parent":0,"menu_order":0,"comment_status":"closed","ping_status":"closed","template":"","meta":{"footnotes":""},"class_list":["post-53","page","type-page","status-publish","hentry"],"_links":{"self":[{"href":"https:\/\/webchodoanhnghiep.tamkhoa.com\/bat-dong-san-02\/wp-json\/wp\/v2\/pages\/53"}],"collection":[{"href":"https:\/\/webchodoanhnghiep.tamkhoa.com\/bat-dong-san-02\/wp-json\/wp\/v2\/pages"}],"about":[{"href":"https:\/\/webchodoanhnghiep.tamkhoa.com\/bat-dong-san-02\/wp-json\/wp\/v2\/types\/page"}],"author":[{"embeddable":true,"href":"https:\/\/webchodoanhnghiep.tamkhoa.com\/bat-dong-san-02\/wp-json\/wp\/v2\/users\/1"}],"replies":[{"embeddable":true,"href":"https:\/\/webchodoanhnghiep.tamkhoa.com\/bat-dong-san-02\/wp-json\/wp\/v2\/comments?post=53"}],"version-history":[{"count":9,"href":"https:\/\/webchodoanhnghiep.tamkhoa.com\/bat-dong-san-02\/wp-json\/wp\/v2\/pages\/53\/revisions"}],"predecessor-version":[{"id":649,"href":"https:\/\/webchodoanhnghiep.tamkhoa.com\/bat-dong-san-02\/wp-json\/wp\/v2\/pages\/53\/revisions\/649"}],"wp:attachment":[{"href":"https:\/\/webchodoanhnghiep.tamkhoa.com\/bat-dong-san-02\/wp-json\/wp\/v2\/media?parent=53"}],"curies":[{"name":"wp","href":"https:\/\/api.w.org\/{rel}","templated":true}]}}