{"id":558,"date":"2024-10-31T08:40:44","date_gmt":"2024-10-31T08:40:44","guid":{"rendered":"https:\/\/webchodoanhnghiep2.tamkhoa.com\/bat-dong-san-02\/?page_id=558"},"modified":"2024-11-02T03:57:48","modified_gmt":"2024-11-02T03:57:48","slug":"tam-nhin-su-menh","status":"publish","type":"page","link":"https:\/\/webchodoanhnghiep.tamkhoa.com\/bat-dong-san-02\/ve-chung-toi\/tam-nhin-su-menh\/","title":{"rendered":"T\u1ea7m nh\u00ecn &#8211; S\u1ee9 m\u1ec7nh"},"content":{"rendered":"\t\t<div data-elementor-type=\"wp-page\" data-elementor-id=\"558\" class=\"elementor elementor-558\">\n\t\t\t\t<div class=\"elementor-element elementor-element-652959b e-flex e-con-boxed wpr-particle-no wpr-jarallax-no wpr-parallax-no wpr-sticky-section-no wpr-column-slider-no wpr-equal-height-no e-con e-parent\" data-id=\"652959b\" data-element_type=\"container\" data-e-type=\"container\">\n\t\t\t\t\t<div class=\"e-con-inner\">\n\t\t\t\t<div class=\"elementor-element elementor-element-41fbe92 elementor-widget elementor-widget-page-title\" data-id=\"41fbe92\" data-element_type=\"widget\" data-e-type=\"widget\" data-settings=\"{&quot;align&quot;:&quot;center&quot;}\" data-widget_type=\"page-title.default\">\n\t\t\t\t<div class=\"elementor-widget-container\">\n\t\t\t\t\t\t\t\n\t\t<div class=\"hfe-page-title hfe-page-title-wrapper elementor-widget-heading\">\n\n\t\t\t\t\t\t\t\t<h2 class=\"elementor-heading-title elementor-size-default\">\n\t\t\t\t\t\t\t\t\n\t\t\t\tT\u1ea7m nh\u00ecn &#8211; S\u1ee9 m\u1ec7nh  \n\t\t\t<\/h2 > \n\t\t\t\t\t<\/div>\n\t\t\t\t\t\t<\/div>\n\t\t\t\t<\/div>\n\t\t\t\t\t<\/div>\n\t\t\t\t<\/div>\n\t\t<div class=\"elementor-element elementor-element-65b5922 e-con-full e-flex wpr-particle-no wpr-jarallax-no wpr-parallax-no wpr-sticky-section-no wpr-column-slider-no wpr-equal-height-no e-con e-parent\" data-id=\"65b5922\" data-element_type=\"container\" data-e-type=\"container\">\n\t\t\t\t<div class=\"elementor-element elementor-element-73c2362 elementor-widget elementor-widget-bdt-featured-box\" data-id=\"73c2362\" data-element_type=\"widget\" data-e-type=\"widget\" data-widget_type=\"bdt-featured-box.default\">\n\t\t\t\t<div class=\"elementor-widget-container\">\n\t\t\t\t\t\t\t<div class=\"bdt-ep-featured-box bdt-ep-featured-box-default\">\n\t\t\t\t\t<div class=\"bdt-ep-featured-box-image\">\n\t\t\t<div class=\"bdt-position-relative\">\n\t\t\t\t<img fetchpriority=\"high\" decoding=\"async\" width=\"1920\" height=\"1080\" src=\"https:\/\/webchodoanhnghiep.tamkhoa.com\/bat-dong-san-02\/wp-content\/uploads\/sites\/15\/2024\/10\/pexels-pixabay-210617.webp\" class=\"attachment-full size-full\" alt=\"T\u1ea7m nh\u00ecn\" srcset=\"https:\/\/webchodoanhnghiep.tamkhoa.com\/bat-dong-san-02\/wp-content\/uploads\/sites\/15\/2024\/10\/pexels-pixabay-210617.webp 1920w, https:\/\/webchodoanhnghiep.tamkhoa.com\/bat-dong-san-02\/wp-content\/uploads\/sites\/15\/2024\/10\/pexels-pixabay-210617-300x169.webp 300w, https:\/\/webchodoanhnghiep.tamkhoa.com\/bat-dong-san-02\/wp-content\/uploads\/sites\/15\/2024\/10\/pexels-pixabay-210617-1024x576.webp 1024w, https:\/\/webchodoanhnghiep.tamkhoa.com\/bat-dong-san-02\/wp-content\/uploads\/sites\/15\/2024\/10\/pexels-pixabay-210617-768x432.webp 768w, https:\/\/webchodoanhnghiep.tamkhoa.com\/bat-dong-san-02\/wp-content\/uploads\/sites\/15\/2024\/10\/pexels-pixabay-210617-1536x864.webp 1536w, https:\/\/webchodoanhnghiep.tamkhoa.com\/bat-dong-san-02\/wp-content\/uploads\/sites\/15\/2024\/10\/pexels-pixabay-210617-600x338.webp 600w\" sizes=\"(max-width: 1920px) 100vw, 1920px\" \/>\t\t\t<\/div>\n\t\t<\/div>\n\t\t\t\t\t<div class=\"bdt-ep-featured-box-content bdt-position-center-left\">\n\t\t\t\t\t\t\n\t\t\t\t\t<h3 class=\"bdt-ep-featured-box-title\">\n\t\t\t\t<span >\n\t\t\t\t\tT\u1ea7m nh\u00ecn\t\t\t\t<\/span>\n\t\t\t<\/h3>\n\t\t\n\t\t\t\t\t<div class=\"bdt-ep-featured-box-text\">\n\t\t\t\tLandify h\u01b0\u1edbng \u0111\u1ebfn tr\u1edf th\u00e0nh n\u1ec1n t\u1ea3ng b\u1ea5t \u0111\u1ed9ng s\u1ea3n \u0111\u00e1ng tin c\u1eady h\u00e0ng \u0111\u1ea7u, n\u01a1i kh\u00e1ch h\u00e0ng t\u00ecm th\u1ea5y nh\u1eefng gi\u1ea3i ph\u00e1p b\u1ea5t \u0111\u1ed9ng s\u1ea3n ph\u00f9 h\u1ee3p, minh b\u1ea1ch v\u00e0 hi\u1ec7u qu\u1ea3. Ch\u00fang t\u00f4i ph\u1ea5n \u0111\u1ea5u kh\u00f4ng ng\u1eebng \u0111\u1ec3 t\u1ea1o ra m\u1ed9t h\u1ec7 sinh th\u00e1i b\u1ea5t \u0111\u1ed9ng s\u1ea3n to\u00e0n di\u1ec7n, gi\u00fap vi\u1ec7c s\u1edf h\u1eefu v\u00e0 \u0111\u1ea7u t\u01b0 b\u1ea5t \u0111\u1ed9ng s\u1ea3n tr\u1edf n\u00ean d\u1ec5 d\u00e0ng, nhanh ch\u00f3ng v\u00e0 an to\u00e0n h\u01a1n.\t\t\t<\/div>\n\t\t\n\t\t\t\t\t\t\t<\/div>\n\t\t<\/div>\n\t\t\t\t\t\t<\/div>\n\t\t\t\t<\/div>\n\t\t\t\t<\/div>\n\t\t<div class=\"elementor-element elementor-element-31df840 e-flex e-con-boxed wpr-particle-no wpr-jarallax-no wpr-parallax-no wpr-sticky-section-no wpr-column-slider-no wpr-equal-height-no e-con e-parent\" data-id=\"31df840\" data-element_type=\"container\" data-e-type=\"container\">\n\t\t\t\t\t<div class=\"e-con-inner\">\n\t\t\t\t<div class=\"elementor-element elementor-element-8adc8c4 elementor-widget elementor-widget-spacer\" data-id=\"8adc8c4\" data-element_type=\"widget\" data-e-type=\"widget\" data-widget_type=\"spacer.default\">\n\t\t\t\t<div class=\"elementor-widget-container\">\n\t\t\t\t\t\t\t<div class=\"elementor-spacer\">\n\t\t\t<div class=\"elementor-spacer-inner\"><\/div>\n\t\t<\/div>\n\t\t\t\t\t\t<\/div>\n\t\t\t\t<\/div>\n\t\t\t\t\t<\/div>\n\t\t\t\t<\/div>\n\t\t<div class=\"elementor-element elementor-element-771cefc e-con-full e-flex wpr-particle-no wpr-jarallax-no wpr-parallax-no wpr-sticky-section-no wpr-column-slider-no wpr-equal-height-no e-con e-parent\" data-id=\"771cefc\" data-element_type=\"container\" data-e-type=\"container\">\n\t\t\t\t<div class=\"elementor-element elementor-element-424c06f elementor-widget elementor-widget-bdt-featured-box\" data-id=\"424c06f\" data-element_type=\"widget\" data-e-type=\"widget\" data-widget_type=\"bdt-featured-box.default\">\n\t\t\t\t<div class=\"elementor-widget-container\">\n\t\t\t\t\t\t\t<div class=\"bdt-ep-featured-box bdt-ep-featured-box-default\">\n\t\t\t\t\t<div class=\"bdt-ep-featured-box-image\">\n\t\t\t<div class=\"bdt-position-relative\">\n\t\t\t\t<img decoding=\"async\" width=\"1920\" height=\"1080\" src=\"https:\/\/webchodoanhnghiep.tamkhoa.com\/bat-dong-san-02\/wp-content\/uploads\/sites\/15\/2024\/10\/pexels-enginakyurt-3656188.webp\" class=\"attachment-full size-full\" alt=\"S\u1ee9 m\u1ec7nh\" srcset=\"https:\/\/webchodoanhnghiep.tamkhoa.com\/bat-dong-san-02\/wp-content\/uploads\/sites\/15\/2024\/10\/pexels-enginakyurt-3656188.webp 1920w, https:\/\/webchodoanhnghiep.tamkhoa.com\/bat-dong-san-02\/wp-content\/uploads\/sites\/15\/2024\/10\/pexels-enginakyurt-3656188-300x169.webp 300w, https:\/\/webchodoanhnghiep.tamkhoa.com\/bat-dong-san-02\/wp-content\/uploads\/sites\/15\/2024\/10\/pexels-enginakyurt-3656188-1024x576.webp 1024w, https:\/\/webchodoanhnghiep.tamkhoa.com\/bat-dong-san-02\/wp-content\/uploads\/sites\/15\/2024\/10\/pexels-enginakyurt-3656188-768x432.webp 768w, https:\/\/webchodoanhnghiep.tamkhoa.com\/bat-dong-san-02\/wp-content\/uploads\/sites\/15\/2024\/10\/pexels-enginakyurt-3656188-1536x864.webp 1536w, https:\/\/webchodoanhnghiep.tamkhoa.com\/bat-dong-san-02\/wp-content\/uploads\/sites\/15\/2024\/10\/pexels-enginakyurt-3656188-600x338.webp 600w\" sizes=\"(max-width: 1920px) 100vw, 1920px\" \/>\t\t\t<\/div>\n\t\t<\/div>\n\t\t\t\t\t<div class=\"bdt-ep-featured-box-content bdt-position-center-right\">\n\t\t\t\t\t\t\n\t\t\t\t\t<h3 class=\"bdt-ep-featured-box-title\">\n\t\t\t\t<span >\n\t\t\t\t\tS\u1ee9 m\u1ec7nh\t\t\t\t<\/span>\n\t\t\t<\/h3>\n\t\t\n\t\t\t\t\t<div class=\"bdt-ep-featured-box-text\">\n\t\t\t\tV\u1edbi s\u1ee9 m\u1ec7nh \u201cCh\u1ecdn \u0111\u1ea5t, d\u1ef1ng t\u01b0\u01a1ng lai,\u201d Landify cam k\u1ebft k\u1ebft n\u1ed1i kh\u00e1ch h\u00e0ng v\u1edbi nh\u1eefng b\u1ea5t \u0111\u1ed9ng s\u1ea3n ch\u1ea5t l\u01b0\u1ee3ng, gi\u00fap h\u1ecd hi\u1ec7n th\u1ef1c h\u00f3a \u01b0\u1edbc m\u01a1 s\u1edf h\u1eefu nh\u00e0 \u0111\u1ea5t. Ch\u00fang t\u00f4i x\u00e2y d\u1ef1ng l\u00f2ng tin th\u00f4ng qua d\u1ecbch v\u1ee5 chuy\u00ean nghi\u1ec7p, th\u00f4ng tin minh b\u1ea1ch v\u00e0 s\u1ef1 h\u1ed7 tr\u1ee3 t\u1eadn t\u00e2m, t\u1ea1o d\u1ef1ng n\u00ean m\u1ed9t n\u1ec1n t\u1ea3ng b\u1ea5t \u0111\u1ed9ng s\u1ea3n c\u00f3 tr\u00e1ch nhi\u1ec7m, v\u00ec s\u1ef1 h\u00e0i l\u00f2ng v\u00e0 l\u1ee3i \u00edch l\u00e2u d\u00e0i c\u1ee7a kh\u00e1ch h\u00e0ng.\t\t\t<\/div>\n\t\t\n\t\t\t\t\t\t\t<\/div>\n\t\t<\/div>\n\t\t\t\t\t\t<\/div>\n\t\t\t\t<\/div>\n\t\t\t\t<\/div>\n\t\t<div class=\"elementor-element elementor-element-69a3f82 elementor-hidden-desktop elementor-hidden-tablet e-flex e-con-boxed wpr-particle-no wpr-jarallax-no wpr-parallax-no wpr-sticky-section-no wpr-column-slider-no wpr-equal-height-no e-con e-parent\" data-id=\"69a3f82\" data-element_type=\"container\" data-e-type=\"container\">\n\t\t\t\t\t<div class=\"e-con-inner\">\n\t\t\t\t<div class=\"elementor-element elementor-element-3d90045 elementor-widget elementor-widget-spacer\" data-id=\"3d90045\" data-element_type=\"widget\" data-e-type=\"widget\" data-widget_type=\"spacer.default\">\n\t\t\t\t<div class=\"elementor-widget-container\">\n\t\t\t\t\t\t\t<div class=\"elementor-spacer\">\n\t\t\t<div class=\"elementor-spacer-inner\"><\/div>\n\t\t<\/div>\n\t\t\t\t\t\t<\/div>\n\t\t\t\t<\/div>\n\t\t\t\t\t<\/div>\n\t\t\t\t<\/div>\n\t\t\t\t<\/div>\n\t\t","protected":false},"excerpt":{"rendered":"<p>T\u1ea7m nh\u00ecn &#8211; S\u1ee9 m\u1ec7nh T\u1ea7m nh\u00ecn Landify h\u01b0\u1edbng \u0111\u1ebfn tr\u1edf th\u00e0nh n\u1ec1n t\u1ea3ng b\u1ea5t \u0111\u1ed9ng s\u1ea3n \u0111\u00e1ng tin c\u1eady h\u00e0ng \u0111\u1ea7u, n\u01a1i kh\u00e1ch h\u00e0ng t\u00ecm th\u1ea5y nh\u1eefng gi\u1ea3i ph\u00e1p b\u1ea5t \u0111\u1ed9ng s\u1ea3n ph\u00f9 h\u1ee3p, minh b\u1ea1ch v\u00e0 hi\u1ec7u qu\u1ea3. Ch\u00fang t\u00f4i ph\u1ea5n \u0111\u1ea5u kh\u00f4ng ng\u1eebng \u0111\u1ec3 t\u1ea1o ra m\u1ed9t h\u1ec7 sinh th\u00e1i b\u1ea5t \u0111\u1ed9ng s\u1ea3n to\u00e0n di\u1ec7n, gi\u00fap vi\u1ec7c s\u1edf h\u1eefu v\u00e0 \u0111\u1ea7u t\u01b0 b\u1ea5t \u0111\u1ed9ng s\u1ea3n tr\u1edf n\u00ean d\u1ec5 d\u00e0ng, nhanh ch\u00f3ng v\u00e0 an to\u00e0n h\u01a1n. S\u1ee9 m\u1ec7nh V\u1edbi s\u1ee9 m\u1ec7nh \u201cCh\u1ecdn \u0111\u1ea5t, d\u1ef1ng t\u01b0\u01a1ng lai,\u201d Landify cam k\u1ebft k\u1ebft n\u1ed1i kh\u00e1ch h\u00e0ng v\u1edbi nh\u1eefng b\u1ea5t \u0111\u1ed9ng s\u1ea3n ch\u1ea5t l\u01b0\u1ee3ng, gi\u00fap h\u1ecd hi\u1ec7n th\u1ef1c h\u00f3a \u01b0\u1edbc m\u01a1 s\u1edf h\u1eefu nh\u00e0 \u0111\u1ea5t. Ch\u00fang t\u00f4i x\u00e2y d\u1ef1ng l\u00f2ng tin th\u00f4ng qua d\u1ecbch v\u1ee5 chuy\u00ean nghi\u1ec7p, th\u00f4ng tin minh b\u1ea1ch v\u00e0 s\u1ef1 h\u1ed7 tr\u1ee3 t\u1eadn t\u00e2m, t\u1ea1o d\u1ef1ng n\u00ean m\u1ed9t n\u1ec1n t\u1ea3ng b\u1ea5t \u0111\u1ed9ng s\u1ea3n c\u00f3 tr\u00e1ch nhi\u1ec7m, v\u00ec s\u1ef1 h\u00e0i l\u00f2ng v\u00e0 l\u1ee3i \u00edch l\u00e2u d\u00e0i c\u1ee7a kh\u00e1ch h\u00e0ng.<\/p>\n","protected":false},"author":1,"featured_media":0,"parent":119,"menu_order":0,"comment_status":"closed","ping_status":"closed","template":"","meta":{"footnotes":""},"class_list":["post-558","page","type-page","status-publish","hentry"],"_links":{"self":[{"href":"https:\/\/webchodoanhnghiep.tamkhoa.com\/bat-dong-san-02\/wp-json\/wp\/v2\/pages\/558"}],"collection":[{"href":"https:\/\/webchodoanhnghiep.tamkhoa.com\/bat-dong-san-02\/wp-json\/wp\/v2\/pages"}],"about":[{"href":"https:\/\/webchodoanhnghiep.tamkhoa.com\/bat-dong-san-02\/wp-json\/wp\/v2\/types\/page"}],"author":[{"embeddable":true,"href":"https:\/\/webchodoanhnghiep.tamkhoa.com\/bat-dong-san-02\/wp-json\/wp\/v2\/users\/1"}],"replies":[{"embeddable":true,"href":"https:\/\/webchodoanhnghiep.tamkhoa.com\/bat-dong-san-02\/wp-json\/wp\/v2\/comments?post=558"}],"version-history":[{"count":22,"href":"https:\/\/webchodoanhnghiep.tamkhoa.com\/bat-dong-san-02\/wp-json\/wp\/v2\/pages\/558\/revisions"}],"predecessor-version":[{"id":712,"href":"https:\/\/webchodoanhnghiep.tamkhoa.com\/bat-dong-san-02\/wp-json\/wp\/v2\/pages\/558\/revisions\/712"}],"up":[{"embeddable":true,"href":"https:\/\/webchodoanhnghiep.tamkhoa.com\/bat-dong-san-02\/wp-json\/wp\/v2\/pages\/119"}],"wp:attachment":[{"href":"https:\/\/webchodoanhnghiep.tamkhoa.com\/bat-dong-san-02\/wp-json\/wp\/v2\/media?parent=558"}],"curies":[{"name":"wp","href":"https:\/\/api.w.org\/{rel}","templated":true}]}}