{"id":305,"date":"2024-09-23T06:54:36","date_gmt":"2024-09-23T06:54:36","guid":{"rendered":"https:\/\/dulich.tamkhoa.com\/bat-dong-san-01\/?post_type=product&#038;p=305"},"modified":"2024-11-01T09:43:43","modified_gmt":"2024-11-01T09:43:43","slug":"can-ho-emerald-tower","status":"publish","type":"product","link":"https:\/\/webchodoanhnghiep.tamkhoa.com\/bat-dong-san-02\/product\/can-ho-emerald-tower\/","title":{"rendered":"C\u0103n h\u1ed9 Emerald Tower"},"content":{"rendered":"<p><strong>Lo\u1ea1i h\u00ecnh<\/strong>: C\u0103n h\u1ed9 cao c\u1ea5p<\/p>\n<p><strong>\u0110\u1ecba ch\u1ec9<\/strong>: 123 \u0110\u01b0\u1eddng Ho\u00e0ng V\u0103n Th\u1ee5, Qu\u1eadn 7, TP.HCM<\/p>\n<p><strong>S\u1ed1 ph\u00f2ng<\/strong>: 2 ph\u00f2ng ng\u1ee7, 2 ph\u00f2ng t\u1eafm, 1 ph\u00f2ng kh\u00e1ch, 1 b\u1ebfp<\/p>\n<p><strong>N\u1ed9i th\u1ea5t<\/strong>: \u0110\u1ea7y \u0111\u1ee7 n\u1ed9i th\u1ea5t cao c\u1ea5p (sofa, gi\u01b0\u1eddng, t\u1ee7 l\u1ea1nh, m\u00e1y l\u1ea1nh, TV,&#8230;)<\/p>\n<p><strong>H\u01b0\u1edbng<\/strong>: H\u01b0\u1edbng \u0110\u00f4ng Nam, view c\u00f4ng vi\u00ean<\/p>\n<p><strong>\u0110i\u1ec7n, n\u01b0\u1edbc<\/strong>: T\u00ednh theo gi\u00e1 nh\u00e0 n\u01b0\u1edbc<\/p>\n<p><strong>Th\u1eddi h\u1ea1n thu\u00ea<\/strong>: T\u1ed1i thi\u1ec3u 1 n\u0103m<\/p>\n<p><strong>Ti\u1ec7n \u00edch n\u1ed9i khu<\/strong>: H\u1ed3 b\u01a1i, ph\u00f2ng gym, s\u00e2n ch\u01a1i tr\u1ebb em, h\u1ea7m \u0111\u1ec3 xe, trung t\u00e2m th\u01b0\u01a1ng m\u1ea1i ngay trong t\u00f2a nh\u00e0.<\/p>\n","protected":false},"excerpt":{"rendered":"<ul>\n<li><strong>Gi\u00e1 b\u00e1n<\/strong>: Li\u00ean h\u1ec7<\/li>\n<li><strong>V\u1ecb tr\u00ed<\/strong>: 123 \u0110\u01b0\u1eddng Ho\u00e0ng V\u0103n Th\u1ee5, Qu\u1eadn 7, TP.HCM<\/li>\n<li><strong>Hotline<\/strong>: 0912.345.678<\/li>\n<\/ul>\n","protected":false},"featured_media":470,"comment_status":"open","ping_status":"closed","template":"","meta":[],"product_brand":[],"product_cat":[17],"product_tag":[],"class_list":{"0":"post-305","1":"product","2":"type-product","3":"status-publish","4":"has-post-thumbnail","6":"product_cat-can-ho","8":"first","9":"instock","10":"virtual","11":"product-type-simple"},"_links":{"self":[{"href":"https:\/\/webchodoanhnghiep.tamkhoa.com\/bat-dong-san-02\/wp-json\/wp\/v2\/product\/305"}],"collection":[{"href":"https:\/\/webchodoanhnghiep.tamkhoa.com\/bat-dong-san-02\/wp-json\/wp\/v2\/product"}],"about":[{"href":"https:\/\/webchodoanhnghiep.tamkhoa.com\/bat-dong-san-02\/wp-json\/wp\/v2\/types\/product"}],"replies":[{"embeddable":true,"href":"https:\/\/webchodoanhnghiep.tamkhoa.com\/bat-dong-san-02\/wp-json\/wp\/v2\/comments?post=305"}],"wp:featuredmedia":[{"embeddable":true,"href":"https:\/\/webchodoanhnghiep.tamkhoa.com\/bat-dong-san-02\/wp-json\/wp\/v2\/media\/470"}],"wp:attachment":[{"href":"https:\/\/webchodoanhnghiep.tamkhoa.com\/bat-dong-san-02\/wp-json\/wp\/v2\/media?parent=305"}],"wp:term":[{"taxonomy":"product_brand","embeddable":true,"href":"https:\/\/webchodoanhnghiep.tamkhoa.com\/bat-dong-san-02\/wp-json\/wp\/v2\/product_brand?post=305"},{"taxonomy":"product_cat","embeddable":true,"href":"https:\/\/webchodoanhnghiep.tamkhoa.com\/bat-dong-san-02\/wp-json\/wp\/v2\/product_cat?post=305"},{"taxonomy":"product_tag","embeddable":true,"href":"https:\/\/webchodoanhnghiep.tamkhoa.com\/bat-dong-san-02\/wp-json\/wp\/v2\/product_tag?post=305"}],"curies":[{"name":"wp","href":"https:\/\/api.w.org\/{rel}","templated":true}]}}