{"id":14,"date":"2024-09-10T06:53:18","date_gmt":"2024-09-10T06:53:18","guid":{"rendered":"https:\/\/dulich.tamkhoa.com\/xay-dung-01\/?page_id=14"},"modified":"2024-10-24T04:19:53","modified_gmt":"2024-10-24T04:19:53","slug":"tin-tuc","status":"publish","type":"page","link":"https:\/\/webchodoanhnghiep.tamkhoa.com\/dich-vu-sua-nha\/tin-tuc\/","title":{"rendered":"Tin t\u1ee9c"},"content":{"rendered":"\t\t<div data-elementor-type=\"wp-page\" data-elementor-id=\"14\" class=\"elementor elementor-14\">\n\t\t\t\t<div class=\"elementor-element elementor-element-27b2e85 e-flex e-con-boxed wpr-particle-no wpr-jarallax-no wpr-parallax-no wpr-sticky-section-no wpr-column-slider-no wpr-equal-height-no e-con e-parent\" data-id=\"27b2e85\" data-element_type=\"container\" data-e-type=\"container\">\n\t\t\t\t\t<div class=\"e-con-inner\">\n\t\t\t\t<div class=\"elementor-element elementor-element-17268c7 elementor-widget elementor-widget-page-title\" data-id=\"17268c7\" data-element_type=\"widget\" data-e-type=\"widget\" data-settings=\"{&quot;align&quot;:&quot;center&quot;}\" data-widget_type=\"page-title.default\">\n\t\t\t\t<div class=\"elementor-widget-container\">\n\t\t\t\t\t\t\t\n\t\t<div class=\"hfe-page-title hfe-page-title-wrapper elementor-widget-heading\">\n\n\t\t\t\t\t\t\t\t<h2 class=\"elementor-heading-title elementor-size-default\">\n\t\t\t\t\t\t\t\t\n\t\t\t\tTin t\u1ee9c  \n\t\t\t<\/h2 > \n\t\t\t\t\t<\/div>\n\t\t\t\t\t\t<\/div>\n\t\t\t\t<\/div>\n\t\t\t\t<div class=\"elementor-element elementor-element-c304f2b elementor-search-form-skin-default elementor-widget elementor-widget-bdt-search\" data-id=\"c304f2b\" data-element_type=\"widget\" data-e-type=\"widget\" data-widget_type=\"bdt-search.default\">\n\t\t\t\t<div class=\"elementor-widget-container\">\n\t\t\t\t\t\t\t<div class=\"bdt-search-container\">\n\t\t\t\n\t\t\t\n\t\t\t<form class=\"bdt-search bdt-search-default\" role=\"search\" method=\"get\" action=\"https:\/\/webchodoanhnghiep.tamkhoa.com\/dich-vu-sua-nha\/\">\n\t\t\t\t<div class=\"bdt-position-relative\">\n\t\t\t\t\t<span class=\"\" data-bdt-search-icon><\/span>\t\t\t\t\t\t\t\t\t\t\t<input name=\"post_type\" id=\"post_type\" type=\"hidden\" value=\"post\">\n\t\t\t\t\t\t\t\t\t\t<input placeholder=\"T\u00ecm ki\u1ebfm\" class=\"bdt-search-input\" type=\"search\" name=\"s\" title=\"Search\" value=\"\">\n\t\t\t\t\t\t\t\t\t<\/div>\n\n\n\t\t\t\t\t\t\t<\/form>\n\n\t\t\t\t<\/div>\n\t\t\t\t\t\t<\/div>\n\t\t\t\t<\/div>\n\t\t\t\t\t<\/div>\n\t\t\t\t<\/div>\n\t\t<div class=\"elementor-element elementor-element-e54d8fc e-flex e-con-boxed wpr-particle-no wpr-jarallax-no wpr-parallax-no wpr-sticky-section-no wpr-column-slider-no wpr-equal-height-no e-con e-parent\" data-id=\"e54d8fc\" data-element_type=\"container\" data-e-type=\"container\">\n\t\t\t\t\t<div class=\"e-con-inner\">\n\t\t\t\t<div class=\"elementor-element elementor-element-e76e36b elementor-widget elementor-widget-gutenberg-post-blocks\" data-id=\"e76e36b\" data-element_type=\"widget\" data-e-type=\"widget\" data-widget_type=\"gutenberg-post-blocks.default\">\n\t\t\t\t<div class=\"elementor-widget-container\">\n\t\t\t\t\t<div class=\"ultp-shortcode\" data-postid=\"600\">\n<div class=\"wp-block-ultimate-post-post-grid-parent ultp-post-grid-parent\" data-postid=\"600\" data-grids=\"[{&quot;blockId&quot;:&quot;d9ac6c&quot;,&quot;name&quot;:&quot;ultimate-post_post-list-2&quot;}]\" data-pagi=\"[&quot;ultp-block-21ee61&quot;]\"><div  class=\"ultp-post-grid-block wp-block-ultimate-post-post-list-2 ultp-block-d9ac6c\"><div class=\"ultp-block-wrapper\"><div class=\"ultp-loading\"><div class=\"ultp-loading-blocks\" style=\"width:100%;height:100%;\"><div style=\"left: 0;top: 0;animation-delay:0s;\"><\/div><div style=\"left: 21px;top: 0;animation-delay:0.125s;\"><\/div><div style=\"left: 42px;top: 0;animation-delay:0.25s;\"><\/div><div style=\"left: 0;top: 21px;animation-delay:0.875s;\"><\/div><div style=\"left: 42px;top: 21px;animation-delay:0.375s;\"><\/div><div style=\"left: 0;top: 42px;animation-delay:0.75s;\"><\/div><div style=\"left: 42px;top: 42px;animation-delay:0.625s;\"><\/div><div style=\"left: 21px;top: 42px;animation-delay:0.5s;\"><\/div><\/div><\/div><div class=\"ultp-block-items-wrap ultp-block-content-middle ultp-layout1\"><div class=\"ultp-block-item ultp-block-media post-id-653\"><div class=\"ultp-block-content-wrap ultp-first-postlist-2\"><div class=\"ultp-block-image ultp-block-image-opacity\"><a href=\"https:\/\/webchodoanhnghiep.tamkhoa.com\/dich-vu-sua-nha\/2024\/10\/24\/tin-tuc-5\/\" ><img decoding=\"async\"  alt=\"Tin t\u1ee9c 5\"  src=\"https:\/\/webchodoanhnghiep.tamkhoa.com\/dich-vu-sua-nha\/wp-content\/uploads\/sites\/12\/2024\/10\/pexels-tima-miroshnichenko-6474471.webp\" \/><\/a><\/div><div class=\"ultp-block-content\"><div class=\"ultp-category-grid ultp-category-classic ultp-category-aboveTitle\"><div class=\"ultp-category-in\"><a class=\"ultp-cat-tin-tuc\" href=\"https:\/\/webchodoanhnghiep.tamkhoa.com\/dich-vu-sua-nha\/category\/tin-tuc\/\"  >Tin t\u1ee9c<\/a><\/div><\/div><h3 class=\"ultp-block-title \"><a href=\"https:\/\/webchodoanhnghiep.tamkhoa.com\/dich-vu-sua-nha\/2024\/10\/24\/tin-tuc-5\/\" >Tin t\u1ee9c 5<\/a><\/h3><div class=\"ultp-block-meta ultp-block-meta-dot ultp-block-meta-icon\"><span class=\"ultp-block-author ultp-block-meta-element\"><svg xmlns=\"http:\/\/www.w3.org\/2000\/svg\" fill=\"none\" viewBox=\"0 0 24 24\">\n  <circle cx=\"12\" cy=\"7\" r=\"4\" stroke=\"currentColor\" stroke-linejoin=\"round\" stroke-width=\"1.5\"\/>\n  <path stroke=\"currentColor\" stroke-linecap=\"round\" stroke-linejoin=\"round\" stroke-width=\"1.5\" d=\"M4 21v-3a4 4 0 0 1 4-4h8a4 4 0 0 1 4 4v3\"\/>\n<\/svg>\n<a class=\"\" href=\"https:\/\/webchodoanhnghiep.tamkhoa.com\/dich-vu-sua-nha\/author\/admin\/\">admin<\/a><\/span><span class=\"ultp-block-date ultp-block-meta-element\"><svg xmlns=\"http:\/\/www.w3.org\/2000\/svg\" fill=\"none\" viewBox=\"0 0 24 24\">\n  <path stroke=\"currentColor\" stroke-linecap=\"round\" stroke-linejoin=\"round\" stroke-width=\"1.5\" d=\"M3 5.5a2 2 0 0 1 2-2h14a2 2 0 0 1 2 2v14a2 2 0 0 1-2 2H5a2 2 0 0 1-2-2v-14ZM8 2v3m8-3v3M3 9h18\"\/>\n<\/svg>\nOct 24, 2024<\/span><span class=\"ultp-post-read ultp-block-meta-element\"><svg xmlns=\"http:\/\/www.w3.org\/2000\/svg\" fill=\"none\" viewBox=\"0 0 24 24\">\n  <path stroke=\"currentColor\" stroke-linecap=\"round\" stroke-linejoin=\"round\" stroke-width=\"1.5\" d=\"M4 5v14a3 3 0 0 0 3 3h13V8H7a3 3 0 0 1-3-3Zm0 0a3 3 0 0 1 3-3h13M7 5h10\"\/>\n  <path stroke=\"currentColor\" stroke-linecap=\"round\" stroke-linejoin=\"round\" stroke-width=\"1.5\" d=\"M9.5 18.5v-3.092a3 3 0 0 1 .504-1.664l1.219-1.828a.934.934 0 0 1 1.554 0l1.22 1.828a3 3 0 0 1 .503 1.664V18.5m-5-2.5h5\"\/>\n<\/svg>\n3 min read<\/span><\/div><div class=\"ultp-block-excerpt\"><p>Ng\u00f4i nh\u00e0 c\u1ee7a b\u1ea1n kh\u00f4ng ch\u1ec9 l\u00e0 n\u01a1i \u1edf m\u00e0 c\u00f2n l\u00e0 t\u00e0i s\u1ea3n qu\u00fd gi\u00e1 c\u1ea7n \u0111\u01b0\u1ee3c b\u1ea3o tr\u00ec \u0111\u1ecbnh k\u1ef3. Tuy nhi\u00ean, nhi\u1ec1u ng\u01b0\u1eddi th\u01b0\u1eddng b\u1ecf qua c\u00e1c d\u1ea5u hi\u1ec7u nh\u1ecf c\u00f3 th\u1ec3 l\u00e0 d\u1ea5u hi\u1ec7u c\u1ea3nh b\u00e1o c\u1ee7a nh\u1eefng v\u1ea5n \u0111\u1ec1 l\u1edbn h\u01a1n. N\u1ebfu kh\u00f4ng x\u1eed l\u00fd k\u1ecbp th\u1eddi, nh\u1eefng s\u1ef1 c\u1ed1 n\u00e0y c\u00f3 th\u1ec3 d\u1eabn \u0111\u1ebfn chi ph\u00ed s\u1eeda ch\u1eefa cao h\u01a1n v\u00e0 \u1ea3nh h\u01b0\u1edfng x\u1ea5u&hellip;<\/p>\n<\/div><\/div><\/div><\/div><div class=\"ultp-block-item ultp-block-media post-id-652\"><div class=\"ultp-block-content-wrap ultp-all-postlist-2\"><div class=\"ultp-block-image ultp-block-image-opacity\"><a href=\"https:\/\/webchodoanhnghiep.tamkhoa.com\/dich-vu-sua-nha\/2024\/10\/24\/tin-tuc-4\/\" ><img decoding=\"async\"  alt=\"Tin t\u1ee9c 4\"  src=\"https:\/\/webchodoanhnghiep.tamkhoa.com\/dich-vu-sua-nha\/wp-content\/uploads\/sites\/12\/2024\/10\/pexels-kseniachernaya-5691550-600x600.webp\" \/><\/a><\/div><div class=\"ultp-block-content\"><div class=\"ultp-category-grid ultp-category-classic ultp-category-aboveTitle\"><div class=\"ultp-category-in\"><a class=\"ultp-cat-tin-tuc\" href=\"https:\/\/webchodoanhnghiep.tamkhoa.com\/dich-vu-sua-nha\/category\/tin-tuc\/\"  >Tin t\u1ee9c<\/a><\/div><\/div><h3 class=\"ultp-block-title \"><a href=\"https:\/\/webchodoanhnghiep.tamkhoa.com\/dich-vu-sua-nha\/2024\/10\/24\/tin-tuc-4\/\" >Tin t\u1ee9c 4<\/a><\/h3><div class=\"ultp-block-meta ultp-block-meta-dot ultp-block-meta-icon\"><span class=\"ultp-block-author ultp-block-meta-element\"><svg xmlns=\"http:\/\/www.w3.org\/2000\/svg\" fill=\"none\" viewBox=\"0 0 24 24\">\n  <circle cx=\"12\" cy=\"7\" r=\"4\" stroke=\"currentColor\" stroke-linejoin=\"round\" stroke-width=\"1.5\"\/>\n  <path stroke=\"currentColor\" stroke-linecap=\"round\" stroke-linejoin=\"round\" stroke-width=\"1.5\" d=\"M4 21v-3a4 4 0 0 1 4-4h8a4 4 0 0 1 4 4v3\"\/>\n<\/svg>\n<a class=\"\" href=\"https:\/\/webchodoanhnghiep.tamkhoa.com\/dich-vu-sua-nha\/author\/admin\/\">admin<\/a><\/span><span class=\"ultp-block-date ultp-block-meta-element\"><svg xmlns=\"http:\/\/www.w3.org\/2000\/svg\" fill=\"none\" viewBox=\"0 0 24 24\">\n  <path stroke=\"currentColor\" stroke-linecap=\"round\" stroke-linejoin=\"round\" stroke-width=\"1.5\" d=\"M3 5.5a2 2 0 0 1 2-2h14a2 2 0 0 1 2 2v14a2 2 0 0 1-2 2H5a2 2 0 0 1-2-2v-14ZM8 2v3m8-3v3M3 9h18\"\/>\n<\/svg>\nOct 24, 2024<\/span><span class=\"ultp-post-read ultp-block-meta-element\"><svg xmlns=\"http:\/\/www.w3.org\/2000\/svg\" fill=\"none\" viewBox=\"0 0 24 24\">\n  <path stroke=\"currentColor\" stroke-linecap=\"round\" stroke-linejoin=\"round\" stroke-width=\"1.5\" d=\"M4 5v14a3 3 0 0 0 3 3h13V8H7a3 3 0 0 1-3-3Zm0 0a3 3 0 0 1 3-3h13M7 5h10\"\/>\n  <path stroke=\"currentColor\" stroke-linecap=\"round\" stroke-linejoin=\"round\" stroke-width=\"1.5\" d=\"M9.5 18.5v-3.092a3 3 0 0 1 .504-1.664l1.219-1.828a.934.934 0 0 1 1.554 0l1.22 1.828a3 3 0 0 1 .503 1.664V18.5m-5-2.5h5\"\/>\n<\/svg>\n3 min read<\/span><\/div><div class=\"ultp-block-excerpt\"><p>Ng\u00f4i nh\u00e0 c\u1ee7a b\u1ea1n kh\u00f4ng ch\u1ec9 l\u00e0 n\u01a1i \u1edf m\u00e0 c\u00f2n l\u00e0 t\u00e0i s\u1ea3n qu\u00fd gi\u00e1 c\u1ea7n \u0111\u01b0\u1ee3c b\u1ea3o tr\u00ec \u0111\u1ecbnh k\u1ef3. Tuy nhi\u00ean, nhi\u1ec1u ng\u01b0\u1eddi th\u01b0\u1eddng b\u1ecf qua c\u00e1c d\u1ea5u hi\u1ec7u nh\u1ecf c\u00f3 th\u1ec3 l\u00e0 d\u1ea5u hi\u1ec7u c\u1ea3nh b\u00e1o&hellip;<\/p>\n<\/div><\/div><\/div><\/div><div class=\"ultp-block-item ultp-block-media post-id-649\"><div class=\"ultp-block-content-wrap ultp-all-postlist-2\"><div class=\"ultp-block-image ultp-block-image-opacity\"><a href=\"https:\/\/webchodoanhnghiep.tamkhoa.com\/dich-vu-sua-nha\/2024\/10\/24\/bai-viet-4\/\" ><img decoding=\"async\"  alt=\"B\u00e0i vi\u1ebft 4\"  src=\"https:\/\/webchodoanhnghiep.tamkhoa.com\/dich-vu-sua-nha\/wp-content\/uploads\/sites\/12\/2024\/10\/pexels-mikhail-nilov-9242830-600x600.webp\" \/><\/a><\/div><div class=\"ultp-block-content\"><div class=\"ultp-category-grid ultp-category-classic ultp-category-aboveTitle\"><div class=\"ultp-category-in\"><a class=\"ultp-cat-bai-viet\" href=\"https:\/\/webchodoanhnghiep.tamkhoa.com\/dich-vu-sua-nha\/category\/bai-viet\/\"  >B\u00e0i vi\u1ebft<\/a><\/div><\/div><h3 class=\"ultp-block-title \"><a href=\"https:\/\/webchodoanhnghiep.tamkhoa.com\/dich-vu-sua-nha\/2024\/10\/24\/bai-viet-4\/\" >B\u00e0i vi\u1ebft 4<\/a><\/h3><div class=\"ultp-block-meta ultp-block-meta-dot ultp-block-meta-icon\"><span class=\"ultp-block-author ultp-block-meta-element\"><svg xmlns=\"http:\/\/www.w3.org\/2000\/svg\" fill=\"none\" viewBox=\"0 0 24 24\">\n  <circle cx=\"12\" cy=\"7\" r=\"4\" stroke=\"currentColor\" stroke-linejoin=\"round\" stroke-width=\"1.5\"\/>\n  <path stroke=\"currentColor\" stroke-linecap=\"round\" stroke-linejoin=\"round\" stroke-width=\"1.5\" d=\"M4 21v-3a4 4 0 0 1 4-4h8a4 4 0 0 1 4 4v3\"\/>\n<\/svg>\n<a class=\"\" href=\"https:\/\/webchodoanhnghiep.tamkhoa.com\/dich-vu-sua-nha\/author\/admin\/\">admin<\/a><\/span><span class=\"ultp-block-date ultp-block-meta-element\"><svg xmlns=\"http:\/\/www.w3.org\/2000\/svg\" fill=\"none\" viewBox=\"0 0 24 24\">\n  <path stroke=\"currentColor\" stroke-linecap=\"round\" stroke-linejoin=\"round\" stroke-width=\"1.5\" d=\"M3 5.5a2 2 0 0 1 2-2h14a2 2 0 0 1 2 2v14a2 2 0 0 1-2 2H5a2 2 0 0 1-2-2v-14ZM8 2v3m8-3v3M3 9h18\"\/>\n<\/svg>\nOct 24, 2024<\/span><span class=\"ultp-post-read ultp-block-meta-element\"><svg xmlns=\"http:\/\/www.w3.org\/2000\/svg\" fill=\"none\" viewBox=\"0 0 24 24\">\n  <path stroke=\"currentColor\" stroke-linecap=\"round\" stroke-linejoin=\"round\" stroke-width=\"1.5\" d=\"M4 5v14a3 3 0 0 0 3 3h13V8H7a3 3 0 0 1-3-3Zm0 0a3 3 0 0 1 3-3h13M7 5h10\"\/>\n  <path stroke=\"currentColor\" stroke-linecap=\"round\" stroke-linejoin=\"round\" stroke-width=\"1.5\" d=\"M9.5 18.5v-3.092a3 3 0 0 1 .504-1.664l1.219-1.828a.934.934 0 0 1 1.554 0l1.22 1.828a3 3 0 0 1 .503 1.664V18.5m-5-2.5h5\"\/>\n<\/svg>\n3 min read<\/span><\/div><div class=\"ultp-block-excerpt\"><p>Ng\u00f4i nh\u00e0 c\u1ee7a b\u1ea1n kh\u00f4ng ch\u1ec9 l\u00e0 n\u01a1i \u1edf m\u00e0 c\u00f2n l\u00e0 t\u00e0i s\u1ea3n qu\u00fd gi\u00e1 c\u1ea7n \u0111\u01b0\u1ee3c b\u1ea3o tr\u00ec \u0111\u1ecbnh k\u1ef3. Tuy nhi\u00ean, nhi\u1ec1u ng\u01b0\u1eddi th\u01b0\u1eddng b\u1ecf qua c\u00e1c d\u1ea5u hi\u1ec7u nh\u1ecf c\u00f3 th\u1ec3 l\u00e0 d\u1ea5u hi\u1ec7u c\u1ea3nh b\u00e1o&hellip;<\/p>\n<\/div><\/div><\/div><\/div><div class=\"ultp-block-item ultp-block-media post-id-648\"><div class=\"ultp-block-content-wrap ultp-all-postlist-2\"><div class=\"ultp-block-image ultp-block-image-opacity\"><a href=\"https:\/\/webchodoanhnghiep.tamkhoa.com\/dich-vu-sua-nha\/2024\/10\/24\/bai-viet-3\/\" ><img decoding=\"async\"  alt=\"B\u00e0i vi\u1ebft 3\"  src=\"https:\/\/webchodoanhnghiep.tamkhoa.com\/dich-vu-sua-nha\/wp-content\/uploads\/sites\/12\/2024\/10\/pexels-skitterphoto-1388944-600x600.webp\" \/><\/a><\/div><div class=\"ultp-block-content\"><div class=\"ultp-category-grid ultp-category-classic ultp-category-aboveTitle\"><div class=\"ultp-category-in\"><a class=\"ultp-cat-bai-viet\" href=\"https:\/\/webchodoanhnghiep.tamkhoa.com\/dich-vu-sua-nha\/category\/bai-viet\/\"  >B\u00e0i vi\u1ebft<\/a><\/div><\/div><h3 class=\"ultp-block-title \"><a href=\"https:\/\/webchodoanhnghiep.tamkhoa.com\/dich-vu-sua-nha\/2024\/10\/24\/bai-viet-3\/\" >B\u00e0i vi\u1ebft 3<\/a><\/h3><div class=\"ultp-block-meta ultp-block-meta-dot ultp-block-meta-icon\"><span class=\"ultp-block-author ultp-block-meta-element\"><svg xmlns=\"http:\/\/www.w3.org\/2000\/svg\" fill=\"none\" viewBox=\"0 0 24 24\">\n  <circle cx=\"12\" cy=\"7\" r=\"4\" stroke=\"currentColor\" stroke-linejoin=\"round\" stroke-width=\"1.5\"\/>\n  <path stroke=\"currentColor\" stroke-linecap=\"round\" stroke-linejoin=\"round\" stroke-width=\"1.5\" d=\"M4 21v-3a4 4 0 0 1 4-4h8a4 4 0 0 1 4 4v3\"\/>\n<\/svg>\n<a class=\"\" href=\"https:\/\/webchodoanhnghiep.tamkhoa.com\/dich-vu-sua-nha\/author\/admin\/\">admin<\/a><\/span><span class=\"ultp-block-date ultp-block-meta-element\"><svg xmlns=\"http:\/\/www.w3.org\/2000\/svg\" fill=\"none\" viewBox=\"0 0 24 24\">\n  <path stroke=\"currentColor\" stroke-linecap=\"round\" stroke-linejoin=\"round\" stroke-width=\"1.5\" d=\"M3 5.5a2 2 0 0 1 2-2h14a2 2 0 0 1 2 2v14a2 2 0 0 1-2 2H5a2 2 0 0 1-2-2v-14ZM8 2v3m8-3v3M3 9h18\"\/>\n<\/svg>\nOct 24, 2024<\/span><span class=\"ultp-post-read ultp-block-meta-element\"><svg xmlns=\"http:\/\/www.w3.org\/2000\/svg\" fill=\"none\" viewBox=\"0 0 24 24\">\n  <path stroke=\"currentColor\" stroke-linecap=\"round\" stroke-linejoin=\"round\" stroke-width=\"1.5\" d=\"M4 5v14a3 3 0 0 0 3 3h13V8H7a3 3 0 0 1-3-3Zm0 0a3 3 0 0 1 3-3h13M7 5h10\"\/>\n  <path stroke=\"currentColor\" stroke-linecap=\"round\" stroke-linejoin=\"round\" stroke-width=\"1.5\" d=\"M9.5 18.5v-3.092a3 3 0 0 1 .504-1.664l1.219-1.828a.934.934 0 0 1 1.554 0l1.22 1.828a3 3 0 0 1 .503 1.664V18.5m-5-2.5h5\"\/>\n<\/svg>\n3 min read<\/span><\/div><div class=\"ultp-block-excerpt\"><p>Ng\u00f4i nh\u00e0 c\u1ee7a b\u1ea1n kh\u00f4ng ch\u1ec9 l\u00e0 n\u01a1i \u1edf m\u00e0 c\u00f2n l\u00e0 t\u00e0i s\u1ea3n qu\u00fd gi\u00e1 c\u1ea7n \u0111\u01b0\u1ee3c b\u1ea3o tr\u00ec \u0111\u1ecbnh k\u1ef3. Tuy nhi\u00ean, nhi\u1ec1u ng\u01b0\u1eddi th\u01b0\u1eddng b\u1ecf qua c\u00e1c d\u1ea5u hi\u1ec7u nh\u1ecf c\u00f3 th\u1ec3 l\u00e0 d\u1ea5u hi\u1ec7u c\u1ea3nh b\u00e1o&hellip;<\/p>\n<\/div><\/div><\/div><\/div><div class=\"ultp-block-item ultp-block-media post-id-645\"><div class=\"ultp-block-content-wrap ultp-all-postlist-2\"><div class=\"ultp-block-image ultp-block-image-opacity\"><a href=\"https:\/\/webchodoanhnghiep.tamkhoa.com\/dich-vu-sua-nha\/2024\/10\/24\/tin-tuc-3\/\" ><img decoding=\"async\"  alt=\"Tin t\u1ee9c 3\"  src=\"https:\/\/webchodoanhnghiep.tamkhoa.com\/dich-vu-sua-nha\/wp-content\/uploads\/sites\/12\/2024\/10\/pexels-jeremiah-buchanan-1948370-8581897-600x600.webp\" \/><\/a><\/div><div class=\"ultp-block-content\"><div class=\"ultp-category-grid ultp-category-classic ultp-category-aboveTitle\"><div class=\"ultp-category-in\"><a class=\"ultp-cat-tin-tuc\" href=\"https:\/\/webchodoanhnghiep.tamkhoa.com\/dich-vu-sua-nha\/category\/tin-tuc\/\"  >Tin t\u1ee9c<\/a><\/div><\/div><h3 class=\"ultp-block-title \"><a href=\"https:\/\/webchodoanhnghiep.tamkhoa.com\/dich-vu-sua-nha\/2024\/10\/24\/tin-tuc-3\/\" >Tin t\u1ee9c 3<\/a><\/h3><div class=\"ultp-block-meta ultp-block-meta-dot ultp-block-meta-icon\"><span class=\"ultp-block-author ultp-block-meta-element\"><svg xmlns=\"http:\/\/www.w3.org\/2000\/svg\" fill=\"none\" viewBox=\"0 0 24 24\">\n  <circle cx=\"12\" cy=\"7\" r=\"4\" stroke=\"currentColor\" stroke-linejoin=\"round\" stroke-width=\"1.5\"\/>\n  <path stroke=\"currentColor\" stroke-linecap=\"round\" stroke-linejoin=\"round\" stroke-width=\"1.5\" d=\"M4 21v-3a4 4 0 0 1 4-4h8a4 4 0 0 1 4 4v3\"\/>\n<\/svg>\n<a class=\"\" href=\"https:\/\/webchodoanhnghiep.tamkhoa.com\/dich-vu-sua-nha\/author\/admin\/\">admin<\/a><\/span><span class=\"ultp-block-date ultp-block-meta-element\"><svg xmlns=\"http:\/\/www.w3.org\/2000\/svg\" fill=\"none\" viewBox=\"0 0 24 24\">\n  <path stroke=\"currentColor\" stroke-linecap=\"round\" stroke-linejoin=\"round\" stroke-width=\"1.5\" d=\"M3 5.5a2 2 0 0 1 2-2h14a2 2 0 0 1 2 2v14a2 2 0 0 1-2 2H5a2 2 0 0 1-2-2v-14ZM8 2v3m8-3v3M3 9h18\"\/>\n<\/svg>\nOct 24, 2024<\/span><span class=\"ultp-post-read ultp-block-meta-element\"><svg xmlns=\"http:\/\/www.w3.org\/2000\/svg\" fill=\"none\" viewBox=\"0 0 24 24\">\n  <path stroke=\"currentColor\" stroke-linecap=\"round\" stroke-linejoin=\"round\" stroke-width=\"1.5\" d=\"M4 5v14a3 3 0 0 0 3 3h13V8H7a3 3 0 0 1-3-3Zm0 0a3 3 0 0 1 3-3h13M7 5h10\"\/>\n  <path stroke=\"currentColor\" stroke-linecap=\"round\" stroke-linejoin=\"round\" stroke-width=\"1.5\" d=\"M9.5 18.5v-3.092a3 3 0 0 1 .504-1.664l1.219-1.828a.934.934 0 0 1 1.554 0l1.22 1.828a3 3 0 0 1 .503 1.664V18.5m-5-2.5h5\"\/>\n<\/svg>\n3 min read<\/span><\/div><div class=\"ultp-block-excerpt\"><p>Ng\u00f4i nh\u00e0 c\u1ee7a b\u1ea1n kh\u00f4ng ch\u1ec9 l\u00e0 n\u01a1i \u1edf m\u00e0 c\u00f2n l\u00e0 t\u00e0i s\u1ea3n qu\u00fd gi\u00e1 c\u1ea7n \u0111\u01b0\u1ee3c b\u1ea3o tr\u00ec \u0111\u1ecbnh k\u1ef3. Tuy nhi\u00ean, nhi\u1ec1u ng\u01b0\u1eddi th\u01b0\u1eddng b\u1ecf qua c\u00e1c d\u1ea5u hi\u1ec7u nh\u1ecf c\u00f3 th\u1ec3 l\u00e0 d\u1ea5u hi\u1ec7u c\u1ea3nh b\u00e1o&hellip;<\/p>\n<\/div><\/div><\/div><\/div><\/div><\/div><div class=\"pagination-block-html\" aria-hidden=\"true\" style=\"display: none;\"><div class=\"ultp-pagination-wrap ultp-pagination-ajax-action\"  data-for=\"ultp-block-d9ac6c\"  data-blockid=\"d9ac6c\"  data-expost=\"\"  data-paged=\"1\"  data-pages=\"2\"  data-blockname=\"ultimate-post_post-list-2\"  data-postid=\"600\"  data-selfpostid=\"yes\" ><ul class=\"ultp-pagination\"><li class=\"ultp-prev-page-numbers\" style=\"display:none\"><a href=\"https:\/\/webchodoanhnghiep.tamkhoa.com\/dich-vu-sua-nha\/wp-json\/wp\/v2\/pages\/14\/\"><svg xmlns=\"http:\/\/www.w3.org\/2000\/svg\" fill=\"none\" viewBox=\"0 0 24 24\">\n  <path stroke=\"currentColor\" stroke-linecap=\"round\" stroke-linejoin=\"round\" stroke-width=\"1.5\" d=\"m15 18-6-6 6-6\"\/>\n<\/svg>\n Tr\u01b0\u1edbc <\/a><\/li><li class=\"ultp-center-item pagination-active\" data-current=\"1\"><a href=\"https:\/\/webchodoanhnghiep.tamkhoa.com\/dich-vu-sua-nha\/wp-json\/wp\/v2\/pages\/14\/\">1<\/a><\/li><li class=\"ultp-center-item\" data-current=\"2\" ><a href=\"https:\/\/webchodoanhnghiep.tamkhoa.com\/dich-vu-sua-nha\/wp-json\/wp\/v2\/pages\/14\/page\/2\/\">2<\/a><\/li><li class=\"ultp-last-dot\" style=\"display:none\"><a href=\"#\">&#8230;<\/a><\/li><li class=\"ultp-next-page-numbers\"><a href=\"https:\/\/webchodoanhnghiep.tamkhoa.com\/dich-vu-sua-nha\/wp-json\/wp\/v2\/pages\/14\/page\/2\/\"> Sau<svg xmlns=\"http:\/\/www.w3.org\/2000\/svg\" fill=\"none\" viewBox=\"0 0 24 24\">\n  <path stroke=\"currentColor\" stroke-linecap=\"round\" stroke-linejoin=\"round\" stroke-width=\"1.5\" d=\"m9 18 6-6-6-6\"\/>\n<\/svg>\n<\/a><\/li><\/ul><\/div><\/div><\/div>\n\n\n<div class=\"wp-block-ultimate-post-post-pagination ultp-block-21ee61 ultp-pagination-block ultp-pagination-wrap\"><div class=\"ultp-pagination-wrap ultp-disable-editor-click ultp-pagination-ajax-action\"><ul class=\"ultp-pagination\"><li><a href=\"#\" class=\"ultp-prev-page-numbers\"><svg enable-background=\"new 0 0 477.175 477.175\" version=\"1.1\" viewBox=\"0 0 477.18 477.18\"><path d=\"m145.19 238.58 215.5-215.5c5.3-5.3 5.3-13.8 0-19.1s-13.8-5.3-19.1 0l-225.1 225.1c-5.3 5.3-5.3 13.8 0 19.1l225.1 225c2.6 2.6 6.1 4 9.5 4s6.9-1.3 9.5-4c5.3-5.3 5.3-13.8 0-19.1l-215.4-215.5z\"><\/path><\/svg> Tr\u01b0\u1edbc <\/a><\/li><li><a href=\"#\">1<\/a><\/li><li><a href=\"#\">2<\/a><\/li><li><a href=\"#\">3<\/a><\/li><li><a href=\"#\" class=\"ultp-next-page-numbers\"> Sau <svg enable-background=\"new 0 0 477.175 477.175\" version=\"1.1\" viewBox=\"0 0 477.18 477.18\"><path d=\"m360.73 229.08-225.1-225.1c-5.3-5.3-13.8-5.3-19.1 0s-5.3 13.8 0 19.1l215.5 215.5-215.5 215.5c-5.3 5.3-5.3 13.8 0 19.1 2.6 2.6 6.1 4 9.5 4s6.9-1.3 9.5-4l225.1-225.1c5.3-5.2 5.3-13.8 0.1-19z\"><\/path><\/svg><\/a><\/li><\/ul><\/div><\/div>\n<\/div>\n\n\n\n<div class=\"wp-block-ultimate-post-post-grid-parent ultp-post-grid-parent\" data-postid=\"600\" data-grids=\"[]\" data-pagi=\"[]\"><\/div>\n<\/div>\t\t\t\t<\/div>\n\t\t\t\t<\/div>\n\t\t\t\t\t<\/div>\n\t\t\t\t<\/div>\n\t\t\t\t<\/div>\n\t\t","protected":false},"excerpt":{"rendered":"<p>Tin t\u1ee9c Tin t\u1ee9c Tin tuc 4 adminSep 18, 20241 min read Vinhomes Riverside l\u00e0 khu \u0111\u00f4 th\u1ecb sinh th\u00e1i \u0111\u1eb3ng c\u1ea5p qu\u1ed1c t\u1ebf v\u1edbi quy m\u00f4 l\u1edbn v\u00e0 kh\u00f4ng gian xanh m\u00e1t, \u0111\u01b0\u1ee3c bao quanh b\u1edfi h\u1ec7 th\u1ed1ng k\u00eanh \u0111\u00e0o nh\u00e2n t\u1ea1o. C\u00f4ng ty \u0111\u00e3 tham gia v\u00e0o vi\u1ec7c thi\u1ebft k\u1ebf, x\u00e2y d\u1ef1ng c\u01a1 s\u1edf h\u1ea1 t\u1ea7ng v\u00e0 ho\u00e0n thi\u1ec7n n\u1ed9i th\u1ea5t cho c\u00e1c bi\u1ec7t th\u1ef1 t\u1ea1i \u0111\u00e2y. Ch\u00fang t\u00f4i \u0111\u00e3 \u00e1p d\u1ee5ng c\u00e1c c\u00f4ng ngh\u1ec7 ti\u00ean ti\u1ebfn \u0111\u1ec3 \u0111\u1ea3m b\u1ea3o&hellip; Tin t\u1ee9c Tin tuc 2 adminSep 18, 20241 min read Vinhomes Riverside l\u00e0 khu \u0111\u00f4 th\u1ecb sinh th\u00e1i \u0111\u1eb3ng c\u1ea5p qu\u1ed1c t\u1ebf v\u1edbi quy m\u00f4 l\u1edbn v\u00e0 kh\u00f4ng gian xanh m\u00e1t, \u0111\u01b0\u1ee3c bao quanh b\u1edfi h\u1ec7 th\u1ed1ng k\u00eanh \u0111\u00e0o nh\u00e2n t\u1ea1o. C\u00f4ng ty \u0111\u00e3 tham gia v\u00e0o vi\u1ec7c thi\u1ebft k\u1ebf,&hellip; Tin t\u1ee9c Tin tuc 3 adminSep 18, 20241 min read Vinhomes Riverside l\u00e0 khu \u0111\u00f4 th\u1ecb sinh th\u00e1i \u0111\u1eb3ng c\u1ea5p qu\u1ed1c t\u1ebf v\u1edbi quy m\u00f4 l\u1edbn v\u00e0 kh\u00f4ng gian xanh m\u00e1t, \u0111\u01b0\u1ee3c bao quanh b\u1edfi h\u1ec7 th\u1ed1ng k\u00eanh \u0111\u00e0o nh\u00e2n t\u1ea1o. C\u00f4ng ty \u0111\u00e3 tham gia v\u00e0o vi\u1ec7c thi\u1ebft k\u1ebf,&hellip; B\u00e0i vi\u1ebft Nh\u00e0 M\u00e1y S\u1ea3n Xu\u1ea5t V adminSep 18, 20241 min read V\u1ecb tr\u00ed: Khu kinh t\u1ebf \u0110\u00ecnh V\u0169, H\u1ea3i Ph\u00f2ng Quy m\u00f4 d\u1ef1 \u00e1n: Di\u1ec7n t\u00edch 335 ha Th\u1eddi gian ho\u00e0n th\u00e0nh: 2020 M\u00f4 t\u1ea3: Nh\u00e0 m\u00e1y V l\u00e0 m\u1ed9t trong nh\u1eefng d\u1ef1 \u00e1n tr\u1ecdng \u0111i\u1ec3m c\u1ee7a t\u1eadp \u0111o\u00e0n VG, v\u1edbi&hellip; B\u00e0i vi\u1ebft Trung T\u00e2m Th\u01b0\u01a1ng M\u1ea1i 81 adminSep 18, 20241 min read V\u1ecb tr\u00ed: B\u00ecnh Th\u1ea1nh, TP. H\u1ed3 Ch\u00ed Minh Quy m\u00f4 d\u1ef1 \u00e1n: T\u00f2a nh\u00e0 cao 81 t\u1ea7ng, di\u1ec7n t\u00edch s\u00e0n 141.000 m\u00b2 Th\u1eddi gian ho\u00e0n th\u00e0nh: 2019 M\u00f4 t\u1ea3: 81 l\u00e0 t\u00f2a nh\u00e0 cao nh\u1ea5t Vi\u1ec7t Nam v\u00e0 n\u1eb1m trong&hellip; Tr\u01b0\u1edbc 1 2 Sau Tr\u01b0\u1edbc 1 2 3 Sau<\/p>\n","protected":false},"author":1,"featured_media":0,"parent":0,"menu_order":0,"comment_status":"closed","ping_status":"closed","template":"","meta":{"footnotes":""},"class_list":["post-14","page","type-page","status-publish","hentry"],"_links":{"self":[{"href":"https:\/\/webchodoanhnghiep.tamkhoa.com\/dich-vu-sua-nha\/wp-json\/wp\/v2\/pages\/14"}],"collection":[{"href":"https:\/\/webchodoanhnghiep.tamkhoa.com\/dich-vu-sua-nha\/wp-json\/wp\/v2\/pages"}],"about":[{"href":"https:\/\/webchodoanhnghiep.tamkhoa.com\/dich-vu-sua-nha\/wp-json\/wp\/v2\/types\/page"}],"author":[{"embeddable":true,"href":"https:\/\/webchodoanhnghiep.tamkhoa.com\/dich-vu-sua-nha\/wp-json\/wp\/v2\/users\/1"}],"replies":[{"embeddable":true,"href":"https:\/\/webchodoanhnghiep.tamkhoa.com\/dich-vu-sua-nha\/wp-json\/wp\/v2\/comments?post=14"}],"version-history":[{"count":12,"href":"https:\/\/webchodoanhnghiep.tamkhoa.com\/dich-vu-sua-nha\/wp-json\/wp\/v2\/pages\/14\/revisions"}],"predecessor-version":[{"id":635,"href":"https:\/\/webchodoanhnghiep.tamkhoa.com\/dich-vu-sua-nha\/wp-json\/wp\/v2\/pages\/14\/revisions\/635"}],"wp:attachment":[{"href":"https:\/\/webchodoanhnghiep.tamkhoa.com\/dich-vu-sua-nha\/wp-json\/wp\/v2\/media?parent=14"}],"curies":[{"name":"wp","href":"https:\/\/api.w.org\/{rel}","templated":true}]}}