{"id":381,"date":"2024-09-10T06:48:14","date_gmt":"2024-09-10T06:48:14","guid":{"rendered":"https:\/\/dulich.tamkhoa.com\/xay-dung-01\/?page_id=10"},"modified":"2024-10-23T01:29:21","modified_gmt":"2024-10-23T01:29:21","slug":"gioi-thieu","status":"publish","type":"page","link":"https:\/\/webchodoanhnghiep.tamkhoa.com\/dich-vu-sua-nha\/gioi-thieu\/","title":{"rendered":"Gi\u1edbi thi\u1ec7u"},"content":{"rendered":"\t\t<div data-elementor-type=\"wp-page\" data-elementor-id=\"381\" class=\"elementor elementor-381\">\n\t\t\t\t<div class=\"elementor-element elementor-element-d05b874 e-flex e-con-boxed wpr-particle-no wpr-jarallax-no wpr-parallax-no wpr-sticky-section-no wpr-column-slider-no wpr-equal-height-no e-con e-parent\" data-id=\"d05b874\" data-element_type=\"container\" data-e-type=\"container\">\n\t\t\t\t\t<div class=\"e-con-inner\">\n\t\t\t\t<div class=\"elementor-element elementor-element-d39c10b elementor-widget elementor-widget-page-title\" data-id=\"d39c10b\" data-element_type=\"widget\" data-e-type=\"widget\" data-settings=\"{&quot;align&quot;:&quot;center&quot;}\" data-widget_type=\"page-title.default\">\n\t\t\t\t<div class=\"elementor-widget-container\">\n\t\t\t\t\t\t\t\n\t\t<div class=\"hfe-page-title hfe-page-title-wrapper elementor-widget-heading\">\n\n\t\t\t\t\t\t\t\t<h2 class=\"elementor-heading-title elementor-size-default\">\n\t\t\t\t\t\t\t\t\n\t\t\t\tGi\u1edbi thi\u1ec7u  \n\t\t\t<\/h2 > \n\t\t\t\t\t<\/div>\n\t\t\t\t\t\t<\/div>\n\t\t\t\t<\/div>\n\t\t\t\t\t<\/div>\n\t\t\t\t<\/div>\n\t\t<div class=\"elementor-element elementor-element-b56c814 e-flex e-con-boxed wpr-particle-no wpr-jarallax-no wpr-parallax-no wpr-sticky-section-no wpr-column-slider-no wpr-equal-height-no e-con e-parent\" data-id=\"b56c814\" data-element_type=\"container\" data-e-type=\"container\">\n\t\t\t\t\t<div class=\"e-con-inner\">\n\t\t\t\t<div class=\"elementor-element elementor-element-d1aaf4e elementor-widget elementor-widget-text-editor\" data-id=\"d1aaf4e\" data-element_type=\"widget\" data-e-type=\"widget\" data-widget_type=\"text-editor.default\">\n\t\t\t\t<div class=\"elementor-widget-container\">\n\t\t\t\t\t\t\t\t\t<div class=\"flex-1 overflow-hidden\"><div class=\"h-full\"><div class=\"react-scroll-to-bottom--css-dddxp-79elbk h-full\"><div class=\"react-scroll-to-bottom--css-dddxp-1n7m0yu\"><div class=\"flex flex-col text-sm md:pb-9\"><article class=\"w-full text-token-text-primary focus-visible:outline-2 focus-visible:outline-offset-[-4px]\" dir=\"auto\" data-testid=\"conversation-turn-5\" data-scroll-anchor=\"true\"><div class=\"text-base py-[18px] px-3 md:px-4 m-auto w-full md:px-5 lg:px-1 xl:px-5\"><div class=\"mx-auto flex flex-1 gap-4 text-base md:gap-5 lg:gap-6 md:max-w-3xl lg:max-w-[40rem] xl:max-w-[48rem]\"><div class=\"group\/conversation-turn relative flex w-full min-w-0 flex-col agent-turn\"><div class=\"flex-col gap-1 md:gap-3\"><div class=\"flex max-w-full flex-col flex-grow\"><div class=\"min-h-[20px] text-message flex w-full flex-col items-end gap-2 whitespace-normal break-words [.text-message+&amp;]:mt-5\" dir=\"auto\" data-message-author-role=\"assistant\" data-message-id=\"d74554e8-756c-4b51-91fd-f9ce584bc369\"><div class=\"flex w-full flex-col gap-1 empty:hidden first:pt-[3px]\"><div class=\"markdown prose w-full break-words dark:prose-invert dark\"><p><strong>Fixitera<\/strong> l\u00e0 \u0111\u01a1n v\u1ecb cung c\u1ea5p d\u1ecbch v\u1ee5 s\u1eeda ch\u1eefa v\u00e0 c\u1ea3i t\u1ea1o nh\u00e0 c\u1eeda chuy\u00ean nghi\u1ec7p, mang \u0111\u1ebfn gi\u1ea3i ph\u00e1p to\u00e0n di\u1ec7n cho ng\u00f4i nh\u00e0 c\u1ee7a b\u1ea1n. V\u1edbi \u0111\u1ed9i ng\u0169 th\u1ee3 l\u00e0nh ngh\u1ec1, gi\u00e0u kinh nghi\u1ec7m, ch\u00fang t\u00f4i t\u1ef1 h\u00e0o mang \u0111\u1ebfn cho kh\u00e1ch h\u00e0ng nh\u1eefng d\u1ecbch v\u1ee5 ch\u1ea5t l\u01b0\u1ee3ng cao, \u0111\u1ea3m b\u1ea3o s\u1ef1 h\u00e0i l\u00f2ng v\u00e0 an to\u00e0n tuy\u1ec7t \u0111\u1ed1i trong t\u1eebng c\u00f4ng tr\u00ecnh.<\/p><p>T\u1ea1i <strong>Fixitera<\/strong>, ch\u00fang t\u00f4i hi\u1ec3u r\u1eb1ng ng\u00f4i nh\u00e0 kh\u00f4ng ch\u1ec9 l\u00e0 n\u01a1i \u0111\u1ec3 \u1edf m\u00e0 c\u00f2n l\u00e0 kh\u00f4ng gian \u0111\u1ec3 b\u1ea1n v\u00e0 gia \u0111\u00ecnh c\u1ea3m th\u1ea5y tho\u1ea3i m\u00e1i, an y\u00ean. Ch\u00ednh v\u00ec v\u1eady, s\u1ee9 m\u1ec7nh c\u1ee7a ch\u00fang t\u00f4i l\u00e0 gi\u00fap ng\u00f4i nh\u00e0 c\u1ee7a b\u1ea1n lu\u00f4n trong tr\u1ea1ng th\u00e1i ho\u00e0n h\u1ea3o nh\u1ea5t \u2013 t\u1eeb vi\u1ec7c s\u1eeda ch\u1eefa nh\u1ecf, b\u1ea3o tr\u00ec \u0111\u1ecbnh k\u1ef3 \u0111\u1ebfn c\u1ea3i t\u1ea1o to\u00e0n di\u1ec7n.<\/p><\/div><\/div><\/div><\/div><\/div><\/div><\/div><\/div><\/article><\/div><\/div><\/div><\/div><\/div>\t\t\t\t\t\t\t\t<\/div>\n\t\t\t\t<\/div>\n\t\t\t\t\t<\/div>\n\t\t\t\t<\/div>\n\t\t<div class=\"elementor-element elementor-element-8f5ed6b e-flex e-con-boxed wpr-particle-no wpr-jarallax-no wpr-parallax-no wpr-sticky-section-no wpr-column-slider-no wpr-equal-height-no e-con e-parent\" data-id=\"8f5ed6b\" data-element_type=\"container\" data-e-type=\"container\">\n\t\t\t\t\t<div class=\"e-con-inner\">\n\t\t\t\t<div class=\"elementor-element elementor-element-b78e990 elementor-widget elementor-widget-image\" data-id=\"b78e990\" data-element_type=\"widget\" data-e-type=\"widget\" data-widget_type=\"image.default\">\n\t\t\t\t<div class=\"elementor-widget-container\">\n\t\t\t\t\t\t\t\t\t\t\t\t\t\t\t<img fetchpriority=\"high\" decoding=\"async\" width=\"1920\" height=\"1080\" src=\"https:\/\/webchodoanhnghiep.tamkhoa.com\/dich-vu-sua-nha\/wp-content\/uploads\/sites\/12\/2024\/10\/pexels-kseniachernaya-5691550.webp\" class=\"attachment-full size-full wp-image-442\" alt=\"\" srcset=\"https:\/\/webchodoanhnghiep.tamkhoa.com\/dich-vu-sua-nha\/wp-content\/uploads\/sites\/12\/2024\/10\/pexels-kseniachernaya-5691550.webp 1920w, https:\/\/webchodoanhnghiep.tamkhoa.com\/dich-vu-sua-nha\/wp-content\/uploads\/sites\/12\/2024\/10\/pexels-kseniachernaya-5691550-300x169.webp 300w, https:\/\/webchodoanhnghiep.tamkhoa.com\/dich-vu-sua-nha\/wp-content\/uploads\/sites\/12\/2024\/10\/pexels-kseniachernaya-5691550-1024x576.webp 1024w, https:\/\/webchodoanhnghiep.tamkhoa.com\/dich-vu-sua-nha\/wp-content\/uploads\/sites\/12\/2024\/10\/pexels-kseniachernaya-5691550-768x432.webp 768w, https:\/\/webchodoanhnghiep.tamkhoa.com\/dich-vu-sua-nha\/wp-content\/uploads\/sites\/12\/2024\/10\/pexels-kseniachernaya-5691550-1536x864.webp 1536w\" sizes=\"(max-width: 1920px) 100vw, 1920px\" \/>\t\t\t\t\t\t\t\t\t\t\t\t\t\t\t<\/div>\n\t\t\t\t<\/div>\n\t\t\t\t\t<\/div>\n\t\t\t\t<\/div>\n\t\t<div class=\"elementor-element elementor-element-4bf28c7 e-flex e-con-boxed wpr-particle-no wpr-jarallax-no wpr-parallax-no wpr-sticky-section-no wpr-column-slider-no wpr-equal-height-no e-con e-parent\" data-id=\"4bf28c7\" data-element_type=\"container\" data-e-type=\"container\">\n\t\t\t\t\t<div class=\"e-con-inner\">\n\t\t\t\t<div class=\"elementor-element elementor-element-8cbb139 elementor-widget elementor-widget-text-editor\" data-id=\"8cbb139\" data-element_type=\"widget\" data-e-type=\"widget\" data-widget_type=\"text-editor.default\">\n\t\t\t\t<div class=\"elementor-widget-container\">\n\t\t\t\t\t\t\t\t\t<p><strong>Fixitera<\/strong> kh\u00f4ng ch\u1ec9 \u0111\u01a1n thu\u1ea7n l\u00e0 s\u1eeda ch\u1eefa, ch\u00fang t\u00f4i c\u00f2n gi\u00fap c\u1ea3i thi\u1ec7n v\u00e0 n\u00e2ng c\u1ea5p kh\u00f4ng gian s\u1ed1ng, mang l\u1ea1i s\u1ef1 ti\u1ec7n nghi v\u00e0 phong c\u00e1ch cho ng\u00f4i nh\u00e0 c\u1ee7a b\u1ea1n. Ch\u00fang t\u00f4i tin r\u1eb1ng, m\u1ed9t kh\u00f4ng gian s\u1ed1ng t\u1ed1t \u0111\u1eb9p s\u1ebd n\u00e2ng cao ch\u1ea5t l\u01b0\u1ee3ng cu\u1ed9c s\u1ed1ng, v\u00e0 ch\u00fang t\u00f4i lu\u00f4n n\u1ed7 l\u1ef1c h\u1ebft m\u00ecnh \u0111\u1ec3 bi\u1ebfn \u0111i\u1ec1u \u0111\u00f3 th\u00e0nh hi\u1ec7n th\u1ef1c cho b\u1ea1n.<\/p>\t\t\t\t\t\t\t\t<\/div>\n\t\t\t\t<\/div>\n\t\t\t\t\t<\/div>\n\t\t\t\t<\/div>\n\t\t\t\t<\/div>\n\t\t","protected":false},"excerpt":{"rendered":"<p>Gi\u1edbi thi\u1ec7u Fixitera l\u00e0 \u0111\u01a1n v\u1ecb cung c\u1ea5p d\u1ecbch v\u1ee5 s\u1eeda ch\u1eefa v\u00e0 c\u1ea3i t\u1ea1o nh\u00e0 c\u1eeda chuy\u00ean nghi\u1ec7p, mang \u0111\u1ebfn gi\u1ea3i ph\u00e1p to\u00e0n di\u1ec7n cho ng\u00f4i nh\u00e0 c\u1ee7a b\u1ea1n. V\u1edbi \u0111\u1ed9i ng\u0169 th\u1ee3 l\u00e0nh ngh\u1ec1, gi\u00e0u kinh nghi\u1ec7m, ch\u00fang t\u00f4i t\u1ef1 h\u00e0o mang \u0111\u1ebfn cho kh\u00e1ch h\u00e0ng nh\u1eefng d\u1ecbch v\u1ee5 ch\u1ea5t l\u01b0\u1ee3ng cao, \u0111\u1ea3m b\u1ea3o s\u1ef1 h\u00e0i l\u00f2ng v\u00e0 an to\u00e0n tuy\u1ec7t \u0111\u1ed1i trong t\u1eebng c\u00f4ng tr\u00ecnh. T\u1ea1i Fixitera, ch\u00fang t\u00f4i hi\u1ec3u r\u1eb1ng ng\u00f4i nh\u00e0 kh\u00f4ng ch\u1ec9 l\u00e0 n\u01a1i \u0111\u1ec3 \u1edf m\u00e0 c\u00f2n l\u00e0 kh\u00f4ng gian \u0111\u1ec3 b\u1ea1n v\u00e0 gia \u0111\u00ecnh c\u1ea3m th\u1ea5y tho\u1ea3i m\u00e1i, an y\u00ean. Ch\u00ednh v\u00ec v\u1eady, s\u1ee9 m\u1ec7nh c\u1ee7a ch\u00fang t\u00f4i l\u00e0 gi\u00fap ng\u00f4i nh\u00e0 c\u1ee7a b\u1ea1n lu\u00f4n trong tr\u1ea1ng th\u00e1i ho\u00e0n h\u1ea3o nh\u1ea5t \u2013 t\u1eeb vi\u1ec7c s\u1eeda ch\u1eefa nh\u1ecf, b\u1ea3o tr\u00ec \u0111\u1ecbnh k\u1ef3 \u0111\u1ebfn c\u1ea3i t\u1ea1o to\u00e0n di\u1ec7n. Fixitera kh\u00f4ng ch\u1ec9 \u0111\u01a1n thu\u1ea7n l\u00e0 s\u1eeda ch\u1eefa, ch\u00fang t\u00f4i c\u00f2n gi\u00fap c\u1ea3i thi\u1ec7n v\u00e0 n\u00e2ng c\u1ea5p kh\u00f4ng gian s\u1ed1ng, mang l\u1ea1i s\u1ef1 ti\u1ec7n nghi v\u00e0 phong c\u00e1ch cho ng\u00f4i nh\u00e0 c\u1ee7a b\u1ea1n. Ch\u00fang t\u00f4i tin r\u1eb1ng, m\u1ed9t kh\u00f4ng gian s\u1ed1ng t\u1ed1t \u0111\u1eb9p s\u1ebd n\u00e2ng cao ch\u1ea5t l\u01b0\u1ee3ng cu\u1ed9c s\u1ed1ng, v\u00e0 ch\u00fang t\u00f4i lu\u00f4n n\u1ed7 l\u1ef1c h\u1ebft m\u00ecnh \u0111\u1ec3 bi\u1ebfn \u0111i\u1ec1u \u0111\u00f3 th\u00e0nh hi\u1ec7n th\u1ef1c cho b\u1ea1n.<\/p>\n","protected":false},"author":1,"featured_media":0,"parent":0,"menu_order":0,"comment_status":"closed","ping_status":"closed","template":"","meta":{"footnotes":""},"class_list":["post-381","page","type-page","status-publish","hentry"],"_links":{"self":[{"href":"https:\/\/webchodoanhnghiep.tamkhoa.com\/dich-vu-sua-nha\/wp-json\/wp\/v2\/pages\/381"}],"collection":[{"href":"https:\/\/webchodoanhnghiep.tamkhoa.com\/dich-vu-sua-nha\/wp-json\/wp\/v2\/pages"}],"about":[{"href":"https:\/\/webchodoanhnghiep.tamkhoa.com\/dich-vu-sua-nha\/wp-json\/wp\/v2\/types\/page"}],"author":[{"embeddable":true,"href":"https:\/\/webchodoanhnghiep.tamkhoa.com\/dich-vu-sua-nha\/wp-json\/wp\/v2\/users\/1"}],"replies":[{"embeddable":true,"href":"https:\/\/webchodoanhnghiep.tamkhoa.com\/dich-vu-sua-nha\/wp-json\/wp\/v2\/comments?post=381"}],"version-history":[{"count":6,"href":"https:\/\/webchodoanhnghiep.tamkhoa.com\/dich-vu-sua-nha\/wp-json\/wp\/v2\/pages\/381\/revisions"}],"predecessor-version":[{"id":491,"href":"https:\/\/webchodoanhnghiep.tamkhoa.com\/dich-vu-sua-nha\/wp-json\/wp\/v2\/pages\/381\/revisions\/491"}],"wp:attachment":[{"href":"https:\/\/webchodoanhnghiep.tamkhoa.com\/dich-vu-sua-nha\/wp-json\/wp\/v2\/media?parent=381"}],"curies":[{"name":"wp","href":"https:\/\/api.w.org\/{rel}","templated":true}]}}