{"id":48,"date":"2024-08-19T07:07:11","date_gmt":"2024-08-19T07:07:11","guid":{"rendered":"https:\/\/dulich.tamkhoa.com\/du-lich-02\/?page_id=26"},"modified":"2024-11-01T03:32:38","modified_gmt":"2024-11-01T03:32:38","slug":"about-us","status":"publish","type":"page","link":"https:\/\/webchodoanhnghiep.tamkhoa.com\/du-lich-01\/about-us\/","title":{"rendered":"V\u1ec1 ch\u00fang t\u00f4i"},"content":{"rendered":"\t\t<div data-elementor-type=\"wp-page\" data-elementor-id=\"48\" class=\"elementor elementor-48\">\n\t\t\t\t<div class=\"elementor-element elementor-element-52e4084 e-flex e-con-boxed wpr-particle-no wpr-jarallax-no wpr-parallax-no wpr-sticky-section-no wpr-equal-height-no e-con e-parent\" data-id=\"52e4084\" data-element_type=\"container\" data-e-type=\"container\">\n\t\t\t\t\t<div class=\"e-con-inner\">\n\t\t\t\t<div class=\"elementor-element elementor-element-f0be31b elementor-widget elementor-widget-page-title\" data-id=\"f0be31b\" data-element_type=\"widget\" data-e-type=\"widget\" data-settings=\"{&quot;align&quot;:&quot;center&quot;}\" data-widget_type=\"page-title.default\">\n\t\t\t\t<div class=\"elementor-widget-container\">\n\t\t\t\t\t\t\t\n\t\t<div class=\"hfe-page-title hfe-page-title-wrapper elementor-widget-heading\">\n\n\t\t\t\t\t\t\t\t<h2 class=\"elementor-heading-title elementor-size-default\">\n\t\t\t\t\t\t\t\t\n\t\t\t\tV\u1ec1 ch\u00fang t\u00f4i  \n\t\t\t<\/h2 > \n\t\t\t\t\t<\/div>\n\t\t\t\t\t\t<\/div>\n\t\t\t\t<\/div>\n\t\t\t\t\t<\/div>\n\t\t\t\t<\/div>\n\t\t<div class=\"elementor-element elementor-element-e9a68cf e-con-full e-flex wpr-particle-no wpr-jarallax-no wpr-parallax-no wpr-sticky-section-no wpr-equal-height-no e-con e-parent\" data-id=\"e9a68cf\" data-element_type=\"container\" data-e-type=\"container\">\n\t\t\t\t<div class=\"elementor-element elementor-element-e8fff44 elementor-widget elementor-widget-image\" data-id=\"e8fff44\" data-element_type=\"widget\" data-e-type=\"widget\" data-widget_type=\"image.default\">\n\t\t\t\t<div class=\"elementor-widget-container\">\n\t\t\t\t\t\t\t\t\t\t\t\t\t\t\t<img fetchpriority=\"high\" decoding=\"async\" width=\"2201\" height=\"1467\" src=\"https:\/\/webchodoanhnghiep.tamkhoa.com\/du-lich-01\/wp-content\/uploads\/sites\/2\/2024\/10\/pexels-pixabay-206359.webp\" class=\"attachment-full size-full wp-image-27\" alt=\"\" srcset=\"https:\/\/webchodoanhnghiep.tamkhoa.com\/du-lich-01\/wp-content\/uploads\/sites\/2\/2024\/10\/pexels-pixabay-206359.webp 2201w, https:\/\/webchodoanhnghiep.tamkhoa.com\/du-lich-01\/wp-content\/uploads\/sites\/2\/2024\/10\/pexels-pixabay-206359-300x200.webp 300w, https:\/\/webchodoanhnghiep.tamkhoa.com\/du-lich-01\/wp-content\/uploads\/sites\/2\/2024\/10\/pexels-pixabay-206359-1024x683.webp 1024w, https:\/\/webchodoanhnghiep.tamkhoa.com\/du-lich-01\/wp-content\/uploads\/sites\/2\/2024\/10\/pexels-pixabay-206359-768x512.webp 768w, https:\/\/webchodoanhnghiep.tamkhoa.com\/du-lich-01\/wp-content\/uploads\/sites\/2\/2024\/10\/pexels-pixabay-206359-1536x1024.webp 1536w, https:\/\/webchodoanhnghiep.tamkhoa.com\/du-lich-01\/wp-content\/uploads\/sites\/2\/2024\/10\/pexels-pixabay-206359-2048x1365.webp 2048w, https:\/\/webchodoanhnghiep.tamkhoa.com\/du-lich-01\/wp-content\/uploads\/sites\/2\/2024\/10\/pexels-pixabay-206359-1200x800.webp 1200w, https:\/\/webchodoanhnghiep.tamkhoa.com\/du-lich-01\/wp-content\/uploads\/sites\/2\/2024\/10\/pexels-pixabay-206359-600x400.webp 600w\" sizes=\"(max-width: 2201px) 100vw, 2201px\" \/>\t\t\t\t\t\t\t\t\t\t\t\t\t\t\t<\/div>\n\t\t\t\t<\/div>\n\t\t\t\t<\/div>\n\t\t<div class=\"elementor-element elementor-element-bb736b4 e-flex e-con-boxed wpr-particle-no wpr-jarallax-no wpr-parallax-no wpr-sticky-section-no wpr-equal-height-no e-con e-parent\" data-id=\"bb736b4\" data-element_type=\"container\" data-e-type=\"container\">\n\t\t\t\t\t<div class=\"e-con-inner\">\n\t\t\t\t<div class=\"elementor-element elementor-element-85b6b56 elementor-widget elementor-widget-text-editor\" data-id=\"85b6b56\" data-element_type=\"widget\" data-e-type=\"widget\" data-widget_type=\"text-editor.default\">\n\t\t\t\t<div class=\"elementor-widget-container\">\n\t\t\t\t\t\t\t\t\t<p><strong>Nuture<\/strong> l\u00e0 m\u1ed9t c\u00f4ng ty h\u00e0ng \u0111\u1ea7u trong vi\u1ec7c cung c\u1ea5p c\u00e1c tour du l\u1ecbch v\u1ec1 \u0111\u1ea1i d\u01b0\u01a1ng, bi\u1ec3n c\u1ea3 v\u00e0 kh\u00e1m ph\u00e1 c\u00e1c lo\u00e0i sinh v\u1eadt bi\u1ec3n. Ch\u00fang t\u00f4i ra \u0111\u1eddi v\u1edbi s\u1ee9 m\u1ec7nh mang \u0111\u1ebfn cho kh\u00e1ch h\u00e0ng nh\u1eefng tr\u1ea3i nghi\u1ec7m \u0111\u1ed9c \u0111\u00e1o v\u00e0 \u0111\u1ea7y c\u1ea3m h\u1ee9ng, gi\u00fap m\u1ecdi ng\u01b0\u1eddi hi\u1ec3u r\u00f5 h\u01a1n v\u1ec1 v\u1ebb \u0111\u1eb9p k\u1ef3 di\u1ec7u v\u00e0 s\u1ef1 phong ph\u00fa c\u1ee7a h\u1ec7 sinh th\u00e1i bi\u1ec3n.<\/p><p>V\u1edbi ni\u1ec1m \u0111am m\u00ea b\u1ea5t t\u1eadn d\u00e0nh cho bi\u1ec3n c\u1ea3 v\u00e0 cam k\u1ebft b\u1ea3o t\u1ed3n m\u00f4i tr\u01b0\u1eddng t\u1ef1 nhi\u00ean, Nuture lu\u00f4n n\u1ed7 l\u1ef1c t\u1ea1o ra nh\u1eefng h\u00e0nh tr\u00ecnh kh\u00e1m ph\u00e1 v\u1eeba th\u00fa v\u1ecb, v\u1eeba an to\u00e0n v\u00e0 th\u00e2n thi\u1ec7n v\u1edbi m\u00f4i tr\u01b0\u1eddng. Ch\u00fang t\u00f4i t\u1ef1 h\u00e0o khi tr\u1edf th\u00e0nh ng\u01b0\u1eddi b\u1ea1n \u0111\u1ed3ng h\u00e0nh c\u1ee7a nh\u1eefng ai mu\u1ed1n kh\u00e1m ph\u00e1 th\u1ebf gi\u1edbi d\u01b0\u1edbi l\u00f2ng \u0111\u1ea1i d\u01b0\u01a1ng, t\u1eeb nh\u1eefng r\u1ea1n san h\u00f4 \u0111\u1ea7y m\u00e0u s\u1eafc, \u0111\u1ebfn c\u00e1c lo\u00e0i c\u00e1 m\u1eadp h\u00f9ng v\u0129 hay nh\u1eefng \u0111\u00e0n c\u00e1 heo vui t\u01b0\u01a1i.<\/p><p>\u0110\u1ed9i ng\u0169 chuy\u00ean gia v\u00e0 h\u01b0\u1edbng d\u1eabn vi\u00ean c\u1ee7a Nuture l\u00e0 nh\u1eefng ng\u01b0\u1eddi c\u00f3 nhi\u1ec1u n\u0103m kinh nghi\u1ec7m trong l\u0129nh v\u1ef1c sinh v\u1eadt bi\u1ec3n v\u00e0 du l\u1ecbch \u0111\u1ea1i d\u01b0\u01a1ng. H\u1ecd kh\u00f4ng ch\u1ec9 d\u1eabn d\u1eaft b\u1ea1n qua nh\u1eefng chuy\u1ebfn phi\u00eau l\u01b0u \u0111\u1ea7y k\u1ef3 th\u00fa m\u00e0 c\u00f2n chia s\u1ebb nh\u1eefng ki\u1ebfn th\u1ee9c s\u00e2u s\u1eafc v\u1ec1 h\u1ec7 sinh th\u00e1i bi\u1ec3n v\u00e0 t\u1ea7m quan tr\u1ecdng c\u1ee7a vi\u1ec7c b\u1ea3o v\u1ec7 m\u00f4i tr\u01b0\u1eddng \u0111\u1ea1i d\u01b0\u01a1ng.<\/p><p>Ch\u00fang t\u00f4i hi\u1ec3u r\u1eb1ng m\u1ed7i chuy\u1ebfn \u0111i l\u00e0 m\u1ed9t tr\u1ea3i nghi\u1ec7m kh\u00f4ng th\u1ec3 l\u1eb7p l\u1ea1i. V\u00ec v\u1eady, Nuture lu\u00f4n ch\u00fa tr\u1ecdng v\u00e0o vi\u1ec7c c\u00e1 nh\u00e2n h\u00f3a c\u00e1c tour \u0111\u1ec3 ph\u00f9 h\u1ee3p v\u1edbi s\u1edf th\u00edch v\u00e0 nhu c\u1ea7u c\u1ee7a t\u1eebng kh\u00e1ch h\u00e0ng. D\u00f9 b\u1ea1n l\u00e0 m\u1ed9t ng\u01b0\u1eddi y\u00eau thi\u00ean nhi\u00ean mu\u1ed1n th\u01b0 gi\u00e3n gi\u1eefa khung c\u1ea3nh bi\u1ec3n xanh, hay m\u1ed9t nh\u00e0 th\u00e1m hi\u1ec3m mu\u1ed1n t\u00ecm hi\u1ec3u s\u00e2u v\u1ec1 c\u00e1c lo\u00e0i sinh v\u1eadt bi\u1ec3n, ch\u00fang t\u00f4i \u0111\u1ec1u c\u00f3 nh\u1eefng h\u00e0nh tr\u00ecnh ph\u00f9 h\u1ee3p d\u00e0nh cho b\u1ea1n.<\/p><p>H\u00e3y c\u00f9ng Nuture kh\u00e1m ph\u00e1 v\u00e0 b\u1ea3o v\u1ec7 \u0111\u1ea1i d\u01b0\u01a1ng \u2013 tr\u00e1i tim xanh c\u1ee7a Tr\u00e1i \u0110\u1ea5t. V\u1edbi m\u1ed7i chuy\u1ebfn \u0111i, ch\u00fang ta kh\u00f4ng ch\u1ec9 m\u1edf ra m\u1ed9t th\u1ebf gi\u1edbi m\u1edbi, m\u00e0 c\u00f2n \u0111\u00f3ng g\u00f3p v\u00e0o vi\u1ec7c gi\u1eef g\u00ecn v\u00e0 b\u1ea3o t\u1ed3n v\u1ebb \u0111\u1eb9p t\u1ef1 nhi\u00ean cho c\u00e1c th\u1ebf h\u1ec7 mai sau.<\/p><div id=\"eJOY__extension_root\" class=\"eJOY__extension_root_class\" style=\"all: unset;\">\u00a0<\/div>\t\t\t\t\t\t\t\t<\/div>\n\t\t\t\t<\/div>\n\t\t\t\t\t<\/div>\n\t\t\t\t<\/div>\n\t\t\t\t<\/div>\n\t\t","protected":false},"excerpt":{"rendered":"<p>V\u1ec1 ch\u00fang t\u00f4i Nuture l\u00e0 m\u1ed9t c\u00f4ng ty h\u00e0ng \u0111\u1ea7u trong vi\u1ec7c cung c\u1ea5p c\u00e1c tour du l\u1ecbch v\u1ec1 \u0111\u1ea1i d\u01b0\u01a1ng, bi\u1ec3n c\u1ea3 v\u00e0 kh\u00e1m ph\u00e1 c\u00e1c lo\u00e0i sinh v\u1eadt bi\u1ec3n. Ch\u00fang t\u00f4i ra \u0111\u1eddi v\u1edbi s\u1ee9 m\u1ec7nh mang \u0111\u1ebfn cho kh\u00e1ch h\u00e0ng nh\u1eefng tr\u1ea3i nghi\u1ec7m \u0111\u1ed9c \u0111\u00e1o v\u00e0 \u0111\u1ea7y c\u1ea3m h\u1ee9ng, gi\u00fap m\u1ecdi ng\u01b0\u1eddi hi\u1ec3u r\u00f5 h\u01a1n v\u1ec1 v\u1ebb \u0111\u1eb9p k\u1ef3 di\u1ec7u v\u00e0 s\u1ef1 phong ph\u00fa c\u1ee7a h\u1ec7 sinh th\u00e1i bi\u1ec3n. V\u1edbi ni\u1ec1m \u0111am m\u00ea b\u1ea5t t\u1eadn d\u00e0nh cho bi\u1ec3n c\u1ea3 v\u00e0 cam k\u1ebft b\u1ea3o t\u1ed3n m\u00f4i tr\u01b0\u1eddng t\u1ef1 nhi\u00ean, Nuture lu\u00f4n n\u1ed7 l\u1ef1c t\u1ea1o ra nh\u1eefng h\u00e0nh tr\u00ecnh kh\u00e1m ph\u00e1 v\u1eeba th\u00fa v\u1ecb, v\u1eeba an to\u00e0n v\u00e0 th\u00e2n thi\u1ec7n v\u1edbi m\u00f4i tr\u01b0\u1eddng. Ch\u00fang t\u00f4i t\u1ef1 h\u00e0o khi tr\u1edf th\u00e0nh ng\u01b0\u1eddi b\u1ea1n \u0111\u1ed3ng h\u00e0nh c\u1ee7a nh\u1eefng ai mu\u1ed1n kh\u00e1m ph\u00e1 th\u1ebf gi\u1edbi d\u01b0\u1edbi l\u00f2ng \u0111\u1ea1i d\u01b0\u01a1ng, t\u1eeb nh\u1eefng r\u1ea1n san h\u00f4 \u0111\u1ea7y m\u00e0u s\u1eafc, \u0111\u1ebfn c\u00e1c lo\u00e0i c\u00e1 m\u1eadp h\u00f9ng v\u0129 hay nh\u1eefng \u0111\u00e0n c\u00e1 heo vui t\u01b0\u01a1i. \u0110\u1ed9i ng\u0169 chuy\u00ean gia v\u00e0 h\u01b0\u1edbng d\u1eabn vi\u00ean c\u1ee7a Nuture l\u00e0 nh\u1eefng ng\u01b0\u1eddi c\u00f3 nhi\u1ec1u n\u0103m kinh nghi\u1ec7m trong l\u0129nh v\u1ef1c sinh v\u1eadt bi\u1ec3n v\u00e0 du l\u1ecbch \u0111\u1ea1i d\u01b0\u01a1ng. H\u1ecd kh\u00f4ng ch\u1ec9 d\u1eabn d\u1eaft b\u1ea1n qua nh\u1eefng chuy\u1ebfn phi\u00eau l\u01b0u \u0111\u1ea7y k\u1ef3 th\u00fa m\u00e0 c\u00f2n chia s\u1ebb nh\u1eefng ki\u1ebfn th\u1ee9c s\u00e2u s\u1eafc v\u1ec1 h\u1ec7 sinh th\u00e1i bi\u1ec3n v\u00e0 t\u1ea7m quan tr\u1ecdng c\u1ee7a vi\u1ec7c b\u1ea3o v\u1ec7 m\u00f4i tr\u01b0\u1eddng \u0111\u1ea1i d\u01b0\u01a1ng. Ch\u00fang t\u00f4i hi\u1ec3u r\u1eb1ng m\u1ed7i chuy\u1ebfn \u0111i l\u00e0 m\u1ed9t tr\u1ea3i nghi\u1ec7m kh\u00f4ng th\u1ec3 l\u1eb7p l\u1ea1i. V\u00ec v\u1eady, Nuture lu\u00f4n ch\u00fa tr\u1ecdng v\u00e0o vi\u1ec7c c\u00e1 nh\u00e2n h\u00f3a c\u00e1c tour \u0111\u1ec3 ph\u00f9 h\u1ee3p v\u1edbi s\u1edf th\u00edch v\u00e0 nhu c\u1ea7u c\u1ee7a t\u1eebng kh\u00e1ch h\u00e0ng. D\u00f9 b\u1ea1n l\u00e0 m\u1ed9t ng\u01b0\u1eddi y\u00eau thi\u00ean nhi\u00ean mu\u1ed1n th\u01b0 gi\u00e3n gi\u1eefa khung c\u1ea3nh bi\u1ec3n xanh, hay m\u1ed9t nh\u00e0 th\u00e1m hi\u1ec3m mu\u1ed1n t\u00ecm hi\u1ec3u s\u00e2u v\u1ec1 c\u00e1c lo\u00e0i sinh v\u1eadt bi\u1ec3n, ch\u00fang t\u00f4i \u0111\u1ec1u c\u00f3 nh\u1eefng h\u00e0nh tr\u00ecnh ph\u00f9 h\u1ee3p d\u00e0nh cho b\u1ea1n. H\u00e3y c\u00f9ng Nuture kh\u00e1m ph\u00e1 v\u00e0 b\u1ea3o v\u1ec7 \u0111\u1ea1i d\u01b0\u01a1ng \u2013 tr\u00e1i tim xanh c\u1ee7a Tr\u00e1i \u0110\u1ea5t. V\u1edbi m\u1ed7i chuy\u1ebfn \u0111i, ch\u00fang ta kh\u00f4ng ch\u1ec9 m\u1edf ra m\u1ed9t th\u1ebf gi\u1edbi m\u1edbi, m\u00e0 c\u00f2n \u0111\u00f3ng g\u00f3p v\u00e0o vi\u1ec7c gi\u1eef g\u00ecn v\u00e0 b\u1ea3o t\u1ed3n v\u1ebb \u0111\u1eb9p t\u1ef1 nhi\u00ean cho c\u00e1c th\u1ebf h\u1ec7 mai sau. \u00a0<\/p>\n","protected":false},"author":1,"featured_media":0,"parent":0,"menu_order":0,"comment_status":"closed","ping_status":"closed","template":"","meta":{"footnotes":""},"class_list":["post-48","page","type-page","status-publish","hentry"],"_links":{"self":[{"href":"https:\/\/webchodoanhnghiep.tamkhoa.com\/du-lich-01\/wp-json\/wp\/v2\/pages\/48"}],"collection":[{"href":"https:\/\/webchodoanhnghiep.tamkhoa.com\/du-lich-01\/wp-json\/wp\/v2\/pages"}],"about":[{"href":"https:\/\/webchodoanhnghiep.tamkhoa.com\/du-lich-01\/wp-json\/wp\/v2\/types\/page"}],"author":[{"embeddable":true,"href":"https:\/\/webchodoanhnghiep.tamkhoa.com\/du-lich-01\/wp-json\/wp\/v2\/users\/1"}],"replies":[{"embeddable":true,"href":"https:\/\/webchodoanhnghiep.tamkhoa.com\/du-lich-01\/wp-json\/wp\/v2\/comments?post=48"}],"version-history":[{"count":3,"href":"https:\/\/webchodoanhnghiep.tamkhoa.com\/du-lich-01\/wp-json\/wp\/v2\/pages\/48\/revisions"}],"predecessor-version":[{"id":576,"href":"https:\/\/webchodoanhnghiep.tamkhoa.com\/du-lich-01\/wp-json\/wp\/v2\/pages\/48\/revisions\/576"}],"wp:attachment":[{"href":"https:\/\/webchodoanhnghiep.tamkhoa.com\/du-lich-01\/wp-json\/wp\/v2\/media?parent=48"}],"curies":[{"name":"wp","href":"https:\/\/api.w.org\/{rel}","templated":true}]}}