{"id":49,"date":"2024-08-19T07:11:24","date_gmt":"2024-08-19T07:11:24","guid":{"rendered":"https:\/\/dulich.tamkhoa.com\/du-lich-02\/?page_id=29"},"modified":"2024-08-19T07:11:24","modified_gmt":"2024-08-19T07:11:24","slug":"dieu-khoan-va-dieu-kien","status":"publish","type":"page","link":"https:\/\/webchodoanhnghiep.tamkhoa.com\/du-lich-01\/dieu-khoan-va-dieu-kien\/","title":{"rendered":"\u0110i\u1ec1u kho\u1ea3n v\u00e0 \u0111i\u1ec1u ki\u1ec7n"},"content":{"rendered":"\t\t<div data-elementor-type=\"wp-page\" data-elementor-id=\"49\" class=\"elementor elementor-49\">\n\t\t\t\t<div class=\"elementor-element elementor-element-c7da6d7 e-flex e-con-boxed wpr-particle-no wpr-jarallax-no wpr-parallax-no wpr-sticky-section-no wpr-equal-height-no e-con e-parent\" data-id=\"c7da6d7\" data-element_type=\"container\" data-e-type=\"container\">\n\t\t\t\t\t<div class=\"e-con-inner\">\n\t\t\t\t\t<\/div>\n\t\t\t\t<\/div>\n\t\t<div class=\"elementor-element elementor-element-3689c6d e-flex e-con-boxed wpr-particle-no wpr-jarallax-no wpr-parallax-no wpr-sticky-section-no wpr-equal-height-no e-con e-parent\" data-id=\"3689c6d\" data-element_type=\"container\" data-e-type=\"container\">\n\t\t\t\t\t<div class=\"e-con-inner\">\n\t\t\t\t<div class=\"elementor-element elementor-element-01f95eb elementor-widget elementor-widget-text-editor\" data-id=\"01f95eb\" data-element_type=\"widget\" data-e-type=\"widget\" data-widget_type=\"text-editor.default\">\n\t\t\t\t<div class=\"elementor-widget-container\">\n\t\t\t\t\t\t\t\t\t<p><strong>1. Gi\u1edbi thi\u1ec7u<\/strong><\/p><p>B\u1eb1ng c\u00e1ch \u0111\u0103ng k\u00fd v\u00e0 tham gia c\u00e1c tour du l\u1ecbch do Nuture t\u1ed5 ch\u1ee9c, qu\u00fd kh\u00e1ch \u0111\u1ed3ng \u00fd tu\u00e2n th\u1ee7 c\u00e1c \u0111i\u1ec1u kho\u1ea3n v\u00e0 \u0111i\u1ec1u ki\u1ec7n d\u01b0\u1edbi \u0111\u00e2y. Vui l\u00f2ng \u0111\u1ecdc k\u1ef9 \u0111\u1ec3 hi\u1ec3u r\u00f5 quy\u1ec1n v\u00e0 ngh\u0129a v\u1ee5 c\u1ee7a m\u00ecnh.<\/p><p><strong>2. \u0110\u0103ng k\u00fd v\u00e0 Thanh to\u00e1n<\/strong><\/p><ul><li><strong>\u0110\u1eb7t ch\u1ed7:<\/strong> Vi\u1ec7c \u0111\u1eb7t ch\u1ed7 cho c\u00e1c tour c\u1ea7n \u0111\u01b0\u1ee3c th\u1ef1c hi\u1ec7n tr\u01b0\u1edbc ng\u00e0y kh\u1edfi h\u00e0nh \u00edt nh\u1ea5t 7 ng\u00e0y. \u0110\u1ec3 \u0111\u1ea3m b\u1ea3o ch\u1ed7, qu\u00fd kh\u00e1ch c\u1ea7n cung c\u1ea5p th\u00f4ng tin ch\u00ednh x\u00e1c v\u00e0 thanh to\u00e1n \u0111\u1ea7y \u0111\u1ee7 ho\u1eb7c \u0111\u1eb7t c\u1ecdc theo y\u00eau c\u1ea7u c\u1ee7a Nuture.<\/li><li><strong>Thanh to\u00e1n:<\/strong> Qu\u00fd kh\u00e1ch c\u00f3 th\u1ec3 thanh to\u00e1n qua c\u00e1c ph\u01b0\u01a1ng th\u1ee9c tr\u1ef1c tuy\u1ebfn ho\u1eb7c tr\u1ef1c ti\u1ebfp t\u1ea1i v\u0103n ph\u00f2ng c\u1ee7a Nuture. To\u00e0n b\u1ed9 s\u1ed1 ti\u1ec1n ph\u1ea3i \u0111\u01b0\u1ee3c thanh to\u00e1n tr\u01b0\u1edbc khi tour b\u1eaft \u0111\u1ea7u.<\/li><\/ul><p><strong>3. Ch\u00ednh s\u00e1ch h\u1ee7y b\u1ecf v\u00e0 ho\u00e0n ti\u1ec1n<\/strong><\/p><ul><li><strong>H\u1ee7y tour b\u1edfi kh\u00e1ch h\u00e0ng:<\/strong> N\u1ebfu qu\u00fd kh\u00e1ch h\u1ee7y tour tr\u01b0\u1edbc 10 ng\u00e0y kh\u1edfi h\u00e0nh, ch\u00fang t\u00f4i s\u1ebd ho\u00e0n tr\u1ea3 100% s\u1ed1 ti\u1ec1n \u0111\u00e3 thanh to\u00e1n. H\u1ee7y tour t\u1eeb 5 \u0111\u1ebfn 9 ng\u00e0y tr\u01b0\u1edbc khi kh\u1edfi h\u00e0nh, qu\u00fd kh\u00e1ch s\u1ebd \u0111\u01b0\u1ee3c ho\u00e0n l\u1ea1i 50%. N\u1ebfu h\u1ee7y trong v\u00f2ng 4 ng\u00e0y ho\u1eb7c \u00edt h\u01a1n, ch\u00fang t\u00f4i s\u1ebd kh\u00f4ng ho\u00e0n l\u1ea1i ti\u1ec1n.<\/li><li><strong>H\u1ee7y tour b\u1edfi Nuture:<\/strong> Trong tr\u01b0\u1eddng h\u1ee3p tour b\u1ecb h\u1ee7y do \u0111i\u1ec1u ki\u1ec7n th\u1eddi ti\u1ebft x\u1ea5u, c\u00e1c y\u1ebfu t\u1ed1 an to\u00e0n, ho\u1eb7c c\u00e1c l\u00fd do kh\u00e1c ngo\u00e0i t\u1ea7m ki\u1ec3m so\u00e1t c\u1ee7a ch\u00fang t\u00f4i, Nuture s\u1ebd ho\u00e0n l\u1ea1i to\u00e0n b\u1ed9 s\u1ed1 ti\u1ec1n ho\u1eb7c h\u1ed7 tr\u1ee3 qu\u00fd kh\u00e1ch chuy\u1ec3n sang m\u1ed9t ng\u00e0y kh\u00e1c ph\u00f9 h\u1ee3p.<\/li><\/ul><p><strong>4. Tr\u00e1ch nhi\u1ec7m c\u1ee7a kh\u00e1ch h\u00e0ng<\/strong><\/p><ul><li><strong>S\u1ee9c kh\u1ecfe v\u00e0 th\u1ec3 tr\u1ea1ng:<\/strong> Qu\u00fd kh\u00e1ch c\u1ea7n \u0111\u1ea3m b\u1ea3o r\u1eb1ng m\u00ecnh c\u00f3 \u0111\u1ee7 s\u1ee9c kh\u1ecfe \u0111\u1ec3 tham gia c\u00e1c ho\u1ea1t \u0111\u1ed9ng du l\u1ecbch li\u00ean quan \u0111\u1ebfn bi\u1ec3n. N\u1ebfu c\u00f3 b\u1ea5t k\u1ef3 v\u1ea5n \u0111\u1ec1 y t\u1ebf n\u00e0o, vui l\u00f2ng th\u00f4ng b\u00e1o tr\u01b0\u1edbc v\u1edbi Nuture.<\/li><li><strong>Tu\u00e2n th\u1ee7 quy \u0111\u1ecbnh:<\/strong> Trong su\u1ed1t chuy\u1ebfn \u0111i, qu\u00fd kh\u00e1ch c\u1ea7n tu\u00e2n th\u1ee7 c\u00e1c h\u01b0\u1edbng d\u1eabn t\u1eeb h\u01b0\u1edbng d\u1eabn vi\u00ean v\u00e0 nh\u00e2n vi\u00ean c\u1ee7a Nuture \u0111\u1ec3 \u0111\u1ea3m b\u1ea3o an to\u00e0n cho b\u1ea3n th\u00e2n v\u00e0 m\u1ecdi ng\u01b0\u1eddi.<\/li><\/ul><p><strong>5. Tr\u00e1ch nhi\u1ec7m c\u1ee7a Nuture<\/strong><\/p><ul><li><strong>An to\u00e0n v\u00e0 d\u1ecbch v\u1ee5:<\/strong> Nuture cam k\u1ebft cung c\u1ea5p c\u00e1c d\u1ecbch v\u1ee5 theo \u0111\u00fang m\u00f4 t\u1ea3 v\u00e0 \u0111\u1ea3m b\u1ea3o an to\u00e0n t\u1ed1i \u0111a cho qu\u00fd kh\u00e1ch. Ch\u00fang t\u00f4i s\u1ebd kh\u00f4ng ch\u1ecbu tr\u00e1ch nhi\u1ec7m cho c\u00e1c s\u1ef1 c\u1ed1 x\u1ea3y ra do nguy\u00ean nh\u00e2n ngo\u00e0i t\u1ea7m ki\u1ec3m so\u00e1t, ch\u1eb3ng h\u1ea1n nh\u01b0 thi\u00ean tai, tai n\u1ea1n b\u1ea5t ng\u1edd, ho\u1eb7c h\u00e0nh \u0111\u1ed9ng c\u1ee7a b\u00ean th\u1ee9 ba.<\/li><li><strong>B\u1ea3o hi\u1ec3m:<\/strong> Nuture cung c\u1ea5p b\u1ea3o hi\u1ec3m du l\u1ecbch c\u01a1 b\u1ea3n cho t\u1ea5t c\u1ea3 c\u00e1c kh\u00e1ch h\u00e0ng tham gia tour. Tuy nhi\u00ean, qu\u00fd kh\u00e1ch c\u00f3 th\u1ec3 mua th\u00eam b\u1ea3o hi\u1ec3m c\u00e1 nh\u00e2n n\u1ebfu c\u1ea7n thi\u1ebft.<\/li><\/ul><p><strong>6. Quy\u1ec1n s\u1edf h\u1eefu tr\u00ed tu\u1ec7<\/strong><\/p><p>To\u00e0n b\u1ed9 n\u1ed9i dung, h\u00ecnh \u1ea3nh v\u00e0 th\u00f4ng tin li\u00ean quan \u0111\u1ebfn c\u00e1c tour du l\u1ecbch c\u1ee7a Nuture \u0111\u1ec1u thu\u1ed9c quy\u1ec1n s\u1edf h\u1eefu tr\u00ed tu\u1ec7 c\u1ee7a c\u00f4ng ty. Vi\u1ec7c sao ch\u00e9p, t\u00e1i s\u1eed d\u1ee5ng ho\u1eb7c ph\u00e2n ph\u1ed1i c\u00e1c t\u00e0i li\u1ec7u n\u00e0y m\u00e0 kh\u00f4ng c\u00f3 s\u1ef1 \u0111\u1ed3ng \u00fd b\u1eb1ng v\u0103n b\u1ea3n t\u1eeb Nuture l\u00e0 vi ph\u1ea1m ph\u00e1p lu\u1eadt.<\/p><p><strong>7. Thay \u0111\u1ed5i v\u00e0 s\u1eeda \u0111\u1ed5i<\/strong><\/p><p>Nuture c\u00f3 quy\u1ec1n thay \u0111\u1ed5i ho\u1eb7c s\u1eeda \u0111\u1ed5i c\u00e1c \u0111i\u1ec1u kho\u1ea3n v\u00e0 \u0111i\u1ec1u ki\u1ec7n n\u00e0y b\u1ea5t k\u1ef3 l\u00fac n\u00e0o m\u00e0 kh\u00f4ng c\u1ea7n th\u00f4ng b\u00e1o tr\u01b0\u1edbc. C\u00e1c thay \u0111\u1ed5i s\u1ebd c\u00f3 hi\u1ec7u l\u1ef1c ngay khi \u0111\u01b0\u1ee3c c\u00f4ng b\u1ed1 tr\u00ean trang web c\u1ee7a Nuture.<\/p><p><strong>8. Li\u00ean h\u1ec7<\/strong><\/p><p>N\u1ebfu qu\u00fd kh\u00e1ch c\u00f3 b\u1ea5t k\u1ef3 c\u00e2u h\u1ecfi ho\u1eb7c y\u00eau c\u1ea7u h\u1ed7 tr\u1ee3 n\u00e0o, vui l\u00f2ng li\u00ean h\u1ec7 v\u1edbi ch\u00fang t\u00f4i qua email ho\u1eb7c s\u1ed1 \u0111i\u1ec7n tho\u1ea1i \u0111\u01b0\u1ee3c cung c\u1ea5p tr\u00ean trang web ch\u00ednh th\u1ee9c c\u1ee7a Nuture.<\/p><div id=\"eJOY__extension_root\" class=\"eJOY__extension_root_class\" style=\"all: unset;\">\u00a0<\/div>\t\t\t\t\t\t\t\t<\/div>\n\t\t\t\t<\/div>\n\t\t\t\t\t<\/div>\n\t\t\t\t<\/div>\n\t\t\t\t<\/div>\n\t\t","protected":false},"excerpt":{"rendered":"<p>\u0110i\u1ec1u kho\u1ea3n v\u00e0 \u0111i\u1ec1u ki\u1ec7n 1. Gi\u1edbi thi\u1ec7u B\u1eb1ng c\u00e1ch \u0111\u0103ng k\u00fd v\u00e0 tham gia c\u00e1c tour du l\u1ecbch do Nuture t\u1ed5 ch\u1ee9c, qu\u00fd kh\u00e1ch \u0111\u1ed3ng \u00fd tu\u00e2n th\u1ee7 c\u00e1c \u0111i\u1ec1u kho\u1ea3n v\u00e0 \u0111i\u1ec1u ki\u1ec7n d\u01b0\u1edbi \u0111\u00e2y. Vui l\u00f2ng \u0111\u1ecdc k\u1ef9 \u0111\u1ec3 hi\u1ec3u r\u00f5 quy\u1ec1n v\u00e0 ngh\u0129a v\u1ee5 c\u1ee7a m\u00ecnh. 2. \u0110\u0103ng k\u00fd v\u00e0 Thanh to\u00e1n \u0110\u1eb7t ch\u1ed7: Vi\u1ec7c \u0111\u1eb7t ch\u1ed7 cho c\u00e1c tour c\u1ea7n \u0111\u01b0\u1ee3c th\u1ef1c hi\u1ec7n tr\u01b0\u1edbc ng\u00e0y kh\u1edfi h\u00e0nh \u00edt nh\u1ea5t 7 ng\u00e0y. \u0110\u1ec3 \u0111\u1ea3m b\u1ea3o ch\u1ed7, qu\u00fd kh\u00e1ch c\u1ea7n cung c\u1ea5p th\u00f4ng tin ch\u00ednh x\u00e1c v\u00e0 thanh to\u00e1n \u0111\u1ea7y \u0111\u1ee7 ho\u1eb7c \u0111\u1eb7t c\u1ecdc theo y\u00eau c\u1ea7u c\u1ee7a Nuture. Thanh to\u00e1n: Qu\u00fd kh\u00e1ch c\u00f3 th\u1ec3 thanh to\u00e1n qua c\u00e1c ph\u01b0\u01a1ng th\u1ee9c tr\u1ef1c tuy\u1ebfn ho\u1eb7c tr\u1ef1c ti\u1ebfp t\u1ea1i v\u0103n ph\u00f2ng c\u1ee7a Nuture. To\u00e0n b\u1ed9 s\u1ed1 ti\u1ec1n ph\u1ea3i \u0111\u01b0\u1ee3c thanh to\u00e1n tr\u01b0\u1edbc khi tour b\u1eaft \u0111\u1ea7u. 3. Ch\u00ednh s\u00e1ch h\u1ee7y b\u1ecf v\u00e0 ho\u00e0n ti\u1ec1n H\u1ee7y tour b\u1edfi kh\u00e1ch h\u00e0ng: N\u1ebfu qu\u00fd kh\u00e1ch h\u1ee7y tour tr\u01b0\u1edbc 10 ng\u00e0y kh\u1edfi h\u00e0nh, ch\u00fang t\u00f4i s\u1ebd ho\u00e0n tr\u1ea3 100% s\u1ed1 ti\u1ec1n \u0111\u00e3 thanh to\u00e1n. H\u1ee7y tour t\u1eeb 5 \u0111\u1ebfn 9 ng\u00e0y tr\u01b0\u1edbc khi kh\u1edfi h\u00e0nh, qu\u00fd kh\u00e1ch s\u1ebd \u0111\u01b0\u1ee3c ho\u00e0n l\u1ea1i 50%. N\u1ebfu h\u1ee7y trong v\u00f2ng 4 ng\u00e0y ho\u1eb7c \u00edt h\u01a1n, ch\u00fang t\u00f4i s\u1ebd kh\u00f4ng ho\u00e0n l\u1ea1i ti\u1ec1n. H\u1ee7y tour b\u1edfi Nuture: Trong tr\u01b0\u1eddng h\u1ee3p tour b\u1ecb h\u1ee7y do \u0111i\u1ec1u ki\u1ec7n th\u1eddi ti\u1ebft x\u1ea5u, c\u00e1c y\u1ebfu t\u1ed1 an to\u00e0n, ho\u1eb7c c\u00e1c l\u00fd do kh\u00e1c ngo\u00e0i t\u1ea7m ki\u1ec3m so\u00e1t c\u1ee7a ch\u00fang t\u00f4i, Nuture s\u1ebd ho\u00e0n l\u1ea1i to\u00e0n b\u1ed9 s\u1ed1 ti\u1ec1n ho\u1eb7c h\u1ed7 tr\u1ee3 qu\u00fd kh\u00e1ch chuy\u1ec3n sang m\u1ed9t ng\u00e0y kh\u00e1c ph\u00f9 h\u1ee3p. 4. Tr\u00e1ch nhi\u1ec7m c\u1ee7a kh\u00e1ch h\u00e0ng S\u1ee9c kh\u1ecfe v\u00e0 th\u1ec3 tr\u1ea1ng: Qu\u00fd kh\u00e1ch c\u1ea7n \u0111\u1ea3m b\u1ea3o r\u1eb1ng m\u00ecnh c\u00f3 \u0111\u1ee7 s\u1ee9c kh\u1ecfe \u0111\u1ec3 tham gia c\u00e1c ho\u1ea1t \u0111\u1ed9ng du l\u1ecbch li\u00ean quan \u0111\u1ebfn bi\u1ec3n. N\u1ebfu c\u00f3 b\u1ea5t k\u1ef3 v\u1ea5n \u0111\u1ec1 y t\u1ebf n\u00e0o, vui l\u00f2ng th\u00f4ng b\u00e1o tr\u01b0\u1edbc v\u1edbi Nuture. Tu\u00e2n th\u1ee7 quy \u0111\u1ecbnh: Trong su\u1ed1t chuy\u1ebfn \u0111i, qu\u00fd kh\u00e1ch c\u1ea7n tu\u00e2n th\u1ee7 c\u00e1c h\u01b0\u1edbng d\u1eabn t\u1eeb h\u01b0\u1edbng d\u1eabn vi\u00ean v\u00e0 nh\u00e2n vi\u00ean c\u1ee7a Nuture \u0111\u1ec3 \u0111\u1ea3m b\u1ea3o an to\u00e0n cho b\u1ea3n th\u00e2n v\u00e0 m\u1ecdi ng\u01b0\u1eddi. 5. Tr\u00e1ch nhi\u1ec7m c\u1ee7a Nuture An to\u00e0n v\u00e0 d\u1ecbch v\u1ee5: Nuture cam k\u1ebft cung c\u1ea5p c\u00e1c d\u1ecbch v\u1ee5 theo \u0111\u00fang m\u00f4 t\u1ea3 v\u00e0 \u0111\u1ea3m b\u1ea3o an to\u00e0n t\u1ed1i \u0111a cho qu\u00fd kh\u00e1ch. Ch\u00fang t\u00f4i s\u1ebd kh\u00f4ng ch\u1ecbu tr\u00e1ch nhi\u1ec7m cho c\u00e1c s\u1ef1 c\u1ed1 x\u1ea3y ra do nguy\u00ean nh\u00e2n ngo\u00e0i t\u1ea7m ki\u1ec3m so\u00e1t, ch\u1eb3ng h\u1ea1n nh\u01b0 thi\u00ean tai, tai n\u1ea1n b\u1ea5t ng\u1edd, ho\u1eb7c h\u00e0nh \u0111\u1ed9ng c\u1ee7a b\u00ean th\u1ee9 ba. B\u1ea3o hi\u1ec3m: Nuture cung c\u1ea5p b\u1ea3o hi\u1ec3m du l\u1ecbch c\u01a1 b\u1ea3n cho t\u1ea5t c\u1ea3 c\u00e1c kh\u00e1ch h\u00e0ng tham gia tour. Tuy nhi\u00ean, qu\u00fd kh\u00e1ch c\u00f3 th\u1ec3 mua th\u00eam b\u1ea3o hi\u1ec3m c\u00e1 nh\u00e2n n\u1ebfu c\u1ea7n thi\u1ebft. 6. Quy\u1ec1n s\u1edf h\u1eefu tr\u00ed tu\u1ec7 To\u00e0n b\u1ed9 n\u1ed9i dung, h\u00ecnh \u1ea3nh v\u00e0 th\u00f4ng tin li\u00ean quan \u0111\u1ebfn c\u00e1c tour du l\u1ecbch c\u1ee7a Nuture \u0111\u1ec1u thu\u1ed9c quy\u1ec1n s\u1edf h\u1eefu tr\u00ed tu\u1ec7 c\u1ee7a c\u00f4ng ty. Vi\u1ec7c sao ch\u00e9p, t\u00e1i s\u1eed d\u1ee5ng ho\u1eb7c ph\u00e2n ph\u1ed1i c\u00e1c t\u00e0i li\u1ec7u n\u00e0y m\u00e0 kh\u00f4ng c\u00f3 s\u1ef1 \u0111\u1ed3ng \u00fd b\u1eb1ng v\u0103n b\u1ea3n t\u1eeb Nuture l\u00e0 vi ph\u1ea1m ph\u00e1p lu\u1eadt. 7. Thay \u0111\u1ed5i v\u00e0 s\u1eeda \u0111\u1ed5i Nuture c\u00f3 quy\u1ec1n thay \u0111\u1ed5i ho\u1eb7c s\u1eeda \u0111\u1ed5i c\u00e1c \u0111i\u1ec1u kho\u1ea3n v\u00e0 \u0111i\u1ec1u ki\u1ec7n n\u00e0y b\u1ea5t k\u1ef3 l\u00fac n\u00e0o m\u00e0 kh\u00f4ng c\u1ea7n th\u00f4ng b\u00e1o tr\u01b0\u1edbc. C\u00e1c thay \u0111\u1ed5i s\u1ebd c\u00f3 hi\u1ec7u l\u1ef1c ngay khi \u0111\u01b0\u1ee3c c\u00f4ng b\u1ed1 tr\u00ean trang web c\u1ee7a Nuture. 8. Li\u00ean h\u1ec7 N\u1ebfu qu\u00fd kh\u00e1ch c\u00f3 b\u1ea5t k\u1ef3 c\u00e2u h\u1ecfi ho\u1eb7c y\u00eau c\u1ea7u h\u1ed7 tr\u1ee3 n\u00e0o, vui l\u00f2ng li\u00ean h\u1ec7 v\u1edbi ch\u00fang t\u00f4i qua email ho\u1eb7c s\u1ed1 \u0111i\u1ec7n tho\u1ea1i \u0111\u01b0\u1ee3c cung c\u1ea5p tr\u00ean trang web ch\u00ednh th\u1ee9c c\u1ee7a Nuture. \u00a0<\/p>\n","protected":false},"author":1,"featured_media":0,"parent":0,"menu_order":0,"comment_status":"closed","ping_status":"closed","template":"","meta":{"footnotes":""},"class_list":["post-49","page","type-page","status-publish","hentry"],"_links":{"self":[{"href":"https:\/\/webchodoanhnghiep.tamkhoa.com\/du-lich-01\/wp-json\/wp\/v2\/pages\/49"}],"collection":[{"href":"https:\/\/webchodoanhnghiep.tamkhoa.com\/du-lich-01\/wp-json\/wp\/v2\/pages"}],"about":[{"href":"https:\/\/webchodoanhnghiep.tamkhoa.com\/du-lich-01\/wp-json\/wp\/v2\/types\/page"}],"author":[{"embeddable":true,"href":"https:\/\/webchodoanhnghiep.tamkhoa.com\/du-lich-01\/wp-json\/wp\/v2\/users\/1"}],"replies":[{"embeddable":true,"href":"https:\/\/webchodoanhnghiep.tamkhoa.com\/du-lich-01\/wp-json\/wp\/v2\/comments?post=49"}],"version-history":[{"count":0,"href":"https:\/\/webchodoanhnghiep.tamkhoa.com\/du-lich-01\/wp-json\/wp\/v2\/pages\/49\/revisions"}],"wp:attachment":[{"href":"https:\/\/webchodoanhnghiep.tamkhoa.com\/du-lich-01\/wp-json\/wp\/v2\/media?parent=49"}],"curies":[{"name":"wp","href":"https:\/\/api.w.org\/{rel}","templated":true}]}}