{"id":50,"date":"2024-08-19T07:12:16","date_gmt":"2024-08-19T07:12:16","guid":{"rendered":"https:\/\/dulich.tamkhoa.com\/du-lich-02\/?page_id=31"},"modified":"2024-08-19T07:12:16","modified_gmt":"2024-08-19T07:12:16","slug":"chinh-sach-quyen-rieng-tu","status":"publish","type":"page","link":"https:\/\/webchodoanhnghiep.tamkhoa.com\/du-lich-01\/chinh-sach-quyen-rieng-tu\/","title":{"rendered":"Ch\u00ednh s\u00e1ch quy\u1ec1n ri\u00eang t\u01b0"},"content":{"rendered":"\t\t<div data-elementor-type=\"wp-page\" data-elementor-id=\"50\" class=\"elementor elementor-50\">\n\t\t\t\t<div class=\"elementor-element elementor-element-318fa2e e-flex e-con-boxed wpr-particle-no wpr-jarallax-no wpr-parallax-no wpr-sticky-section-no wpr-equal-height-no e-con e-parent\" data-id=\"318fa2e\" data-element_type=\"container\" data-e-type=\"container\">\n\t\t\t\t\t<div class=\"e-con-inner\">\n\t\t\t\t\t<\/div>\n\t\t\t\t<\/div>\n\t\t<div class=\"elementor-element elementor-element-7e72a63 e-flex e-con-boxed wpr-particle-no wpr-jarallax-no wpr-parallax-no wpr-sticky-section-no wpr-equal-height-no e-con e-parent\" data-id=\"7e72a63\" data-element_type=\"container\" data-e-type=\"container\">\n\t\t\t\t\t<div class=\"e-con-inner\">\n\t\t\t\t<div class=\"elementor-element elementor-element-255fd86 elementor-widget elementor-widget-text-editor\" data-id=\"255fd86\" data-element_type=\"widget\" data-e-type=\"widget\" data-widget_type=\"text-editor.default\">\n\t\t\t\t<div class=\"elementor-widget-container\">\n\t\t\t\t\t\t\t\t\t<p><strong>1. Gi\u1edbi thi\u1ec7u<\/strong><\/p><p>Nuture cam k\u1ebft b\u1ea3o v\u1ec7 quy\u1ec1n ri\u00eang t\u01b0 v\u00e0 th\u00f4ng tin c\u00e1 nh\u00e2n c\u1ee7a qu\u00fd kh\u00e1ch. Ch\u00ednh s\u00e1ch quy\u1ec1n ri\u00eang t\u01b0 n\u00e0y gi\u1ea3i th\u00edch c\u00e1ch ch\u00fang t\u00f4i thu th\u1eadp, s\u1eed d\u1ee5ng, v\u00e0 b\u1ea3o v\u1ec7 th\u00f4ng tin c\u1ee7a qu\u00fd kh\u00e1ch khi s\u1eed d\u1ee5ng d\u1ecbch v\u1ee5 c\u1ee7a Nuture.<\/p><p><strong>2. Th\u00f4ng tin ch\u00fang t\u00f4i thu th\u1eadp<\/strong><\/p><ul><li><strong>Th\u00f4ng tin c\u00e1 nh\u00e2n:<\/strong> Khi qu\u00fd kh\u00e1ch \u0111\u0103ng k\u00fd tour ho\u1eb7c s\u1eed d\u1ee5ng c\u00e1c d\u1ecbch v\u1ee5 c\u1ee7a Nuture, ch\u00fang t\u00f4i c\u00f3 th\u1ec3 y\u00eau c\u1ea7u c\u00e1c th\u00f4ng tin nh\u01b0 t\u00ean, \u0111\u1ecba ch\u1ec9 email, s\u1ed1 \u0111i\u1ec7n tho\u1ea1i, \u0111\u1ecba ch\u1ec9 c\u01b0 tr\u00fa, v\u00e0 th\u00f4ng tin thanh to\u00e1n.<\/li><li><strong>Th\u00f4ng tin t\u1ef1 \u0111\u1ed9ng:<\/strong> Ch\u00fang t\u00f4i c\u00f3 th\u1ec3 thu th\u1eadp m\u1ed9t s\u1ed1 th\u00f4ng tin t\u1ef1 \u0111\u1ed9ng khi qu\u00fd kh\u00e1ch truy c\u1eadp trang web c\u1ee7a Nuture, bao g\u1ed3m \u0111\u1ecba ch\u1ec9 IP, lo\u1ea1i tr\u00ecnh duy\u1ec7t, th\u1eddi gian truy c\u1eadp, v\u00e0 c\u00e1c trang \u0111\u00e3 xem.<\/li><\/ul><p><strong>3. M\u1ee5c \u0111\u00edch s\u1eed d\u1ee5ng th\u00f4ng tin<\/strong><\/p><p>Th\u00f4ng tin c\u00e1 nh\u00e2n c\u1ee7a qu\u00fd kh\u00e1ch s\u1ebd \u0111\u01b0\u1ee3c s\u1eed d\u1ee5ng cho c\u00e1c m\u1ee5c \u0111\u00edch sau:<\/p><ul><li><strong>X\u1eed l\u00fd v\u00e0 qu\u1ea3n l\u00fd \u0111\u1eb7t ch\u1ed7:<\/strong> Th\u00f4ng tin c\u00e1 nh\u00e2n \u0111\u01b0\u1ee3c s\u1eed d\u1ee5ng \u0111\u1ec3 x\u1eed l\u00fd c\u00e1c y\u00eau c\u1ea7u \u0111\u1eb7t ch\u1ed7, x\u00e1c nh\u1eadn v\u00e0 li\u00ean l\u1ea1c v\u1edbi qu\u00fd kh\u00e1ch v\u1ec1 chuy\u1ebfn \u0111i.<\/li><li><strong>C\u1ea3i thi\u1ec7n d\u1ecbch v\u1ee5:<\/strong> Ch\u00fang t\u00f4i s\u1eed d\u1ee5ng th\u00f4ng tin \u0111\u1ec3 hi\u1ec3u r\u00f5 nhu c\u1ea7u c\u1ee7a qu\u00fd kh\u00e1ch v\u00e0 c\u1ea3i thi\u1ec7n ch\u1ea5t l\u01b0\u1ee3ng d\u1ecbch v\u1ee5 c\u1ee7a Nuture.<\/li><li><strong>G\u1eedi th\u00f4ng tin khuy\u1ebfn m\u00e3i:<\/strong> V\u1edbi s\u1ef1 \u0111\u1ed3ng \u00fd c\u1ee7a qu\u00fd kh\u00e1ch, ch\u00fang t\u00f4i c\u00f3 th\u1ec3 g\u1eedi c\u00e1c th\u00f4ng b\u00e1o v\u1ec1 khuy\u1ebfn m\u00e3i, \u01b0u \u0111\u00e3i v\u00e0 c\u00e1c ch\u01b0\u01a1ng tr\u00ecnh m\u1edbi qua email ho\u1eb7c tin nh\u1eafn.<\/li><\/ul><p><strong>4. B\u1ea3o v\u1ec7 th\u00f4ng tin c\u00e1 nh\u00e2n<\/strong><\/p><p>Nuture \u00e1p d\u1ee5ng c\u00e1c bi\u1ec7n ph\u00e1p b\u1ea3o m\u1eadt c\u1ea7n thi\u1ebft \u0111\u1ec3 b\u1ea3o v\u1ec7 th\u00f4ng tin c\u00e1 nh\u00e2n c\u1ee7a qu\u00fd kh\u00e1ch kh\u1ecfi s\u1ef1 truy c\u1eadp tr\u00e1i ph\u00e9p, m\u1ea5t m\u00e1t ho\u1eb7c r\u00f2 r\u1ec9. C\u00e1c th\u00f4ng tin thanh to\u00e1n \u0111\u01b0\u1ee3c m\u00e3 h\u00f3a v\u00e0 l\u01b0u tr\u1eef m\u1ed9t c\u00e1ch an to\u00e0n.<\/p><p><strong>5. Chia s\u1ebb th\u00f4ng tin<\/strong><\/p><p>Nuture kh\u00f4ng chia s\u1ebb th\u00f4ng tin c\u00e1 nh\u00e2n c\u1ee7a qu\u00fd kh\u00e1ch v\u1edbi b\u1ea5t k\u1ef3 b\u00ean th\u1ee9 ba n\u00e0o, tr\u1eeb c\u00e1c tr\u01b0\u1eddng h\u1ee3p sau:<\/p><ul><li><strong>Nh\u00e0 cung c\u1ea5p d\u1ecbch v\u1ee5:<\/strong> Ch\u00fang t\u00f4i c\u00f3 th\u1ec3 chia s\u1ebb th\u00f4ng tin v\u1edbi c\u00e1c \u0111\u1ed1i t\u00e1c ho\u1eb7c nh\u00e0 cung c\u1ea5p d\u1ecbch v\u1ee5 li\u00ean quan tr\u1ef1c ti\u1ebfp \u0111\u1ebfn vi\u1ec7c cung c\u1ea5p tour, nh\u01b0 c\u00f4ng ty v\u1eadn chuy\u1ec3n ho\u1eb7c kh\u00e1ch s\u1ea1n.<\/li><li><strong>Y\u00eau c\u1ea7u ph\u00e1p l\u00fd:<\/strong> Trong tr\u01b0\u1eddng h\u1ee3p c\u1ea7n thi\u1ebft, ch\u00fang t\u00f4i c\u00f3 th\u1ec3 cung c\u1ea5p th\u00f4ng tin c\u00e1 nh\u00e2n theo y\u00eau c\u1ea7u c\u1ee7a ph\u00e1p lu\u1eadt ho\u1eb7c c\u01a1 quan ch\u1ee9c n\u0103ng.<\/li><\/ul><p><strong>6. Quy\u1ec1n c\u1ee7a qu\u00fd kh\u00e1ch<\/strong><\/p><p>Qu\u00fd kh\u00e1ch c\u00f3 quy\u1ec1n truy c\u1eadp, s\u1eeda \u0111\u1ed5i, ho\u1eb7c y\u00eau c\u1ea7u x\u00f3a th\u00f4ng tin c\u00e1 nh\u00e2n m\u00e0 ch\u00fang t\u00f4i l\u01b0u tr\u1eef. N\u1ebfu qu\u00fd kh\u00e1ch mu\u1ed1n th\u1ef1c hi\u1ec7n c\u00e1c quy\u1ec1n n\u00e0y, vui l\u00f2ng li\u00ean h\u1ec7 v\u1edbi Nuture qua th\u00f4ng tin li\u00ean l\u1ea1c \u0111\u01b0\u1ee3c cung c\u1ea5p.<\/p><p><strong>7. Cookies v\u00e0 c\u00f4ng ngh\u1ec7 theo d\u00f5i<\/strong><\/p><p>Trang web c\u1ee7a Nuture c\u00f3 th\u1ec3 s\u1eed d\u1ee5ng cookies v\u00e0 c\u00e1c c\u00f4ng ngh\u1ec7 theo d\u00f5i kh\u00e1c \u0111\u1ec3 thu th\u1eadp th\u00f4ng tin v\u1ec1 ho\u1ea1t \u0111\u1ed9ng tr\u1ef1c tuy\u1ebfn c\u1ee7a qu\u00fd kh\u00e1ch, nh\u1eb1m c\u00e1 nh\u00e2n h\u00f3a tr\u1ea3i nghi\u1ec7m v\u00e0 c\u1ea3i thi\u1ec7n d\u1ecbch v\u1ee5. Qu\u00fd kh\u00e1ch c\u00f3 th\u1ec3 t\u00f9y ch\u1ec9nh c\u00e0i \u0111\u1eb7t tr\u00ecnh duy\u1ec7t \u0111\u1ec3 t\u1eeb ch\u1ed1i cookies n\u1ebfu mu\u1ed1n.<\/p><p><strong>8. Thay \u0111\u1ed5i ch\u00ednh s\u00e1ch<\/strong><\/p><p>Ch\u00ednh s\u00e1ch quy\u1ec1n ri\u00eang t\u01b0 n\u00e0y c\u00f3 th\u1ec3 \u0111\u01b0\u1ee3c c\u1eadp nh\u1eadt \u0111\u1ecbnh k\u1ef3 \u0111\u1ec3 ph\u1ea3n \u00e1nh c\u00e1c thay \u0111\u1ed5i trong ho\u1ea1t \u0111\u1ed9ng c\u1ee7a Nuture ho\u1eb7c y\u00eau c\u1ea7u ph\u00e1p lu\u1eadt. Ch\u00fang t\u00f4i s\u1ebd th\u00f4ng b\u00e1o cho qu\u00fd kh\u00e1ch v\u1ec1 c\u00e1c thay \u0111\u1ed5i b\u1eb1ng c\u00e1ch c\u1eadp nh\u1eadt ch\u00ednh s\u00e1ch tr\u00ean trang web.<\/p><p><strong>9. Li\u00ean h\u1ec7<\/strong><\/p><p>N\u1ebfu qu\u00fd kh\u00e1ch c\u00f3 b\u1ea5t k\u1ef3 th\u1eafc m\u1eafc n\u00e0o li\u00ean quan \u0111\u1ebfn ch\u00ednh s\u00e1ch quy\u1ec1n ri\u00eang t\u01b0, xin vui l\u00f2ng li\u00ean h\u1ec7 v\u1edbi ch\u00fang t\u00f4i qua email ho\u1eb7c s\u1ed1 \u0111i\u1ec7n tho\u1ea1i \u0111\u01b0\u1ee3c cung c\u1ea5p tr\u00ean trang web c\u1ee7a Nuture.<\/p>\t\t\t\t\t\t\t\t<\/div>\n\t\t\t\t<\/div>\n\t\t\t\t\t<\/div>\n\t\t\t\t<\/div>\n\t\t\t\t<\/div>\n\t\t","protected":false},"excerpt":{"rendered":"<p>Ch\u00ednh s\u00e1ch quy\u1ec1n ri\u00eang t\u01b0 1. Gi\u1edbi thi\u1ec7u Nuture cam k\u1ebft b\u1ea3o v\u1ec7 quy\u1ec1n ri\u00eang t\u01b0 v\u00e0 th\u00f4ng tin c\u00e1 nh\u00e2n c\u1ee7a qu\u00fd kh\u00e1ch. Ch\u00ednh s\u00e1ch quy\u1ec1n ri\u00eang t\u01b0 n\u00e0y gi\u1ea3i th\u00edch c\u00e1ch ch\u00fang t\u00f4i thu th\u1eadp, s\u1eed d\u1ee5ng, v\u00e0 b\u1ea3o v\u1ec7 th\u00f4ng tin c\u1ee7a qu\u00fd kh\u00e1ch khi s\u1eed d\u1ee5ng d\u1ecbch v\u1ee5 c\u1ee7a Nuture. 2. Th\u00f4ng tin ch\u00fang t\u00f4i thu th\u1eadp Th\u00f4ng tin c\u00e1 nh\u00e2n: Khi qu\u00fd kh\u00e1ch \u0111\u0103ng k\u00fd tour ho\u1eb7c s\u1eed d\u1ee5ng c\u00e1c d\u1ecbch v\u1ee5 c\u1ee7a Nuture, ch\u00fang t\u00f4i c\u00f3 th\u1ec3 y\u00eau c\u1ea7u c\u00e1c th\u00f4ng tin nh\u01b0 t\u00ean, \u0111\u1ecba ch\u1ec9 email, s\u1ed1 \u0111i\u1ec7n tho\u1ea1i, \u0111\u1ecba ch\u1ec9 c\u01b0 tr\u00fa, v\u00e0 th\u00f4ng tin thanh to\u00e1n. Th\u00f4ng tin t\u1ef1 \u0111\u1ed9ng: Ch\u00fang t\u00f4i c\u00f3 th\u1ec3 thu th\u1eadp m\u1ed9t s\u1ed1 th\u00f4ng tin t\u1ef1 \u0111\u1ed9ng khi qu\u00fd kh\u00e1ch truy c\u1eadp trang web c\u1ee7a Nuture, bao g\u1ed3m \u0111\u1ecba ch\u1ec9 IP, lo\u1ea1i tr\u00ecnh duy\u1ec7t, th\u1eddi gian truy c\u1eadp, v\u00e0 c\u00e1c trang \u0111\u00e3 xem. 3. M\u1ee5c \u0111\u00edch s\u1eed d\u1ee5ng th\u00f4ng tin Th\u00f4ng tin c\u00e1 nh\u00e2n c\u1ee7a qu\u00fd kh\u00e1ch s\u1ebd \u0111\u01b0\u1ee3c s\u1eed d\u1ee5ng cho c\u00e1c m\u1ee5c \u0111\u00edch sau: X\u1eed l\u00fd v\u00e0 qu\u1ea3n l\u00fd \u0111\u1eb7t ch\u1ed7: Th\u00f4ng tin c\u00e1 nh\u00e2n \u0111\u01b0\u1ee3c s\u1eed d\u1ee5ng \u0111\u1ec3 x\u1eed l\u00fd c\u00e1c y\u00eau c\u1ea7u \u0111\u1eb7t ch\u1ed7, x\u00e1c nh\u1eadn v\u00e0 li\u00ean l\u1ea1c v\u1edbi qu\u00fd kh\u00e1ch v\u1ec1 chuy\u1ebfn \u0111i. C\u1ea3i thi\u1ec7n d\u1ecbch v\u1ee5: Ch\u00fang t\u00f4i s\u1eed d\u1ee5ng th\u00f4ng tin \u0111\u1ec3 hi\u1ec3u r\u00f5 nhu c\u1ea7u c\u1ee7a qu\u00fd kh\u00e1ch v\u00e0 c\u1ea3i thi\u1ec7n ch\u1ea5t l\u01b0\u1ee3ng d\u1ecbch v\u1ee5 c\u1ee7a Nuture. G\u1eedi th\u00f4ng tin khuy\u1ebfn m\u00e3i: V\u1edbi s\u1ef1 \u0111\u1ed3ng \u00fd c\u1ee7a qu\u00fd kh\u00e1ch, ch\u00fang t\u00f4i c\u00f3 th\u1ec3 g\u1eedi c\u00e1c th\u00f4ng b\u00e1o v\u1ec1 khuy\u1ebfn m\u00e3i, \u01b0u \u0111\u00e3i v\u00e0 c\u00e1c ch\u01b0\u01a1ng tr\u00ecnh m\u1edbi qua email ho\u1eb7c tin nh\u1eafn. 4. B\u1ea3o v\u1ec7 th\u00f4ng tin c\u00e1 nh\u00e2n Nuture \u00e1p d\u1ee5ng c\u00e1c bi\u1ec7n ph\u00e1p b\u1ea3o m\u1eadt c\u1ea7n thi\u1ebft \u0111\u1ec3 b\u1ea3o v\u1ec7 th\u00f4ng tin c\u00e1 nh\u00e2n c\u1ee7a qu\u00fd kh\u00e1ch kh\u1ecfi s\u1ef1 truy c\u1eadp tr\u00e1i ph\u00e9p, m\u1ea5t m\u00e1t ho\u1eb7c r\u00f2 r\u1ec9. C\u00e1c th\u00f4ng tin thanh to\u00e1n \u0111\u01b0\u1ee3c m\u00e3 h\u00f3a v\u00e0 l\u01b0u tr\u1eef m\u1ed9t c\u00e1ch an to\u00e0n. 5. Chia s\u1ebb th\u00f4ng tin Nuture kh\u00f4ng chia s\u1ebb th\u00f4ng tin c\u00e1 nh\u00e2n c\u1ee7a qu\u00fd kh\u00e1ch v\u1edbi b\u1ea5t k\u1ef3 b\u00ean th\u1ee9 ba n\u00e0o, tr\u1eeb c\u00e1c tr\u01b0\u1eddng h\u1ee3p sau: Nh\u00e0 cung c\u1ea5p d\u1ecbch v\u1ee5: Ch\u00fang t\u00f4i c\u00f3 th\u1ec3 chia s\u1ebb th\u00f4ng tin v\u1edbi c\u00e1c \u0111\u1ed1i t\u00e1c ho\u1eb7c nh\u00e0 cung c\u1ea5p d\u1ecbch v\u1ee5 li\u00ean quan tr\u1ef1c ti\u1ebfp \u0111\u1ebfn vi\u1ec7c cung c\u1ea5p tour, nh\u01b0 c\u00f4ng ty v\u1eadn chuy\u1ec3n ho\u1eb7c kh\u00e1ch s\u1ea1n. Y\u00eau c\u1ea7u ph\u00e1p l\u00fd: Trong tr\u01b0\u1eddng h\u1ee3p c\u1ea7n thi\u1ebft, ch\u00fang t\u00f4i c\u00f3 th\u1ec3 cung c\u1ea5p th\u00f4ng tin c\u00e1 nh\u00e2n theo y\u00eau c\u1ea7u c\u1ee7a ph\u00e1p lu\u1eadt ho\u1eb7c c\u01a1 quan ch\u1ee9c n\u0103ng. 6. Quy\u1ec1n c\u1ee7a qu\u00fd kh\u00e1ch Qu\u00fd kh\u00e1ch c\u00f3 quy\u1ec1n truy c\u1eadp, s\u1eeda \u0111\u1ed5i, ho\u1eb7c y\u00eau c\u1ea7u x\u00f3a th\u00f4ng tin c\u00e1 nh\u00e2n m\u00e0 ch\u00fang t\u00f4i l\u01b0u tr\u1eef. N\u1ebfu qu\u00fd kh\u00e1ch mu\u1ed1n th\u1ef1c hi\u1ec7n c\u00e1c quy\u1ec1n n\u00e0y, vui l\u00f2ng li\u00ean h\u1ec7 v\u1edbi Nuture qua th\u00f4ng tin li\u00ean l\u1ea1c \u0111\u01b0\u1ee3c cung c\u1ea5p. 7. Cookies v\u00e0 c\u00f4ng ngh\u1ec7 theo d\u00f5i Trang web c\u1ee7a Nuture c\u00f3 th\u1ec3 s\u1eed d\u1ee5ng cookies v\u00e0 c\u00e1c c\u00f4ng ngh\u1ec7 theo d\u00f5i kh\u00e1c \u0111\u1ec3 thu th\u1eadp th\u00f4ng tin v\u1ec1 ho\u1ea1t \u0111\u1ed9ng tr\u1ef1c tuy\u1ebfn c\u1ee7a qu\u00fd kh\u00e1ch, nh\u1eb1m c\u00e1 nh\u00e2n h\u00f3a tr\u1ea3i nghi\u1ec7m v\u00e0 c\u1ea3i thi\u1ec7n d\u1ecbch v\u1ee5. Qu\u00fd kh\u00e1ch c\u00f3 th\u1ec3 t\u00f9y ch\u1ec9nh c\u00e0i \u0111\u1eb7t tr\u00ecnh duy\u1ec7t \u0111\u1ec3 t\u1eeb ch\u1ed1i cookies n\u1ebfu mu\u1ed1n. 8. Thay \u0111\u1ed5i ch\u00ednh s\u00e1ch Ch\u00ednh s\u00e1ch quy\u1ec1n ri\u00eang t\u01b0 n\u00e0y c\u00f3 th\u1ec3 \u0111\u01b0\u1ee3c c\u1eadp nh\u1eadt \u0111\u1ecbnh k\u1ef3 \u0111\u1ec3 ph\u1ea3n \u00e1nh c\u00e1c thay \u0111\u1ed5i trong ho\u1ea1t \u0111\u1ed9ng c\u1ee7a Nuture ho\u1eb7c y\u00eau c\u1ea7u ph\u00e1p lu\u1eadt. Ch\u00fang t\u00f4i s\u1ebd th\u00f4ng b\u00e1o cho qu\u00fd kh\u00e1ch v\u1ec1 c\u00e1c thay \u0111\u1ed5i b\u1eb1ng c\u00e1ch c\u1eadp nh\u1eadt ch\u00ednh s\u00e1ch tr\u00ean trang web. 9. Li\u00ean h\u1ec7 N\u1ebfu qu\u00fd kh\u00e1ch c\u00f3 b\u1ea5t k\u1ef3 th\u1eafc m\u1eafc n\u00e0o li\u00ean quan \u0111\u1ebfn ch\u00ednh s\u00e1ch quy\u1ec1n ri\u00eang t\u01b0, xin vui l\u00f2ng li\u00ean h\u1ec7 v\u1edbi ch\u00fang t\u00f4i qua email ho\u1eb7c s\u1ed1 \u0111i\u1ec7n tho\u1ea1i \u0111\u01b0\u1ee3c cung c\u1ea5p tr\u00ean trang web c\u1ee7a Nuture.<\/p>\n","protected":false},"author":1,"featured_media":0,"parent":0,"menu_order":0,"comment_status":"closed","ping_status":"closed","template":"","meta":{"footnotes":""},"class_list":["post-50","page","type-page","status-publish","hentry"],"_links":{"self":[{"href":"https:\/\/webchodoanhnghiep.tamkhoa.com\/du-lich-01\/wp-json\/wp\/v2\/pages\/50"}],"collection":[{"href":"https:\/\/webchodoanhnghiep.tamkhoa.com\/du-lich-01\/wp-json\/wp\/v2\/pages"}],"about":[{"href":"https:\/\/webchodoanhnghiep.tamkhoa.com\/du-lich-01\/wp-json\/wp\/v2\/types\/page"}],"author":[{"embeddable":true,"href":"https:\/\/webchodoanhnghiep.tamkhoa.com\/du-lich-01\/wp-json\/wp\/v2\/users\/1"}],"replies":[{"embeddable":true,"href":"https:\/\/webchodoanhnghiep.tamkhoa.com\/du-lich-01\/wp-json\/wp\/v2\/comments?post=50"}],"version-history":[{"count":0,"href":"https:\/\/webchodoanhnghiep.tamkhoa.com\/du-lich-01\/wp-json\/wp\/v2\/pages\/50\/revisions"}],"wp:attachment":[{"href":"https:\/\/webchodoanhnghiep.tamkhoa.com\/du-lich-01\/wp-json\/wp\/v2\/media?parent=50"}],"curies":[{"name":"wp","href":"https:\/\/api.w.org\/{rel}","templated":true}]}}