{"id":8,"date":"2024-10-07T03:07:50","date_gmt":"2024-10-07T03:07:50","guid":{"rendered":"http:\/\/webchodoanhnghiep2.tamkhoa.com\/du-lich-01\/cart\/"},"modified":"2024-10-07T04:04:35","modified_gmt":"2024-10-07T04:04:35","slug":"cart","status":"publish","type":"page","link":"https:\/\/webchodoanhnghiep.tamkhoa.com\/du-lich-01\/cart\/","title":{"rendered":"Cart"},"content":{"rendered":"<div data-block-name=\"woocommerce\/cart\" class=\"wp-block-woocommerce-cart alignwide is-loading\"><div data-block-name=\"woocommerce\/filled-cart-block\" class=\"wp-block-woocommerce-filled-cart-block\"><div data-block-name=\"woocommerce\/cart-items-block\" class=\"wp-block-woocommerce-cart-items-block\"><div data-block-name=\"woocommerce\/cart-line-items-block\" class=\"wp-block-woocommerce-cart-line-items-block\"><\/div>\n\n<div data-block-name=\"woocommerce\/cart-cross-sells-block\" class=\"wp-block-woocommerce-cart-cross-sells-block\"><h2 class=\"wp-block-heading has-large-font-size\">You may be interested in\u2026<\/h2>\n\n<div data-block-name=\"woocommerce\/cart-cross-sells-products-block\" class=\"wp-block-woocommerce-cart-cross-sells-products-block\"><\/div><\/div><\/div>\n\n<div data-block-name=\"woocommerce\/cart-totals-block\" class=\"wp-block-woocommerce-cart-totals-block\"><div data-block-name=\"woocommerce\/cart-order-summary-block\" class=\"wp-block-woocommerce-cart-order-summary-block\"><div data-block-name=\"woocommerce\/cart-order-summary-heading-block\" class=\"wp-block-woocommerce-cart-order-summary-heading-block\"><\/div><div data-block-name=\"woocommerce\/cart-order-summary-coupon-form-block\" class=\"wp-block-woocommerce-cart-order-summary-coupon-form-block\"><\/div><div data-block-name=\"woocommerce\/cart-order-summary-totals-block\" class=\"wp-block-woocommerce-cart-order-summary-totals-block\">\n<div data-block-name=\"woocommerce\/cart-order-summary-subtotal-block\" class=\"wp-block-woocommerce-cart-order-summary-subtotal-block\"><\/div>\n<div data-block-name=\"woocommerce\/cart-order-summary-discount-block\" class=\"wp-block-woocommerce-cart-order-summary-discount-block\"><\/div>\n<div data-block-name=\"woocommerce\/cart-order-summary-fee-block\" class=\"wp-block-woocommerce-cart-order-summary-fee-block\"><\/div>\n<div data-block-name=\"woocommerce\/cart-order-summary-shipping-block\" class=\"wp-block-woocommerce-cart-order-summary-shipping-block\"><\/div>\n<div data-block-name=\"woocommerce\/cart-order-summary-taxes-block\" class=\"wp-block-woocommerce-cart-order-summary-taxes-block\"><\/div><\/div><\/div>\n\n<div data-block-name=\"woocommerce\/cart-express-payment-block\" class=\"wp-block-woocommerce-cart-express-payment-block\"><\/div>\n\n<div data-block-name=\"woocommerce\/proceed-to-checkout-block\" class=\"wp-block-woocommerce-proceed-to-checkout-block\"><\/div>\n\n<div data-block-name=\"woocommerce\/cart-accepted-payment-methods-block\" class=\"wp-block-woocommerce-cart-accepted-payment-methods-block\"><\/div><\/div><\/div>\n\n<div data-block-name=\"woocommerce\/empty-cart-block\" class=\"wp-block-woocommerce-empty-cart-block\"><h2 class=\"wp-block-heading has-text-align-center with-empty-cart-icon wc-block-cart__empty-cart__title\">Your cart is currently empty!<\/h2>\n\n<hr class=\"wp-block-separator has-alpha-channel-opacity is-style-dots\"\/>\n\n<h2 class=\"wp-block-heading has-text-align-center\">New in store<\/h2>\n\n<div data-block-name=\"woocommerce\/product-new\" data-columns=\"4\" data-rows=\"1\" class=\"wc-block-grid wp-block-product-new wp-block-woocommerce-product-new wc-block-product-new has-4-columns\"><ul class=\"wc-block-grid__products\"><li class=\"wc-block-grid__product\">\n\t\t\t\t<a href=\"https:\/\/webchodoanhnghiep.tamkhoa.com\/du-lich-01\/product\/hanh-trinh-den-vuong-quoc-ca-map-dlc-hoi-ket\/\" class=\"wc-block-grid__product-link\">\n\t\t\t\t\t\n\t\t\t\t\t<div class=\"wc-block-grid__product-image\"><img fetchpriority=\"high\" decoding=\"async\" width=\"300\" height=\"300\" src=\"https:\/\/webchodoanhnghiep.tamkhoa.com\/du-lich-01\/wp-content\/uploads\/sites\/2\/2024\/10\/pexels-wwarby-19613766-300x300.webp\" class=\"attachment-woocommerce_thumbnail size-woocommerce_thumbnail\" alt=\"H\u00e0nh tr\u00ecnh \u0111\u1ebfn v\u01b0\u01a1ng qu\u1ed1c C\u00e1 M\u1eadp - DLC - H\u1ed3i k\u1ebft\" srcset=\"https:\/\/webchodoanhnghiep.tamkhoa.com\/du-lich-01\/wp-content\/uploads\/sites\/2\/2024\/10\/pexels-wwarby-19613766-300x300.webp 300w, https:\/\/webchodoanhnghiep.tamkhoa.com\/du-lich-01\/wp-content\/uploads\/sites\/2\/2024\/10\/pexels-wwarby-19613766-150x150.webp 150w, https:\/\/webchodoanhnghiep.tamkhoa.com\/du-lich-01\/wp-content\/uploads\/sites\/2\/2024\/10\/pexels-wwarby-19613766-600x600.webp 600w, https:\/\/webchodoanhnghiep.tamkhoa.com\/du-lich-01\/wp-content\/uploads\/sites\/2\/2024\/10\/pexels-wwarby-19613766-100x100.webp 100w\" sizes=\"(max-width: 300px) 100vw, 300px\" \/><\/div>\n\t\t\t\t\t<div class=\"wc-block-grid__product-title\">H\u00e0nh tr\u00ecnh \u0111\u1ebfn v\u01b0\u01a1ng qu\u1ed1c C\u00e1 M\u1eadp &#8211; DLC &#8211; H\u1ed3i k\u1ebft<\/div>\n\t\t\t\t<\/a>\n\t\t\t\t<div class=\"wc-block-grid__product-price price\"><span class=\"woocommerce-Price-amount amount\">150.000.000&nbsp;<span class=\"woocommerce-Price-currencySymbol\">&#8363;<\/span><\/span><\/div>\n\t\t\t\t\n\t\t\t\t<div class=\"wp-block-button wc-block-grid__product-add-to-cart\"><a href=\"?add-to-cart=480\" aria-label=\"Th\u00eam v\u00e0o gi\u1ecf h\u00e0ng: &ldquo;H\u00e0nh tr\u00ecnh \u0111\u1ebfn v\u01b0\u01a1ng qu\u1ed1c C\u00e1 M\u1eadp - DLC - H\u1ed3i k\u1ebft&rdquo;\" data-quantity=\"1\" data-product_id=\"480\" data-product_sku=\"\" data-price=\"150000000\" rel=\"nofollow\" class=\"wp-block-button__link  add_to_cart_button ajax_add_to_cart\">Th\u00eam v\u00e0o gi\u1ecf h\u00e0ng<\/a><\/div>\n\t\t\t<\/li><li class=\"wc-block-grid__product\">\n\t\t\t\t<a href=\"https:\/\/webchodoanhnghiep.tamkhoa.com\/du-lich-01\/product\/hanh-trinh-den-vuong-quoc-ca-map-dlc-van-con-sao\/\" class=\"wc-block-grid__product-link\">\n\t\t\t\t\t\n\t\t\t\t\t<div class=\"wc-block-grid__product-image\"><img decoding=\"async\" width=\"300\" height=\"300\" src=\"https:\/\/webchodoanhnghiep.tamkhoa.com\/du-lich-01\/wp-content\/uploads\/sites\/2\/2024\/10\/pexels-walter-torres-198852755-11533264-300x300.webp\" class=\"attachment-woocommerce_thumbnail size-woocommerce_thumbnail\" alt=\"H\u00e0nh tr\u00ecnh \u0111\u1ebfn v\u01b0\u01a1ng qu\u1ed1c C\u00e1 M\u1eadp - DLC - V\u1eabn c\u00f2n sao?\" srcset=\"https:\/\/webchodoanhnghiep.tamkhoa.com\/du-lich-01\/wp-content\/uploads\/sites\/2\/2024\/10\/pexels-walter-torres-198852755-11533264-300x300.webp 300w, https:\/\/webchodoanhnghiep.tamkhoa.com\/du-lich-01\/wp-content\/uploads\/sites\/2\/2024\/10\/pexels-walter-torres-198852755-11533264-150x150.webp 150w, https:\/\/webchodoanhnghiep.tamkhoa.com\/du-lich-01\/wp-content\/uploads\/sites\/2\/2024\/10\/pexels-walter-torres-198852755-11533264-600x600.webp 600w, https:\/\/webchodoanhnghiep.tamkhoa.com\/du-lich-01\/wp-content\/uploads\/sites\/2\/2024\/10\/pexels-walter-torres-198852755-11533264-100x100.webp 100w\" sizes=\"(max-width: 300px) 100vw, 300px\" \/><\/div>\n\t\t\t\t\t<div class=\"wc-block-grid__product-title\">H\u00e0nh tr\u00ecnh \u0111\u1ebfn v\u01b0\u01a1ng qu\u1ed1c C\u00e1 M\u1eadp &#8211; DLC &#8211; V\u1eabn c\u00f2n sao?<\/div>\n\t\t\t\t<\/a>\n\t\t\t\t<div class=\"wc-block-grid__product-price price\"><span class=\"woocommerce-Price-amount amount\">150.000.000&nbsp;<span class=\"woocommerce-Price-currencySymbol\">&#8363;<\/span><\/span><\/div>\n\t\t\t\t\n\t\t\t\t<div class=\"wp-block-button wc-block-grid__product-add-to-cart\"><a href=\"?add-to-cart=434\" aria-label=\"Th\u00eam v\u00e0o gi\u1ecf h\u00e0ng: &ldquo;H\u00e0nh tr\u00ecnh \u0111\u1ebfn v\u01b0\u01a1ng qu\u1ed1c C\u00e1 M\u1eadp - DLC - V\u1eabn c\u00f2n sao?&rdquo;\" data-quantity=\"1\" data-product_id=\"434\" data-product_sku=\"\" data-price=\"150000000\" rel=\"nofollow\" class=\"wp-block-button__link  add_to_cart_button ajax_add_to_cart\">Th\u00eam v\u00e0o gi\u1ecf h\u00e0ng<\/a><\/div>\n\t\t\t<\/li><li class=\"wc-block-grid__product\">\n\t\t\t\t<a href=\"https:\/\/webchodoanhnghiep.tamkhoa.com\/du-lich-01\/product\/hanh-trinh-den-vuong-quoc-ca-map-dlc-vo-tan\/\" class=\"wc-block-grid__product-link\">\n\t\t\t\t\t\n\t\t\t\t\t<div class=\"wc-block-grid__product-image\"><img decoding=\"async\" width=\"300\" height=\"300\" src=\"https:\/\/webchodoanhnghiep.tamkhoa.com\/du-lich-01\/wp-content\/uploads\/sites\/2\/2024\/10\/pexels-magda-ehlers-pexels-2832641-300x300.webp\" class=\"attachment-woocommerce_thumbnail size-woocommerce_thumbnail\" alt=\"H\u00e0nh tr\u00ecnh \u0111\u1ebfn v\u01b0\u01a1ng qu\u1ed1c C\u00e1 M\u1eadp - DLC - V\u00f4 t\u1eadn\" srcset=\"https:\/\/webchodoanhnghiep.tamkhoa.com\/du-lich-01\/wp-content\/uploads\/sites\/2\/2024\/10\/pexels-magda-ehlers-pexels-2832641-300x300.webp 300w, https:\/\/webchodoanhnghiep.tamkhoa.com\/du-lich-01\/wp-content\/uploads\/sites\/2\/2024\/10\/pexels-magda-ehlers-pexels-2832641-150x150.webp 150w, https:\/\/webchodoanhnghiep.tamkhoa.com\/du-lich-01\/wp-content\/uploads\/sites\/2\/2024\/10\/pexels-magda-ehlers-pexels-2832641-600x600.webp 600w, https:\/\/webchodoanhnghiep.tamkhoa.com\/du-lich-01\/wp-content\/uploads\/sites\/2\/2024\/10\/pexels-magda-ehlers-pexels-2832641-100x100.webp 100w\" sizes=\"(max-width: 300px) 100vw, 300px\" \/><\/div>\n\t\t\t\t\t<div class=\"wc-block-grid__product-title\">H\u00e0nh tr\u00ecnh \u0111\u1ebfn v\u01b0\u01a1ng qu\u1ed1c C\u00e1 M\u1eadp &#8211; DLC &#8211; V\u00f4 t\u1eadn<\/div>\n\t\t\t\t<\/a>\n\t\t\t\t<div class=\"wc-block-grid__product-price price\"><span class=\"woocommerce-Price-amount amount\">120.000.000&nbsp;<span class=\"woocommerce-Price-currencySymbol\">&#8363;<\/span><\/span><\/div>\n\t\t\t\t\n\t\t\t\t<div class=\"wp-block-button wc-block-grid__product-add-to-cart\"><a href=\"?add-to-cart=433\" aria-label=\"Th\u00eam v\u00e0o gi\u1ecf h\u00e0ng: &ldquo;H\u00e0nh tr\u00ecnh \u0111\u1ebfn v\u01b0\u01a1ng qu\u1ed1c C\u00e1 M\u1eadp - DLC - V\u00f4 t\u1eadn&rdquo;\" data-quantity=\"1\" data-product_id=\"433\" data-product_sku=\"\" data-price=\"120000000\" rel=\"nofollow\" class=\"wp-block-button__link  add_to_cart_button ajax_add_to_cart\">Th\u00eam v\u00e0o gi\u1ecf h\u00e0ng<\/a><\/div>\n\t\t\t<\/li><li class=\"wc-block-grid__product\">\n\t\t\t\t<a href=\"https:\/\/webchodoanhnghiep.tamkhoa.com\/du-lich-01\/product\/hanh-trinh-den-vuong-quoc-ca-map-dlc-khoi-dau\/\" class=\"wc-block-grid__product-link\">\n\t\t\t\t\t<div class=\"wc-block-grid__product-onsale\">\n\t\t\t<span aria-hidden=\"true\">Khuy\u1ebfn m\u1ea1i<\/span>\n\t\t\t<span class=\"screen-reader-text\">S\u1ea3n ph\u1ea9m \u0111ang gi\u1ea3m gi\u00e1<\/span>\n\t\t<\/div>\n\t\t\t\t\t<div class=\"wc-block-grid__product-image\"><img loading=\"lazy\" decoding=\"async\" width=\"300\" height=\"300\" src=\"https:\/\/webchodoanhnghiep.tamkhoa.com\/du-lich-01\/wp-content\/uploads\/sites\/2\/2024\/10\/pexels-magda-ehlers-pexels-2832641-300x300.webp\" class=\"attachment-woocommerce_thumbnail size-woocommerce_thumbnail\" alt=\"H\u00e0nh tr\u00ecnh \u0111\u1ebfn v\u01b0\u01a1ng qu\u1ed1c C\u00e1 M\u1eadp - DLC - Kh\u1edfi \u0111\u1ea7u\" srcset=\"https:\/\/webchodoanhnghiep.tamkhoa.com\/du-lich-01\/wp-content\/uploads\/sites\/2\/2024\/10\/pexels-magda-ehlers-pexels-2832641-300x300.webp 300w, https:\/\/webchodoanhnghiep.tamkhoa.com\/du-lich-01\/wp-content\/uploads\/sites\/2\/2024\/10\/pexels-magda-ehlers-pexels-2832641-150x150.webp 150w, https:\/\/webchodoanhnghiep.tamkhoa.com\/du-lich-01\/wp-content\/uploads\/sites\/2\/2024\/10\/pexels-magda-ehlers-pexels-2832641-600x600.webp 600w, https:\/\/webchodoanhnghiep.tamkhoa.com\/du-lich-01\/wp-content\/uploads\/sites\/2\/2024\/10\/pexels-magda-ehlers-pexels-2832641-100x100.webp 100w\" sizes=\"(max-width: 300px) 100vw, 300px\" \/><\/div>\n\t\t\t\t\t<div class=\"wc-block-grid__product-title\">H\u00e0nh tr\u00ecnh \u0111\u1ebfn v\u01b0\u01a1ng qu\u1ed1c C\u00e1 M\u1eadp &#8211; DLC &#8211; Kh\u1edfi \u0111\u1ea7u<\/div>\n\t\t\t\t<\/a>\n\t\t\t\t<div class=\"wc-block-grid__product-price price\"><del aria-hidden=\"true\"><span class=\"woocommerce-Price-amount amount\">100.000.000&nbsp;<span class=\"woocommerce-Price-currencySymbol\">&#8363;<\/span><\/span><\/del> <span class=\"screen-reader-text\">Gi\u00e1 g\u1ed1c l\u00e0: 100.000.000&nbsp;&#8363;.<\/span><ins aria-hidden=\"true\"><span class=\"woocommerce-Price-amount amount\">80.000.000&nbsp;<span class=\"woocommerce-Price-currencySymbol\">&#8363;<\/span><\/span><\/ins><span class=\"screen-reader-text\">Gi\u00e1 hi\u1ec7n t\u1ea1i l\u00e0: 80.000.000&nbsp;&#8363;.<\/span><\/div>\n\t\t\t\t\n\t\t\t\t<div class=\"wp-block-button wc-block-grid__product-add-to-cart\"><a href=\"?add-to-cart=432\" aria-label=\"Th\u00eam v\u00e0o gi\u1ecf h\u00e0ng: &ldquo;H\u00e0nh tr\u00ecnh \u0111\u1ebfn v\u01b0\u01a1ng qu\u1ed1c C\u00e1 M\u1eadp - DLC - Kh\u1edfi \u0111\u1ea7u&rdquo;\" data-quantity=\"1\" data-product_id=\"432\" data-product_sku=\"\" data-price=\"80000000\" rel=\"nofollow\" class=\"wp-block-button__link  add_to_cart_button ajax_add_to_cart\">Th\u00eam v\u00e0o gi\u1ecf h\u00e0ng<\/a><\/div>\n\t\t\t<\/li><\/ul><\/div><\/div><\/div>","protected":false},"excerpt":{"rendered":"","protected":false},"author":1,"featured_media":0,"parent":0,"menu_order":0,"comment_status":"closed","ping_status":"closed","template":"","meta":{"footnotes":""},"class_list":["post-8","page","type-page","status-publish","hentry"],"_links":{"self":[{"href":"https:\/\/webchodoanhnghiep.tamkhoa.com\/du-lich-01\/wp-json\/wp\/v2\/pages\/8"}],"collection":[{"href":"https:\/\/webchodoanhnghiep.tamkhoa.com\/du-lich-01\/wp-json\/wp\/v2\/pages"}],"about":[{"href":"https:\/\/webchodoanhnghiep.tamkhoa.com\/du-lich-01\/wp-json\/wp\/v2\/types\/page"}],"author":[{"embeddable":true,"href":"https:\/\/webchodoanhnghiep.tamkhoa.com\/du-lich-01\/wp-json\/wp\/v2\/users\/1"}],"replies":[{"embeddable":true,"href":"https:\/\/webchodoanhnghiep.tamkhoa.com\/du-lich-01\/wp-json\/wp\/v2\/comments?post=8"}],"version-history":[{"count":1,"href":"https:\/\/webchodoanhnghiep.tamkhoa.com\/du-lich-01\/wp-json\/wp\/v2\/pages\/8\/revisions"}],"predecessor-version":[{"id":12,"href":"https:\/\/webchodoanhnghiep.tamkhoa.com\/du-lich-01\/wp-json\/wp\/v2\/pages\/8\/revisions\/12"}],"wp:attachment":[{"href":"https:\/\/webchodoanhnghiep.tamkhoa.com\/du-lich-01\/wp-json\/wp\/v2\/media?parent=8"}],"curies":[{"name":"wp","href":"https:\/\/api.w.org\/{rel}","templated":true}]}}