{"id":433,"date":"2024-08-30T09:37:05","date_gmt":"2024-08-30T09:37:05","guid":{"rendered":"https:\/\/dulich.tamkhoa.com\/du-lich-02\/?post_type=product&#038;p=433"},"modified":"2024-10-07T04:10:48","modified_gmt":"2024-10-07T04:10:48","slug":"hanh-trinh-den-vuong-quoc-ca-map-dlc-vo-tan","status":"publish","type":"product","link":"https:\/\/webchodoanhnghiep.tamkhoa.com\/du-lich-01\/product\/hanh-trinh-den-vuong-quoc-ca-map-dlc-vo-tan\/","title":{"rendered":"H\u00e0nh tr\u00ecnh \u0111\u1ebfn v\u01b0\u01a1ng qu\u1ed1c C\u00e1 M\u1eadp &#8211; DLC &#8211; V\u00f4 t\u1eadn"},"content":{"rendered":"<p>C\u00e1 m\u1eadp, v\u1edbi h\u00ecnh \u1ea3nh nh\u1eefng \u201cs\u00e1t th\u1ee7 \u0111\u1ea1i d\u01b0\u01a1ng\u201d trong tr\u00ed t\u01b0\u1edfng t\u01b0\u1ee3ng c\u1ee7a nhi\u1ec1u ng\u01b0\u1eddi, l\u00e0 m\u1ed9t trong nh\u1eefng lo\u00e0i sinh v\u1eadt bi\u1ec3n g\u00e2y \u1ea5n t\u01b0\u1ee3ng m\u1ea1nh m\u1ebd nh\u1ea5t. Tuy nhi\u00ean, \u0111\u1eb1ng sau v\u1ebb ngo\u00e0i \u0111\u00e1ng s\u1ee3 v\u00e0 nh\u1eefng b\u1ed9 phim kinh d\u1ecb, c\u00e1 m\u1eadp l\u00e0 nh\u1eefng sinh v\u1eadt ph\u1ee9c t\u1ea1p, \u0111\u00f3ng vai tr\u00f2 quan tr\u1ecdng trong h\u1ec7 sinh th\u00e1i bi\u1ec3n. H\u00e3y c\u00f9ng kh\u00e1m ph\u00e1 th\u1ebf gi\u1edbi c\u1ee7a c\u00e1 m\u1eadp, t\u1eeb s\u1ef1 \u0111a d\u1ea1ng lo\u00e0i, h\u00e0nh vi \u0111\u1eb7c bi\u1ec7t, cho \u0111\u1ebfn t\u1ea7m quan tr\u1ecdng c\u1ee7a ch\u00fang \u0111\u1ed1i v\u1edbi m\u00f4i tr\u01b0\u1eddng.<\/p>\n<p>C\u00e1 m\u1eadp kh\u00f4ng ch\u1ec9 c\u00f3 m\u1ed9t v\u00e0i lo\u00e0i nh\u01b0 ch\u00fang ta th\u01b0\u1eddng ngh\u0129, m\u00e0 th\u1ef1c t\u1ebf, c\u00f3 h\u01a1n 500 lo\u00e0i c\u00e1 m\u1eadp kh\u00e1c nhau tr\u00ean to\u00e0n th\u1ebf gi\u1edbi. Nh\u1eefng lo\u00e0i n\u00e0y c\u00f3 k\u00edch th\u01b0\u1edbc v\u00e0 h\u00ecnh d\u1ea1ng r\u1ea5t \u0111a d\u1ea1ng, t\u1eeb nh\u1eefng con c\u00e1 m\u1eadp nh\u1ecf nh\u01b0 c\u00e1 m\u1eadp \u0111\u00e8n l\u1ed3ng (kho\u1ea3ng 20 cm) \u0111\u1ebfn nh\u1eefng con kh\u1ed5ng l\u1ed3 nh\u01b0 c\u00e1 m\u1eadp voi, c\u00f3 th\u1ec3 d\u00e0i \u0111\u1ebfn 12 m\u00e9t ho\u1eb7c h\u01a1n. M\u1ed7i lo\u00e0i c\u00e1 m\u1eadp c\u00f3 nh\u1eefng \u0111\u1eb7c \u0111i\u1ec3m sinh h\u1ecdc v\u00e0 th\u00f3i quen s\u0103n m\u1ed3i kh\u00e1c nhau, t\u1ea1o n\u00ean s\u1ef1 phong ph\u00fa cho \u0111\u1eddi s\u1ed1ng bi\u1ec3n.<\/p>\n<p>M\u1ed9t s\u1ed1 lo\u00e0i c\u00e1 m\u1eadp n\u1ed5i b\u1eadt c\u00f3 th\u1ec3 k\u1ec3 \u0111\u1ebfn nh\u01b0 c\u00e1 m\u1eadp tr\u1eafng l\u1edbn (Great White Shark), n\u1ed5i ti\u1ebfng v\u1edbi h\u00e0m r\u0103ng s\u1eafc nh\u1ecdn v\u00e0 kh\u1ea3 n\u0103ng s\u0103n m\u1ed3i m\u1ea1nh m\u1ebd. C\u00e1 m\u1eadp b\u00faa (Hammerhead Shark) l\u1ea1i c\u00f3 c\u1ea5u tr\u00fac \u0111\u1ea7u \u0111\u1eb7c bi\u1ec7t, gi\u00fap ch\u00fang c\u00f3 t\u1ea7m nh\u00ecn r\u1ed9ng v\u00e0 kh\u1ea3 n\u0103ng s\u0103n b\u1eaft hi\u1ec7u qu\u1ea3. C\u00e1 m\u1eadp h\u1ed5 (Tiger Shark) \u0111\u01b0\u1ee3c bi\u1ebft \u0111\u1ebfn v\u1edbi th\u1ef1c \u0111\u01a1n \u0111a d\u1ea1ng, t\u1eeb c\u00e1, h\u1ea3i c\u1ea9u \u0111\u1ebfn th\u1eadm ch\u00ed c\u1ea3 r\u00e1c th\u1ea3i con ng\u01b0\u1eddi.<\/p>\n","protected":false},"excerpt":{"rendered":"<p>C\u00e1 m\u1eadp, v\u1edbi h\u00ecnh \u1ea3nh nh\u1eefng \u201cs\u00e1t th\u1ee7 \u0111\u1ea1i d\u01b0\u01a1ng\u201d trong tr\u00ed t\u01b0\u1edfng t\u01b0\u1ee3ng c\u1ee7a nhi\u1ec1u ng\u01b0\u1eddi, l\u00e0 m\u1ed9t trong nh\u1eefng lo\u00e0i sinh v\u1eadt bi\u1ec3n g\u00e2y \u1ea5n t\u01b0\u1ee3ng m\u1ea1nh m\u1ebd nh\u1ea5t. Tuy nhi\u00ean, \u0111\u1eb1ng sau v\u1ebb ngo\u00e0i \u0111\u00e1ng s\u1ee3 v\u00e0 nh\u1eefng b\u1ed9 phim kinh d\u1ecb, c\u00e1 m\u1eadp l\u00e0 nh\u1eefng sinh v\u1eadt ph\u1ee9c t\u1ea1p, \u0111\u00f3ng vai tr\u00f2 quan tr\u1ecdng trong h\u1ec7 sinh th\u00e1i bi\u1ec3n. H\u00e3y c\u00f9ng kh\u00e1m ph\u00e1 th\u1ebf gi\u1edbi c\u1ee7a c\u00e1 m\u1eadp, t\u1eeb s\u1ef1 \u0111a d\u1ea1ng lo\u00e0i, h\u00e0nh vi \u0111\u1eb7c bi\u1ec7t, cho \u0111\u1ebfn t\u1ea7m quan tr\u1ecdng c\u1ee7a ch\u00fang \u0111\u1ed1i v\u1edbi m\u00f4i tr\u01b0\u1eddng.<\/p>\n","protected":false},"featured_media":32,"comment_status":"open","ping_status":"closed","template":"","meta":[],"product_brand":[],"product_cat":[25],"product_tag":[19,20],"class_list":{"0":"post-433","1":"product","2":"type-product","3":"status-publish","4":"has-post-thumbnail","6":"product_cat-thai-lan","7":"product_tag-bien","8":"product_tag-ca-map","10":"first","11":"instock","12":"virtual","13":"purchasable","14":"product-type-simple"},"_links":{"self":[{"href":"https:\/\/webchodoanhnghiep.tamkhoa.com\/du-lich-01\/wp-json\/wp\/v2\/product\/433"}],"collection":[{"href":"https:\/\/webchodoanhnghiep.tamkhoa.com\/du-lich-01\/wp-json\/wp\/v2\/product"}],"about":[{"href":"https:\/\/webchodoanhnghiep.tamkhoa.com\/du-lich-01\/wp-json\/wp\/v2\/types\/product"}],"replies":[{"embeddable":true,"href":"https:\/\/webchodoanhnghiep.tamkhoa.com\/du-lich-01\/wp-json\/wp\/v2\/comments?post=433"}],"wp:featuredmedia":[{"embeddable":true,"href":"https:\/\/webchodoanhnghiep.tamkhoa.com\/du-lich-01\/wp-json\/wp\/v2\/media\/32"}],"wp:attachment":[{"href":"https:\/\/webchodoanhnghiep.tamkhoa.com\/du-lich-01\/wp-json\/wp\/v2\/media?parent=433"}],"wp:term":[{"taxonomy":"product_brand","embeddable":true,"href":"https:\/\/webchodoanhnghiep.tamkhoa.com\/du-lich-01\/wp-json\/wp\/v2\/product_brand?post=433"},{"taxonomy":"product_cat","embeddable":true,"href":"https:\/\/webchodoanhnghiep.tamkhoa.com\/du-lich-01\/wp-json\/wp\/v2\/product_cat?post=433"},{"taxonomy":"product_tag","embeddable":true,"href":"https:\/\/webchodoanhnghiep.tamkhoa.com\/du-lich-01\/wp-json\/wp\/v2\/product_tag?post=433"}],"curies":[{"name":"wp","href":"https:\/\/api.w.org\/{rel}","templated":true}]}}