{"id":47,"date":"2024-08-21T07:26:56","date_gmt":"2024-08-21T07:26:56","guid":{"rendered":"https:\/\/dulich.tamkhoa.com\/nha-hang-01\/?page_id=47"},"modified":"2024-10-28T01:28:06","modified_gmt":"2024-10-28T01:28:06","slug":"ve-chung-toi","status":"publish","type":"page","link":"https:\/\/webchodoanhnghiep.tamkhoa.com\/nha-hang-01\/ve-chung-toi\/","title":{"rendered":"V\u1ec1 ch\u00fang t\u00f4i"},"content":{"rendered":"\t\t<div data-elementor-type=\"wp-page\" data-elementor-id=\"47\" class=\"elementor elementor-47\">\n\t\t\t\t<div class=\"elementor-element elementor-element-58c3c3d e-flex e-con-boxed wpr-particle-no wpr-jarallax-no wpr-parallax-no wpr-sticky-section-no wpr-column-slider-no wpr-equal-height-no e-con e-parent\" data-id=\"58c3c3d\" data-element_type=\"container\" data-e-type=\"container\">\n\t\t\t\t\t<div class=\"e-con-inner\">\n\t\t\t\t<div class=\"elementor-element elementor-element-d350d06 elementor-widget elementor-widget-page-title\" data-id=\"d350d06\" data-element_type=\"widget\" data-e-type=\"widget\" data-settings=\"{&quot;align&quot;:&quot;center&quot;}\" data-widget_type=\"page-title.default\">\n\t\t\t\t<div class=\"elementor-widget-container\">\n\t\t\t\t\t\t\t\n\t\t<div class=\"hfe-page-title hfe-page-title-wrapper elementor-widget-heading\">\n\n\t\t\t\t\t\t\t\t<h2 class=\"elementor-heading-title elementor-size-default\">\n\t\t\t\t\t\t\t\t\n\t\t\t\tV\u1ec1 ch\u00fang t\u00f4i  \n\t\t\t<\/h2 > \n\t\t\t\t\t<\/div>\n\t\t\t\t\t\t<\/div>\n\t\t\t\t<\/div>\n\t\t\t\t\t<\/div>\n\t\t\t\t<\/div>\n\t\t<div class=\"elementor-element elementor-element-6e71f12 e-con-full e-flex wpr-particle-no wpr-jarallax-no wpr-parallax-no wpr-sticky-section-no wpr-column-slider-no wpr-equal-height-no e-con e-parent\" data-id=\"6e71f12\" data-element_type=\"container\" data-e-type=\"container\">\n\t\t\t\t<div class=\"elementor-element elementor-element-4c10f0f elementor-widget elementor-widget-image\" data-id=\"4c10f0f\" data-element_type=\"widget\" data-e-type=\"widget\" data-widget_type=\"image.default\">\n\t\t\t\t<div class=\"elementor-widget-container\">\n\t\t\t\t\t\t\t\t\t\t\t\t\t\t\t<img fetchpriority=\"high\" decoding=\"async\" width=\"2500\" height=\"1689\" src=\"https:\/\/webchodoanhnghiep.tamkhoa.com\/nha-hang-01\/wp-content\/uploads\/sites\/13\/2024\/08\/pexels-yungsaac-3641761.webp\" class=\"attachment-full size-full wp-image-205\" alt=\"\" srcset=\"https:\/\/webchodoanhnghiep.tamkhoa.com\/nha-hang-01\/wp-content\/uploads\/sites\/13\/2024\/08\/pexels-yungsaac-3641761.webp 2500w, https:\/\/webchodoanhnghiep.tamkhoa.com\/nha-hang-01\/wp-content\/uploads\/sites\/13\/2024\/08\/pexels-yungsaac-3641761-300x203.webp 300w, https:\/\/webchodoanhnghiep.tamkhoa.com\/nha-hang-01\/wp-content\/uploads\/sites\/13\/2024\/08\/pexels-yungsaac-3641761-1024x692.webp 1024w, https:\/\/webchodoanhnghiep.tamkhoa.com\/nha-hang-01\/wp-content\/uploads\/sites\/13\/2024\/08\/pexels-yungsaac-3641761-768x519.webp 768w, https:\/\/webchodoanhnghiep.tamkhoa.com\/nha-hang-01\/wp-content\/uploads\/sites\/13\/2024\/08\/pexels-yungsaac-3641761-1536x1038.webp 1536w, https:\/\/webchodoanhnghiep.tamkhoa.com\/nha-hang-01\/wp-content\/uploads\/sites\/13\/2024\/08\/pexels-yungsaac-3641761-2048x1384.webp 2048w, https:\/\/webchodoanhnghiep.tamkhoa.com\/nha-hang-01\/wp-content\/uploads\/sites\/13\/2024\/08\/pexels-yungsaac-3641761-600x405.webp 600w\" sizes=\"(max-width: 2500px) 100vw, 2500px\" \/>\t\t\t\t\t\t\t\t\t\t\t\t\t\t\t<\/div>\n\t\t\t\t<\/div>\n\t\t\t\t<\/div>\n\t\t<div class=\"elementor-element elementor-element-393b148 e-flex e-con-boxed wpr-particle-no wpr-jarallax-no wpr-parallax-no wpr-sticky-section-no wpr-column-slider-no wpr-equal-height-no e-con e-parent\" data-id=\"393b148\" data-element_type=\"container\" data-e-type=\"container\">\n\t\t\t\t\t<div class=\"e-con-inner\">\n\t\t\t\t<div class=\"elementor-element elementor-element-706e5ee elementor-widget elementor-widget-text-editor\" data-id=\"706e5ee\" data-element_type=\"widget\" data-e-type=\"widget\" data-widget_type=\"text-editor.default\">\n\t\t\t\t<div class=\"elementor-widget-container\">\n\t\t\t\t\t\t\t\t\t<p><strong>Restajuany<\/strong> l\u00e0 nh\u00e0 h\u00e0ng n\u01b0\u1edbng th\u1ecbt n\u1ed5i ti\u1ebfng, n\u01a1i mang \u0111\u1ebfn cho th\u1ef1c kh\u00e1ch nh\u1eefng tr\u1ea3i nghi\u1ec7m \u1ea9m th\u1ef1c tuy\u1ec7t v\u1eddi v\u00e0 kh\u00f3 qu\u00ean. Ch\u00fang t\u00f4i \u0111\u01b0\u1ee3c th\u00e0nh l\u1eadp v\u1edbi s\u1ee9 m\u1ec7nh t\u1ea1o ra m\u1ed9t kh\u00f4ng gian \u1ea9m th\u1ef1c \u0111\u1ed9c \u0111\u00e1o, n\u01a1i b\u1ea1n c\u00f3 th\u1ec3 th\u01b0\u1edfng th\u1ee9c nh\u1eefng m\u00f3n n\u01b0\u1edbng th\u01a1m ngon trong kh\u00f4ng gian \u1ea5m c\u00fang v\u00e0 th\u00e2n thi\u1ec7n.<\/p><p>\u0110am M\u00ea V\u00e0 Ch\u1ea5t L\u01b0\u1ee3ng<br \/>T\u1ea1i Restajuany, ch\u00fang t\u00f4i tin r\u1eb1ng ch\u1ea5t l\u01b0\u1ee3ng l\u00e0 y\u1ebfu t\u1ed1 then ch\u1ed1t l\u00e0m n\u00ean s\u1ef1 kh\u00e1c bi\u1ec7t. V\u00ec th\u1ebf, ch\u00fang t\u00f4i lu\u00f4n \u0111\u1eb7t t\u00e2m huy\u1ebft v\u00e0o t\u1eebng chi ti\u1ebft nh\u1ecf nh\u1ea5t, t\u1eeb vi\u1ec7c ch\u1ecdn l\u1ef1a nguy\u00ean li\u1ec7u, c\u00f4ng th\u1ee9c \u01b0\u1edbp \u0111\u1eb7c bi\u1ec7t, cho \u0111\u1ebfn k\u1ef9 thu\u1eadt n\u01b0\u1edbng chuy\u00ean nghi\u1ec7p. T\u1ea5t c\u1ea3 c\u00e1c m\u00f3n \u0103n t\u1ea1i Restajuany \u0111\u1ec1u \u0111\u01b0\u1ee3c ch\u1ebf bi\u1ebfn t\u1eeb nh\u1eefng lo\u1ea1i th\u1ecbt t\u01b0\u01a1i ngon nh\u1ea5t, \u0111\u01b0\u1ee3c tuy\u1ec3n ch\u1ecdn k\u1ef9 l\u01b0\u1ee1ng t\u1eeb c\u00e1c nh\u00e0 cung c\u1ea5p \u0111\u00e1ng tin c\u1eady. Ch\u00fang t\u00f4i s\u1eed d\u1ee5ng c\u00e1c lo\u1ea1i gia v\u1ecb t\u1ef1 nhi\u00ean, k\u1ebft h\u1ee3p v\u1edbi c\u00e1c ph\u01b0\u01a1ng ph\u00e1p \u01b0\u1edbp v\u00e0 n\u01b0\u1edbng truy\u1ec1n th\u1ed1ng \u0111\u1ec3 gi\u1eef tr\u1ecdn v\u1eb9n h\u01b0\u01a1ng v\u1ecb c\u1ee7a th\u1ecbt.<\/p><p>Ch\u00fang t\u00f4i hi\u1ec3u r\u1eb1ng, m\u1ed9t b\u1eefa \u0103n ngon kh\u00f4ng ch\u1ec9 \u0111\u1ebfn t\u1eeb m\u00f3n \u0103n m\u00e0 c\u00f2n t\u1eeb c\u1ea3m gi\u00e1c m\u00e0 n\u00f3 mang l\u1ea1i. V\u00ec v\u1eady, \u0111\u1ed9i ng\u0169 \u0111\u1ea7u b\u1ebfp t\u1ea1i Restajuany lu\u00f4n kh\u00f4ng ng\u1eebng s\u00e1ng t\u1ea1o v\u00e0 ho\u00e0n thi\u1ec7n t\u1eebng m\u00f3n \u0103n, \u0111\u1ea3m b\u1ea3o m\u1ed7i th\u1ef1c kh\u00e1ch \u0111\u1ec1u c\u00f3 \u0111\u01b0\u1ee3c tr\u1ea3i nghi\u1ec7m \u1ea9m th\u1ef1c \u0111\u00e1ng nh\u1edb nh\u1ea5t.<\/p><p>Kh\u00f4ng Gian \u1ea4m C\u00fang V\u00e0 Th\u00e2n Thi\u1ec7n<br \/>Restajuany kh\u00f4ng ch\u1ec9 n\u1ed5i b\u1eadt v\u1edbi nh\u1eefng m\u00f3n n\u01b0\u1edbng th\u01a1m ngon m\u00e0 c\u00f2n b\u1edfi kh\u00f4ng gian \u1ea5m c\u00fang, g\u1ea7n g\u0169i, t\u1ea1o c\u1ea3m gi\u00e1c tho\u1ea3i m\u00e1i cho kh\u00e1ch h\u00e0ng. Nh\u00e0 h\u00e0ng \u0111\u01b0\u1ee3c thi\u1ebft k\u1ebf v\u1edbi s\u1ef1 k\u1ebft h\u1ee3p h\u00e0i h\u00f2a gi\u1eefa phong c\u00e1ch hi\u1ec7n \u0111\u1ea1i v\u00e0 n\u00e9t truy\u1ec1n th\u1ed1ng, t\u1ea1o n\u00ean m\u1ed9t b\u1ea7u kh\u00f4ng kh\u00ed v\u1eeba sang tr\u1ecdng v\u1eeba th\u00e2n thi\u1ec7n. \u0110\u00e2y l\u00e0 n\u01a1i l\u00fd t\u01b0\u1edfng \u0111\u1ec3 b\u1ea1n v\u00e0 ng\u01b0\u1eddi th\u00e2n, b\u1ea1n b\u00e8 c\u00f3 th\u1ec3 t\u1eadn h\u01b0\u1edfng nh\u1eefng b\u1eefa \u0103n ngon v\u00e0 chia s\u1ebb nh\u1eefng kho\u1ea3nh kh\u1eafc \u0111\u00e1ng nh\u1edb b\u00ean nhau.<\/p><p>Ch\u00fang t\u00f4i \u0111\u1eb7c bi\u1ec7t ch\u00fa tr\u1ecdng \u0111\u1ebfn d\u1ecbch v\u1ee5 kh\u00e1ch h\u00e0ng. \u0110\u1ed9i ng\u0169 nh\u00e2n vi\u00ean c\u1ee7a Restajuany \u0111\u01b0\u1ee3c \u0111\u00e0o t\u1ea1o chuy\u00ean nghi\u1ec7p, lu\u00f4n s\u1eb5n s\u00e0ng ph\u1ee5c v\u1ee5 v\u1edbi th\u00e1i \u0111\u1ed9 th\u00e2n thi\u1ec7n, nhi\u1ec7t t\u00ecnh v\u00e0 chu \u0111\u00e1o. Ch\u00fang t\u00f4i cam k\u1ebft mang \u0111\u1ebfn cho b\u1ea1n m\u1ed9t tr\u1ea3i nghi\u1ec7m \u1ea9m th\u1ef1c ho\u00e0n h\u1ea3o t\u1eeb khi b\u01b0\u1edbc v\u00e0o c\u1eeda cho \u0111\u1ebfn l\u00fac r\u1eddi \u0111i.<\/p><p>Th\u1ef1c \u0110\u01a1n Phong Ph\u00fa<br \/>Restajuany t\u1ef1 h\u00e0o gi\u1edbi thi\u1ec7u m\u1ed9t th\u1ef1c \u0111\u01a1n phong ph\u00fa, v\u1edbi nhi\u1ec1u m\u00f3n n\u01b0\u1edbng h\u1ea5p d\u1eabn t\u1eeb c\u00e1c lo\u1ea1i th\u1ecbt cao c\u1ea5p nh\u01b0 b\u00f2, heo, g\u00e0, v\u00e0 h\u1ea3i s\u1ea3n t\u01b0\u01a1i s\u1ed1ng. M\u1ed7i m\u00f3n \u0103n \u0111\u1ec1u \u0111\u01b0\u1ee3c ch\u1ebf bi\u1ebfn c\u1ea9n th\u1eadn, t\u1eeb kh\u00e2u \u01b0\u1edbp th\u1ecbt \u0111\u1ebfn n\u01b0\u1edbng ch\u00edn, \u0111\u1ea3m b\u1ea3o gi\u1eef nguy\u00ean h\u01b0\u01a1ng v\u1ecb \u0111\u1eb7c tr\u01b0ng v\u00e0 \u0111\u1ed9 ng\u1ecdt t\u1ef1 nhi\u00ean c\u1ee7a th\u1ecbt.<\/p><p>Ngo\u00e0i c\u00e1c m\u00f3n n\u01b0\u1edbng, th\u1ef1c \u0111\u01a1n c\u1ee7a ch\u00fang t\u00f4i c\u00f2n bao g\u1ed3m c\u00e1c m\u00f3n \u0103n k\u00e8m \u0111a d\u1ea1ng v\u00e0 phong ph\u00fa, t\u1eeb salad t\u01b0\u01a1i m\u00e1t, rau c\u1ee7 n\u01b0\u1edbng gi\u00f2n tan, \u0111\u1ebfn c\u00e1c lo\u1ea1i s\u1ed1t \u0111\u1ed9c \u0111\u00e1o, l\u00e0m t\u00f4n l\u00ean h\u01b0\u01a1ng v\u1ecb c\u1ee7a t\u1eebng mi\u1ebfng th\u1ecbt n\u01b0\u1edbng. \u0110\u1eb7c bi\u1ec7t, c\u00e1c m\u00f3n tr\u00e1ng mi\u1ec7ng ng\u1ecdt ng\u00e0o v\u00e0 th\u1ee9c u\u1ed1ng tinh t\u1ebf c\u0169ng \u0111\u01b0\u1ee3c ch\u00fang t\u00f4i chu\u1ea9n b\u1ecb k\u1ef9 l\u01b0\u1ee1ng, mang \u0111\u1ebfn s\u1ef1 k\u1ebft th\u00fac ho\u00e0n h\u1ea3o cho b\u1eefa \u0103n c\u1ee7a b\u1ea1n.<\/p><p>Kh\u00e1m Ph\u00e1 V\u00e0 Tr\u1ea3i Nghi\u1ec7m<br \/>Restajuany kh\u00f4ng ch\u1ec9 l\u00e0 n\u01a1i \u0111\u1ec3 \u0103n u\u1ed1ng, m\u00e0 c\u00f2n l\u00e0 n\u01a1i \u0111\u1ec3 b\u1ea1n kh\u00e1m ph\u00e1 v\u00e0 tr\u1ea3i nghi\u1ec7m v\u0103n h\u00f3a \u1ea9m th\u1ef1c \u0111\u1eb7c s\u1eafc. Ch\u00fang t\u00f4i th\u01b0\u1eddng xuy\u00ean t\u1ed5 ch\u1ee9c c\u00e1c s\u1ef1 ki\u1ec7n \u1ea9m th\u1ef1c \u0111\u1eb7c bi\u1ec7t, n\u01a1i b\u1ea1n c\u00f3 th\u1ec3 tr\u1ea3i nghi\u1ec7m nh\u1eefng m\u00f3n n\u01b0\u1edbng m\u1edbi l\u1ea1, c\u00e1c bu\u1ed5i ti\u1ec7c n\u01b0\u1edbng BBQ ngo\u00e0i tr\u1eddi, hay c\u00e1c l\u1edbp h\u1ecdc n\u01b0\u1edbng th\u1ecbt c\u00f9ng \u0111\u1ea7u b\u1ebfp chuy\u00ean nghi\u1ec7p.<\/p><p>H\u00e3y \u0111\u1ebfn v\u1edbi Restajuany \u0111\u1ec3 th\u01b0\u1edfng th\u1ee9c nh\u1eefng m\u00f3n n\u01b0\u1edbng \u0111\u1ec9nh cao v\u00e0 c\u1ea3m nh\u1eadn s\u1ef1 kh\u00e1c bi\u1ec7t trong t\u1eebng chi ti\u1ebft. Ch\u00fang t\u00f4i mong mu\u1ed1n tr\u1edf th\u00e0nh \u0111i\u1ec3m \u0111\u1ebfn \u01b0a th\u00edch c\u1ee7a b\u1ea1n cho nh\u1eefng b\u1eefa \u0103n ngon mi\u1ec7ng v\u00e0 nh\u1eefng kho\u1ea3nh kh\u1eafc \u0111\u00e1ng nh\u1edb b\u00ean gia \u0111\u00ecnh v\u00e0 b\u1ea1n b\u00e8.<\/p>\t\t\t\t\t\t\t\t<\/div>\n\t\t\t\t<\/div>\n\t\t\t\t\t<\/div>\n\t\t\t\t<\/div>\n\t\t\t\t<\/div>\n\t\t","protected":false},"excerpt":{"rendered":"<p>V\u1ec1 ch\u00fang t\u00f4i Restajuany l\u00e0 nh\u00e0 h\u00e0ng n\u01b0\u1edbng th\u1ecbt n\u1ed5i ti\u1ebfng, n\u01a1i mang \u0111\u1ebfn cho th\u1ef1c kh\u00e1ch nh\u1eefng tr\u1ea3i nghi\u1ec7m \u1ea9m th\u1ef1c tuy\u1ec7t v\u1eddi v\u00e0 kh\u00f3 qu\u00ean. Ch\u00fang t\u00f4i \u0111\u01b0\u1ee3c th\u00e0nh l\u1eadp v\u1edbi s\u1ee9 m\u1ec7nh t\u1ea1o ra m\u1ed9t kh\u00f4ng gian \u1ea9m th\u1ef1c \u0111\u1ed9c \u0111\u00e1o, n\u01a1i b\u1ea1n c\u00f3 th\u1ec3 th\u01b0\u1edfng th\u1ee9c nh\u1eefng m\u00f3n n\u01b0\u1edbng th\u01a1m ngon trong kh\u00f4ng gian \u1ea5m c\u00fang v\u00e0 th\u00e2n thi\u1ec7n. \u0110am M\u00ea V\u00e0 Ch\u1ea5t L\u01b0\u1ee3ngT\u1ea1i Restajuany, ch\u00fang t\u00f4i tin r\u1eb1ng ch\u1ea5t l\u01b0\u1ee3ng l\u00e0 y\u1ebfu t\u1ed1 then ch\u1ed1t l\u00e0m n\u00ean s\u1ef1 kh\u00e1c bi\u1ec7t. V\u00ec th\u1ebf, ch\u00fang t\u00f4i lu\u00f4n \u0111\u1eb7t t\u00e2m huy\u1ebft v\u00e0o t\u1eebng chi ti\u1ebft nh\u1ecf nh\u1ea5t, t\u1eeb vi\u1ec7c ch\u1ecdn l\u1ef1a nguy\u00ean li\u1ec7u, c\u00f4ng th\u1ee9c \u01b0\u1edbp \u0111\u1eb7c bi\u1ec7t, cho \u0111\u1ebfn k\u1ef9 thu\u1eadt n\u01b0\u1edbng chuy\u00ean nghi\u1ec7p. T\u1ea5t c\u1ea3 c\u00e1c m\u00f3n \u0103n t\u1ea1i Restajuany \u0111\u1ec1u \u0111\u01b0\u1ee3c ch\u1ebf bi\u1ebfn t\u1eeb nh\u1eefng lo\u1ea1i th\u1ecbt t\u01b0\u01a1i ngon nh\u1ea5t, \u0111\u01b0\u1ee3c tuy\u1ec3n ch\u1ecdn k\u1ef9 l\u01b0\u1ee1ng t\u1eeb c\u00e1c nh\u00e0 cung c\u1ea5p \u0111\u00e1ng tin c\u1eady. Ch\u00fang t\u00f4i s\u1eed d\u1ee5ng c\u00e1c lo\u1ea1i gia v\u1ecb t\u1ef1 nhi\u00ean, k\u1ebft h\u1ee3p v\u1edbi c\u00e1c ph\u01b0\u01a1ng ph\u00e1p \u01b0\u1edbp v\u00e0 n\u01b0\u1edbng truy\u1ec1n th\u1ed1ng \u0111\u1ec3 gi\u1eef tr\u1ecdn v\u1eb9n h\u01b0\u01a1ng v\u1ecb c\u1ee7a th\u1ecbt. Ch\u00fang t\u00f4i hi\u1ec3u r\u1eb1ng, m\u1ed9t b\u1eefa \u0103n ngon kh\u00f4ng ch\u1ec9 \u0111\u1ebfn t\u1eeb m\u00f3n \u0103n m\u00e0 c\u00f2n t\u1eeb c\u1ea3m gi\u00e1c m\u00e0 n\u00f3 mang l\u1ea1i. V\u00ec v\u1eady, \u0111\u1ed9i ng\u0169 \u0111\u1ea7u b\u1ebfp t\u1ea1i Restajuany lu\u00f4n kh\u00f4ng ng\u1eebng s\u00e1ng t\u1ea1o v\u00e0 ho\u00e0n thi\u1ec7n t\u1eebng m\u00f3n \u0103n, \u0111\u1ea3m b\u1ea3o m\u1ed7i th\u1ef1c kh\u00e1ch \u0111\u1ec1u c\u00f3 \u0111\u01b0\u1ee3c tr\u1ea3i nghi\u1ec7m \u1ea9m th\u1ef1c \u0111\u00e1ng nh\u1edb nh\u1ea5t. Kh\u00f4ng Gian \u1ea4m C\u00fang V\u00e0 Th\u00e2n Thi\u1ec7nRestajuany kh\u00f4ng ch\u1ec9 n\u1ed5i b\u1eadt v\u1edbi nh\u1eefng m\u00f3n n\u01b0\u1edbng th\u01a1m ngon m\u00e0 c\u00f2n b\u1edfi kh\u00f4ng gian \u1ea5m c\u00fang, g\u1ea7n g\u0169i, t\u1ea1o c\u1ea3m gi\u00e1c tho\u1ea3i m\u00e1i cho kh\u00e1ch h\u00e0ng. Nh\u00e0 h\u00e0ng \u0111\u01b0\u1ee3c thi\u1ebft k\u1ebf v\u1edbi s\u1ef1 k\u1ebft h\u1ee3p h\u00e0i h\u00f2a gi\u1eefa phong c\u00e1ch hi\u1ec7n \u0111\u1ea1i v\u00e0 n\u00e9t truy\u1ec1n th\u1ed1ng, t\u1ea1o n\u00ean m\u1ed9t b\u1ea7u kh\u00f4ng kh\u00ed v\u1eeba sang tr\u1ecdng v\u1eeba th\u00e2n thi\u1ec7n. \u0110\u00e2y l\u00e0 n\u01a1i l\u00fd t\u01b0\u1edfng \u0111\u1ec3 b\u1ea1n v\u00e0 ng\u01b0\u1eddi th\u00e2n, b\u1ea1n b\u00e8 c\u00f3 th\u1ec3 t\u1eadn h\u01b0\u1edfng nh\u1eefng b\u1eefa \u0103n ngon v\u00e0 chia s\u1ebb nh\u1eefng kho\u1ea3nh kh\u1eafc \u0111\u00e1ng nh\u1edb b\u00ean nhau. Ch\u00fang t\u00f4i \u0111\u1eb7c bi\u1ec7t ch\u00fa tr\u1ecdng \u0111\u1ebfn d\u1ecbch v\u1ee5 kh\u00e1ch h\u00e0ng. \u0110\u1ed9i ng\u0169 nh\u00e2n vi\u00ean c\u1ee7a Restajuany \u0111\u01b0\u1ee3c \u0111\u00e0o t\u1ea1o chuy\u00ean nghi\u1ec7p, lu\u00f4n s\u1eb5n s\u00e0ng ph\u1ee5c v\u1ee5 v\u1edbi th\u00e1i \u0111\u1ed9 th\u00e2n thi\u1ec7n, nhi\u1ec7t t\u00ecnh v\u00e0 chu \u0111\u00e1o. Ch\u00fang t\u00f4i cam k\u1ebft mang \u0111\u1ebfn cho b\u1ea1n m\u1ed9t tr\u1ea3i nghi\u1ec7m \u1ea9m th\u1ef1c ho\u00e0n h\u1ea3o t\u1eeb khi b\u01b0\u1edbc v\u00e0o c\u1eeda cho \u0111\u1ebfn l\u00fac r\u1eddi \u0111i. Th\u1ef1c \u0110\u01a1n Phong Ph\u00faRestajuany t\u1ef1 h\u00e0o gi\u1edbi thi\u1ec7u m\u1ed9t th\u1ef1c \u0111\u01a1n phong ph\u00fa, v\u1edbi nhi\u1ec1u m\u00f3n n\u01b0\u1edbng h\u1ea5p d\u1eabn t\u1eeb c\u00e1c lo\u1ea1i th\u1ecbt cao c\u1ea5p nh\u01b0 b\u00f2, heo, g\u00e0, v\u00e0 h\u1ea3i s\u1ea3n t\u01b0\u01a1i s\u1ed1ng. M\u1ed7i m\u00f3n \u0103n \u0111\u1ec1u \u0111\u01b0\u1ee3c ch\u1ebf bi\u1ebfn c\u1ea9n th\u1eadn, t\u1eeb kh\u00e2u \u01b0\u1edbp th\u1ecbt \u0111\u1ebfn n\u01b0\u1edbng ch\u00edn, \u0111\u1ea3m b\u1ea3o gi\u1eef nguy\u00ean h\u01b0\u01a1ng v\u1ecb \u0111\u1eb7c tr\u01b0ng v\u00e0 \u0111\u1ed9 ng\u1ecdt t\u1ef1 nhi\u00ean c\u1ee7a th\u1ecbt. Ngo\u00e0i c\u00e1c m\u00f3n n\u01b0\u1edbng, th\u1ef1c \u0111\u01a1n c\u1ee7a ch\u00fang t\u00f4i c\u00f2n bao g\u1ed3m c\u00e1c m\u00f3n \u0103n k\u00e8m \u0111a d\u1ea1ng v\u00e0 phong ph\u00fa, t\u1eeb salad t\u01b0\u01a1i m\u00e1t, rau c\u1ee7 n\u01b0\u1edbng gi\u00f2n tan, \u0111\u1ebfn c\u00e1c lo\u1ea1i s\u1ed1t \u0111\u1ed9c \u0111\u00e1o, l\u00e0m t\u00f4n l\u00ean h\u01b0\u01a1ng v\u1ecb c\u1ee7a t\u1eebng mi\u1ebfng th\u1ecbt n\u01b0\u1edbng. \u0110\u1eb7c bi\u1ec7t, c\u00e1c m\u00f3n tr\u00e1ng mi\u1ec7ng ng\u1ecdt ng\u00e0o v\u00e0 th\u1ee9c u\u1ed1ng tinh t\u1ebf c\u0169ng \u0111\u01b0\u1ee3c ch\u00fang t\u00f4i chu\u1ea9n b\u1ecb k\u1ef9 l\u01b0\u1ee1ng, mang \u0111\u1ebfn s\u1ef1 k\u1ebft th\u00fac ho\u00e0n h\u1ea3o cho b\u1eefa \u0103n c\u1ee7a b\u1ea1n. Kh\u00e1m Ph\u00e1 V\u00e0 Tr\u1ea3i Nghi\u1ec7mRestajuany kh\u00f4ng ch\u1ec9 l\u00e0 n\u01a1i \u0111\u1ec3 \u0103n u\u1ed1ng, m\u00e0 c\u00f2n l\u00e0 n\u01a1i \u0111\u1ec3 b\u1ea1n kh\u00e1m ph\u00e1 v\u00e0 tr\u1ea3i nghi\u1ec7m v\u0103n h\u00f3a \u1ea9m th\u1ef1c \u0111\u1eb7c s\u1eafc. Ch\u00fang t\u00f4i th\u01b0\u1eddng xuy\u00ean t\u1ed5 ch\u1ee9c c\u00e1c s\u1ef1 ki\u1ec7n \u1ea9m th\u1ef1c \u0111\u1eb7c bi\u1ec7t, n\u01a1i b\u1ea1n c\u00f3 th\u1ec3 tr\u1ea3i nghi\u1ec7m nh\u1eefng m\u00f3n n\u01b0\u1edbng m\u1edbi l\u1ea1, c\u00e1c bu\u1ed5i ti\u1ec7c n\u01b0\u1edbng BBQ ngo\u00e0i tr\u1eddi, hay c\u00e1c l\u1edbp h\u1ecdc n\u01b0\u1edbng th\u1ecbt c\u00f9ng \u0111\u1ea7u b\u1ebfp chuy\u00ean nghi\u1ec7p. H\u00e3y \u0111\u1ebfn v\u1edbi Restajuany \u0111\u1ec3 th\u01b0\u1edfng th\u1ee9c nh\u1eefng m\u00f3n n\u01b0\u1edbng \u0111\u1ec9nh cao v\u00e0 c\u1ea3m nh\u1eadn s\u1ef1 kh\u00e1c bi\u1ec7t trong t\u1eebng chi ti\u1ebft. Ch\u00fang t\u00f4i mong mu\u1ed1n tr\u1edf th\u00e0nh \u0111i\u1ec3m \u0111\u1ebfn \u01b0a th\u00edch c\u1ee7a b\u1ea1n cho nh\u1eefng b\u1eefa \u0103n ngon mi\u1ec7ng v\u00e0 nh\u1eefng kho\u1ea3nh kh\u1eafc \u0111\u00e1ng nh\u1edb b\u00ean gia \u0111\u00ecnh v\u00e0 b\u1ea1n b\u00e8.<\/p>\n","protected":false},"author":1,"featured_media":0,"parent":0,"menu_order":0,"comment_status":"closed","ping_status":"closed","template":"","meta":{"footnotes":""},"class_list":["post-47","page","type-page","status-publish","hentry"],"_links":{"self":[{"href":"https:\/\/webchodoanhnghiep.tamkhoa.com\/nha-hang-01\/wp-json\/wp\/v2\/pages\/47"}],"collection":[{"href":"https:\/\/webchodoanhnghiep.tamkhoa.com\/nha-hang-01\/wp-json\/wp\/v2\/pages"}],"about":[{"href":"https:\/\/webchodoanhnghiep.tamkhoa.com\/nha-hang-01\/wp-json\/wp\/v2\/types\/page"}],"author":[{"embeddable":true,"href":"https:\/\/webchodoanhnghiep.tamkhoa.com\/nha-hang-01\/wp-json\/wp\/v2\/users\/1"}],"replies":[{"embeddable":true,"href":"https:\/\/webchodoanhnghiep.tamkhoa.com\/nha-hang-01\/wp-json\/wp\/v2\/comments?post=47"}],"version-history":[{"count":3,"href":"https:\/\/webchodoanhnghiep.tamkhoa.com\/nha-hang-01\/wp-json\/wp\/v2\/pages\/47\/revisions"}],"predecessor-version":[{"id":412,"href":"https:\/\/webchodoanhnghiep.tamkhoa.com\/nha-hang-01\/wp-json\/wp\/v2\/pages\/47\/revisions\/412"}],"wp:attachment":[{"href":"https:\/\/webchodoanhnghiep.tamkhoa.com\/nha-hang-01\/wp-json\/wp\/v2\/media?parent=47"}],"curies":[{"name":"wp","href":"https:\/\/api.w.org\/{rel}","templated":true}]}}