{"id":57,"date":"2024-08-21T07:37:59","date_gmt":"2024-08-21T07:37:59","guid":{"rendered":"https:\/\/dulich.tamkhoa.com\/nha-hang-01\/?page_id=57"},"modified":"2024-10-28T02:17:11","modified_gmt":"2024-10-28T02:17:11","slug":"faq","status":"publish","type":"page","link":"https:\/\/webchodoanhnghiep.tamkhoa.com\/nha-hang-01\/faq\/","title":{"rendered":"FAQ"},"content":{"rendered":"\t\t<div data-elementor-type=\"wp-page\" data-elementor-id=\"57\" class=\"elementor elementor-57\">\n\t\t\t\t<div class=\"elementor-element elementor-element-683b066 e-flex e-con-boxed wpr-particle-no wpr-jarallax-no wpr-parallax-no wpr-sticky-section-no wpr-column-slider-no wpr-equal-height-no e-con e-parent\" data-id=\"683b066\" data-element_type=\"container\" data-e-type=\"container\">\n\t\t\t\t\t<div class=\"e-con-inner\">\n\t\t\t\t<div class=\"elementor-element elementor-element-4adb10e elementor-widget elementor-widget-page-title\" data-id=\"4adb10e\" data-element_type=\"widget\" data-e-type=\"widget\" data-settings=\"{&quot;align&quot;:&quot;center&quot;}\" data-widget_type=\"page-title.default\">\n\t\t\t\t<div class=\"elementor-widget-container\">\n\t\t\t\t\t\t\t\n\t\t<div class=\"hfe-page-title hfe-page-title-wrapper elementor-widget-heading\">\n\n\t\t\t\t\t\t\t\t<h2 class=\"elementor-heading-title elementor-size-default\">\n\t\t\t\t\t\t\t\t\n\t\t\t\tFAQ  \n\t\t\t<\/h2 > \n\t\t\t\t\t<\/div>\n\t\t\t\t\t\t<\/div>\n\t\t\t\t<\/div>\n\t\t\t\t<div class=\"elementor-element elementor-element-39c37e8 elementor-widget elementor-widget-betterdocs-faq\" data-id=\"39c37e8\" data-element_type=\"widget\" data-e-type=\"widget\" data-widget_type=\"betterdocs-faq.default\">\n\t\t\t\t\t<div\n\tclass=\"betterdocs-faq-wrapper layout-modern icon-after betterdocs-faq-layout-1 betterdocs-shortcode\">\n\t<h2 class=\"betterdocs-faq-layout-1 betterdocs-faq-section-title\"><\/h2>\n\t<div class=\"betterdocs-faq-inner-wrapper\">\n\t\t<div class=\"betterdocs-faq-title\">\n\t<h3 class=\"betterdocs-faq-title-tag\">Th\u00f4ng tin \u0111\u1eb7t ch\u1ed7 v\u00e0 ph\u1ee5c v\u1ee5 kh\u00e1ch h\u00e0ng<\/h3><\/div>\n<ul class=\"betterdocs-faq-list\"><li><div class=\"betterdocs-faq-group\"><div class=\"betterdocs-faq-post\">\n\t\t<p class=\"betterdocs-faq-post-name\">\n\t\tNh\u00e0 h\u00e0ng c\u00f3 c\u1ea7n \u0111\u1eb7t b\u00e0n tr\u01b0\u1edbc kh\u00f4ng?\t<\/p>\n\t<svg class=\"betterdocs-faq-iconminus\" xmlns=\"http:\/\/www.w3.org\/2000\/svg\" viewBox=\"0 0 24 24\"stroke-width=\"2\"><g fill=\"none\" stroke=\"#528ffe\" stroke-linecap=\"round\" stroke-miterlimit=\"10\" stroke-linejoin=\"round\"><path d=\"M17 12H7\"><\/path><circle cx=\"12\" cy=\"12\" r=\"11\"><\/circle><\/g><\/svg><svg class=\"betterdocs-faq-iconplus\" xmlns=\"http:\/\/www.w3.org\/2000\/svg\" viewBox=\"0 0 24 24\"><g stroke-width=\"2\" fill=\"none\" stroke=\"#528ffe\" stroke-linecap=\"square\" stroke-miterlimit=\"10\"><path d=\"M12 7v10M17 12H7\"><\/path><circle cx=\"12\" cy=\"12\" r=\"11\"><\/circle><\/g><\/svg><\/div>\n<div class=\"betterdocs-faq-main-content\" >\n\t<p>Ch\u00fang t\u00f4i khuy\u1ebfn kh\u00edch qu\u00fd kh\u00e1ch \u0111\u1eb7t b\u00e0n tr\u01b0\u1edbc \u0111\u1ec3 \u0111\u1ea3m b\u1ea3o c\u00f3 ch\u1ed7 ng\u1ed3i, \u0111\u1eb7c bi\u1ec7t v\u00e0o c\u00e1c d\u1ecbp cu\u1ed1i tu\u1ea7n ho\u1eb7c ng\u00e0y l\u1ec5. Qu\u00fd kh\u00e1ch c\u00f3 th\u1ec3 \u0111\u1eb7t b\u00e0n qua s\u1ed1 \u0111i\u1ec7n tho\u1ea1i c\u1ee7a nh\u00e0 h\u00e0ng ho\u1eb7c \u0111\u1ebfn tr\u1ef1c ti\u1ebfp.&nbsp;<\/p>\n<\/div>\n<\/div><\/li><li><div class=\"betterdocs-faq-group\"><div class=\"betterdocs-faq-post\">\n\t\t<p class=\"betterdocs-faq-post-name\">\n\t\tNh\u00e0 h\u00e0ng c\u00f3 ph\u1ee5c v\u1ee5 nh\u00f3m \u0111\u00f4ng ng\u01b0\u1eddi kh\u00f4ng?\t<\/p>\n\t<svg class=\"betterdocs-faq-iconminus\" xmlns=\"http:\/\/www.w3.org\/2000\/svg\" viewBox=\"0 0 24 24\"stroke-width=\"2\"><g fill=\"none\" stroke=\"#528ffe\" stroke-linecap=\"round\" stroke-miterlimit=\"10\" stroke-linejoin=\"round\"><path d=\"M17 12H7\"><\/path><circle cx=\"12\" cy=\"12\" r=\"11\"><\/circle><\/g><\/svg><svg class=\"betterdocs-faq-iconplus\" xmlns=\"http:\/\/www.w3.org\/2000\/svg\" viewBox=\"0 0 24 24\"><g stroke-width=\"2\" fill=\"none\" stroke=\"#528ffe\" stroke-linecap=\"square\" stroke-miterlimit=\"10\"><path d=\"M12 7v10M17 12H7\"><\/path><circle cx=\"12\" cy=\"12\" r=\"11\"><\/circle><\/g><\/svg><\/div>\n<div class=\"betterdocs-faq-main-content\" >\n\t<p>Ch\u00fang t\u00f4i s\u1eb5n s\u00e0ng ph\u1ee5c v\u1ee5 c\u00e1c nh\u00f3m \u0111\u00f4ng ng\u01b0\u1eddi cho c\u00e1c d\u1ecbp sinh nh\u1eadt, h\u1ecdp m\u1eb7t, ho\u1eb7c li\u00ean hoan. Nh\u00e0 h\u00e0ng c\u00f2n c\u00f3 c\u00e1c combo \u01b0u \u0111\u00e3i d\u00e0nh ri\u00eang cho nh\u00f3m l\u1edbn.&nbsp;<\/p>\n<\/div>\n<\/div><\/li><li><div class=\"betterdocs-faq-group\"><div class=\"betterdocs-faq-post\">\n\t\t<p class=\"betterdocs-faq-post-name\">\n\t\tNh\u00e0 h\u00e0ng c\u00f3 ph\u00f2ng ri\u00eang cho gia \u0111\u00ecnh ho\u1eb7c nh\u00f3m l\u1edbn kh\u00f4ng?\t<\/p>\n\t<svg class=\"betterdocs-faq-iconminus\" xmlns=\"http:\/\/www.w3.org\/2000\/svg\" viewBox=\"0 0 24 24\"stroke-width=\"2\"><g fill=\"none\" stroke=\"#528ffe\" stroke-linecap=\"round\" stroke-miterlimit=\"10\" stroke-linejoin=\"round\"><path d=\"M17 12H7\"><\/path><circle cx=\"12\" cy=\"12\" r=\"11\"><\/circle><\/g><\/svg><svg class=\"betterdocs-faq-iconplus\" xmlns=\"http:\/\/www.w3.org\/2000\/svg\" viewBox=\"0 0 24 24\"><g stroke-width=\"2\" fill=\"none\" stroke=\"#528ffe\" stroke-linecap=\"square\" stroke-miterlimit=\"10\"><path d=\"M12 7v10M17 12H7\"><\/path><circle cx=\"12\" cy=\"12\" r=\"11\"><\/circle><\/g><\/svg><\/div>\n<div class=\"betterdocs-faq-main-content\" >\n\t<p>Ch\u00fang t\u00f4i c\u00f3 ph\u00f2ng ri\u00eang cho gia \u0111\u00ecnh ho\u1eb7c nh\u00f3m kh\u00e1ch \u0111\u00f4ng \u0111\u1ec3 \u0111\u1ea3m b\u1ea3o s\u1ef1 tho\u1ea3i m\u00e1i v\u00e0 ri\u00eang t\u01b0. Qu\u00fd kh\u00e1ch vui l\u00f2ng \u0111\u1eb7t ch\u1ed7 tr\u01b0\u1edbc \u0111\u1ec3 \u0111\u01b0\u1ee3c s\u1eafp x\u1ebfp&nbsp;<\/p>\n<\/div>\n<\/div><\/li><\/ul><div class=\"betterdocs-faq-title\">\n\t<h3 class=\"betterdocs-faq-title-tag\">M\u00f3n \u0103n v\u00e0 th\u1ef1c \u0111\u01a1n<\/h3><\/div>\n<ul class=\"betterdocs-faq-list\"><li><div class=\"betterdocs-faq-group\"><div class=\"betterdocs-faq-post\">\n\t\t<p class=\"betterdocs-faq-post-name\">\n\t\tNh\u1eefng m\u00f3n n\u00e0o l\u00e0 \u0111\u1eb7c tr\u01b0ng c\u1ee7a nh\u00e0 h\u00e0ng?\t<\/p>\n\t<svg class=\"betterdocs-faq-iconminus\" xmlns=\"http:\/\/www.w3.org\/2000\/svg\" viewBox=\"0 0 24 24\"stroke-width=\"2\"><g fill=\"none\" stroke=\"#528ffe\" stroke-linecap=\"round\" stroke-miterlimit=\"10\" stroke-linejoin=\"round\"><path d=\"M17 12H7\"><\/path><circle cx=\"12\" cy=\"12\" r=\"11\"><\/circle><\/g><\/svg><svg class=\"betterdocs-faq-iconplus\" xmlns=\"http:\/\/www.w3.org\/2000\/svg\" viewBox=\"0 0 24 24\"><g stroke-width=\"2\" fill=\"none\" stroke=\"#528ffe\" stroke-linecap=\"square\" stroke-miterlimit=\"10\"><path d=\"M12 7v10M17 12H7\"><\/path><circle cx=\"12\" cy=\"12\" r=\"11\"><\/circle><\/g><\/svg><\/div>\n<div class=\"betterdocs-faq-main-content\" >\n\t<p>Nh\u00e0 h\u00e0ng t\u1ef1 h\u00e0o v\u1edbi c\u00e1c m\u00f3n BBQ \u0111\u1eb7c tr\u01b0ng \u0111\u01b0\u1ee3c t\u1ea9m \u01b0\u1edbp gia v\u1ecb \u0111\u1eadm \u0111\u00e0 v\u00e0 n\u01b0\u1edbng theo phong c\u00e1ch \u0111\u1ed9c \u0111\u00e1o. M\u1ed9t s\u1ed1 m\u00f3n signature bao g\u1ed3m s\u01b0\u1eddn n\u01b0\u1edbng m\u1eadt ong, ba ch\u1ec9 b\u00f2 n\u01b0\u1edbng cay, v\u00e0 combo h\u1ea3i s\u1ea3n.&nbsp;<\/p>\n<\/div>\n<\/div><\/li><li><div class=\"betterdocs-faq-group\"><div class=\"betterdocs-faq-post\">\n\t\t<p class=\"betterdocs-faq-post-name\">\n\t\tNh\u00e0 h\u00e0ng c\u00f3 c\u00e1c m\u00f3n chay ho\u1eb7c m\u00f3n kh\u00f4ng c\u00f3 th\u1ecbt heo kh\u00f4ng?\t<\/p>\n\t<svg class=\"betterdocs-faq-iconminus\" xmlns=\"http:\/\/www.w3.org\/2000\/svg\" viewBox=\"0 0 24 24\"stroke-width=\"2\"><g fill=\"none\" stroke=\"#528ffe\" stroke-linecap=\"round\" stroke-miterlimit=\"10\" stroke-linejoin=\"round\"><path d=\"M17 12H7\"><\/path><circle cx=\"12\" cy=\"12\" r=\"11\"><\/circle><\/g><\/svg><svg class=\"betterdocs-faq-iconplus\" xmlns=\"http:\/\/www.w3.org\/2000\/svg\" viewBox=\"0 0 24 24\"><g stroke-width=\"2\" fill=\"none\" stroke=\"#528ffe\" stroke-linecap=\"square\" stroke-miterlimit=\"10\"><path d=\"M12 7v10M17 12H7\"><\/path><circle cx=\"12\" cy=\"12\" r=\"11\"><\/circle><\/g><\/svg><\/div>\n<div class=\"betterdocs-faq-main-content\" >\n\t<p>Ch\u00fang t\u00f4i c\u00f3 c\u00e1c l\u1ef1a ch\u1ecdn d\u00e0nh cho kh\u00e1ch \u0103n chay v\u00e0 c\u00e1c m\u00f3n kh\u00f4ng ch\u1ee9a th\u1ecbt heo. Xin vui l\u00f2ng th\u00f4ng b\u00e1o cho nh\u00e2n vi\u00ean khi g\u1ecdi m\u00f3n \u0111\u1ec3 \u0111\u01b0\u1ee3c ph\u1ee5c v\u1ee5 \u0111\u00fang y\u00eau c\u1ea7u.&nbsp;<\/p>\n<\/div>\n<\/div><\/li><\/ul><div class=\"betterdocs-faq-title\">\n\t<h3 class=\"betterdocs-faq-title-tag\">Gi\u1edd ho\u1ea1t \u0111\u1ed9ng v\u00e0 ti\u1ec7n nghi<\/h3><\/div>\n<ul class=\"betterdocs-faq-list\"><li><div class=\"betterdocs-faq-group\"><div class=\"betterdocs-faq-post\">\n\t\t<p class=\"betterdocs-faq-post-name\">\n\t\tGi\u1edd m\u1edf c\u1eeda c\u1ee7a nh\u00e0 h\u00e0ng nh\u01b0 th\u1ebf n\u00e0o?\t<\/p>\n\t<svg class=\"betterdocs-faq-iconminus\" xmlns=\"http:\/\/www.w3.org\/2000\/svg\" viewBox=\"0 0 24 24\"stroke-width=\"2\"><g fill=\"none\" stroke=\"#528ffe\" stroke-linecap=\"round\" stroke-miterlimit=\"10\" stroke-linejoin=\"round\"><path d=\"M17 12H7\"><\/path><circle cx=\"12\" cy=\"12\" r=\"11\"><\/circle><\/g><\/svg><svg class=\"betterdocs-faq-iconplus\" xmlns=\"http:\/\/www.w3.org\/2000\/svg\" viewBox=\"0 0 24 24\"><g stroke-width=\"2\" fill=\"none\" stroke=\"#528ffe\" stroke-linecap=\"square\" stroke-miterlimit=\"10\"><path d=\"M12 7v10M17 12H7\"><\/path><circle cx=\"12\" cy=\"12\" r=\"11\"><\/circle><\/g><\/svg><\/div>\n<div class=\"betterdocs-faq-main-content\" >\n\t<p>Nh\u00e0 h\u00e0ng m\u1edf c\u1eeda t\u1eeb 10:00 s\u00e1ng \u0111\u1ebfn 10:00 t\u1ed1i h\u00e0ng ng\u00e0y. Gi\u1edd m\u1edf c\u1eeda c\u00f3 th\u1ec3 thay \u0111\u1ed5i v\u00e0o c\u00e1c d\u1ecbp l\u1ec5, qu\u00fd kh\u00e1ch vui l\u00f2ng ki\u1ec3m tra tr\u01b0\u1edbc khi \u0111\u1ebfn.&nbsp;<\/p>\n<\/div>\n<\/div><\/li><li><div class=\"betterdocs-faq-group\"><div class=\"betterdocs-faq-post\">\n\t\t<p class=\"betterdocs-faq-post-name\">\n\t\tNh\u00e0 h\u00e0ng c\u00f3 ch\u1ed7 \u0111\u1eadu xe kh\u00f4ng?\t<\/p>\n\t<svg class=\"betterdocs-faq-iconminus\" xmlns=\"http:\/\/www.w3.org\/2000\/svg\" viewBox=\"0 0 24 24\"stroke-width=\"2\"><g fill=\"none\" stroke=\"#528ffe\" stroke-linecap=\"round\" stroke-miterlimit=\"10\" stroke-linejoin=\"round\"><path d=\"M17 12H7\"><\/path><circle cx=\"12\" cy=\"12\" r=\"11\"><\/circle><\/g><\/svg><svg class=\"betterdocs-faq-iconplus\" xmlns=\"http:\/\/www.w3.org\/2000\/svg\" viewBox=\"0 0 24 24\"><g stroke-width=\"2\" fill=\"none\" stroke=\"#528ffe\" stroke-linecap=\"square\" stroke-miterlimit=\"10\"><path d=\"M12 7v10M17 12H7\"><\/path><circle cx=\"12\" cy=\"12\" r=\"11\"><\/circle><\/g><\/svg><\/div>\n<div class=\"betterdocs-faq-main-content\" >\n\t<p>Nh\u00e0 h\u00e0ng c\u00f3 b\u00e3i \u0111\u1eadu xe ngay b\u00ean ngo\u00e0i, \u0111\u1ea3m b\u1ea3o s\u1ef1 thu\u1eadn ti\u1ec7n cho kh\u00e1ch h\u00e0ng khi \u0111\u1ebfn d\u00f9ng b\u1eefa.&nbsp;<\/p>\n<\/div>\n<\/div><\/li><\/ul>\t<\/div>\n<\/div>\n\t\t\t\t<\/div>\n\t\t\t\t\t<\/div>\n\t\t\t\t<\/div>\n\t\t\t\t<\/div>\n\t\t","protected":false},"excerpt":{"rendered":"<p>FAQ Th\u00f4ng tin \u0111\u1eb7t ch\u1ed7 v\u00e0 ph\u1ee5c v\u1ee5 kh\u00e1ch h\u00e0ng Nh\u00e0 h\u00e0ng c\u00f3 c\u1ea7n \u0111\u1eb7t b\u00e0n tr\u01b0\u1edbc kh\u00f4ng? Ch\u00fang t\u00f4i khuy\u1ebfn kh\u00edch qu\u00fd kh\u00e1ch \u0111\u1eb7t b\u00e0n tr\u01b0\u1edbc \u0111\u1ec3 \u0111\u1ea3m b\u1ea3o c\u00f3 ch\u1ed7 ng\u1ed3i, \u0111\u1eb7c bi\u1ec7t v\u00e0o c\u00e1c d\u1ecbp cu\u1ed1i tu\u1ea7n ho\u1eb7c ng\u00e0y l\u1ec5. Qu\u00fd kh\u00e1ch c\u00f3 th\u1ec3 \u0111\u1eb7t b\u00e0n qua s\u1ed1 \u0111i\u1ec7n tho\u1ea1i c\u1ee7a nh\u00e0 h\u00e0ng ho\u1eb7c \u0111\u1ebfn tr\u1ef1c ti\u1ebfp.&nbsp; Nh\u00e0 h\u00e0ng c\u00f3 ph\u1ee5c v\u1ee5 nh\u00f3m \u0111\u00f4ng ng\u01b0\u1eddi kh\u00f4ng? Ch\u00fang t\u00f4i s\u1eb5n s\u00e0ng ph\u1ee5c v\u1ee5 c\u00e1c nh\u00f3m \u0111\u00f4ng ng\u01b0\u1eddi cho c\u00e1c d\u1ecbp sinh nh\u1eadt, h\u1ecdp m\u1eb7t, ho\u1eb7c li\u00ean hoan. Nh\u00e0 h\u00e0ng c\u00f2n c\u00f3 c\u00e1c combo \u01b0u \u0111\u00e3i d\u00e0nh ri\u00eang cho nh\u00f3m l\u1edbn.&nbsp; Nh\u00e0 h\u00e0ng c\u00f3 ph\u00f2ng ri\u00eang cho gia \u0111\u00ecnh ho\u1eb7c nh\u00f3m l\u1edbn kh\u00f4ng? Ch\u00fang t\u00f4i c\u00f3 ph\u00f2ng ri\u00eang cho gia \u0111\u00ecnh ho\u1eb7c nh\u00f3m kh\u00e1ch \u0111\u00f4ng \u0111\u1ec3 \u0111\u1ea3m b\u1ea3o s\u1ef1 tho\u1ea3i m\u00e1i v\u00e0 ri\u00eang t\u01b0. Qu\u00fd kh\u00e1ch vui l\u00f2ng \u0111\u1eb7t ch\u1ed7 tr\u01b0\u1edbc \u0111\u1ec3 \u0111\u01b0\u1ee3c s\u1eafp x\u1ebfp&nbsp; M\u00f3n \u0103n v\u00e0 th\u1ef1c \u0111\u01a1n Nh\u1eefng m\u00f3n n\u00e0o l\u00e0 \u0111\u1eb7c tr\u01b0ng c\u1ee7a nh\u00e0 h\u00e0ng? Nh\u00e0 h\u00e0ng t\u1ef1 h\u00e0o v\u1edbi c\u00e1c m\u00f3n BBQ \u0111\u1eb7c tr\u01b0ng \u0111\u01b0\u1ee3c t\u1ea9m \u01b0\u1edbp gia v\u1ecb \u0111\u1eadm \u0111\u00e0 v\u00e0 n\u01b0\u1edbng theo phong c\u00e1ch \u0111\u1ed9c \u0111\u00e1o. M\u1ed9t s\u1ed1 m\u00f3n signature bao g\u1ed3m s\u01b0\u1eddn n\u01b0\u1edbng m\u1eadt ong, ba ch\u1ec9 b\u00f2 n\u01b0\u1edbng cay, v\u00e0 combo h\u1ea3i s\u1ea3n.&nbsp; Nh\u00e0 h\u00e0ng c\u00f3 c\u00e1c m\u00f3n chay ho\u1eb7c m\u00f3n kh\u00f4ng c\u00f3 th\u1ecbt heo kh\u00f4ng? Ch\u00fang t\u00f4i c\u00f3 c\u00e1c l\u1ef1a ch\u1ecdn d\u00e0nh cho kh\u00e1ch \u0103n chay v\u00e0 c\u00e1c m\u00f3n kh\u00f4ng ch\u1ee9a th\u1ecbt heo. Xin vui l\u00f2ng th\u00f4ng b\u00e1o cho nh\u00e2n vi\u00ean khi g\u1ecdi m\u00f3n \u0111\u1ec3 \u0111\u01b0\u1ee3c ph\u1ee5c v\u1ee5 \u0111\u00fang y\u00eau c\u1ea7u.&nbsp; Gi\u1edd ho\u1ea1t \u0111\u1ed9ng v\u00e0 ti\u1ec7n nghi Gi\u1edd m\u1edf c\u1eeda c\u1ee7a nh\u00e0 h\u00e0ng nh\u01b0 th\u1ebf n\u00e0o? Nh\u00e0 h\u00e0ng m\u1edf c\u1eeda t\u1eeb 10:00 s\u00e1ng \u0111\u1ebfn 10:00 t\u1ed1i h\u00e0ng ng\u00e0y. Gi\u1edd m\u1edf c\u1eeda c\u00f3 th\u1ec3 thay \u0111\u1ed5i v\u00e0o c\u00e1c d\u1ecbp l\u1ec5, qu\u00fd kh\u00e1ch vui l\u00f2ng ki\u1ec3m tra tr\u01b0\u1edbc khi \u0111\u1ebfn.&nbsp; Nh\u00e0 h\u00e0ng c\u00f3 ch\u1ed7 \u0111\u1eadu xe kh\u00f4ng? Nh\u00e0 h\u00e0ng c\u00f3 b\u00e3i \u0111\u1eadu xe ngay b\u00ean ngo\u00e0i, \u0111\u1ea3m b\u1ea3o s\u1ef1 thu\u1eadn ti\u1ec7n cho kh\u00e1ch h\u00e0ng khi \u0111\u1ebfn d\u00f9ng b\u1eefa.&nbsp;<\/p>\n","protected":false},"author":1,"featured_media":0,"parent":0,"menu_order":0,"comment_status":"closed","ping_status":"closed","template":"","meta":{"footnotes":""},"class_list":["post-57","page","type-page","status-publish","hentry"],"_links":{"self":[{"href":"https:\/\/webchodoanhnghiep.tamkhoa.com\/nha-hang-01\/wp-json\/wp\/v2\/pages\/57"}],"collection":[{"href":"https:\/\/webchodoanhnghiep.tamkhoa.com\/nha-hang-01\/wp-json\/wp\/v2\/pages"}],"about":[{"href":"https:\/\/webchodoanhnghiep.tamkhoa.com\/nha-hang-01\/wp-json\/wp\/v2\/types\/page"}],"author":[{"embeddable":true,"href":"https:\/\/webchodoanhnghiep.tamkhoa.com\/nha-hang-01\/wp-json\/wp\/v2\/users\/1"}],"replies":[{"embeddable":true,"href":"https:\/\/webchodoanhnghiep.tamkhoa.com\/nha-hang-01\/wp-json\/wp\/v2\/comments?post=57"}],"version-history":[{"count":6,"href":"https:\/\/webchodoanhnghiep.tamkhoa.com\/nha-hang-01\/wp-json\/wp\/v2\/pages\/57\/revisions"}],"predecessor-version":[{"id":429,"href":"https:\/\/webchodoanhnghiep.tamkhoa.com\/nha-hang-01\/wp-json\/wp\/v2\/pages\/57\/revisions\/429"}],"wp:attachment":[{"href":"https:\/\/webchodoanhnghiep.tamkhoa.com\/nha-hang-01\/wp-json\/wp\/v2\/media?parent=57"}],"curies":[{"name":"wp","href":"https:\/\/api.w.org\/{rel}","templated":true}]}}