{"id":453,"date":"2024-10-28T03:15:15","date_gmt":"2024-10-28T03:15:15","guid":{"rendered":"https:\/\/webchodoanhnghiep2.tamkhoa.com\/nha-hang-01\/?post_type=product&#038;p=453"},"modified":"2024-10-28T03:16:36","modified_gmt":"2024-10-28T03:16:36","slug":"suon-nuong-mat-ong","status":"publish","type":"product","link":"https:\/\/webchodoanhnghiep.tamkhoa.com\/nha-hang-01\/product\/suon-nuong-mat-ong\/","title":{"rendered":"S\u01b0\u1eddn n\u01b0\u1edbng m\u1eadt ong"},"content":{"rendered":"<p>N\u1ebfu b\u1ea1n l\u00e0 t\u00edn \u0111\u1ed3 c\u1ee7a c\u00e1c m\u00f3n n\u01b0\u1edbng BBQ, <strong>S\u01b0\u1eddn N\u01b0\u1edbng M\u1eadt Ong<\/strong> ch\u00ednh l\u00e0 l\u1ef1a ch\u1ecdn kh\u00f4ng th\u1ec3 b\u1ecf qua khi \u0111\u1ebfn v\u1edbi nh\u00e0 h\u00e0ng c\u1ee7a ch\u00fang t\u00f4i. V\u1edbi l\u1edbp m\u1eadt ong v\u00e0ng \u00f3ng, s\u01b0\u1eddn \u0111\u01b0\u1ee3c t\u1ea9m \u01b0\u1edbp c\u1ea9n th\u1eadn, mang \u0111\u1ebfn m\u1ed9t h\u01b0\u01a1ng v\u1ecb ng\u1ecdt ng\u00e0o nh\u01b0ng v\u1eabn \u0111\u1eadm \u0111\u00e0, kh\u00f3 c\u01b0\u1ee1ng. H\u00e3y c\u00f9ng kh\u00e1m ph\u00e1 \u0111i\u1ec1u g\u00ec khi\u1ebfn m\u00f3n s\u01b0\u1eddn n\u00e0y tr\u1edf n\u00ean \u0111\u1eb7c bi\u1ec7t nh\u00e9!<\/p>\n<h4><strong>B\u00ed Quy\u1ebft T\u1ea9m \u01af\u1edbp \u0110\u1eb7c Bi\u1ec7t<\/strong><\/h4>\n<p>M\u1ed7i mi\u1ebfng s\u01b0\u1eddn \u0111\u1ec1u \u0111\u01b0\u1ee3c ch\u1ecdn l\u1ef1a k\u1ef9 l\u01b0\u1ee1ng, \u0111\u1ea3m b\u1ea3o \u0111\u1ed9 t\u01b0\u01a1i v\u00e0 m\u1ec1m. Ch\u00fang t\u00f4i s\u1eed d\u1ee5ng m\u1eadt ong t\u1ef1 nhi\u00ean k\u1ebft h\u1ee3p c\u00f9ng c\u00e1c gia v\u1ecb \u0111\u1ed9c \u0111\u00e1o, t\u1ea1o ra m\u1ed9t h\u01b0\u01a1ng v\u1ecb v\u1eeba ng\u1ecdt, v\u1eeba th\u1ea5m \u0111\u01b0\u1ee3m v\u1ecb m\u1eb7n. S\u01b0\u1eddn \u0111\u01b0\u1ee3c \u01b0\u1edbp trong nhi\u1ec1u gi\u1edd \u0111\u1ec3 gia v\u1ecb ng\u1ea5m \u0111\u1ec1u, \u0111\u1ea3m b\u1ea3o t\u1eebng mi\u1ebfng \u0111\u1ec1u \u0111\u1eadm \u0111\u00e0 t\u1eeb ngo\u00e0i v\u00e0o trong.<\/p>\n<h4><strong>K\u1ef9 Thu\u1eadt N\u01b0\u1edbng Ho\u00e0n H\u1ea3o<\/strong><\/h4>\n<p>M\u00f3n <strong>S\u01b0\u1eddn N\u01b0\u1edbng M\u1eadt Ong<\/strong> \u0111\u01b0\u1ee3c ch\u1ebf bi\u1ebfn v\u1edbi ph\u01b0\u01a1ng ph\u00e1p n\u01b0\u1edbng ch\u1eadm tr\u00ean l\u1eeda than h\u1ed3ng, gi\u1eef cho th\u1ecbt b\u00ean trong m\u1ec1m, m\u1ecdng n\u01b0\u1edbc m\u00e0 b\u00ean ngo\u00e0i l\u1ea1i gi\u00f2n tan. Khi n\u01b0\u1edbng, l\u1edbp m\u1eadt ong tan ch\u1ea3y k\u1ebft h\u1ee3p v\u1edbi th\u1ea3o m\u1ed9c d\u1eady m\u00f9i th\u01a1m l\u1eebng, k\u00edch th\u00edch m\u1ecdi gi\u00e1c quan c\u1ee7a th\u1ef1c kh\u00e1ch. \u0110\u00e2y c\u0169ng l\u00e0 c\u00e1ch \u0111\u1ec3 m\u00f3n s\u01b0\u1eddn c\u1ee7a ch\u00fang t\u00f4i gi\u1eef \u0111\u01b0\u1ee3c h\u01b0\u01a1ng v\u1ecb t\u1ef1 nhi\u00ean, kh\u00f4ng c\u1ea7n ph\u1ea3i th\u00eam b\u1ea5t k\u1ef3 ch\u1ea5t ph\u1ee5 gia n\u00e0o.<\/p>\n<h4><strong>Th\u01b0\u1edfng Th\u1ee9c v\u00e0 K\u1ebft H\u1ee3p<\/strong><\/h4>\n<p>\u0110\u1ec3 m\u00f3n \u0103n th\u00eam ph\u1ea7n ho\u00e0n h\u1ea3o, <strong>S\u01b0\u1eddn N\u01b0\u1edbng M\u1eadt Ong<\/strong> th\u01b0\u1eddng \u0111\u01b0\u1ee3c k\u1ebft h\u1ee3p v\u1edbi <strong>Salad Rau Xanh<\/strong> v\u00e0 <strong>Khoai T\u00e2y N\u01b0\u1edbng B\u01a1 T\u1ecfi<\/strong>. Salad thanh m\u00e1t gi\u00fap c\u00e2n b\u1eb1ng v\u1ecb gi\u00e1c, trong khi khoai t\u00e2y n\u01b0\u1edbng b\u01a1 t\u1ecfi l\u00e0 m\u00f3n \u0103n ph\u1ee5 tuy\u1ec7t v\u1eddi, gi\u00fap t\u0103ng th\u00eam \u0111\u1ed9 b\u00e9o b\u00f9i v\u00e0 \u0111\u1eadm \u0111\u00e0.<\/p>\n<h4><strong>S\u1ef1 L\u1ef1a Ch\u1ecdn Ho\u00e0n H\u1ea3o cho M\u1ecdi D\u1ecbp<\/strong><\/h4>\n<p>D\u00f9 l\u00e0 b\u1eefa t\u1ed1i gia \u0111\u00ecnh, g\u1eb7p m\u1eb7t b\u1ea1n b\u00e8 hay m\u1ed9t d\u1ecbp \u0111\u1eb7c bi\u1ec7t, <strong>S\u01b0\u1eddn N\u01b0\u1edbng M\u1eadt Ong<\/strong> \u0111\u1ec1u l\u00e0 l\u1ef1a ch\u1ecdn l\u00fd t\u01b0\u1edfng. M\u00f3n \u0103n kh\u00f4ng ch\u1ec9 ngon mi\u1ec7ng m\u00e0 c\u00f2n l\u00e0 \u0111i\u1ec3m nh\u1ea5n cho b\u1eefa ti\u1ec7c, khi\u1ebfn b\u1ea1n v\u00e0 ng\u01b0\u1eddi th\u00e2n th\u00eam ph\u1ea7n g\u1eafn k\u1ebft khi c\u00f9ng nhau th\u01b0\u1edfng th\u1ee9c.<\/p>\n","protected":false},"excerpt":{"rendered":"<p>N\u1ebfu b\u1ea1n l\u00e0 t\u00edn \u0111\u1ed3 c\u1ee7a c\u00e1c m\u00f3n n\u01b0\u1edbng BBQ, <strong>S\u01b0\u1eddn N\u01b0\u1edbng M\u1eadt Ong<\/strong> ch\u00ednh l\u00e0 l\u1ef1a ch\u1ecdn kh\u00f4ng th\u1ec3 b\u1ecf qua khi \u0111\u1ebfn v\u1edbi nh\u00e0 h\u00e0ng c\u1ee7a ch\u00fang t\u00f4i. V\u1edbi l\u1edbp m\u1eadt ong v\u00e0ng \u00f3ng, s\u01b0\u1eddn \u0111\u01b0\u1ee3c t\u1ea9m \u01b0\u1edbp c\u1ea9n th\u1eadn, mang \u0111\u1ebfn m\u1ed9t h\u01b0\u01a1ng v\u1ecb ng\u1ecdt ng\u00e0o nh\u01b0ng v\u1eabn \u0111\u1eadm \u0111\u00e0, kh\u00f3 c\u01b0\u1ee1ng<\/p>\n","protected":false},"featured_media":446,"comment_status":"open","ping_status":"closed","template":"","meta":[],"product_brand":[],"product_cat":[15],"product_tag":[],"class_list":{"0":"post-453","1":"product","2":"type-product","3":"status-publish","4":"has-post-thumbnail","6":"product_cat-mon-an","8":"first","9":"instock","10":"virtual","11":"product-type-simple"},"_links":{"self":[{"href":"https:\/\/webchodoanhnghiep.tamkhoa.com\/nha-hang-01\/wp-json\/wp\/v2\/product\/453"}],"collection":[{"href":"https:\/\/webchodoanhnghiep.tamkhoa.com\/nha-hang-01\/wp-json\/wp\/v2\/product"}],"about":[{"href":"https:\/\/webchodoanhnghiep.tamkhoa.com\/nha-hang-01\/wp-json\/wp\/v2\/types\/product"}],"replies":[{"embeddable":true,"href":"https:\/\/webchodoanhnghiep.tamkhoa.com\/nha-hang-01\/wp-json\/wp\/v2\/comments?post=453"}],"wp:featuredmedia":[{"embeddable":true,"href":"https:\/\/webchodoanhnghiep.tamkhoa.com\/nha-hang-01\/wp-json\/wp\/v2\/media\/446"}],"wp:attachment":[{"href":"https:\/\/webchodoanhnghiep.tamkhoa.com\/nha-hang-01\/wp-json\/wp\/v2\/media?parent=453"}],"wp:term":[{"taxonomy":"product_brand","embeddable":true,"href":"https:\/\/webchodoanhnghiep.tamkhoa.com\/nha-hang-01\/wp-json\/wp\/v2\/product_brand?post=453"},{"taxonomy":"product_cat","embeddable":true,"href":"https:\/\/webchodoanhnghiep.tamkhoa.com\/nha-hang-01\/wp-json\/wp\/v2\/product_cat?post=453"},{"taxonomy":"product_tag","embeddable":true,"href":"https:\/\/webchodoanhnghiep.tamkhoa.com\/nha-hang-01\/wp-json\/wp\/v2\/product_tag?post=453"}],"curies":[{"name":"wp","href":"https:\/\/api.w.org\/{rel}","templated":true}]}}