{"id":816,"date":"2024-10-01T03:43:13","date_gmt":"2024-10-01T03:43:13","guid":{"rendered":"https:\/\/dulich.tamkhoa.com\/thuong-mai-03\/?page_id=816"},"modified":"2024-11-01T03:23:39","modified_gmt":"2024-11-01T03:23:39","slug":"cam-ket-cua-chung-toi","status":"publish","type":"page","link":"https:\/\/webchodoanhnghiep.tamkhoa.com\/thuong-mai-03\/cam-ket-cua-chung-toi\/","title":{"rendered":"Cam k\u1ebft c\u1ee7a ch\u00fang t\u00f4i"},"content":{"rendered":"\t\t<div data-elementor-type=\"wp-page\" data-elementor-id=\"816\" class=\"elementor elementor-816\">\n\t\t\t\t<div class=\"elementor-element elementor-element-7fc87d8 e-flex e-con-boxed wpr-particle-no wpr-jarallax-no wpr-parallax-no wpr-sticky-section-no wpr-column-slider-no wpr-equal-height-no e-con e-parent\" data-id=\"7fc87d8\" data-element_type=\"container\" data-e-type=\"container\">\n\t\t\t\t\t<div class=\"e-con-inner\">\n\t\t\t\t<div class=\"elementor-element elementor-element-253f8aa elementor-widget elementor-widget-heading\" data-id=\"253f8aa\" data-element_type=\"widget\" data-e-type=\"widget\" data-widget_type=\"heading.default\">\n\t\t\t\t<div class=\"elementor-widget-container\">\n\t\t\t\t\t<h2 class=\"elementor-heading-title elementor-size-default\">Cam k\u1ebft an to\u00e0n c\u1ee7a ch\u00fang t\u00f4i<\/h2>\t\t\t\t<\/div>\n\t\t\t\t<\/div>\n\t\t\t\t\t<\/div>\n\t\t\t\t<\/div>\n\t\t<div class=\"elementor-element elementor-element-95723f7 e-flex e-con-boxed wpr-particle-no wpr-jarallax-no wpr-parallax-no wpr-sticky-section-no wpr-column-slider-no wpr-equal-height-no e-con e-parent\" data-id=\"95723f7\" data-element_type=\"container\" data-e-type=\"container\">\n\t\t\t\t\t<div class=\"e-con-inner\">\n\t\t\t\t<div class=\"elementor-element elementor-element-bdaa996 elementor-widget elementor-widget-text-editor\" data-id=\"bdaa996\" data-element_type=\"widget\" data-e-type=\"widget\" data-widget_type=\"text-editor.default\">\n\t\t\t\t<div class=\"elementor-widget-container\">\n\t\t\t\t\t\t\t\t\t<p>T\u1ea1i <strong>EvoSkin<\/strong>, ch\u00fang t\u00f4i lu\u00f4n \u0111\u1eb7t l\u1ee3i \u00edch v\u00e0 s\u1ef1 h\u00e0i l\u00f2ng c\u1ee7a kh\u00e1ch h\u00e0ng l\u00ean h\u00e0ng \u0111\u1ea7u<\/p>\t\t\t\t\t\t\t\t<\/div>\n\t\t\t\t<\/div>\n\t\t\t\t\t<\/div>\n\t\t\t\t<\/div>\n\t\t<div class=\"elementor-element elementor-element-d48bb0a e-flex e-con-boxed wpr-particle-no wpr-jarallax-no wpr-parallax-no wpr-sticky-section-no wpr-column-slider-no wpr-equal-height-no e-con e-parent\" data-id=\"d48bb0a\" data-element_type=\"container\" data-e-type=\"container\">\n\t\t\t\t\t<div class=\"e-con-inner\">\n\t\t\t\t<div class=\"elementor-element elementor-element-6581996 wpr-image-accordion-row wpr-image-accordion-interaction-hover wpr-acc-border-outer elementor-widget elementor-widget-wpr-image-accordion\" data-id=\"6581996\" data-element_type=\"widget\" data-e-type=\"widget\" data-widget_type=\"wpr-image-accordion.default\">\n\t\t\t\t<div class=\"elementor-widget-container\">\n\t\t\t\t\t\n\t\t<div class=\"wpr-image-accordion-wrap \">\n\n\t\t\t\t\t\t\t<div class=\"wpr-image-accordion\">\n\t\t\t\n\t\t\t\n\t\t\t\t<div data-src=https:\/\/webchodoanhnghiep.tamkhoa.com\/thuong-mai-03\/wp-content\/uploads\/sites\/8\/2024\/09\/cc669be6-379d-424f-ac2d-41a4d48e807c.webp   class=\"wpr-image-accordion-item elementor-repeater-item-941090e wpr-effect-size-\">\n\n\t\t\t\t<div class=\"wpr-accordion-background\" style=\"background-image: url(https:\/\/webchodoanhnghiep.tamkhoa.com\/thuong-mai-03\/wp-content\/uploads\/sites\/8\/2024\/09\/cc669be6-379d-424f-ac2d-41a4d48e807c.webp);\"><\/div>\n\t\t\t\t\t\t\t\n\t\t\t\t\t\t\t<div class=\"wpr-img-accordion-media-hover wpr-animation-wrap\" data-settings=\"{&quot;activeItem&quot;:{&quot;activeWidth&quot;:4,&quot;defaultActive&quot;:0,&quot;interaction&quot;:&quot;hover&quot;,&quot;overlayLink&quot;:&quot;&quot;,&quot;overlayLinkTarget&quot;:&quot;_self&quot;}}\" data-src=\"https:\/\/webchodoanhnghiep.tamkhoa.com\/thuong-mai-03\/wp-content\/uploads\/sites\/8\/2024\/09\/cc669be6-379d-424f-ac2d-41a4d48e807c.webp\"><div class=\"wpr-img-accordion-hover-bg  wpr-overlay-fade-in wpr-anim-size-large wpr-anim-timing-ease-default wpr-anim-transparency\"><\/div><div class=\"wpr-cv-container\"><div class=\"wpr-cv-outer\"><div class=\"wpr-cv-inner\"><div class=\"wpr-img-accordion-media-hover-middle elementor-clearfix\"><h2 class=\"wpr-img-accordion-item-title elementor-repeater-item-b90f202 wpr-img-accordion-item-display-block wpr-img-accordion-item-align-center wpr-element-fade-in wpr-anim-size-large wpr-anim-timing-ease-default wpr-anim-transparency\"><div class=\"inner-block\"><a class=\"wpr-pointer-item\">Th\u00e0nh Ph\u1ea7n T\u1ef1 Nhi\u00ean v\u00e0 An To\u00e0n<\/a><\/div><\/h2><div class=\"wpr-img-accordion-item-description elementor-repeater-item-23e13ae wpr-img-accordion-item-display-inline wpr-img-accordion-item-align-center wpr-element-fade-in wpr-anim-size-large wpr-anim-timing-ease-default wpr-anim-transparency\"><div class=\"inner-block\"><p>Ch\u00fang t\u00f4i cam k\u1ebft ch\u1ec9 s\u1eed d\u1ee5ng nh\u1eefng th\u00e0nh ph\u1ea7n c\u00f3 ngu\u1ed3n g\u1ed1c t\u1ef1 nhi\u00ean, l\u00e0nh t\u00ednh v\u00e0 kh\u00f4ng g\u00e2y k\u00edch \u1ee9ng cho l\u00e0n da. M\u1ed7i s\u1ea3n ph\u1ea9m \u0111\u1ec1u \u0111\u01b0\u1ee3c ki\u1ec3m \u0111\u1ecbnh ch\u1eb7t ch\u1ebd, \u0111\u1ea3m b\u1ea3o an to\u00e0n v\u00e0 hi\u1ec7u qu\u1ea3 cho m\u1ecdi lo\u1ea1i da, k\u1ec3 c\u1ea3 da nh\u1ea1y c\u1ea3m<\/p><\/div><\/div><\/div><\/div><\/div><\/div><\/div>\t\t\t\t<\/div>\n\n\t\t\t\n\t\t\t\t<div data-src=https:\/\/webchodoanhnghiep.tamkhoa.com\/thuong-mai-03\/wp-content\/uploads\/sites\/8\/2024\/09\/100fef59-65ad-4ed7-ae5a-76d59da86e63.webp   class=\"wpr-image-accordion-item elementor-repeater-item-40f8896 wpr-effect-size-\">\n\n\t\t\t\t<div class=\"wpr-accordion-background\" style=\"background-image: url(https:\/\/webchodoanhnghiep.tamkhoa.com\/thuong-mai-03\/wp-content\/uploads\/sites\/8\/2024\/09\/100fef59-65ad-4ed7-ae5a-76d59da86e63.webp);\"><\/div>\n\t\t\t\t\t\t\t\n\t\t\t\t\t\t\t<div class=\"wpr-img-accordion-media-hover wpr-animation-wrap\" data-settings=\"{&quot;activeItem&quot;:{&quot;activeWidth&quot;:4,&quot;defaultActive&quot;:0,&quot;interaction&quot;:&quot;hover&quot;,&quot;overlayLink&quot;:&quot;&quot;,&quot;overlayLinkTarget&quot;:&quot;_self&quot;}}\" data-src=\"https:\/\/webchodoanhnghiep.tamkhoa.com\/thuong-mai-03\/wp-content\/uploads\/sites\/8\/2024\/09\/100fef59-65ad-4ed7-ae5a-76d59da86e63.webp\"><div class=\"wpr-img-accordion-hover-bg  wpr-overlay-fade-in wpr-anim-size-large wpr-anim-timing-ease-default wpr-anim-transparency\"><\/div><div class=\"wpr-cv-container\"><div class=\"wpr-cv-outer\"><div class=\"wpr-cv-inner\"><div class=\"wpr-img-accordion-media-hover-middle elementor-clearfix\"><h2 class=\"wpr-img-accordion-item-title elementor-repeater-item-b90f202 wpr-img-accordion-item-display-block wpr-img-accordion-item-align-center wpr-element-fade-in wpr-anim-size-large wpr-anim-timing-ease-default wpr-anim-transparency\"><div class=\"inner-block\"><a class=\"wpr-pointer-item\">Ch\u1ea5t L\u01b0\u1ee3ng Cao C\u1ea5p<\/a><\/div><\/h2><div class=\"wpr-img-accordion-item-description elementor-repeater-item-23e13ae wpr-img-accordion-item-display-inline wpr-img-accordion-item-align-center wpr-element-fade-in wpr-anim-size-large wpr-anim-timing-ease-default wpr-anim-transparency\"><div class=\"inner-block\"><p>T\u1ea5t c\u1ea3 s\u1ea3n ph\u1ea9m c\u1ee7a EvoSkin \u0111\u1ec1u tr\u1ea3i qua quy tr\u00ecnh s\u1ea3n xu\u1ea5t nghi\u00eam ng\u1eb7t v\u00e0 ki\u1ec3m nghi\u1ec7m t\u1eeb c\u00e1c chuy\u00ean gia h\u00e0ng \u0111\u1ea7u trong l\u0129nh v\u1ef1c ch\u0103m s\u00f3c da. Ch\u00fang t\u00f4i \u0111\u1ea3m b\u1ea3o cung c\u1ea5p c\u00e1c s\u1ea3n ph\u1ea9m ch\u1ea5t l\u01b0\u1ee3ng cao, gi\u00fap b\u1ea1n t\u1ef1 tin trong m\u1ed7i li\u1ec7u tr\u00ecnh ch\u0103m s\u00f3c da<\/p><\/div><\/div><\/div><\/div><\/div><\/div><\/div>\t\t\t\t<\/div>\n\n\t\t\t\n\t\t\t\t<div data-src=https:\/\/webchodoanhnghiep.tamkhoa.com\/thuong-mai-03\/wp-content\/uploads\/sites\/8\/2024\/09\/e64a1f44-38d6-4295-85d1-cde7569ad246.webp   class=\"wpr-image-accordion-item elementor-repeater-item-eb404c7 wpr-effect-size-\">\n\n\t\t\t\t<div class=\"wpr-accordion-background\" style=\"background-image: url(https:\/\/webchodoanhnghiep.tamkhoa.com\/thuong-mai-03\/wp-content\/uploads\/sites\/8\/2024\/09\/e64a1f44-38d6-4295-85d1-cde7569ad246.webp);\"><\/div>\n\t\t\t\t\t\t\t\n\t\t\t\t\t\t\t<div class=\"wpr-img-accordion-media-hover wpr-animation-wrap\" data-settings=\"{&quot;activeItem&quot;:{&quot;activeWidth&quot;:4,&quot;defaultActive&quot;:0,&quot;interaction&quot;:&quot;hover&quot;,&quot;overlayLink&quot;:&quot;&quot;,&quot;overlayLinkTarget&quot;:&quot;_self&quot;}}\" data-src=\"https:\/\/webchodoanhnghiep.tamkhoa.com\/thuong-mai-03\/wp-content\/uploads\/sites\/8\/2024\/09\/e64a1f44-38d6-4295-85d1-cde7569ad246.webp\"><div class=\"wpr-img-accordion-hover-bg  wpr-overlay-fade-in wpr-anim-size-large wpr-anim-timing-ease-default wpr-anim-transparency\"><\/div><div class=\"wpr-cv-container\"><div class=\"wpr-cv-outer\"><div class=\"wpr-cv-inner\"><div class=\"wpr-img-accordion-media-hover-middle elementor-clearfix\"><h2 class=\"wpr-img-accordion-item-title elementor-repeater-item-b90f202 wpr-img-accordion-item-display-block wpr-img-accordion-item-align-center wpr-element-fade-in wpr-anim-size-large wpr-anim-timing-ease-default wpr-anim-transparency\"><div class=\"inner-block\"><a class=\"wpr-pointer-item\">Hi\u1ec7u Qu\u1ea3 Th\u1ea5y R\u00f5<\/a><\/div><\/h2><div class=\"wpr-img-accordion-item-description elementor-repeater-item-23e13ae wpr-img-accordion-item-display-inline wpr-img-accordion-item-align-center wpr-element-fade-in wpr-anim-size-large wpr-anim-timing-ease-default wpr-anim-transparency\"><div class=\"inner-block\"><p>C\u00e1c s\u1ea3n ph\u1ea9m c\u1ee7a EvoSkin \u0111\u01b0\u1ee3c ph\u00e1t tri\u1ec3n v\u1edbi c\u00f4ng ngh\u1ec7 ti\u00ean ti\u1ebfn, mang \u0111\u1ebfn k\u1ebft qu\u1ea3 r\u00f5 r\u1ec7t trong vi\u1ec7c c\u1ea3i thi\u1ec7n l\u00e0n da. Ch\u00fang t\u00f4i cam k\u1ebft \u0111em l\u1ea1i hi\u1ec7u qu\u1ea3 t\u1eeb vi\u1ec7c d\u01b0\u1ee1ng \u1ea9m, l\u00e0m s\u00e1ng da \u0111\u1ebfn ng\u0103n ng\u1eeba v\u00e0 \u0111i\u1ec1u tr\u1ecb c\u00e1c v\u1ea5n \u0111\u1ec1 da nh\u01b0 m\u1ee5n, l\u00e3o h\u00f3a<\/p><\/div><\/div><\/div><\/div><\/div><\/div><\/div>\t\t\t\t<\/div>\n\n\t\t\t            \n\t\t\t<\/div>\n\t\t<\/div>\n\n\t\t\t\t\t\t<\/div>\n\t\t\t\t<\/div>\n\t\t<div class=\"elementor-element elementor-element-a3f7cb7 e-con-full e-flex wpr-particle-no wpr-jarallax-no wpr-parallax-no wpr-sticky-section-no wpr-column-slider-no wpr-equal-height-no e-con e-child\" data-id=\"a3f7cb7\" data-element_type=\"container\" data-e-type=\"container\" data-settings=\"{&quot;background_background&quot;:&quot;classic&quot;}\">\n\t\t<div class=\"elementor-element elementor-element-591985d e-con-full e-flex wpr-particle-no wpr-jarallax-no wpr-parallax-no wpr-sticky-section-no wpr-column-slider-no wpr-equal-height-no e-con e-child\" data-id=\"591985d\" data-element_type=\"container\" data-e-type=\"container\">\n\t\t\t\t<div class=\"elementor-element elementor-element-7fda0dc elementor-widget elementor-widget-text-editor\" data-id=\"7fda0dc\" data-element_type=\"widget\" data-e-type=\"widget\" data-widget_type=\"text-editor.default\">\n\t\t\t\t<div class=\"elementor-widget-container\">\n\t\t\t\t\t\t\t\t\t<p><span style=\"font-size: 18pt;\"><strong>EvoSkin<\/strong> kh\u00f4ng ch\u1ec9 mang \u0111\u1ebfn s\u1ea3n ph\u1ea9m, ch\u00fang t\u00f4i mang \u0111\u1ebfn gi\u1ea3i ph\u00e1p ch\u0103m s\u00f3c da to\u00e0n di\u1ec7n, hi\u1ec7u qu\u1ea3 v\u00e0 an to\u00e0n. \u0110\u1ec3 m\u1ed7i ng\u00e0y l\u00e0n da c\u1ee7a b\u1ea1n \u0111\u01b0\u1ee3c y\u00eau th\u01b0\u01a1ng v\u00e0 ch\u0103m s\u00f3c m\u1ed9t c\u00e1ch t\u1ed1t nh\u1ea5t<\/span><\/p>\t\t\t\t\t\t\t\t<\/div>\n\t\t\t\t<\/div>\n\t\t\t\t<\/div>\n\t\t\t\t<\/div>\n\t\t\t\t\t<\/div>\n\t\t\t\t<\/div>\n\t\t\t\t<\/div>\n\t\t","protected":false},"excerpt":{"rendered":"<p>Cam k\u1ebft an to\u00e0n c\u1ee7a ch\u00fang t\u00f4i T\u1ea1i EvoSkin, ch\u00fang t\u00f4i lu\u00f4n \u0111\u1eb7t l\u1ee3i \u00edch v\u00e0 s\u1ef1 h\u00e0i l\u00f2ng c\u1ee7a kh\u00e1ch h\u00e0ng l\u00ean h\u00e0ng \u0111\u1ea7u Th\u00e0nh Ph\u1ea7n T\u1ef1 Nhi\u00ean v\u00e0 An To\u00e0n Ch\u00fang t\u00f4i cam k\u1ebft ch\u1ec9 s\u1eed d\u1ee5ng nh\u1eefng th\u00e0nh ph\u1ea7n c\u00f3 ngu\u1ed3n g\u1ed1c t\u1ef1 nhi\u00ean, l\u00e0nh t\u00ednh v\u00e0 kh\u00f4ng g\u00e2y k\u00edch \u1ee9ng cho l\u00e0n da. M\u1ed7i s\u1ea3n ph\u1ea9m \u0111\u1ec1u \u0111\u01b0\u1ee3c ki\u1ec3m \u0111\u1ecbnh ch\u1eb7t ch\u1ebd, \u0111\u1ea3m b\u1ea3o an to\u00e0n v\u00e0 hi\u1ec7u qu\u1ea3 cho m\u1ecdi lo\u1ea1i da, k\u1ec3 c\u1ea3 da nh\u1ea1y c\u1ea3m Ch\u1ea5t L\u01b0\u1ee3ng Cao C\u1ea5p T\u1ea5t c\u1ea3 s\u1ea3n ph\u1ea9m c\u1ee7a EvoSkin \u0111\u1ec1u tr\u1ea3i qua quy tr\u00ecnh s\u1ea3n xu\u1ea5t nghi\u00eam ng\u1eb7t v\u00e0 ki\u1ec3m nghi\u1ec7m t\u1eeb c\u00e1c chuy\u00ean gia h\u00e0ng \u0111\u1ea7u trong l\u0129nh v\u1ef1c ch\u0103m s\u00f3c da. Ch\u00fang t\u00f4i \u0111\u1ea3m b\u1ea3o cung c\u1ea5p c\u00e1c s\u1ea3n ph\u1ea9m ch\u1ea5t l\u01b0\u1ee3ng cao, gi\u00fap b\u1ea1n t\u1ef1 tin trong m\u1ed7i li\u1ec7u tr\u00ecnh ch\u0103m s\u00f3c da Hi\u1ec7u Qu\u1ea3 Th\u1ea5y R\u00f5 C\u00e1c s\u1ea3n ph\u1ea9m c\u1ee7a EvoSkin \u0111\u01b0\u1ee3c ph\u00e1t tri\u1ec3n v\u1edbi c\u00f4ng ngh\u1ec7 ti\u00ean ti\u1ebfn, mang \u0111\u1ebfn k\u1ebft qu\u1ea3 r\u00f5 r\u1ec7t trong vi\u1ec7c c\u1ea3i thi\u1ec7n l\u00e0n da. Ch\u00fang t\u00f4i cam k\u1ebft \u0111em l\u1ea1i hi\u1ec7u qu\u1ea3 t\u1eeb vi\u1ec7c d\u01b0\u1ee1ng \u1ea9m, l\u00e0m s\u00e1ng da \u0111\u1ebfn ng\u0103n ng\u1eeba v\u00e0 \u0111i\u1ec1u tr\u1ecb c\u00e1c v\u1ea5n \u0111\u1ec1 da nh\u01b0 m\u1ee5n, l\u00e3o h\u00f3a Kh\u00f4ng Th\u1eed Nghi\u1ec7m Tr\u00ean \u0110\u1ed9ng V\u1eadt EvoSkin t\u1ef1 h\u00e0o l\u00e0 th\u01b0\u01a1ng hi\u1ec7u kh\u00f4ng th\u1eed nghi\u1ec7m tr\u00ean \u0111\u1ed9ng v\u1eadt. Ch\u00fang t\u00f4i lu\u00f4n t\u00f4n tr\u1ecdng m\u00f4i tr\u01b0\u1eddng v\u00e0 quy\u1ec1n l\u1ee3i c\u1ee7a m\u1ecdi sinh v\u1eadt, cam k\u1ebft ph\u00e1t tri\u1ec3n c\u00e1c s\u1ea3n ph\u1ea9m theo h\u01b0\u1edbng th\u00e2n thi\u1ec7n v\u1edbi thi\u00ean nhi\u00ean v\u00e0 b\u1ea3o v\u1ec7 \u0111\u1ed9ng v\u1eadt Minh B\u1ea1ch v\u00e0 Trung Th\u1ef1c Ch\u00fang t\u00f4i lu\u00f4n minh b\u1ea1ch trong th\u00f4ng tin s\u1ea3n ph\u1ea9m, t\u1eeb th\u00e0nh ph\u1ea7n \u0111\u1ebfn quy tr\u00ecnh s\u1ea3n xu\u1ea5t. Kh\u00e1ch h\u00e0ng c\u00f3 th\u1ec3 ho\u00e0n to\u00e0n y\u00ean t\u00e2m r\u1eb1ng EvoSkin lu\u00f4n n\u00f3i r\u00f5 s\u1ef1 th\u1eadt v\u1ec1 s\u1ea3n ph\u1ea9m v\u00e0 cam k\u1ebft mang l\u1ea1i \u0111\u00fang nh\u1eefng g\u00ec ch\u00fang t\u00f4i qu\u1ea3ng c\u00e1o H\u1ed7 Tr\u1ee3 Kh\u00e1ch H\u00e0ng To\u00e0n Di\u1ec7n Ch\u00fang t\u00f4i cam k\u1ebft cung c\u1ea5p d\u1ecbch v\u1ee5 kh\u00e1ch h\u00e0ng chu \u0111\u00e1o, s\u1eb5n s\u00e0ng l\u1eafng nghe v\u00e0 h\u1ed7 tr\u1ee3 b\u1ea1n trong su\u1ed1t qu\u00e1 tr\u00ecnh s\u1eed d\u1ee5ng s\u1ea3n ph\u1ea9m. \u0110\u1ed9i ng\u0169 chuy\u00ean gia c\u1ee7a EvoSkin lu\u00f4n \u1edf \u0111\u00e2y \u0111\u1ec3 t\u01b0 v\u1ea5n, gi\u1ea3i \u0111\u00e1p th\u1eafc m\u1eafc v\u00e0 gi\u00fap b\u1ea1n ch\u1ecdn l\u1ef1a s\u1ea3n ph\u1ea9m ph\u00f9 h\u1ee3p nh\u1ea5t EvoSkin kh\u00f4ng ch\u1ec9 mang \u0111\u1ebfn s\u1ea3n ph\u1ea9m, ch\u00fang t\u00f4i mang \u0111\u1ebfn gi\u1ea3i ph\u00e1p ch\u0103m s\u00f3c da to\u00e0n di\u1ec7n, hi\u1ec7u qu\u1ea3 v\u00e0 an to\u00e0n. \u0110\u1ec3 m\u1ed7i ng\u00e0y l\u00e0n da c\u1ee7a b\u1ea1n \u0111\u01b0\u1ee3c y\u00eau th\u01b0\u01a1ng v\u00e0 ch\u0103m s\u00f3c m\u1ed9t c\u00e1ch t\u1ed1t nh\u1ea5t<\/p>\n","protected":false},"author":1,"featured_media":0,"parent":0,"menu_order":0,"comment_status":"closed","ping_status":"closed","template":"","meta":{"footnotes":""},"class_list":["post-816","page","type-page","status-publish","hentry"],"_links":{"self":[{"href":"https:\/\/webchodoanhnghiep.tamkhoa.com\/thuong-mai-03\/wp-json\/wp\/v2\/pages\/816"}],"collection":[{"href":"https:\/\/webchodoanhnghiep.tamkhoa.com\/thuong-mai-03\/wp-json\/wp\/v2\/pages"}],"about":[{"href":"https:\/\/webchodoanhnghiep.tamkhoa.com\/thuong-mai-03\/wp-json\/wp\/v2\/types\/page"}],"author":[{"embeddable":true,"href":"https:\/\/webchodoanhnghiep.tamkhoa.com\/thuong-mai-03\/wp-json\/wp\/v2\/users\/1"}],"replies":[{"embeddable":true,"href":"https:\/\/webchodoanhnghiep.tamkhoa.com\/thuong-mai-03\/wp-json\/wp\/v2\/comments?post=816"}],"version-history":[{"count":6,"href":"https:\/\/webchodoanhnghiep.tamkhoa.com\/thuong-mai-03\/wp-json\/wp\/v2\/pages\/816\/revisions"}],"predecessor-version":[{"id":1000,"href":"https:\/\/webchodoanhnghiep.tamkhoa.com\/thuong-mai-03\/wp-json\/wp\/v2\/pages\/816\/revisions\/1000"}],"wp:attachment":[{"href":"https:\/\/webchodoanhnghiep.tamkhoa.com\/thuong-mai-03\/wp-json\/wp\/v2\/media?parent=816"}],"curies":[{"name":"wp","href":"https:\/\/api.w.org\/{rel}","templated":true}]}}