{"id":180,"date":"2024-09-06T03:02:57","date_gmt":"2024-09-06T03:02:57","guid":{"rendered":"https:\/\/dulich.tamkhoa.com\/thuong-mai-03\/?page_id=180"},"modified":"2024-09-06T03:02:57","modified_gmt":"2024-09-06T03:02:57","slug":"cau-hoi-thuong-gap","status":"publish","type":"page","link":"https:\/\/webchodoanhnghiep.tamkhoa.com\/thuong-mai-04\/cau-hoi-thuong-gap\/","title":{"rendered":"C\u00e2u h\u1ecfi th\u01b0\u1eddng g\u1eb7p"},"content":{"rendered":"\t\t<div data-elementor-type=\"wp-page\" data-elementor-id=\"180\" class=\"elementor elementor-180\">\n\t\t\t\t<div class=\"elementor-element elementor-element-61610cf0 e-flex e-con-boxed wpr-particle-no wpr-jarallax-no wpr-parallax-no wpr-sticky-section-no wpr-column-slider-no wpr-equal-height-no e-con e-parent\" data-id=\"61610cf0\" data-element_type=\"container\" data-e-type=\"container\">\n\t\t\t\t\t<div class=\"e-con-inner\">\n\t\t\t\t<div class=\"elementor-element elementor-element-77ececd9 elementor-widget elementor-widget-page-title\" data-id=\"77ececd9\" data-element_type=\"widget\" data-e-type=\"widget\" data-settings=\"{&quot;align&quot;:&quot;center&quot;}\" data-widget_type=\"page-title.default\">\n\t\t\t\t<div class=\"elementor-widget-container\">\n\t\t\t\t\t\t\t\n\t\t<div class=\"hfe-page-title hfe-page-title-wrapper elementor-widget-heading\">\n\n\t\t\t\t\t\t\t\t<h2 class=\"elementor-heading-title elementor-size-default\">\n\t\t\t\t\t\t\t\t\n\t\t\t\tC\u00e2u h\u1ecfi th\u01b0\u1eddng g\u1eb7p  \n\t\t\t<\/h2 > \n\t\t\t\t\t<\/div>\n\t\t\t\t\t\t<\/div>\n\t\t\t\t<\/div>\n\t\t\t\t\t<\/div>\n\t\t\t\t<\/div>\n\t\t<div class=\"elementor-element elementor-element-23b4ac88 e-flex e-con-boxed wpr-particle-no wpr-jarallax-no wpr-parallax-no wpr-sticky-section-no wpr-column-slider-no wpr-equal-height-no e-con e-parent\" data-id=\"23b4ac88\" data-element_type=\"container\" data-e-type=\"container\">\n\t\t\t\t\t<div class=\"e-con-inner\">\n\t\t\t\t<div class=\"elementor-element elementor-element-680c3a3 elementor-widget elementor-widget-betterdocs-faq\" data-id=\"680c3a3\" data-element_type=\"widget\" data-e-type=\"widget\" data-widget_type=\"betterdocs-faq.default\">\n\t\t\t\t\t<div\n\tclass=\"betterdocs-faq-wrapper layout-modern icon-after betterdocs-faq-layout-1 betterdocs-shortcode\">\n\t<h2 class=\"betterdocs-faq-layout-1 betterdocs-faq-section-title\"><\/h2>\n\t<div class=\"betterdocs-faq-inner-wrapper\">\n\t\t<div class=\"betterdocs-faq-title\">\n\t<h3 class=\"betterdocs-faq-title-tag\">M\u1ee5c 1<\/h3><\/div>\n<ul class=\"betterdocs-faq-list\"><li><div class=\"betterdocs-faq-group\"><div class=\"betterdocs-faq-post\">\n\t\t<p class=\"betterdocs-faq-post-name\">\n\t\tC\u00e2u 1 m\u1ee5c 1\t<\/p>\n\t<svg class=\"betterdocs-faq-iconminus\" xmlns=\"http:\/\/www.w3.org\/2000\/svg\" viewBox=\"0 0 24 24\"stroke-width=\"2\"><g fill=\"none\" stroke=\"#528ffe\" stroke-linecap=\"round\" stroke-miterlimit=\"10\" stroke-linejoin=\"round\"><path d=\"M17 12H7\"><\/path><circle cx=\"12\" cy=\"12\" r=\"11\"><\/circle><\/g><\/svg><svg class=\"betterdocs-faq-iconplus\" xmlns=\"http:\/\/www.w3.org\/2000\/svg\" viewBox=\"0 0 24 24\"><g stroke-width=\"2\" fill=\"none\" stroke=\"#528ffe\" stroke-linecap=\"square\" stroke-miterlimit=\"10\"><path d=\"M12 7v10M17 12H7\"><\/path><circle cx=\"12\" cy=\"12\" r=\"11\"><\/circle><\/g><\/svg><\/div>\n<div class=\"betterdocs-faq-main-content\" >\n\t<p>C\u00e2u tr\u1ea3 l\u1eddi \u1edf \u0111\u00e2y<\/p>\n<\/div>\n<\/div><\/li><li><div class=\"betterdocs-faq-group\"><div class=\"betterdocs-faq-post\">\n\t\t<p class=\"betterdocs-faq-post-name\">\n\t\tC\u00e2u 2 m\u1ee5c 1\t<\/p>\n\t<svg class=\"betterdocs-faq-iconminus\" xmlns=\"http:\/\/www.w3.org\/2000\/svg\" viewBox=\"0 0 24 24\"stroke-width=\"2\"><g fill=\"none\" stroke=\"#528ffe\" stroke-linecap=\"round\" stroke-miterlimit=\"10\" stroke-linejoin=\"round\"><path d=\"M17 12H7\"><\/path><circle cx=\"12\" cy=\"12\" r=\"11\"><\/circle><\/g><\/svg><svg class=\"betterdocs-faq-iconplus\" xmlns=\"http:\/\/www.w3.org\/2000\/svg\" viewBox=\"0 0 24 24\"><g stroke-width=\"2\" fill=\"none\" stroke=\"#528ffe\" stroke-linecap=\"square\" stroke-miterlimit=\"10\"><path d=\"M12 7v10M17 12H7\"><\/path><circle cx=\"12\" cy=\"12\" r=\"11\"><\/circle><\/g><\/svg><\/div>\n<div class=\"betterdocs-faq-main-content\" >\n\t<p>C\u00e2u tr\u1ea3 l\u1eddi \u0111\u00e2y lu\u00f4n<\/p>\n<\/div>\n<\/div><\/li><li><div class=\"betterdocs-faq-group\"><div class=\"betterdocs-faq-post\">\n\t\t<p class=\"betterdocs-faq-post-name\">\n\t\tC\u00e2u 3 m\u1ee5c 1\t<\/p>\n\t<svg class=\"betterdocs-faq-iconminus\" xmlns=\"http:\/\/www.w3.org\/2000\/svg\" viewBox=\"0 0 24 24\"stroke-width=\"2\"><g fill=\"none\" stroke=\"#528ffe\" stroke-linecap=\"round\" stroke-miterlimit=\"10\" stroke-linejoin=\"round\"><path d=\"M17 12H7\"><\/path><circle cx=\"12\" cy=\"12\" r=\"11\"><\/circle><\/g><\/svg><svg class=\"betterdocs-faq-iconplus\" xmlns=\"http:\/\/www.w3.org\/2000\/svg\" viewBox=\"0 0 24 24\"><g stroke-width=\"2\" fill=\"none\" stroke=\"#528ffe\" stroke-linecap=\"square\" stroke-miterlimit=\"10\"><path d=\"M12 7v10M17 12H7\"><\/path><circle cx=\"12\" cy=\"12\" r=\"11\"><\/circle><\/g><\/svg><\/div>\n<div class=\"betterdocs-faq-main-content\" >\n\t<p>\u0110\u00e2y l\u00e0 c\u00e2u tr\u1ea3 l\u1eddi<\/p>\n<\/div>\n<\/div><\/li><\/ul><div class=\"betterdocs-faq-title\">\n\t<h3 class=\"betterdocs-faq-title-tag\">M\u1ee5c 2<\/h3><\/div>\n<ul class=\"betterdocs-faq-list\"><li><div class=\"betterdocs-faq-group\"><div class=\"betterdocs-faq-post\">\n\t\t<p class=\"betterdocs-faq-post-name\">\n\t\tC\u00e2u 1 m\u1ee5c 2\t<\/p>\n\t<svg class=\"betterdocs-faq-iconminus\" xmlns=\"http:\/\/www.w3.org\/2000\/svg\" viewBox=\"0 0 24 24\"stroke-width=\"2\"><g fill=\"none\" stroke=\"#528ffe\" stroke-linecap=\"round\" stroke-miterlimit=\"10\" stroke-linejoin=\"round\"><path d=\"M17 12H7\"><\/path><circle cx=\"12\" cy=\"12\" r=\"11\"><\/circle><\/g><\/svg><svg class=\"betterdocs-faq-iconplus\" xmlns=\"http:\/\/www.w3.org\/2000\/svg\" viewBox=\"0 0 24 24\"><g stroke-width=\"2\" fill=\"none\" stroke=\"#528ffe\" stroke-linecap=\"square\" stroke-miterlimit=\"10\"><path d=\"M12 7v10M17 12H7\"><\/path><circle cx=\"12\" cy=\"12\" r=\"11\"><\/circle><\/g><\/svg><\/div>\n<div class=\"betterdocs-faq-main-content\" >\n\t<p>c\u00e2u tr\u1ea3 l\u1eddi \u1edf \u0111\u00e2y<\/p>\n<\/div>\n<\/div><\/li><li><div class=\"betterdocs-faq-group\"><div class=\"betterdocs-faq-post\">\n\t\t<p class=\"betterdocs-faq-post-name\">\n\t\tC\u00e2u 2 m\u1ee5c 2\t<\/p>\n\t<svg class=\"betterdocs-faq-iconminus\" xmlns=\"http:\/\/www.w3.org\/2000\/svg\" viewBox=\"0 0 24 24\"stroke-width=\"2\"><g fill=\"none\" stroke=\"#528ffe\" stroke-linecap=\"round\" stroke-miterlimit=\"10\" stroke-linejoin=\"round\"><path d=\"M17 12H7\"><\/path><circle cx=\"12\" cy=\"12\" r=\"11\"><\/circle><\/g><\/svg><svg class=\"betterdocs-faq-iconplus\" xmlns=\"http:\/\/www.w3.org\/2000\/svg\" viewBox=\"0 0 24 24\"><g stroke-width=\"2\" fill=\"none\" stroke=\"#528ffe\" stroke-linecap=\"square\" stroke-miterlimit=\"10\"><path d=\"M12 7v10M17 12H7\"><\/path><circle cx=\"12\" cy=\"12\" r=\"11\"><\/circle><\/g><\/svg><\/div>\n<div class=\"betterdocs-faq-main-content\" >\n\t<p>c\u00e2u tr\u1ea3 l\u1eddi \u1edf \u0111\u00e2y<\/p>\n<\/div>\n<\/div><\/li><li><div class=\"betterdocs-faq-group\"><div class=\"betterdocs-faq-post\">\n\t\t<p class=\"betterdocs-faq-post-name\">\n\t\tC\u00e2u 3 m\u1ee5c 2\t<\/p>\n\t<svg class=\"betterdocs-faq-iconminus\" xmlns=\"http:\/\/www.w3.org\/2000\/svg\" viewBox=\"0 0 24 24\"stroke-width=\"2\"><g fill=\"none\" stroke=\"#528ffe\" stroke-linecap=\"round\" stroke-miterlimit=\"10\" stroke-linejoin=\"round\"><path d=\"M17 12H7\"><\/path><circle cx=\"12\" cy=\"12\" r=\"11\"><\/circle><\/g><\/svg><svg class=\"betterdocs-faq-iconplus\" xmlns=\"http:\/\/www.w3.org\/2000\/svg\" viewBox=\"0 0 24 24\"><g stroke-width=\"2\" fill=\"none\" stroke=\"#528ffe\" stroke-linecap=\"square\" stroke-miterlimit=\"10\"><path d=\"M12 7v10M17 12H7\"><\/path><circle cx=\"12\" cy=\"12\" r=\"11\"><\/circle><\/g><\/svg><\/div>\n<div class=\"betterdocs-faq-main-content\" >\n\t<p>c\u00e2u tr\u1ea3 l\u1eddi \u1edf \u0111\u00e2y<\/p>\n<\/div>\n<\/div><\/li><\/ul><div class=\"betterdocs-faq-title\">\n\t<h3 class=\"betterdocs-faq-title-tag\">M\u1ee5c 3<\/h3><\/div>\n<ul class=\"betterdocs-faq-list\"><li><div class=\"betterdocs-faq-group\"><div class=\"betterdocs-faq-post\">\n\t\t<p class=\"betterdocs-faq-post-name\">\n\t\tC\u00e2u 1 m\u1ee5c 3\t<\/p>\n\t<svg class=\"betterdocs-faq-iconminus\" xmlns=\"http:\/\/www.w3.org\/2000\/svg\" viewBox=\"0 0 24 24\"stroke-width=\"2\"><g fill=\"none\" stroke=\"#528ffe\" stroke-linecap=\"round\" stroke-miterlimit=\"10\" stroke-linejoin=\"round\"><path d=\"M17 12H7\"><\/path><circle cx=\"12\" cy=\"12\" r=\"11\"><\/circle><\/g><\/svg><svg class=\"betterdocs-faq-iconplus\" xmlns=\"http:\/\/www.w3.org\/2000\/svg\" viewBox=\"0 0 24 24\"><g stroke-width=\"2\" fill=\"none\" stroke=\"#528ffe\" stroke-linecap=\"square\" stroke-miterlimit=\"10\"><path d=\"M12 7v10M17 12H7\"><\/path><circle cx=\"12\" cy=\"12\" r=\"11\"><\/circle><\/g><\/svg><\/div>\n<div class=\"betterdocs-faq-main-content\" >\n\t<p>\u0110\u00e2y l\u00e0 c\u00e2u tr\u1ea3 l\u1eddi<\/p>\n<\/div>\n<\/div><\/li><\/ul>\t<\/div>\n<\/div>\n\t\t\t\t<\/div>\n\t\t\t\t\t<\/div>\n\t\t\t\t<\/div>\n\t\t\t\t<\/div>\n\t\t","protected":false},"excerpt":{"rendered":"<p>C\u00e2u h\u1ecfi th\u01b0\u1eddng g\u1eb7p Orders How do I cancel or change my order? Unfortunately, it\u2019s not possible to make any changes to an order or cancel it once it has been placed. However, you could ask for a refund. How to track my order? You will receive an email from us after you have placed the order. You\u2019ll get confirmation in your email when you purchase and we\u2019ll let you know when your order is on the move. You will be able to track your order through your preferred shipping partner. What are my payment options? We accept all the popular payment methods such as PayPal, Visa, MasterCard, Discover, Amazon Pay, American Express and Google Pay. Shipping &amp; Delivery Do you ship overseas? Yes, we ship all over the world. Please note that additional shipping costs will be applied based on your delivery location. Do you offer free shipping? Yes, free shipping is available for all the orders that&#8217;s placed inside the United States. We charge shipping fees for overseas orders. How long does the delivery take? We usually take 3-5 business days for your order to be shipped &amp; delivered. Refund &amp; Exchange How long does it take to get the Refund? Once we receive your return, please allow us 3-5 business days for your refund to process. Refund amount will be automatically debited to the same form of payment originally used for purchase. How do I track my Refund? To track the status of your refund, kindly refer to your confirmation email that you have received from us. What is your Refund &#038; Exchange Policy? You can ask for a refund within 30 days of your purchase. Returned items must be in the exact same condition as they were received.<\/p>\n","protected":false},"author":1,"featured_media":0,"parent":0,"menu_order":0,"comment_status":"closed","ping_status":"closed","template":"","meta":{"footnotes":""},"class_list":["post-180","page","type-page","status-publish","hentry"],"_links":{"self":[{"href":"https:\/\/webchodoanhnghiep.tamkhoa.com\/thuong-mai-04\/wp-json\/wp\/v2\/pages\/180"}],"collection":[{"href":"https:\/\/webchodoanhnghiep.tamkhoa.com\/thuong-mai-04\/wp-json\/wp\/v2\/pages"}],"about":[{"href":"https:\/\/webchodoanhnghiep.tamkhoa.com\/thuong-mai-04\/wp-json\/wp\/v2\/types\/page"}],"author":[{"embeddable":true,"href":"https:\/\/webchodoanhnghiep.tamkhoa.com\/thuong-mai-04\/wp-json\/wp\/v2\/users\/1"}],"replies":[{"embeddable":true,"href":"https:\/\/webchodoanhnghiep.tamkhoa.com\/thuong-mai-04\/wp-json\/wp\/v2\/comments?post=180"}],"version-history":[{"count":0,"href":"https:\/\/webchodoanhnghiep.tamkhoa.com\/thuong-mai-04\/wp-json\/wp\/v2\/pages\/180\/revisions"}],"wp:attachment":[{"href":"https:\/\/webchodoanhnghiep.tamkhoa.com\/thuong-mai-04\/wp-json\/wp\/v2\/media?parent=180"}],"curies":[{"name":"wp","href":"https:\/\/api.w.org\/{rel}","templated":true}]}}