{"id":48,"date":"2024-09-05T07:36:30","date_gmt":"2024-09-05T07:36:30","guid":{"rendered":"https:\/\/dulich.tamkhoa.com\/thuong-mai-03\/?page_id=48"},"modified":"2024-10-11T03:13:27","modified_gmt":"2024-10-11T03:13:27","slug":"dieu-khoan-va-dieu-kien","status":"publish","type":"page","link":"https:\/\/webchodoanhnghiep.tamkhoa.com\/thuong-mai-04\/dieu-khoan-va-dieu-kien\/","title":{"rendered":"\u0110i\u1ec1u kho\u1ea3n v\u00e0 \u0111i\u1ec1u ki\u1ec7n"},"content":{"rendered":"\t\t<div data-elementor-type=\"wp-page\" data-elementor-id=\"48\" class=\"elementor elementor-48\">\n\t\t\t\t<div class=\"elementor-element elementor-element-66009f69 e-flex e-con-boxed wpr-particle-no wpr-jarallax-no wpr-parallax-no wpr-sticky-section-no wpr-column-slider-no wpr-equal-height-no e-con e-parent\" data-id=\"66009f69\" data-element_type=\"container\" data-e-type=\"container\">\n\t\t\t\t\t<div class=\"e-con-inner\">\n\t\t\t\t<div class=\"elementor-element elementor-element-5be0ec45 elementor-widget elementor-widget-page-title\" data-id=\"5be0ec45\" data-element_type=\"widget\" data-e-type=\"widget\" data-settings=\"{&quot;align&quot;:&quot;center&quot;}\" data-widget_type=\"page-title.default\">\n\t\t\t\t<div class=\"elementor-widget-container\">\n\t\t\t\t\t\t\t\n\t\t<div class=\"hfe-page-title hfe-page-title-wrapper elementor-widget-heading\">\n\n\t\t\t\t\t\t\t\t<h2 class=\"elementor-heading-title elementor-size-default\">\n\t\t\t\t\t\t\t\t\n\t\t\t\t\u0110i\u1ec1u kho\u1ea3n v\u00e0 \u0111i\u1ec1u ki\u1ec7n  \n\t\t\t<\/h2 > \n\t\t\t\t\t<\/div>\n\t\t\t\t\t\t<\/div>\n\t\t\t\t<\/div>\n\t\t\t\t\t<\/div>\n\t\t\t\t<\/div>\n\t\t<div class=\"elementor-element elementor-element-6fed6da0 e-flex e-con-boxed wpr-particle-no wpr-jarallax-no wpr-parallax-no wpr-sticky-section-no wpr-column-slider-no wpr-equal-height-no e-con e-parent\" data-id=\"6fed6da0\" data-element_type=\"container\" data-e-type=\"container\">\n\t\t\t\t\t<div class=\"e-con-inner\">\n\t\t\t\t<div class=\"elementor-element elementor-element-d5267b3 elementor-widget elementor-widget-text-editor\" data-id=\"d5267b3\" data-element_type=\"widget\" data-e-type=\"widget\" data-widget_type=\"text-editor.default\">\n\t\t\t\t<div class=\"elementor-widget-container\">\n\t\t\t\t\t\t\t\t\t<p>Ch\u00e0o m\u1eebng b\u1ea1n \u0111\u1ebfn v\u1edbi website c\u1ee7a <strong>Homiq<\/strong>. Khi truy c\u1eadp v\u00e0 s\u1eed d\u1ee5ng trang web c\u1ee7a ch\u00fang t\u00f4i, b\u1ea1n \u0111\u1ed3ng \u00fd tu\u00e2n th\u1ee7 c\u00e1c \u0111i\u1ec1u kho\u1ea3n v\u00e0 \u0111i\u1ec1u ki\u1ec7n d\u01b0\u1edbi \u0111\u00e2y. Vui l\u00f2ng \u0111\u1ecdc k\u1ef9 c\u00e1c \u0111i\u1ec1u kho\u1ea3n n\u00e0y tr\u01b0\u1edbc khi s\u1eed d\u1ee5ng d\u1ecbch v\u1ee5 c\u1ee7a ch\u00fang t\u00f4i.<\/p><hr \/><h4><strong>1. Ch\u1ea5p Nh\u1eadn \u0110i\u1ec1u Kho\u1ea3n<\/strong><\/h4><p>Khi truy c\u1eadp v\u00e0o website <strong>Homiq<\/strong> v\u00e0 s\u1eed d\u1ee5ng b\u1ea5t k\u1ef3 d\u1ecbch v\u1ee5 n\u00e0o tr\u00ean trang web, b\u1ea1n \u0111\u1ed3ng \u00fd tu\u00e2n th\u1ee7 c\u00e1c \u0111i\u1ec1u kho\u1ea3n v\u00e0 \u0111i\u1ec1u ki\u1ec7n s\u1eed d\u1ee5ng n\u00e0y. N\u1ebfu b\u1ea1n kh\u00f4ng \u0111\u1ed3ng \u00fd v\u1edbi b\u1ea5t k\u1ef3 \u0111i\u1ec1u kho\u1ea3n n\u00e0o, vui l\u00f2ng kh\u00f4ng s\u1eed d\u1ee5ng website c\u1ee7a ch\u00fang t\u00f4i.<\/p><hr \/><h4><strong>2. Th\u00f4ng Tin S\u1ea3n Ph\u1ea9m v\u00e0 D\u1ecbch V\u1ee5<\/strong><\/h4><p><strong>Homiq<\/strong> cung c\u1ea5p c\u00e1c th\u00f4ng tin v\u1ec1 s\u1ea3n ph\u1ea9m, gi\u00e1 c\u1ea3 v\u00e0 ch\u01b0\u01a1ng tr\u00ecnh khuy\u1ebfn m\u00e3i. Ch\u00fang t\u00f4i c\u1ed1 g\u1eafng \u0111\u1ea3m b\u1ea3o th\u00f4ng tin lu\u00f4n ch\u00ednh x\u00e1c v\u00e0 c\u1eadp nh\u1eadt. Tuy nhi\u00ean, trong m\u1ed9t s\u1ed1 tr\u01b0\u1eddng h\u1ee3p, c\u00e1c th\u00f4ng tin nh\u01b0 gi\u00e1 s\u1ea3n ph\u1ea9m, t\u00ecnh tr\u1ea1ng kho h\u00e0ng c\u00f3 th\u1ec3 thay \u0111\u1ed5i m\u00e0 kh\u00f4ng c\u1ea7n b\u00e1o tr\u01b0\u1edbc. Ch\u00fang t\u00f4i kh\u00f4ng ch\u1ecbu tr\u00e1ch nhi\u1ec7m v\u1ec1 b\u1ea5t k\u1ef3 sai s\u00f3t ho\u1eb7c thay \u0111\u1ed5i n\u00e0o li\u00ean quan \u0111\u1ebfn th\u00f4ng tin s\u1ea3n ph\u1ea9m tr\u00ean website.<\/p><hr \/><h4><strong>3. \u0110\u1eb7t H\u00e0ng v\u00e0 Thanh To\u00e1n<\/strong><\/h4><ul><li>Khi b\u1ea1n \u0111\u1eb7t h\u00e0ng tr\u00ean website <strong>Homiq<\/strong>, \u0111\u01a1n h\u00e0ng c\u1ee7a b\u1ea1n ch\u1ec9 \u0111\u01b0\u1ee3c ch\u1ea5p nh\u1eadn khi ch\u00fang t\u00f4i x\u00e1c nh\u1eadn v\u00e0 g\u1eedi th\u00f4ng b\u00e1o \u0111\u1ebfn email ho\u1eb7c s\u1ed1 \u0111i\u1ec7n tho\u1ea1i c\u1ee7a b\u1ea1n.<\/li><li>Ch\u00fang t\u00f4i ch\u1ea5p nh\u1eadn thanh to\u00e1n khi nh\u1eadn h\u00e0ng (COD).<\/li><li><strong>Homiq<\/strong> c\u00f3 quy\u1ec1n t\u1eeb ch\u1ed1i ho\u1eb7c h\u1ee7y b\u1ecf \u0111\u01a1n h\u00e0ng n\u1ebfu ch\u00fang t\u00f4i ph\u00e1t hi\u1ec7n c\u00e1c h\u00e0nh vi gian l\u1eadn, th\u00f4ng tin sai l\u1ec7ch ho\u1eb7c c\u00e1c tr\u01b0\u1eddng h\u1ee3p l\u1ed7i h\u1ec7 th\u1ed1ng.<\/li><\/ul><hr \/><h4><strong>4. V\u1eadn Chuy\u1ec3n v\u00e0 Giao H\u00e0ng<\/strong><\/h4><ul><li><strong>Homiq<\/strong> cam k\u1ebft giao h\u00e0ng \u0111\u00fang th\u1eddi gian v\u00e0 \u0111\u1ecba \u0111i\u1ec3m m\u00e0 kh\u00e1ch h\u00e0ng y\u00eau c\u1ea7u.<\/li><li>Th\u1eddi gian giao h\u00e0ng c\u00f3 th\u1ec3 thay \u0111\u1ed5i t\u00f9y v\u00e0o v\u1ecb tr\u00ed \u0111\u1ecba l\u00fd v\u00e0 t\u00ednh s\u1eb5n c\u00f3 c\u1ee7a s\u1ea3n ph\u1ea9m. Trong m\u1ed9t s\u1ed1 tr\u01b0\u1eddng h\u1ee3p \u0111\u1eb7c bi\u1ec7t, qu\u00e1 tr\u00ecnh giao h\u00e0ng c\u00f3 th\u1ec3 b\u1ecb ch\u1eadm tr\u1ec5 do y\u1ebfu t\u1ed1 b\u00ean ngo\u00e0i nh\u01b0 th\u1eddi ti\u1ebft, t\u00ecnh h\u00ecnh giao th\u00f4ng,&#8230;<\/li><li>Chi ph\u00ed v\u1eadn chuy\u1ec3n s\u1ebd \u0111\u01b0\u1ee3c hi\u1ec3n th\u1ecb r\u00f5 r\u00e0ng trong qu\u00e1 tr\u00ecnh \u0111\u1eb7t h\u00e0ng.<\/li><\/ul><hr \/><h4><strong>5. Ch\u00ednh S\u00e1ch B\u1ea3o H\u00e0nh v\u00e0 \u0110\u1ed5i Tr\u1ea3<\/strong><\/h4><ul><li>T\u1ea5t c\u1ea3 c\u00e1c s\u1ea3n ph\u1ea9m t\u1ea1i <strong>Homiq<\/strong> \u0111\u1ec1u \u0111\u01b0\u1ee3c \u00e1p d\u1ee5ng ch\u00ednh s\u00e1ch b\u1ea3o h\u00e0nh theo quy \u0111\u1ecbnh c\u1ee7a nh\u00e0 s\u1ea3n xu\u1ea5t.<\/li><li>Kh\u00e1ch h\u00e0ng c\u00f3 quy\u1ec1n \u0111\u1ed5i tr\u1ea3 s\u1ea3n ph\u1ea9m trong v\u00f2ng <strong>7 ng\u00e0y<\/strong> k\u1ec3 t\u1eeb ng\u00e0y nh\u1eadn h\u00e0ng n\u1ebfu s\u1ea3n ph\u1ea9m b\u1ecb l\u1ed7i k\u1ef9 thu\u1eadt ho\u1eb7c kh\u00f4ng \u0111\u00fang v\u1edbi \u0111\u01a1n \u0111\u1eb7t h\u00e0ng.<\/li><li>S\u1ea3n ph\u1ea9m \u0111\u1ed5i tr\u1ea3 ph\u1ea3i c\u00f2n nguy\u00ean v\u1eb9n, \u0111\u1ea7y \u0111\u1ee7 bao b\u00ec v\u00e0 ch\u1ee9ng t\u1eeb mua h\u00e0ng. Ph\u00ed \u0111\u1ed5i tr\u1ea3 c\u00f3 th\u1ec3 \u0111\u01b0\u1ee3c \u00e1p d\u1ee5ng trong m\u1ed9t s\u1ed1 tr\u01b0\u1eddng h\u1ee3p.<\/li><\/ul><hr \/><h4><strong>6. Quy\u1ec1n S\u1edf H\u1eefu Tr\u00ed Tu\u1ec7<\/strong><\/h4><p>M\u1ecdi n\u1ed9i dung, h\u00ecnh \u1ea3nh, v\u0103n b\u1ea3n, logo v\u00e0 c\u00e1c t\u00e0i li\u1ec7u kh\u00e1c tr\u00ean website <strong>Homiq<\/strong> \u0111\u1ec1u thu\u1ed9c quy\u1ec1n s\u1edf h\u1eefu c\u1ee7a ch\u00fang t\u00f4i. Vi\u1ec7c sao ch\u00e9p, s\u1eed d\u1ee5ng ho\u1eb7c ph\u00e2n ph\u1ed1i n\u1ed9i dung t\u1eeb website m\u00e0 kh\u00f4ng c\u00f3 s\u1ef1 cho ph\u00e9p b\u1eb1ng v\u0103n b\u1ea3n t\u1eeb <strong>Homiq<\/strong> l\u00e0 h\u00e0nh vi vi ph\u1ea1m ph\u00e1p lu\u1eadt v\u00e0 c\u00f3 th\u1ec3 b\u1ecb x\u1eed l\u00fd theo quy \u0111\u1ecbnh ph\u00e1p lu\u1eadt.<\/p><hr \/><h4><strong>7. Tr\u00e1ch Nhi\u1ec7m v\u00e0 Cam K\u1ebft<\/strong><\/h4><p><strong>Homiq<\/strong> cam k\u1ebft cung c\u1ea5p c\u00e1c s\u1ea3n ph\u1ea9m v\u00e0 d\u1ecbch v\u1ee5 \u0111\u00fang nh\u01b0 m\u00f4 t\u1ea3 tr\u00ean website. Tuy nhi\u00ean, ch\u00fang t\u00f4i kh\u00f4ng ch\u1ecbu tr\u00e1ch nhi\u1ec7m trong c\u00e1c tr\u01b0\u1eddng h\u1ee3p kh\u00f4ng l\u01b0\u1eddng tr\u01b0\u1edbc \u0111\u01b0\u1ee3c do s\u1ef1 c\u1ed1 h\u1ec7 th\u1ed1ng, thi\u00ean tai, hay nh\u1eefng s\u1ef1 c\u1ed1 kh\u00e1ch quan ngo\u00e0i t\u1ea7m ki\u1ec3m so\u00e1t c\u1ee7a ch\u00fang t\u00f4i.<\/p><hr \/><h4><strong>8. B\u1ea3o M\u1eadt Th\u00f4ng Tin<\/strong><\/h4><p>Ch\u00fang t\u00f4i cam k\u1ebft b\u1ea3o m\u1eadt th\u00f4ng tin c\u00e1 nh\u00e2n c\u1ee7a kh\u00e1ch h\u00e0ng theo ch\u00ednh s\u00e1ch b\u1ea3o m\u1eadt c\u1ee7a <strong>Homiq<\/strong>. Th\u00f4ng tin c\u1ee7a b\u1ea1n ch\u1ec9 \u0111\u01b0\u1ee3c s\u1eed d\u1ee5ng \u0111\u1ec3 x\u1eed l\u00fd \u0111\u01a1n h\u00e0ng v\u00e0 cung c\u1ea5p d\u1ecbch v\u1ee5. <strong>Homiq<\/strong> s\u1ebd kh\u00f4ng chia s\u1ebb th\u00f4ng tin c\u1ee7a kh\u00e1ch h\u00e0ng cho b\u00ean th\u1ee9 ba m\u00e0 kh\u00f4ng c\u00f3 s\u1ef1 \u0111\u1ed3ng \u00fd t\u1eeb b\u1ea1n.<\/p><hr \/><h4><strong>9. \u0110i\u1ec1u Ch\u1ec9nh \u0110i\u1ec1u Kho\u1ea3n<\/strong><\/h4><p><strong>Homiq<\/strong> c\u00f3 quy\u1ec1n thay \u0111\u1ed5i, c\u1eadp nh\u1eadt c\u00e1c \u0111i\u1ec1u kho\u1ea3n v\u00e0 \u0111i\u1ec1u ki\u1ec7n n\u00e0y b\u1ea5t c\u1ee9 l\u00fac n\u00e0o. C\u00e1c thay \u0111\u1ed5i s\u1ebd c\u00f3 hi\u1ec7u l\u1ef1c ngay sau khi \u0111\u01b0\u1ee3c \u0111\u0103ng t\u1ea3i tr\u00ean website. Vi\u1ec7c b\u1ea1n ti\u1ebfp t\u1ee5c s\u1eed d\u1ee5ng d\u1ecbch v\u1ee5 sau khi c\u00f3 s\u1ef1 thay \u0111\u1ed5i \u0111\u1ed3ng ngh\u0129a v\u1edbi vi\u1ec7c b\u1ea1n \u0111\u1ed3ng \u00fd v\u1edbi c\u00e1c \u0111i\u1ec1u kho\u1ea3n m\u1edbi.<\/p><hr \/><h4><strong>10. Li\u00ean H\u1ec7<\/strong><\/h4><p>N\u1ebfu b\u1ea1n c\u00f3 b\u1ea5t k\u1ef3 th\u1eafc m\u1eafc n\u00e0o li\u00ean quan \u0111\u1ebfn c\u00e1c \u0111i\u1ec1u kho\u1ea3n v\u00e0 \u0111i\u1ec1u ki\u1ec7n n\u00e0y, vui l\u00f2ng li\u00ean h\u1ec7 v\u1edbi ch\u00fang t\u00f4i qua:<\/p><ul><li>Email: support@example.com<\/li><li>Hotline: 1900 1234<\/li><\/ul>\t\t\t\t\t\t\t\t<\/div>\n\t\t\t\t<\/div>\n\t\t\t\t\t<\/div>\n\t\t\t\t<\/div>\n\t\t\t\t<\/div>\n\t\t","protected":false},"excerpt":{"rendered":"<p>\u0110i\u1ec1u kho\u1ea3n v\u00e0 \u0111i\u1ec1u ki\u1ec7n Ch\u00e0o m\u1eebng b\u1ea1n \u0111\u1ebfn v\u1edbi website c\u1ee7a Homiq. Khi truy c\u1eadp v\u00e0 s\u1eed d\u1ee5ng trang web c\u1ee7a ch\u00fang t\u00f4i, b\u1ea1n \u0111\u1ed3ng \u00fd tu\u00e2n th\u1ee7 c\u00e1c \u0111i\u1ec1u kho\u1ea3n v\u00e0 \u0111i\u1ec1u ki\u1ec7n d\u01b0\u1edbi \u0111\u00e2y. Vui l\u00f2ng \u0111\u1ecdc k\u1ef9 c\u00e1c \u0111i\u1ec1u kho\u1ea3n n\u00e0y tr\u01b0\u1edbc khi s\u1eed d\u1ee5ng d\u1ecbch v\u1ee5 c\u1ee7a ch\u00fang t\u00f4i. 1. Ch\u1ea5p Nh\u1eadn \u0110i\u1ec1u Kho\u1ea3n Khi truy c\u1eadp v\u00e0o website Homiq v\u00e0 s\u1eed d\u1ee5ng b\u1ea5t k\u1ef3 d\u1ecbch v\u1ee5 n\u00e0o tr\u00ean trang web, b\u1ea1n \u0111\u1ed3ng \u00fd tu\u00e2n th\u1ee7 c\u00e1c \u0111i\u1ec1u kho\u1ea3n v\u00e0 \u0111i\u1ec1u ki\u1ec7n s\u1eed d\u1ee5ng n\u00e0y. N\u1ebfu b\u1ea1n kh\u00f4ng \u0111\u1ed3ng \u00fd v\u1edbi b\u1ea5t k\u1ef3 \u0111i\u1ec1u kho\u1ea3n n\u00e0o, vui l\u00f2ng kh\u00f4ng s\u1eed d\u1ee5ng website c\u1ee7a ch\u00fang t\u00f4i. 2. Th\u00f4ng Tin S\u1ea3n Ph\u1ea9m v\u00e0 D\u1ecbch V\u1ee5 Homiq cung c\u1ea5p c\u00e1c th\u00f4ng tin v\u1ec1 s\u1ea3n ph\u1ea9m, gi\u00e1 c\u1ea3 v\u00e0 ch\u01b0\u01a1ng tr\u00ecnh khuy\u1ebfn m\u00e3i. Ch\u00fang t\u00f4i c\u1ed1 g\u1eafng \u0111\u1ea3m b\u1ea3o th\u00f4ng tin lu\u00f4n ch\u00ednh x\u00e1c v\u00e0 c\u1eadp nh\u1eadt. Tuy nhi\u00ean, trong m\u1ed9t s\u1ed1 tr\u01b0\u1eddng h\u1ee3p, c\u00e1c th\u00f4ng tin nh\u01b0 gi\u00e1 s\u1ea3n ph\u1ea9m, t\u00ecnh tr\u1ea1ng kho h\u00e0ng c\u00f3 th\u1ec3 thay \u0111\u1ed5i m\u00e0 kh\u00f4ng c\u1ea7n b\u00e1o tr\u01b0\u1edbc. Ch\u00fang t\u00f4i kh\u00f4ng ch\u1ecbu tr\u00e1ch nhi\u1ec7m v\u1ec1 b\u1ea5t k\u1ef3 sai s\u00f3t ho\u1eb7c thay \u0111\u1ed5i n\u00e0o li\u00ean quan \u0111\u1ebfn th\u00f4ng tin s\u1ea3n ph\u1ea9m tr\u00ean website. 3. \u0110\u1eb7t H\u00e0ng v\u00e0 Thanh To\u00e1n Khi b\u1ea1n \u0111\u1eb7t h\u00e0ng tr\u00ean website Homiq, \u0111\u01a1n h\u00e0ng c\u1ee7a b\u1ea1n ch\u1ec9 \u0111\u01b0\u1ee3c ch\u1ea5p nh\u1eadn khi ch\u00fang t\u00f4i x\u00e1c nh\u1eadn v\u00e0 g\u1eedi th\u00f4ng b\u00e1o \u0111\u1ebfn email ho\u1eb7c s\u1ed1 \u0111i\u1ec7n tho\u1ea1i c\u1ee7a b\u1ea1n. Ch\u00fang t\u00f4i ch\u1ea5p nh\u1eadn thanh to\u00e1n khi nh\u1eadn h\u00e0ng (COD). Homiq c\u00f3 quy\u1ec1n t\u1eeb ch\u1ed1i ho\u1eb7c h\u1ee7y b\u1ecf \u0111\u01a1n h\u00e0ng n\u1ebfu ch\u00fang t\u00f4i ph\u00e1t hi\u1ec7n c\u00e1c h\u00e0nh vi gian l\u1eadn, th\u00f4ng tin sai l\u1ec7ch ho\u1eb7c c\u00e1c tr\u01b0\u1eddng h\u1ee3p l\u1ed7i h\u1ec7 th\u1ed1ng. 4. V\u1eadn Chuy\u1ec3n v\u00e0 Giao H\u00e0ng Homiq cam k\u1ebft giao h\u00e0ng \u0111\u00fang th\u1eddi gian v\u00e0 \u0111\u1ecba \u0111i\u1ec3m m\u00e0 kh\u00e1ch h\u00e0ng y\u00eau c\u1ea7u. Th\u1eddi gian giao h\u00e0ng c\u00f3 th\u1ec3 thay \u0111\u1ed5i t\u00f9y v\u00e0o v\u1ecb tr\u00ed \u0111\u1ecba l\u00fd v\u00e0 t\u00ednh s\u1eb5n c\u00f3 c\u1ee7a s\u1ea3n ph\u1ea9m. Trong m\u1ed9t s\u1ed1 tr\u01b0\u1eddng h\u1ee3p \u0111\u1eb7c bi\u1ec7t, qu\u00e1 tr\u00ecnh giao h\u00e0ng c\u00f3 th\u1ec3 b\u1ecb ch\u1eadm tr\u1ec5 do y\u1ebfu t\u1ed1 b\u00ean ngo\u00e0i nh\u01b0 th\u1eddi ti\u1ebft, t\u00ecnh h\u00ecnh giao th\u00f4ng,&#8230; Chi ph\u00ed v\u1eadn chuy\u1ec3n s\u1ebd \u0111\u01b0\u1ee3c hi\u1ec3n th\u1ecb r\u00f5 r\u00e0ng trong qu\u00e1 tr\u00ecnh \u0111\u1eb7t h\u00e0ng. 5. Ch\u00ednh S\u00e1ch B\u1ea3o H\u00e0nh v\u00e0 \u0110\u1ed5i Tr\u1ea3 T\u1ea5t c\u1ea3 c\u00e1c s\u1ea3n ph\u1ea9m t\u1ea1i Homiq \u0111\u1ec1u \u0111\u01b0\u1ee3c \u00e1p d\u1ee5ng ch\u00ednh s\u00e1ch b\u1ea3o h\u00e0nh theo quy \u0111\u1ecbnh c\u1ee7a nh\u00e0 s\u1ea3n xu\u1ea5t. Kh\u00e1ch h\u00e0ng c\u00f3 quy\u1ec1n \u0111\u1ed5i tr\u1ea3 s\u1ea3n ph\u1ea9m trong v\u00f2ng 7 ng\u00e0y k\u1ec3 t\u1eeb ng\u00e0y nh\u1eadn h\u00e0ng n\u1ebfu s\u1ea3n ph\u1ea9m b\u1ecb l\u1ed7i k\u1ef9 thu\u1eadt ho\u1eb7c kh\u00f4ng \u0111\u00fang v\u1edbi \u0111\u01a1n \u0111\u1eb7t h\u00e0ng. S\u1ea3n ph\u1ea9m \u0111\u1ed5i tr\u1ea3 ph\u1ea3i c\u00f2n nguy\u00ean v\u1eb9n, \u0111\u1ea7y \u0111\u1ee7 bao b\u00ec v\u00e0 ch\u1ee9ng t\u1eeb mua h\u00e0ng. Ph\u00ed \u0111\u1ed5i tr\u1ea3 c\u00f3 th\u1ec3 \u0111\u01b0\u1ee3c \u00e1p d\u1ee5ng trong m\u1ed9t s\u1ed1 tr\u01b0\u1eddng h\u1ee3p. 6. Quy\u1ec1n S\u1edf H\u1eefu Tr\u00ed Tu\u1ec7 M\u1ecdi n\u1ed9i dung, h\u00ecnh \u1ea3nh, v\u0103n b\u1ea3n, logo v\u00e0 c\u00e1c t\u00e0i li\u1ec7u kh\u00e1c tr\u00ean website Homiq \u0111\u1ec1u thu\u1ed9c quy\u1ec1n s\u1edf h\u1eefu c\u1ee7a ch\u00fang t\u00f4i. Vi\u1ec7c sao ch\u00e9p, s\u1eed d\u1ee5ng ho\u1eb7c ph\u00e2n ph\u1ed1i n\u1ed9i dung t\u1eeb website m\u00e0 kh\u00f4ng c\u00f3 s\u1ef1 cho ph\u00e9p b\u1eb1ng v\u0103n b\u1ea3n t\u1eeb Homiq l\u00e0 h\u00e0nh vi vi ph\u1ea1m ph\u00e1p lu\u1eadt v\u00e0 c\u00f3 th\u1ec3 b\u1ecb x\u1eed l\u00fd theo quy \u0111\u1ecbnh ph\u00e1p lu\u1eadt. 7. Tr\u00e1ch Nhi\u1ec7m v\u00e0 Cam K\u1ebft Homiq cam k\u1ebft cung c\u1ea5p c\u00e1c s\u1ea3n ph\u1ea9m v\u00e0 d\u1ecbch v\u1ee5 \u0111\u00fang nh\u01b0 m\u00f4 t\u1ea3 tr\u00ean website. Tuy nhi\u00ean, ch\u00fang t\u00f4i kh\u00f4ng ch\u1ecbu tr\u00e1ch nhi\u1ec7m trong c\u00e1c tr\u01b0\u1eddng h\u1ee3p kh\u00f4ng l\u01b0\u1eddng tr\u01b0\u1edbc \u0111\u01b0\u1ee3c do s\u1ef1 c\u1ed1 h\u1ec7 th\u1ed1ng, thi\u00ean tai, hay nh\u1eefng s\u1ef1 c\u1ed1 kh\u00e1ch quan ngo\u00e0i t\u1ea7m ki\u1ec3m so\u00e1t c\u1ee7a ch\u00fang t\u00f4i. 8. B\u1ea3o M\u1eadt Th\u00f4ng Tin Ch\u00fang t\u00f4i cam k\u1ebft b\u1ea3o m\u1eadt th\u00f4ng tin c\u00e1 nh\u00e2n c\u1ee7a kh\u00e1ch h\u00e0ng theo ch\u00ednh s\u00e1ch b\u1ea3o m\u1eadt c\u1ee7a Homiq. Th\u00f4ng tin c\u1ee7a b\u1ea1n ch\u1ec9 \u0111\u01b0\u1ee3c s\u1eed d\u1ee5ng \u0111\u1ec3 x\u1eed l\u00fd \u0111\u01a1n h\u00e0ng v\u00e0 cung c\u1ea5p d\u1ecbch v\u1ee5. Homiq s\u1ebd kh\u00f4ng chia s\u1ebb th\u00f4ng tin c\u1ee7a kh\u00e1ch h\u00e0ng cho b\u00ean th\u1ee9 ba m\u00e0 kh\u00f4ng c\u00f3 s\u1ef1 \u0111\u1ed3ng \u00fd t\u1eeb b\u1ea1n. 9. \u0110i\u1ec1u Ch\u1ec9nh \u0110i\u1ec1u Kho\u1ea3n Homiq c\u00f3 quy\u1ec1n thay \u0111\u1ed5i, c\u1eadp nh\u1eadt c\u00e1c \u0111i\u1ec1u kho\u1ea3n v\u00e0 \u0111i\u1ec1u ki\u1ec7n n\u00e0y b\u1ea5t c\u1ee9 l\u00fac n\u00e0o. C\u00e1c thay \u0111\u1ed5i s\u1ebd c\u00f3 hi\u1ec7u l\u1ef1c ngay sau khi \u0111\u01b0\u1ee3c \u0111\u0103ng t\u1ea3i tr\u00ean website. Vi\u1ec7c b\u1ea1n ti\u1ebfp t\u1ee5c s\u1eed d\u1ee5ng d\u1ecbch v\u1ee5 sau khi c\u00f3 s\u1ef1 thay \u0111\u1ed5i \u0111\u1ed3ng ngh\u0129a v\u1edbi vi\u1ec7c b\u1ea1n \u0111\u1ed3ng \u00fd v\u1edbi c\u00e1c \u0111i\u1ec1u kho\u1ea3n m\u1edbi. 10. Li\u00ean H\u1ec7 N\u1ebfu b\u1ea1n c\u00f3 b\u1ea5t k\u1ef3 th\u1eafc m\u1eafc n\u00e0o li\u00ean quan \u0111\u1ebfn c\u00e1c \u0111i\u1ec1u kho\u1ea3n v\u00e0 \u0111i\u1ec1u ki\u1ec7n n\u00e0y, vui l\u00f2ng li\u00ean h\u1ec7 v\u1edbi ch\u00fang t\u00f4i qua: Email: support@example.com Hotline: 1900 1234<\/p>\n","protected":false},"author":1,"featured_media":0,"parent":0,"menu_order":0,"comment_status":"closed","ping_status":"closed","template":"","meta":{"footnotes":""},"class_list":["post-48","page","type-page","status-publish","hentry"],"_links":{"self":[{"href":"https:\/\/webchodoanhnghiep.tamkhoa.com\/thuong-mai-04\/wp-json\/wp\/v2\/pages\/48"}],"collection":[{"href":"https:\/\/webchodoanhnghiep.tamkhoa.com\/thuong-mai-04\/wp-json\/wp\/v2\/pages"}],"about":[{"href":"https:\/\/webchodoanhnghiep.tamkhoa.com\/thuong-mai-04\/wp-json\/wp\/v2\/types\/page"}],"author":[{"embeddable":true,"href":"https:\/\/webchodoanhnghiep.tamkhoa.com\/thuong-mai-04\/wp-json\/wp\/v2\/users\/1"}],"replies":[{"embeddable":true,"href":"https:\/\/webchodoanhnghiep.tamkhoa.com\/thuong-mai-04\/wp-json\/wp\/v2\/comments?post=48"}],"version-history":[{"count":3,"href":"https:\/\/webchodoanhnghiep.tamkhoa.com\/thuong-mai-04\/wp-json\/wp\/v2\/pages\/48\/revisions"}],"predecessor-version":[{"id":1009,"href":"https:\/\/webchodoanhnghiep.tamkhoa.com\/thuong-mai-04\/wp-json\/wp\/v2\/pages\/48\/revisions\/1009"}],"wp:attachment":[{"href":"https:\/\/webchodoanhnghiep.tamkhoa.com\/thuong-mai-04\/wp-json\/wp\/v2\/media?parent=48"}],"curies":[{"name":"wp","href":"https:\/\/api.w.org\/{rel}","templated":true}]}}