{"id":816,"date":"2024-10-01T03:43:13","date_gmt":"2024-10-01T03:43:13","guid":{"rendered":"https:\/\/dulich.tamkhoa.com\/thuong-mai-03\/?page_id=816"},"modified":"2024-10-11T04:01:47","modified_gmt":"2024-10-11T04:01:47","slug":"cam-ket-cua-chung-toi","status":"publish","type":"page","link":"https:\/\/webchodoanhnghiep.tamkhoa.com\/thuong-mai-04\/cam-ket-cua-chung-toi\/","title":{"rendered":"Cam k\u1ebft c\u1ee7a ch\u00fang t\u00f4i"},"content":{"rendered":"\t\t<div data-elementor-type=\"wp-page\" data-elementor-id=\"816\" class=\"elementor elementor-816\">\n\t\t\t\t<div class=\"elementor-element elementor-element-7fc87d8 e-flex e-con-boxed wpr-particle-no wpr-jarallax-no wpr-parallax-no wpr-sticky-section-no wpr-column-slider-no wpr-equal-height-no e-con e-parent\" data-id=\"7fc87d8\" data-element_type=\"container\" data-e-type=\"container\">\n\t\t\t\t\t<div class=\"e-con-inner\">\n\t\t\t\t<div class=\"elementor-element elementor-element-cebc1f6 elementor-widget elementor-widget-page-title\" data-id=\"cebc1f6\" data-element_type=\"widget\" data-e-type=\"widget\" data-settings=\"{&quot;align&quot;:&quot;center&quot;}\" data-widget_type=\"page-title.default\">\n\t\t\t\t<div class=\"elementor-widget-container\">\n\t\t\t\t\t\t\t\n\t\t<div class=\"hfe-page-title hfe-page-title-wrapper elementor-widget-heading\">\n\n\t\t\t\t\t\t\t\t<h2 class=\"elementor-heading-title elementor-size-default\">\n\t\t\t\t\t\t\t\t\n\t\t\t\tCam k\u1ebft c\u1ee7a ch\u00fang t\u00f4i  \n\t\t\t<\/h2 > \n\t\t\t\t\t<\/div>\n\t\t\t\t\t\t<\/div>\n\t\t\t\t<\/div>\n\t\t\t\t\t<\/div>\n\t\t\t\t<\/div>\n\t\t<div class=\"elementor-element elementor-element-95723f7 e-flex e-con-boxed wpr-particle-no wpr-jarallax-no wpr-parallax-no wpr-sticky-section-no wpr-column-slider-no wpr-equal-height-no e-con e-parent\" data-id=\"95723f7\" data-element_type=\"container\" data-e-type=\"container\">\n\t\t\t\t\t<div class=\"e-con-inner\">\n\t\t\t\t<div class=\"elementor-element elementor-element-bdaa996 elementor-widget elementor-widget-text-editor\" data-id=\"bdaa996\" data-element_type=\"widget\" data-e-type=\"widget\" data-widget_type=\"text-editor.default\">\n\t\t\t\t<div class=\"elementor-widget-container\">\n\t\t\t\t\t\t\t\t\t<p>T\u1ea1i <strong>Homiq<\/strong>, ch\u00fang t\u00f4i lu\u00f4n \u0111\u1eb7t l\u1ee3i \u00edch v\u00e0 s\u1ef1 h\u00e0i l\u00f2ng c\u1ee7a kh\u00e1ch h\u00e0ng l\u00ean h\u00e0ng \u0111\u1ea7u<\/p>\t\t\t\t\t\t\t\t<\/div>\n\t\t\t\t<\/div>\n\t\t\t\t\t<\/div>\n\t\t\t\t<\/div>\n\t\t<div class=\"elementor-element elementor-element-d48bb0a e-flex e-con-boxed wpr-particle-no wpr-jarallax-no wpr-parallax-no wpr-sticky-section-no wpr-column-slider-no wpr-equal-height-no e-con e-parent\" data-id=\"d48bb0a\" data-element_type=\"container\" data-e-type=\"container\">\n\t\t\t\t\t<div class=\"e-con-inner\">\n\t\t\t\t<div class=\"elementor-element elementor-element-6581996 wpr-image-accordion-row wpr-image-accordion-interaction-hover wpr-acc-border-outer elementor-widget elementor-widget-wpr-image-accordion\" data-id=\"6581996\" data-element_type=\"widget\" data-e-type=\"widget\" data-widget_type=\"wpr-image-accordion.default\">\n\t\t\t\t<div class=\"elementor-widget-container\">\n\t\t\t\t\t\n\t\t<div class=\"wpr-image-accordion-wrap \">\n\n\t\t\t\t\t\t\t<div class=\"wpr-image-accordion\">\n\t\t\t\n\t\t\t\n\t\t\t\t<div data-src=https:\/\/webchodoanhnghiep.tamkhoa.com\/thuong-mai-04\/wp-content\/uploads\/sites\/10\/2024\/10\/3bd6b495-9a03-4f2f-9733-634c1ca27e4a.webp   class=\"wpr-image-accordion-item elementor-repeater-item-40f8896 wpr-effect-size-\">\n\n\t\t\t\t<div class=\"wpr-accordion-background\" style=\"background-image: url(https:\/\/webchodoanhnghiep.tamkhoa.com\/thuong-mai-04\/wp-content\/uploads\/sites\/10\/2024\/10\/3bd6b495-9a03-4f2f-9733-634c1ca27e4a.webp);\"><\/div>\n\t\t\t\t\t\t\t\n\t\t\t\t\t\t\t<div class=\"wpr-img-accordion-media-hover wpr-animation-wrap\" data-settings=\"{&quot;activeItem&quot;:{&quot;activeWidth&quot;:4,&quot;defaultActive&quot;:0,&quot;interaction&quot;:&quot;hover&quot;,&quot;overlayLink&quot;:&quot;&quot;,&quot;overlayLinkTarget&quot;:&quot;_self&quot;}}\" data-src=\"https:\/\/webchodoanhnghiep.tamkhoa.com\/thuong-mai-04\/wp-content\/uploads\/sites\/10\/2024\/10\/3bd6b495-9a03-4f2f-9733-634c1ca27e4a.webp\"><div class=\"wpr-img-accordion-hover-bg  wpr-overlay-fade-in wpr-anim-size-large wpr-anim-timing-ease-default wpr-anim-transparency\"><\/div><div class=\"wpr-cv-container\"><div class=\"wpr-cv-outer\"><div class=\"wpr-cv-inner\"><div class=\"wpr-img-accordion-media-hover-middle elementor-clearfix\"><h2 class=\"wpr-img-accordion-item-title elementor-repeater-item-b90f202 wpr-img-accordion-item-display-block wpr-img-accordion-item-align-center wpr-element-fade-in wpr-anim-size-large wpr-anim-timing-ease-default wpr-anim-transparency\"><div class=\"inner-block\"><a class=\"wpr-pointer-item\">Ch\u1ea5t l\u01b0\u1ee3ng cao c\u1ea5p<\/a><\/div><\/h2><div class=\"wpr-img-accordion-item-description elementor-repeater-item-23e13ae wpr-img-accordion-item-display-inline wpr-img-accordion-item-align-center wpr-element-fade-in wpr-anim-size-large wpr-anim-timing-ease-default wpr-anim-transparency\"><div class=\"inner-block\"><p>Ch\u00fang t\u00f4i cam k\u1ebft cung c\u1ea5p s\u1ea3n ph\u1ea9m \u0111\u1ea1t ti\u00eau chu\u1ea9n cao, an to\u00e0n cho s\u1ee9c kh\u1ecfe c\u1ee7a ng\u01b0\u1eddi d\u00f9ng v\u00e0 th\u00e2n thi\u1ec7n v\u1edbi m\u00f4i tr\u01b0\u1eddng<\/p><\/div><\/div><\/div><\/div><\/div><\/div><\/div>\t\t\t\t<\/div>\n\n\t\t\t\n\t\t\t\t<div data-src=https:\/\/webchodoanhnghiep.tamkhoa.com\/thuong-mai-04\/wp-content\/uploads\/sites\/10\/2024\/10\/61c5e105-7d15-479b-9079-355d963a11b5.webp   class=\"wpr-image-accordion-item elementor-repeater-item-941090e wpr-effect-size-\">\n\n\t\t\t\t<div class=\"wpr-accordion-background\" style=\"background-image: url(https:\/\/webchodoanhnghiep.tamkhoa.com\/thuong-mai-04\/wp-content\/uploads\/sites\/10\/2024\/10\/61c5e105-7d15-479b-9079-355d963a11b5.webp);\"><\/div>\n\t\t\t\t\t\t\t\n\t\t\t\t\t\t\t<div class=\"wpr-img-accordion-media-hover wpr-animation-wrap\" data-settings=\"{&quot;activeItem&quot;:{&quot;activeWidth&quot;:4,&quot;defaultActive&quot;:0,&quot;interaction&quot;:&quot;hover&quot;,&quot;overlayLink&quot;:&quot;&quot;,&quot;overlayLinkTarget&quot;:&quot;_self&quot;}}\" data-src=\"https:\/\/webchodoanhnghiep.tamkhoa.com\/thuong-mai-04\/wp-content\/uploads\/sites\/10\/2024\/10\/61c5e105-7d15-479b-9079-355d963a11b5.webp\"><div class=\"wpr-img-accordion-hover-bg  wpr-overlay-fade-in wpr-anim-size-large wpr-anim-timing-ease-default wpr-anim-transparency\"><\/div><div class=\"wpr-cv-container\"><div class=\"wpr-cv-outer\"><div class=\"wpr-cv-inner\"><div class=\"wpr-img-accordion-media-hover-middle elementor-clearfix\"><h2 class=\"wpr-img-accordion-item-title elementor-repeater-item-b90f202 wpr-img-accordion-item-display-block wpr-img-accordion-item-align-center wpr-element-fade-in wpr-anim-size-large wpr-anim-timing-ease-default wpr-anim-transparency\"><div class=\"inner-block\"><a class=\"wpr-pointer-item\">Ch\u00ednh s\u00e1ch b\u1ea3o h\u00e0nh v\u00e0 \u0111\u1ed5i tr\u1ea3 linh ho\u1ea1t<\/a><\/div><\/h2><div class=\"wpr-img-accordion-item-description elementor-repeater-item-23e13ae wpr-img-accordion-item-display-inline wpr-img-accordion-item-align-center wpr-element-fade-in wpr-anim-size-large wpr-anim-timing-ease-default wpr-anim-transparency\"><div class=\"inner-block\"><p>Homiq mang \u0111\u1ebfn ch\u00ednh s\u00e1ch b\u1ea3o h\u00e0nh d\u00e0i h\u1ea1n v\u00e0 h\u1ed7 tr\u1ee3 \u0111\u1ed5i tr\u1ea3 d\u1ec5 d\u00e0ng, gi\u00fap kh\u00e1ch h\u00e0ng y\u00ean t\u00e2m khi mua s\u1eafm<\/p><\/div><\/div><\/div><\/div><\/div><\/div><\/div>\t\t\t\t<\/div>\n\n\t\t\t\n\t\t\t\t<div data-src=https:\/\/webchodoanhnghiep.tamkhoa.com\/thuong-mai-04\/wp-content\/uploads\/sites\/10\/2024\/10\/3c7a7b59-e739-41d0-aa70-aa788ae5ecb2.webp   class=\"wpr-image-accordion-item elementor-repeater-item-3b2fe63 wpr-effect-size-\">\n\n\t\t\t\t<div class=\"wpr-accordion-background\" style=\"background-image: url(https:\/\/webchodoanhnghiep.tamkhoa.com\/thuong-mai-04\/wp-content\/uploads\/sites\/10\/2024\/10\/3c7a7b59-e739-41d0-aa70-aa788ae5ecb2.webp);\"><\/div>\n\t\t\t\t\t\t\t\n\t\t\t\t\t\t\t<div class=\"wpr-img-accordion-media-hover wpr-animation-wrap\" data-settings=\"{&quot;activeItem&quot;:{&quot;activeWidth&quot;:4,&quot;defaultActive&quot;:0,&quot;interaction&quot;:&quot;hover&quot;,&quot;overlayLink&quot;:&quot;&quot;,&quot;overlayLinkTarget&quot;:&quot;_self&quot;}}\" data-src=\"https:\/\/webchodoanhnghiep.tamkhoa.com\/thuong-mai-04\/wp-content\/uploads\/sites\/10\/2024\/10\/3c7a7b59-e739-41d0-aa70-aa788ae5ecb2.webp\"><div class=\"wpr-img-accordion-hover-bg  wpr-overlay-fade-in wpr-anim-size-large wpr-anim-timing-ease-default wpr-anim-transparency\"><\/div><div class=\"wpr-cv-container\"><div class=\"wpr-cv-outer\"><div class=\"wpr-cv-inner\"><div class=\"wpr-img-accordion-media-hover-middle elementor-clearfix\"><h2 class=\"wpr-img-accordion-item-title elementor-repeater-item-b90f202 wpr-img-accordion-item-display-block wpr-img-accordion-item-align-center wpr-element-fade-in wpr-anim-size-large wpr-anim-timing-ease-default wpr-anim-transparency\"><div class=\"inner-block\"><a class=\"wpr-pointer-item\">H\u1ed7 tr\u1ee3 kh\u00e1ch h\u00e0ng to\u00e0n di\u1ec7n<\/a><\/div><\/h2><div class=\"wpr-img-accordion-item-description elementor-repeater-item-23e13ae wpr-img-accordion-item-display-inline wpr-img-accordion-item-align-center wpr-element-fade-in wpr-anim-size-large wpr-anim-timing-ease-default wpr-anim-transparency\"><div class=\"inner-block\"><p>\u0110\u1ed9i ng\u0169 h\u1ed7 tr\u1ee3 kh\u00e1ch h\u00e0ng c\u1ee7a ch\u00fang t\u00f4i lu\u00f4n s\u1eb5n s\u00e0ng t\u01b0 v\u1ea5n v\u00e0 gi\u1ea3i \u0111\u00e1p th\u1eafc m\u1eafc m\u1ecdi l\u00fac, \u0111\u1ea3m b\u1ea3o tr\u1ea3i nghi\u1ec7m t\u1ed1t nh\u1ea5t cho b\u1ea1n<\/p><\/div><\/div><\/div><\/div><\/div><\/div><\/div>\t\t\t\t<\/div>\n\n\t\t\t            \n\t\t\t<\/div>\n\t\t<\/div>\n\n\t\t\t\t\t\t<\/div>\n\t\t\t\t<\/div>\n\t\t\t\t\t<\/div>\n\t\t\t\t<\/div>\n\t\t\t\t<\/div>\n\t\t","protected":false},"excerpt":{"rendered":"<p>Cam k\u1ebft c\u1ee7a ch\u00fang t\u00f4i T\u1ea1i Homiq, ch\u00fang t\u00f4i lu\u00f4n \u0111\u1eb7t l\u1ee3i \u00edch v\u00e0 s\u1ef1 h\u00e0i l\u00f2ng c\u1ee7a kh\u00e1ch h\u00e0ng l\u00ean h\u00e0ng \u0111\u1ea7u Ch\u1ea5t l\u01b0\u1ee3ng cao c\u1ea5p Ch\u00fang t\u00f4i cam k\u1ebft cung c\u1ea5p s\u1ea3n ph\u1ea9m \u0111\u1ea1t ti\u00eau chu\u1ea9n cao, an to\u00e0n cho s\u1ee9c kh\u1ecfe c\u1ee7a ng\u01b0\u1eddi d\u00f9ng v\u00e0 th\u00e2n thi\u1ec7n v\u1edbi m\u00f4i tr\u01b0\u1eddng Ch\u00ednh s\u00e1ch b\u1ea3o h\u00e0nh v\u00e0 \u0111\u1ed5i tr\u1ea3 linh ho\u1ea1t Homiq mang \u0111\u1ebfn ch\u00ednh s\u00e1ch b\u1ea3o h\u00e0nh d\u00e0i h\u1ea1n v\u00e0 h\u1ed7 tr\u1ee3 \u0111\u1ed5i tr\u1ea3 d\u1ec5 d\u00e0ng, gi\u00fap kh\u00e1ch h\u00e0ng y\u00ean t\u00e2m khi mua s\u1eafm H\u1ed7 tr\u1ee3 kh\u00e1ch h\u00e0ng to\u00e0n di\u1ec7n \u0110\u1ed9i ng\u0169 h\u1ed7 tr\u1ee3 kh\u00e1ch h\u00e0ng c\u1ee7a ch\u00fang t\u00f4i lu\u00f4n s\u1eb5n s\u00e0ng t\u01b0 v\u1ea5n v\u00e0 gi\u1ea3i \u0111\u00e1p th\u1eafc m\u1eafc m\u1ecdi l\u00fac, \u0111\u1ea3m b\u1ea3o tr\u1ea3i nghi\u1ec7m t\u1ed1t nh\u1ea5t cho b\u1ea1n<\/p>\n","protected":false},"author":1,"featured_media":0,"parent":0,"menu_order":0,"comment_status":"closed","ping_status":"closed","template":"","meta":{"footnotes":""},"class_list":["post-816","page","type-page","status-publish","hentry"],"_links":{"self":[{"href":"https:\/\/webchodoanhnghiep.tamkhoa.com\/thuong-mai-04\/wp-json\/wp\/v2\/pages\/816"}],"collection":[{"href":"https:\/\/webchodoanhnghiep.tamkhoa.com\/thuong-mai-04\/wp-json\/wp\/v2\/pages"}],"about":[{"href":"https:\/\/webchodoanhnghiep.tamkhoa.com\/thuong-mai-04\/wp-json\/wp\/v2\/types\/page"}],"author":[{"embeddable":true,"href":"https:\/\/webchodoanhnghiep.tamkhoa.com\/thuong-mai-04\/wp-json\/wp\/v2\/users\/1"}],"replies":[{"embeddable":true,"href":"https:\/\/webchodoanhnghiep.tamkhoa.com\/thuong-mai-04\/wp-json\/wp\/v2\/comments?post=816"}],"version-history":[{"count":15,"href":"https:\/\/webchodoanhnghiep.tamkhoa.com\/thuong-mai-04\/wp-json\/wp\/v2\/pages\/816\/revisions"}],"predecessor-version":[{"id":1056,"href":"https:\/\/webchodoanhnghiep.tamkhoa.com\/thuong-mai-04\/wp-json\/wp\/v2\/pages\/816\/revisions\/1056"}],"wp:attachment":[{"href":"https:\/\/webchodoanhnghiep.tamkhoa.com\/thuong-mai-04\/wp-json\/wp\/v2\/media?parent=816"}],"curies":[{"name":"wp","href":"https:\/\/api.w.org\/{rel}","templated":true}]}}