{"id":37,"date":"2024-09-05T07:32:55","date_gmt":"2024-09-05T07:32:55","guid":{"rendered":"https:\/\/dulich.tamkhoa.com\/thuong-mai-03\/?page_id=37"},"modified":"2024-10-16T07:32:43","modified_gmt":"2024-10-16T07:32:43","slug":"gioi-thieu","status":"publish","type":"page","link":"https:\/\/webchodoanhnghiep.tamkhoa.com\/thuong-mai-05\/gioi-thieu\/","title":{"rendered":"Gi\u1edbi thi\u1ec7u"},"content":{"rendered":"\t\t<div data-elementor-type=\"wp-page\" data-elementor-id=\"37\" class=\"elementor elementor-37\">\n\t\t\t\t<div class=\"elementor-element elementor-element-bd09e13 e-flex e-con-boxed wpr-particle-no wpr-jarallax-no wpr-parallax-no wpr-sticky-section-no wpr-column-slider-no wpr-equal-height-no e-con e-parent\" data-id=\"bd09e13\" data-element_type=\"container\" data-e-type=\"container\">\n\t\t\t\t\t<div class=\"e-con-inner\">\n\t\t\t\t<div class=\"elementor-element elementor-element-5e9287c1 elementor-widget elementor-widget-page-title\" data-id=\"5e9287c1\" data-element_type=\"widget\" data-e-type=\"widget\" data-settings=\"{&quot;align&quot;:&quot;center&quot;}\" data-widget_type=\"page-title.default\">\n\t\t\t\t<div class=\"elementor-widget-container\">\n\t\t\t\t\t\t\t\n\t\t<div class=\"hfe-page-title hfe-page-title-wrapper elementor-widget-heading\">\n\n\t\t\t\t\t\t\t\t<h2 class=\"elementor-heading-title elementor-size-default\">\n\t\t\t\t\t\t\t\t\n\t\t\t\tGi\u1edbi thi\u1ec7u  \n\t\t\t<\/h2 > \n\t\t\t\t\t<\/div>\n\t\t\t\t\t\t<\/div>\n\t\t\t\t<\/div>\n\t\t\t\t\t<\/div>\n\t\t\t\t<\/div>\n\t\t<div class=\"elementor-element elementor-element-1758a49 e-flex e-con-boxed wpr-particle-no wpr-jarallax-no wpr-parallax-no wpr-sticky-section-no wpr-column-slider-no wpr-equal-height-no e-con e-parent\" data-id=\"1758a49\" data-element_type=\"container\" data-e-type=\"container\">\n\t\t\t\t\t<div class=\"e-con-inner\">\n\t\t\t\t<div class=\"elementor-element elementor-element-f1dcaed elementor-widget elementor-widget-text-editor\" data-id=\"f1dcaed\" data-element_type=\"widget\" data-e-type=\"widget\" data-widget_type=\"text-editor.default\">\n\t\t\t\t<div class=\"elementor-widget-container\">\n\t\t\t\t\t\t\t\t\t<p><strong>AgroProva<\/strong> l\u00e0 th\u01b0\u01a1ng hi\u1ec7u ti\u00ean phong trong l\u0129nh v\u1ef1c cung c\u1ea5p m\u00e1y m\u00f3c v\u00e0 thi\u1ebft b\u1ecb n\u00f4ng nghi\u1ec7p, v\u1edbi m\u1ee5c ti\u00eau mang \u0111\u1ebfn gi\u1ea3i ph\u00e1p c\u00f4ng ngh\u1ec7 hi\u1ec7n \u0111\u1ea1i, hi\u1ec7u qu\u1ea3 cho ng\u01b0\u1eddi n\u00f4ng d\u00e2n Vi\u1ec7t Nam. Ch\u00fang t\u00f4i hi\u1ec3u r\u00f5 t\u1ea7m quan tr\u1ecdng c\u1ee7a m\u00e1y m\u00f3c trong vi\u1ec7c c\u1ea3i thi\u1ec7n n\u0103ng su\u1ea5t v\u00e0 ch\u1ea5t l\u01b0\u1ee3ng s\u1ea3n xu\u1ea5t n\u00f4ng nghi\u1ec7p, v\u00ec th\u1ebf <strong>AgroProva<\/strong> cam k\u1ebft cung c\u1ea5p nh\u1eefng s\u1ea3n ph\u1ea9m ch\u1ea5t l\u01b0\u1ee3ng cao, b\u1ec1n b\u1ec9 v\u00e0 ph\u00f9 h\u1ee3p v\u1edbi \u0111i\u1ec1u ki\u1ec7n canh t\u00e1c trong n\u01b0\u1edbc.<\/p><p>Danh m\u1ee5c s\u1ea3n ph\u1ea9m c\u1ee7a ch\u00fang t\u00f4i bao g\u1ed3m c\u00e1c d\u00f2ng m\u00e1y c\u00e0y, m\u00e1y g\u1eb7t \u0111\u1eadp, m\u00e1y phun thu\u1ed1c, m\u00e1y ch\u1ebf bi\u1ebfn th\u1ee9c \u0103n ch\u0103n nu\u00f4i, c\u00f9ng nhi\u1ec1u lo\u1ea1i thi\u1ebft b\u1ecb n\u00f4ng nghi\u1ec7p kh\u00e1c, \u0111\u00e1p \u1ee9ng nhu c\u1ea7u \u0111a d\u1ea1ng t\u1eeb quy m\u00f4 h\u1ed9 gia \u0111\u00ecnh \u0111\u1ebfn c\u00e1c trang tr\u1ea1i l\u1edbn. <strong>AgroProva<\/strong> kh\u00f4ng ng\u1eebng c\u1ea3i ti\u1ebfn s\u1ea3n ph\u1ea9m v\u00e0 d\u1ecbch v\u1ee5 nh\u1eb1m mang l\u1ea1i gi\u00e1 tr\u1ecb v\u01b0\u1ee3t tr\u1ed9i, gi\u00fap n\u00f4ng d\u00e2n t\u1ed1i \u01b0u h\u00f3a c\u00f4ng vi\u1ec7c, ti\u1ebft ki\u1ec7m th\u1eddi gian v\u00e0 chi ph\u00ed.<\/p><p>V\u1edbi s\u1ee9 m\u1ec7nh \u0111\u1ed3ng h\u00e0nh c\u00f9ng s\u1ef1 ph\u00e1t tri\u1ec3n b\u1ec1n v\u1eefng c\u1ee7a n\u00f4ng nghi\u1ec7p Vi\u1ec7t Nam, <strong>AgroProva<\/strong> lu\u00f4n \u0111\u1eb7t kh\u00e1ch h\u00e0ng l\u00e0m tr\u1ecdng t\u00e2m, cung c\u1ea5p d\u1ecbch v\u1ee5 t\u01b0 v\u1ea5n k\u1ef9 thu\u1eadt, b\u1ea3o tr\u00ec, b\u1ea3o d\u01b0\u1ee1ng m\u00e1y m\u00f3c t\u1eadn t\u00ecnh v\u00e0 chu \u0111\u00e1o. Ch\u00fang t\u00f4i tin r\u1eb1ng, v\u1edbi s\u1ef1 h\u1ed7 tr\u1ee3 c\u1ee7a c\u00f4ng ngh\u1ec7 v\u00e0 thi\u1ebft b\u1ecb hi\u1ec7n \u0111\u1ea1i, n\u00f4ng d\u00e2n s\u1ebd ng\u00e0y c\u00e0ng th\u00e0nh c\u00f4ng h\u01a1n trong qu\u00e1 tr\u00ecnh s\u1ea3n xu\u1ea5t v\u00e0 ph\u00e1t tri\u1ec3n n\u00f4ng nghi\u1ec7p.<\/p>\t\t\t\t\t\t\t\t<\/div>\n\t\t\t\t<\/div>\n\t\t\t\t\t<\/div>\n\t\t\t\t<\/div>\n\t\t<div class=\"elementor-element elementor-element-ccc6d6a e-con-full e-flex wpr-particle-no wpr-jarallax-no wpr-parallax-no wpr-sticky-section-no wpr-column-slider-no wpr-equal-height-no e-con e-parent\" data-id=\"ccc6d6a\" data-element_type=\"container\" data-e-type=\"container\">\n\t\t\t\t<div class=\"elementor-element elementor-element-f43466f elementor-widget elementor-widget-image\" data-id=\"f43466f\" data-element_type=\"widget\" data-e-type=\"widget\" data-widget_type=\"image.default\">\n\t\t\t\t<div class=\"elementor-widget-container\">\n\t\t\t\t\t\t\t\t\t\t\t\t\t\t\t<img fetchpriority=\"high\" decoding=\"async\" width=\"1920\" height=\"1080\" src=\"https:\/\/webchodoanhnghiep.tamkhoa.com\/thuong-mai-05\/wp-content\/uploads\/sites\/11\/2024\/10\/pexels-stitch-20280085.webp\" class=\"attachment-full size-full wp-image-1259\" alt=\"\" srcset=\"https:\/\/webchodoanhnghiep.tamkhoa.com\/thuong-mai-05\/wp-content\/uploads\/sites\/11\/2024\/10\/pexels-stitch-20280085.webp 1920w, https:\/\/webchodoanhnghiep.tamkhoa.com\/thuong-mai-05\/wp-content\/uploads\/sites\/11\/2024\/10\/pexels-stitch-20280085-300x169.webp 300w, https:\/\/webchodoanhnghiep.tamkhoa.com\/thuong-mai-05\/wp-content\/uploads\/sites\/11\/2024\/10\/pexels-stitch-20280085-1024x576.webp 1024w, https:\/\/webchodoanhnghiep.tamkhoa.com\/thuong-mai-05\/wp-content\/uploads\/sites\/11\/2024\/10\/pexels-stitch-20280085-768x432.webp 768w, https:\/\/webchodoanhnghiep.tamkhoa.com\/thuong-mai-05\/wp-content\/uploads\/sites\/11\/2024\/10\/pexels-stitch-20280085-1536x864.webp 1536w, https:\/\/webchodoanhnghiep.tamkhoa.com\/thuong-mai-05\/wp-content\/uploads\/sites\/11\/2024\/10\/pexels-stitch-20280085-600x338.webp 600w\" sizes=\"(max-width: 1920px) 100vw, 1920px\" \/>\t\t\t\t\t\t\t\t\t\t\t\t\t\t\t<\/div>\n\t\t\t\t<\/div>\n\t\t\t\t<\/div>\n\t\t\t\t<\/div>\n\t\t","protected":false},"excerpt":{"rendered":"<p>Gi\u1edbi thi\u1ec7u AgroProva l\u00e0 th\u01b0\u01a1ng hi\u1ec7u ti\u00ean phong trong l\u0129nh v\u1ef1c cung c\u1ea5p m\u00e1y m\u00f3c v\u00e0 thi\u1ebft b\u1ecb n\u00f4ng nghi\u1ec7p, v\u1edbi m\u1ee5c ti\u00eau mang \u0111\u1ebfn gi\u1ea3i ph\u00e1p c\u00f4ng ngh\u1ec7 hi\u1ec7n \u0111\u1ea1i, hi\u1ec7u qu\u1ea3 cho ng\u01b0\u1eddi n\u00f4ng d\u00e2n Vi\u1ec7t Nam. Ch\u00fang t\u00f4i hi\u1ec3u r\u00f5 t\u1ea7m quan tr\u1ecdng c\u1ee7a m\u00e1y m\u00f3c trong vi\u1ec7c c\u1ea3i thi\u1ec7n n\u0103ng su\u1ea5t v\u00e0 ch\u1ea5t l\u01b0\u1ee3ng s\u1ea3n xu\u1ea5t n\u00f4ng nghi\u1ec7p, v\u00ec th\u1ebf AgroProva cam k\u1ebft cung c\u1ea5p nh\u1eefng s\u1ea3n ph\u1ea9m ch\u1ea5t l\u01b0\u1ee3ng cao, b\u1ec1n b\u1ec9 v\u00e0 ph\u00f9 h\u1ee3p v\u1edbi \u0111i\u1ec1u ki\u1ec7n canh t\u00e1c trong n\u01b0\u1edbc. Danh m\u1ee5c s\u1ea3n ph\u1ea9m c\u1ee7a ch\u00fang t\u00f4i bao g\u1ed3m c\u00e1c d\u00f2ng m\u00e1y c\u00e0y, m\u00e1y g\u1eb7t \u0111\u1eadp, m\u00e1y phun thu\u1ed1c, m\u00e1y ch\u1ebf bi\u1ebfn th\u1ee9c \u0103n ch\u0103n nu\u00f4i, c\u00f9ng nhi\u1ec1u lo\u1ea1i thi\u1ebft b\u1ecb n\u00f4ng nghi\u1ec7p kh\u00e1c, \u0111\u00e1p \u1ee9ng nhu c\u1ea7u \u0111a d\u1ea1ng t\u1eeb quy m\u00f4 h\u1ed9 gia \u0111\u00ecnh \u0111\u1ebfn c\u00e1c trang tr\u1ea1i l\u1edbn. AgroProva kh\u00f4ng ng\u1eebng c\u1ea3i ti\u1ebfn s\u1ea3n ph\u1ea9m v\u00e0 d\u1ecbch v\u1ee5 nh\u1eb1m mang l\u1ea1i gi\u00e1 tr\u1ecb v\u01b0\u1ee3t tr\u1ed9i, gi\u00fap n\u00f4ng d\u00e2n t\u1ed1i \u01b0u h\u00f3a c\u00f4ng vi\u1ec7c, ti\u1ebft ki\u1ec7m th\u1eddi gian v\u00e0 chi ph\u00ed. V\u1edbi s\u1ee9 m\u1ec7nh \u0111\u1ed3ng h\u00e0nh c\u00f9ng s\u1ef1 ph\u00e1t tri\u1ec3n b\u1ec1n v\u1eefng c\u1ee7a n\u00f4ng nghi\u1ec7p Vi\u1ec7t Nam, AgroProva lu\u00f4n \u0111\u1eb7t kh\u00e1ch h\u00e0ng l\u00e0m tr\u1ecdng t\u00e2m, cung c\u1ea5p d\u1ecbch v\u1ee5 t\u01b0 v\u1ea5n k\u1ef9 thu\u1eadt, b\u1ea3o tr\u00ec, b\u1ea3o d\u01b0\u1ee1ng m\u00e1y m\u00f3c t\u1eadn t\u00ecnh v\u00e0 chu \u0111\u00e1o. Ch\u00fang t\u00f4i tin r\u1eb1ng, v\u1edbi s\u1ef1 h\u1ed7 tr\u1ee3 c\u1ee7a c\u00f4ng ngh\u1ec7 v\u00e0 thi\u1ebft b\u1ecb hi\u1ec7n \u0111\u1ea1i, n\u00f4ng d\u00e2n s\u1ebd ng\u00e0y c\u00e0ng th\u00e0nh c\u00f4ng h\u01a1n trong qu\u00e1 tr\u00ecnh s\u1ea3n xu\u1ea5t v\u00e0 ph\u00e1t tri\u1ec3n n\u00f4ng nghi\u1ec7p.<\/p>\n","protected":false},"author":1,"featured_media":0,"parent":0,"menu_order":0,"comment_status":"closed","ping_status":"closed","template":"","meta":{"footnotes":""},"class_list":["post-37","page","type-page","status-publish","hentry"],"_links":{"self":[{"href":"https:\/\/webchodoanhnghiep.tamkhoa.com\/thuong-mai-05\/wp-json\/wp\/v2\/pages\/37"}],"collection":[{"href":"https:\/\/webchodoanhnghiep.tamkhoa.com\/thuong-mai-05\/wp-json\/wp\/v2\/pages"}],"about":[{"href":"https:\/\/webchodoanhnghiep.tamkhoa.com\/thuong-mai-05\/wp-json\/wp\/v2\/types\/page"}],"author":[{"embeddable":true,"href":"https:\/\/webchodoanhnghiep.tamkhoa.com\/thuong-mai-05\/wp-json\/wp\/v2\/users\/1"}],"replies":[{"embeddable":true,"href":"https:\/\/webchodoanhnghiep.tamkhoa.com\/thuong-mai-05\/wp-json\/wp\/v2\/comments?post=37"}],"version-history":[{"count":30,"href":"https:\/\/webchodoanhnghiep.tamkhoa.com\/thuong-mai-05\/wp-json\/wp\/v2\/pages\/37\/revisions"}],"predecessor-version":[{"id":1295,"href":"https:\/\/webchodoanhnghiep.tamkhoa.com\/thuong-mai-05\/wp-json\/wp\/v2\/pages\/37\/revisions\/1295"}],"wp:attachment":[{"href":"https:\/\/webchodoanhnghiep.tamkhoa.com\/thuong-mai-05\/wp-json\/wp\/v2\/media?parent=37"}],"curies":[{"name":"wp","href":"https:\/\/api.w.org\/{rel}","templated":true}]}}