{"id":1306,"date":"2024-10-16T07:52:23","date_gmt":"2024-10-16T07:52:23","guid":{"rendered":"https:\/\/webchodoanhnghiep2.tamkhoa.com\/thuong-mai-05\/?post_type=product&#038;p=1306"},"modified":"2024-10-17T08:13:38","modified_gmt":"2024-10-17T08:13:38","slug":"may-gat-ap-3","status":"publish","type":"product","link":"https:\/\/webchodoanhnghiep.tamkhoa.com\/thuong-mai-05\/product\/may-gat-ap-3\/","title":{"rendered":"M\u00e1y g\u1eb7t AP 3"},"content":{"rendered":"<h3><strong>M\u00e1y g\u1eb7t &#8211; Gi\u1ea3i ph\u00e1p thu ho\u1ea1ch nhanh ch\u00f3ng v\u00e0 hi\u1ec7u qu\u1ea3<\/strong><\/h3>\n<p>M\u00e1y g\u1eb7t c\u1ee7a <strong>AgroProva<\/strong> l\u00e0 c\u00f4ng c\u1ee5 hi\u1ec7n \u0111\u1ea1i, gi\u00fap n\u00f4ng d\u00e2n thu ho\u1ea1ch m\u00f9a m\u00e0ng m\u1ed9t c\u00e1ch nhanh ch\u00f3ng, ch\u00ednh x\u00e1c v\u00e0 hi\u1ec7u qu\u1ea3. V\u1edbi c\u00f4ng ngh\u1ec7 ti\u00ean ti\u1ebfn, m\u00e1y g\u1eb7t kh\u00f4ng ch\u1ec9 gi\u00fap ti\u1ebft ki\u1ec7m th\u1eddi gian m\u00e0 c\u00f2n \u0111\u1ea3m b\u1ea3o ch\u1ea5t l\u01b0\u1ee3ng thu ho\u1ea1ch, gi\u1ea3m thi\u1ec3u hao h\u1ee5t, mang l\u1ea1i l\u1ee3i \u00edch kinh t\u1ebf cao h\u01a1n.<\/p>\n<h4><strong>\u0110\u1eb7c \u0111i\u1ec3m n\u1ed5i b\u1eadt:<\/strong><\/h4>\n<ul>\n<li><strong>Hi\u1ec7u su\u1ea5t cao<\/strong>: M\u00e1y g\u1eb7t c\u1ee7a <strong>AgroProva<\/strong> \u0111\u01b0\u1ee3c trang b\u1ecb \u0111\u1ed9ng c\u01a1 m\u1ea1nh m\u1ebd v\u00e0 h\u1ec7 th\u1ed1ng c\u1eaft l\u00faa ch\u00ednh x\u00e1c, cho ph\u00e9p thu ho\u1ea1ch nhanh tr\u00ean di\u1ec7n t\u00edch l\u1edbn m\u00e0 kh\u00f4ng l\u00e0m h\u1ecfng h\u1ea1t l\u00faa.<\/li>\n<li><strong>Thi\u1ebft k\u1ebf \u0111a n\u0103ng<\/strong>: M\u00e1y c\u00f3 th\u1ec3 g\u1eb7t nhi\u1ec1u lo\u1ea1i c\u00e2y tr\u1ed3ng nh\u01b0 l\u00faa, ng\u00f4, v\u00e0 c\u00e1c lo\u1ea1i ng\u0169 c\u1ed1c kh\u00e1c, ph\u00f9 h\u1ee3p v\u1edbi nhi\u1ec1u m\u00f4 h\u00ecnh canh t\u00e1c.<\/li>\n<li><strong>Kh\u1ea3 n\u0103ng l\u00e0m vi\u1ec7c tr\u00ean m\u1ecdi \u0111\u1ecba h\u00ecnh<\/strong>: V\u1edbi thi\u1ebft k\u1ebf linh ho\u1ea1t, m\u00e1y g\u1eb7t c\u00f3 th\u1ec3 ho\u1ea1t \u0111\u1ed9ng t\u1ed1t tr\u00ean nhi\u1ec1u lo\u1ea1i \u0111\u1ecba h\u00ecnh kh\u00e1c nhau, t\u1eeb \u0111\u1ed3ng b\u1eb1ng \u0111\u1ebfn v\u00f9ng \u0111\u1ed3i n\u00fai.<\/li>\n<li><strong>Gi\u1ea3m thi\u1ec3u hao h\u1ee5t sau thu ho\u1ea1ch<\/strong>: H\u1ec7 th\u1ed1ng c\u1eaft v\u00e0 gom l\u00faa hi\u1ec7u qu\u1ea3 gi\u00fap h\u1ea1n ch\u1ebf r\u01a1i v\u00e3i, n\u00e2ng cao t\u1ef7 l\u1ec7 thu ho\u1ea1ch th\u1ef1c t\u1ebf.<\/li>\n<li><strong>B\u1ea3o tr\u00ec d\u1ec5 d\u00e0ng<\/strong>: M\u00e1y g\u1eb7t c\u1ee7a <strong>AgroProva<\/strong> c\u00f3 c\u00e1c b\u1ed9 ph\u1eadn d\u1ec5 d\u00e0ng th\u00e1o r\u1eddi \u0111\u1ec3 v\u1ec7 sinh v\u00e0 b\u1ea3o d\u01b0\u1ee1ng, \u0111\u1ea3m b\u1ea3o tu\u1ed5i th\u1ecd m\u00e1y l\u00e2u d\u00e0i v\u00e0 ti\u1ebft ki\u1ec7m chi ph\u00ed v\u1eadn h\u00e0nh.<\/li>\n<\/ul>\n<h4><strong>L\u1ee3i \u00edch khi s\u1eed d\u1ee5ng m\u00e1y g\u1eb7t c\u1ee7a AgroProva:<\/strong><\/h4>\n<ul>\n<li><strong>Ti\u1ebft ki\u1ec7m th\u1eddi gian v\u00e0 c\u00f4ng s\u1ee9c<\/strong>: M\u1ed9t chi\u1ebfc m\u00e1y g\u1eb7t c\u00f3 th\u1ec3 thay th\u1ebf h\u00e0ng ch\u1ee5c c\u00f4ng lao \u0111\u1ed9ng th\u1ee7 c\u00f4ng, gi\u00fap n\u00f4ng d\u00e2n ho\u00e0n th\u00e0nh vi\u1ec7c thu ho\u1ea1ch trong th\u1eddi gian ng\u1eafn m\u00e0 kh\u00f4ng c\u1ea7n nhi\u1ec1u nh\u00e2n l\u1ef1c.<\/li>\n<li><strong>N\u00e2ng cao n\u0103ng su\u1ea5t thu ho\u1ea1ch<\/strong>: Nh\u1edd kh\u1ea3 n\u0103ng ho\u1ea1t \u0111\u1ed9ng hi\u1ec7u qu\u1ea3 tr\u00ean di\u1ec7n t\u00edch l\u1edbn, m\u00e1y g\u1eb7t gi\u00fap t\u1ed1i \u01b0u h\u00f3a quy tr\u00ecnh thu ho\u1ea1ch, gi\u1ea3m chi ph\u00ed s\u1ea3n xu\u1ea5t v\u00e0 t\u0103ng thu nh\u1eadp cho ng\u01b0\u1eddi n\u00f4ng d\u00e2n.<\/li>\n<li><strong>Ch\u1ea5t l\u01b0\u1ee3ng h\u1ea1t thu ho\u1ea1ch t\u1ed1t h\u01a1n<\/strong>: M\u00e1y g\u1eb7t c\u1ee7a <strong>AgroProva<\/strong> \u0111\u01b0\u1ee3c thi\u1ebft k\u1ebf \u0111\u1ec3 thu ho\u1ea1ch m\u1ed9t c\u00e1ch nh\u1eb9 nh\u00e0ng, gi\u1ea3m thi\u1ec3u t\u00ecnh tr\u1ea1ng h\u01b0 h\u1ea1i h\u1ea1t l\u00faa, gi\u00fap n\u00e2ng cao ch\u1ea5t l\u01b0\u1ee3ng \u0111\u1ea7u ra.<\/li>\n<li><strong>Ph\u00f9 h\u1ee3p v\u1edbi m\u1ecdi quy m\u00f4 n\u00f4ng tr\u1ea1i<\/strong>: D\u00f9 l\u00e0 n\u00f4ng tr\u1ea1i nh\u1ecf hay l\u1edbn, <strong>AgroProva<\/strong> cung c\u1ea5p c\u00e1c lo\u1ea1i m\u00e1y g\u1eb7t v\u1edbi nhi\u1ec1u k\u00edch th\u01b0\u1edbc v\u00e0 c\u00f4ng su\u1ea5t kh\u00e1c nhau, \u0111\u00e1p \u1ee9ng nhu c\u1ea7u \u0111a d\u1ea1ng c\u1ee7a kh\u00e1ch h\u00e0ng.<\/li>\n<\/ul>\n<p>V\u1edbi <strong>AgroProva<\/strong>, thu ho\u1ea1ch m\u00f9a m\u00e0ng ch\u01b0a bao gi\u1edd tr\u1edf n\u00ean d\u1ec5 d\u00e0ng v\u00e0 hi\u1ec7u qu\u1ea3 \u0111\u1ebfn th\u1ebf. H\u00e3y \u0111\u1ec3 m\u00e1y g\u1eb7t c\u1ee7a ch\u00fang t\u00f4i tr\u1edf th\u00e0nh tr\u1ee3 th\u1ee7 \u0111\u1eafc l\u1ef1c gi\u00fap b\u1ea1n \u0111\u1ea1t \u0111\u01b0\u1ee3c v\u1ee5 m\u00f9a b\u1ed9i thu.<\/p>\n","protected":false},"excerpt":{"rendered":"<p>M\u00e1y g\u1eb7t &#8211; Gi\u1ea3i ph\u00e1p thu ho\u1ea1ch nhanh ch\u00f3ng v\u00e0 hi\u1ec7u qu\u1ea3 M\u00e1y g\u1eb7t c\u1ee7a AgroProva l\u00e0 c\u00f4ng c\u1ee5 hi\u1ec7n \u0111\u1ea1i, gi\u00fap n\u00f4ng d\u00e2n thu ho\u1ea1ch m\u00f9a m\u00e0ng m\u1ed9t c\u00e1ch nhanh ch\u00f3ng, ch\u00ednh x\u00e1c v\u00e0 hi\u1ec7u qu\u1ea3. V\u1edbi c\u00f4ng ngh\u1ec7 ti\u00ean ti\u1ebfn, m\u00e1y g\u1eb7t kh\u00f4ng ch\u1ec9 gi\u00fap ti\u1ebft ki\u1ec7m th\u1eddi gian m\u00e0 c\u00f2n \u0111\u1ea3m b\u1ea3o ch\u1ea5t l\u01b0\u1ee3ng thu ho\u1ea1ch, gi\u1ea3m thi\u1ec3u hao h\u1ee5t, mang l\u1ea1i l\u1ee3i \u00edch kinh t\u1ebf cao h\u01a1n. \u0110\u1eb7c \u0111i\u1ec3m n\u1ed5i b\u1eadt: Hi\u1ec7u su\u1ea5t cao: M\u00e1y g\u1eb7t c\u1ee7a AgroProva \u0111\u01b0\u1ee3c trang b\u1ecb \u0111\u1ed9ng c\u01a1 m\u1ea1nh m\u1ebd v\u00e0 h\u1ec7 th\u1ed1ng c\u1eaft l\u00faa ch\u00ednh x\u00e1c, cho ph\u00e9p thu ho\u1ea1ch nhanh tr\u00ean di\u1ec7n t\u00edch l\u1edbn m\u00e0 kh\u00f4ng l\u00e0m h\u1ecfng h\u1ea1t l\u00faa. Thi\u1ebft k\u1ebf \u0111a n\u0103ng: M\u00e1y c\u00f3 th\u1ec3 g\u1eb7t nhi\u1ec1u lo\u1ea1i c\u00e2y tr\u1ed3ng nh\u01b0 l\u00faa, ng\u00f4, v\u00e0 c\u00e1c lo\u1ea1i ng\u0169 c\u1ed1c kh\u00e1c, ph\u00f9 h\u1ee3p v\u1edbi nhi\u1ec1u m\u00f4 h\u00ecnh canh t\u00e1c. Kh\u1ea3 n\u0103ng l\u00e0m vi\u1ec7c tr\u00ean m\u1ecdi \u0111\u1ecba h\u00ecnh: V\u1edbi thi\u1ebft k\u1ebf linh ho\u1ea1t, m\u00e1y g\u1eb7t c\u00f3 th\u1ec3 ho\u1ea1t \u0111\u1ed9ng t\u1ed1t tr\u00ean nhi\u1ec1u lo\u1ea1i \u0111\u1ecba h\u00ecnh kh\u00e1c nhau, t\u1eeb \u0111\u1ed3ng b\u1eb1ng \u0111\u1ebfn v\u00f9ng \u0111\u1ed3i n\u00fai. Gi\u1ea3m thi\u1ec3u hao h\u1ee5t sau thu ho\u1ea1ch: H\u1ec7 th\u1ed1ng c\u1eaft v\u00e0 gom l\u00faa hi\u1ec7u qu\u1ea3 gi\u00fap h\u1ea1n ch\u1ebf r\u01a1i v\u00e3i, n\u00e2ng cao t\u1ef7 l\u1ec7 thu ho\u1ea1ch th\u1ef1c t\u1ebf. B\u1ea3o tr\u00ec d\u1ec5 d\u00e0ng: M\u00e1y g\u1eb7t c\u1ee7a AgroProva c\u00f3 c\u00e1c b\u1ed9 ph\u1eadn d\u1ec5 d\u00e0ng th\u00e1o r\u1eddi \u0111\u1ec3 v\u1ec7 sinh v\u00e0 b\u1ea3o d\u01b0\u1ee1ng, \u0111\u1ea3m b\u1ea3o tu\u1ed5i th\u1ecd m\u00e1y l\u00e2u d\u00e0i v\u00e0 ti\u1ebft ki\u1ec7m chi ph\u00ed v\u1eadn h\u00e0nh. L\u1ee3i \u00edch khi s\u1eed d\u1ee5ng m\u00e1y g\u1eb7t c\u1ee7a AgroProva: Ti\u1ebft ki\u1ec7m th\u1eddi gian v\u00e0 c\u00f4ng s\u1ee9c: M\u1ed9t chi\u1ebfc m\u00e1y g\u1eb7t c\u00f3 th\u1ec3 thay th\u1ebf h\u00e0ng ch\u1ee5c c\u00f4ng lao \u0111\u1ed9ng th\u1ee7 c\u00f4ng, gi\u00fap n\u00f4ng d\u00e2n ho\u00e0n th\u00e0nh vi\u1ec7c thu ho\u1ea1ch trong th\u1eddi gian ng\u1eafn m\u00e0 kh\u00f4ng c\u1ea7n nhi\u1ec1u nh\u00e2n l\u1ef1c. N\u00e2ng cao n\u0103ng su\u1ea5t thu ho\u1ea1ch: Nh\u1edd kh\u1ea3 n\u0103ng ho\u1ea1t \u0111\u1ed9ng hi\u1ec7u qu\u1ea3 tr\u00ean di\u1ec7n t\u00edch l\u1edbn, m\u00e1y g\u1eb7t gi\u00fap t\u1ed1i \u01b0u h\u00f3a quy tr\u00ecnh thu ho\u1ea1ch, gi\u1ea3m chi ph\u00ed s\u1ea3n xu\u1ea5t v\u00e0 t\u0103ng thu nh\u1eadp cho ng\u01b0\u1eddi n\u00f4ng d\u00e2n. Ch\u1ea5t l\u01b0\u1ee3ng h\u1ea1t thu ho\u1ea1ch t\u1ed1t h\u01a1n: M\u00e1y g\u1eb7t c\u1ee7a AgroProva \u0111\u01b0\u1ee3c thi\u1ebft k\u1ebf \u0111\u1ec3 thu ho\u1ea1ch m\u1ed9t c\u00e1ch nh\u1eb9 nh\u00e0ng, gi\u1ea3m thi\u1ec3u t\u00ecnh tr\u1ea1ng h\u01b0 h\u1ea1i h\u1ea1t l\u00faa, gi\u00fap n\u00e2ng cao ch\u1ea5t l\u01b0\u1ee3ng \u0111\u1ea7u ra. Ph\u00f9 h\u1ee3p v\u1edbi m\u1ecdi quy m\u00f4 n\u00f4ng tr\u1ea1i: D\u00f9 l\u00e0 n\u00f4ng tr\u1ea1i nh\u1ecf hay l\u1edbn, AgroProva cung c\u1ea5p c\u00e1c lo\u1ea1i m\u00e1y g\u1eb7t v\u1edbi nhi\u1ec1u k\u00edch th\u01b0\u1edbc v\u00e0 c\u00f4ng su\u1ea5t kh\u00e1c nhau, \u0111\u00e1p \u1ee9ng nhu c\u1ea7u \u0111a d\u1ea1ng c\u1ee7a kh\u00e1ch h\u00e0ng. V\u1edbi AgroProva, thu ho\u1ea1ch m\u00f9a m\u00e0ng ch\u01b0a bao gi\u1edd tr\u1edf n\u00ean d\u1ec5 d\u00e0ng v\u00e0 hi\u1ec7u qu\u1ea3 \u0111\u1ebfn th\u1ebf. H\u00e3y \u0111\u1ec3 m\u00e1y g\u1eb7t c\u1ee7a ch\u00fang t\u00f4i tr\u1edf th\u00e0nh tr\u1ee3 th\u1ee7 \u0111\u1eafc l\u1ef1c gi\u00fap b\u1ea1n \u0111\u1ea1t \u0111\u01b0\u1ee3c v\u1ee5 m\u00f9a b\u1ed9i thu.<\/p>\n","protected":false},"featured_media":1254,"comment_status":"open","ping_status":"closed","template":"","meta":[],"product_brand":[],"product_cat":[26],"product_tag":[],"class_list":{"0":"post-1306","1":"product","2":"type-product","3":"status-publish","4":"has-post-thumbnail","6":"product_cat-may-gat-may-tuot-lua","8":"first","9":"instock","10":"shipping-taxable","11":"purchasable","12":"product-type-simple"},"_links":{"self":[{"href":"https:\/\/webchodoanhnghiep.tamkhoa.com\/thuong-mai-05\/wp-json\/wp\/v2\/product\/1306"}],"collection":[{"href":"https:\/\/webchodoanhnghiep.tamkhoa.com\/thuong-mai-05\/wp-json\/wp\/v2\/product"}],"about":[{"href":"https:\/\/webchodoanhnghiep.tamkhoa.com\/thuong-mai-05\/wp-json\/wp\/v2\/types\/product"}],"replies":[{"embeddable":true,"href":"https:\/\/webchodoanhnghiep.tamkhoa.com\/thuong-mai-05\/wp-json\/wp\/v2\/comments?post=1306"}],"wp:featuredmedia":[{"embeddable":true,"href":"https:\/\/webchodoanhnghiep.tamkhoa.com\/thuong-mai-05\/wp-json\/wp\/v2\/media\/1254"}],"wp:attachment":[{"href":"https:\/\/webchodoanhnghiep.tamkhoa.com\/thuong-mai-05\/wp-json\/wp\/v2\/media?parent=1306"}],"wp:term":[{"taxonomy":"product_brand","embeddable":true,"href":"https:\/\/webchodoanhnghiep.tamkhoa.com\/thuong-mai-05\/wp-json\/wp\/v2\/product_brand?post=1306"},{"taxonomy":"product_cat","embeddable":true,"href":"https:\/\/webchodoanhnghiep.tamkhoa.com\/thuong-mai-05\/wp-json\/wp\/v2\/product_cat?post=1306"},{"taxonomy":"product_tag","embeddable":true,"href":"https:\/\/webchodoanhnghiep.tamkhoa.com\/thuong-mai-05\/wp-json\/wp\/v2\/product_tag?post=1306"}],"curies":[{"name":"wp","href":"https:\/\/api.w.org\/{rel}","templated":true}]}}