{"id":381,"date":"2025-09-10T06:48:14","date_gmt":"2025-09-10T06:48:14","guid":{"rendered":"https:\/\/dulich.tamkhoa.com\/xay-dung-01\/?page_id=10"},"modified":"2026-03-12T03:28:25","modified_gmt":"2026-03-12T03:28:25","slug":"gioi-thieu","status":"publish","type":"page","link":"https:\/\/webchodoanhnghiep.tamkhoa.com\/tu-van-01\/gioi-thieu\/","title":{"rendered":"Gi\u1edbi thi\u1ec7u"},"content":{"rendered":"\t\t<div data-elementor-type=\"wp-page\" data-elementor-id=\"381\" class=\"elementor elementor-381\">\n\t\t\t\t<div class=\"elementor-element elementor-element-43131e3 e-con-full e-flex wpr-particle-no wpr-jarallax-no wpr-parallax-no wpr-sticky-section-no wpr-column-slider-no wpr-equal-height-no e-con e-parent\" data-id=\"43131e3\" data-element_type=\"container\" data-e-type=\"container\" data-settings=\"{&quot;background_background&quot;:&quot;classic&quot;}\">\n\t\t<div class=\"elementor-element elementor-element-5ee99b4 e-flex e-con-boxed wpr-particle-no wpr-jarallax-no wpr-parallax-no wpr-sticky-section-no wpr-column-slider-no wpr-equal-height-no e-con e-child\" data-id=\"5ee99b4\" data-element_type=\"container\" data-e-type=\"container\">\n\t\t\t\t\t<div class=\"e-con-inner\">\n\t\t\t\t<div class=\"elementor-element elementor-element-cbbc789 elementor-widget elementor-widget-heading\" data-id=\"cbbc789\" data-element_type=\"widget\" data-e-type=\"widget\" data-widget_type=\"heading.default\">\n\t\t\t\t<div class=\"elementor-widget-container\">\n\t\t\t\t\t<h2 class=\"elementor-heading-title elementor-size-default\">V\u1ec1 ch\u00fang t\u00f4i<\/h2>\t\t\t\t<\/div>\n\t\t\t\t<\/div>\n\t\t\t\t\t<\/div>\n\t\t\t\t<\/div>\n\t\t\t\t<\/div>\n\t\t<div class=\"elementor-element elementor-element-85db795 e-flex e-con-boxed wpr-particle-no wpr-jarallax-no wpr-parallax-no wpr-sticky-section-no wpr-column-slider-no wpr-equal-height-no e-con e-parent\" data-id=\"85db795\" data-element_type=\"container\" data-e-type=\"container\">\n\t\t\t\t\t<div class=\"e-con-inner\">\n\t\t\t\t<div class=\"elementor-element elementor-element-09f9413 elementor-widget elementor-widget-text-editor\" data-id=\"09f9413\" data-element_type=\"widget\" data-e-type=\"widget\" data-widget_type=\"text-editor.default\">\n\t\t\t\t<div class=\"elementor-widget-container\">\n\t\t\t\t\t\t\t\t\t<p>T\u1ea1i FinGuddnce, ch\u00fang t\u00f4i cam k\u1ebft mang \u0111\u1ebfn gi\u1ea3i ph\u00e1p t\u00e0i ch\u00ednh c\u00e1 nh\u00e2n h\u00f3a, gi\u00fap b\u1ea1n th\u1ef1c hi\u1ec7n m\u1ee5c ti\u00eau t\u00e0i ch\u00ednh v\u00e0 \u0111\u1ea1t \u0111\u01b0\u1ee3c s\u1ef1 \u1ed5n \u0111\u1ecbnh b\u1ec1n v\u1eefng. V\u1edbi \u0111\u1ed9i ng\u0169 chuy\u00ean gia t\u00e0i ch\u00ednh d\u00e0y d\u1ea1n kinh nghi\u1ec7m, ch\u00fang t\u00f4i cung c\u1ea5p c\u00e1c d\u1ecbch v\u1ee5 t\u01b0 v\u1ea5n \u0111\u1ea7u t\u01b0, qu\u1ea3n l\u00fd t\u00e0i s\u1ea3n, l\u1eadp k\u1ebf ho\u1ea1ch h\u01b0u tr\u00ed, t\u01b0 v\u1ea5n thu\u1ebf v\u00e0 nhi\u1ec1u gi\u1ea3i ph\u00e1p t\u00e0i ch\u00ednh kh\u00e1c, nh\u1eb1m \u0111\u1ed3ng h\u00e0nh c\u00f9ng kh\u00e1ch h\u00e0ng tr\u00ean h\u00e0nh tr\u00ecnh x\u00e2y d\u1ef1ng t\u01b0\u01a1ng lai.<\/p>\t\t\t\t\t\t\t\t<\/div>\n\t\t\t\t<\/div>\n\t\t\t\t\t<\/div>\n\t\t\t\t<\/div>\n\t\t<div class=\"elementor-element elementor-element-10e8607 e-flex e-con-boxed wpr-particle-no wpr-jarallax-no wpr-parallax-no wpr-sticky-section-no wpr-column-slider-no wpr-equal-height-no e-con e-parent\" data-id=\"10e8607\" data-element_type=\"container\" data-e-type=\"container\">\n\t\t\t\t\t<div class=\"e-con-inner\">\n\t\t\t\t<div class=\"elementor-element elementor-element-6bb93f1 e-n-tabs-mobile elementor-widget elementor-widget-n-tabs\" data-id=\"6bb93f1\" data-element_type=\"widget\" data-e-type=\"widget\" data-settings=\"{&quot;horizontal_scroll&quot;:&quot;disable&quot;}\" data-widget_type=\"nested-tabs.default\">\n\t\t\t\t<div class=\"elementor-widget-container\">\n\t\t\t\t\t\t\t<div class=\"e-n-tabs\" data-widget-number=\"112956401\" aria-label=\"Tabs. Open items with Enter or Space, close with Escape and navigate using the Arrow keys.\">\n\t\t\t<div class=\"e-n-tabs-heading\" role=\"tablist\">\n\t\t\t\t\t<button id=\"e-n-tab-title-1129564011\" data-tab-title-id=\"e-n-tab-title-1129564011\" class=\"e-n-tab-title\" aria-selected=\"true\" data-tab-index=\"1\" role=\"tab\" tabindex=\"0\" aria-controls=\"e-n-tab-content-1129564011\" style=\"--n-tabs-title-order: 1;\">\n\t\t\t\t\t\t<span class=\"e-n-tab-title-text\">\n\t\t\t\tS\u1ee9 m\u1ec7nh\t\t\t<\/span>\n\t\t<\/button>\n\t\t\t\t<button id=\"e-n-tab-title-1129564012\" data-tab-title-id=\"e-n-tab-title-1129564012\" class=\"e-n-tab-title\" aria-selected=\"false\" data-tab-index=\"2\" role=\"tab\" tabindex=\"-1\" aria-controls=\"e-n-tab-content-1129564012\" style=\"--n-tabs-title-order: 2;\">\n\t\t\t\t\t\t<span class=\"e-n-tab-title-text\">\n\t\t\t\tT\u1ea7m nh\u00ecn\t\t\t<\/span>\n\t\t<\/button>\n\t\t\t\t\t<\/div>\n\t\t\t<div class=\"e-n-tabs-content\">\n\t\t\t\t<div id=\"e-n-tab-content-1129564011\" role=\"tabpanel\" aria-labelledby=\"e-n-tab-title-1129564011\" data-tab-index=\"1\" style=\"--n-tabs-title-order: 1;\" class=\"e-active elementor-element elementor-element-a496d97 e-con-full e-flex wpr-particle-no wpr-jarallax-no wpr-parallax-no wpr-sticky-section-no wpr-column-slider-no wpr-equal-height-no e-con e-child\" data-id=\"a496d97\" data-element_type=\"container\" data-e-type=\"container\">\n\t\t\t\t<div class=\"elementor-element elementor-element-3c2674d elementor-widget elementor-widget-text-editor\" data-id=\"3c2674d\" data-element_type=\"widget\" data-e-type=\"widget\" data-widget_type=\"text-editor.default\">\n\t\t\t\t<div class=\"elementor-widget-container\">\n\t\t\t\t\t\t\t\t\t<p>FinGuddnce \u0111\u01b0\u1ee3c th\u00e0nh l\u1eadp v\u1edbi m\u1ee5c ti\u00eau gi\u00fap \u0111\u1ee1 c\u00e1 nh\u00e2n v\u00e0 doanh nghi\u1ec7p \u0111\u1ea1t \u0111\u01b0\u1ee3c s\u1ef1 ph\u00e1t tri\u1ec3n t\u00e0i ch\u00ednh b\u1ec1n v\u1eefng v\u00e0 th\u00f4ng minh. Ch\u00fang t\u00f4i lu\u00f4n \u0111\u1eb7t l\u1ee3i \u00edch c\u1ee7a kh\u00e1ch h\u00e0ng l\u00ean h\u00e0ng \u0111\u1ea7u v\u00e0 cam k\u1ebft mang \u0111\u1ebfn nh\u1eefng gi\u1ea3i ph\u00e1p t\u1ed1i \u01b0u nh\u1ea5t.<\/p>\t\t\t\t\t\t\t\t<\/div>\n\t\t\t\t<\/div>\n\t\t\t\t<\/div>\n\t\t<div id=\"e-n-tab-content-1129564012\" role=\"tabpanel\" aria-labelledby=\"e-n-tab-title-1129564012\" data-tab-index=\"2\" style=\"--n-tabs-title-order: 2;\" class=\" elementor-element elementor-element-6727595 e-con-full e-flex wpr-particle-no wpr-jarallax-no wpr-parallax-no wpr-sticky-section-no wpr-column-slider-no wpr-equal-height-no e-con e-child\" data-id=\"6727595\" data-element_type=\"container\" data-e-type=\"container\">\n\t\t\t\t<div class=\"elementor-element elementor-element-b474fcd elementor-widget elementor-widget-text-editor\" data-id=\"b474fcd\" data-element_type=\"widget\" data-e-type=\"widget\" data-widget_type=\"text-editor.default\">\n\t\t\t\t<div class=\"elementor-widget-container\">\n\t\t\t\t\t\t\t\t\t<p>Ch\u00fang t\u00f4i tin r\u1eb1ng ai c\u0169ng c\u00f3 th\u1ec3 \u0111\u1ea1t \u0111\u01b0\u1ee3c m\u1ee5c ti\u00eau t\u00e0i ch\u00ednh c\u1ee7a m\u00ecnh v\u1edbi s\u1ef1 \u0111\u1ed3ng h\u00e0nh \u0111\u00fang \u0111\u1eafn. FinGuddnce h\u01b0\u1edbng t\u1edbi vi\u1ec7c tr\u1edf th\u00e0nh \u0111\u1ed1i t\u00e1c tin c\u1eady v\u00e0 chuy\u00ean nghi\u1ec7p trong l\u0129nh v\u1ef1c t\u01b0 v\u1ea5n t\u00e0i ch\u00ednh t\u1ea1i Vi\u1ec7t Nam, mang l\u1ea1i c\u00e1c gi\u00e1 tr\u1ecb thi\u1ebft th\u1ef1c v\u00e0 l\u00e2u d\u00e0i cho kh\u00e1ch h\u00e0ng.<\/p>\t\t\t\t\t\t\t\t<\/div>\n\t\t\t\t<\/div>\n\t\t\t\t<\/div>\n\t\t\t\t\t<\/div>\n\t\t<\/div>\n\t\t\t\t\t\t<\/div>\n\t\t\t\t<\/div>\n\t\t\t\t\t<\/div>\n\t\t\t\t<\/div>\n\t\t<div class=\"elementor-element elementor-element-ab54495 e-flex e-con-boxed wpr-particle-no wpr-jarallax-no wpr-parallax-no wpr-sticky-section-no wpr-column-slider-no wpr-equal-height-no e-con e-parent\" data-id=\"ab54495\" data-element_type=\"container\" data-e-type=\"container\">\n\t\t\t\t\t<div class=\"e-con-inner\">\n\t\t\t\t<div class=\"elementor-element elementor-element-e4a4ee7 elementor-widget elementor-widget-heading\" data-id=\"e4a4ee7\" data-element_type=\"widget\" data-e-type=\"widget\" data-widget_type=\"heading.default\">\n\t\t\t\t<div class=\"elementor-widget-container\">\n\t\t\t\t\t<h3 class=\"elementor-heading-title elementor-size-default\">Gi\u00e1 tr\u1ecb c\u1ed1t l\u00f5i<\/h3>\t\t\t\t<\/div>\n\t\t\t\t<\/div>\n\t\t<div class=\"elementor-element elementor-element-9022aad e-grid e-con-full wpr-particle-no wpr-jarallax-no wpr-parallax-no wpr-sticky-section-no wpr-column-slider-no wpr-equal-height-no e-con e-child\" data-id=\"9022aad\" data-element_type=\"container\" data-e-type=\"container\">\n\t\t<div class=\"elementor-element elementor-element-7f959ca e-con-full e-flex wpr-particle-no wpr-jarallax-no wpr-parallax-no wpr-sticky-section-no wpr-column-slider-no wpr-equal-height-no e-con e-child\" data-id=\"7f959ca\" data-element_type=\"container\" data-e-type=\"container\">\n\t\t\t\t<div class=\"elementor-element elementor-element-1e1122b elementor-view-default elementor-position-block-start elementor-mobile-position-block-start elementor-widget elementor-widget-icon-box\" data-id=\"1e1122b\" data-element_type=\"widget\" data-e-type=\"widget\" data-widget_type=\"icon-box.default\">\n\t\t\t\t<div class=\"elementor-widget-container\">\n\t\t\t\t\t\t\t<div class=\"elementor-icon-box-wrapper\">\n\n\t\t\t\t\t\t<div class=\"elementor-icon-box-icon\">\n\t\t\t\t<span  class=\"elementor-icon\">\n\t\t\t\t<svg aria-hidden=\"true\" class=\"e-font-icon-svg e-fas-handshake\" viewBox=\"0 0 640 512\" xmlns=\"http:\/\/www.w3.org\/2000\/svg\"><path d=\"M434.7 64h-85.9c-8 0-15.7 3-21.6 8.4l-98.3 90c-.1.1-.2.3-.3.4-16.6 15.6-16.3 40.5-2.1 56 12.7 13.9 39.4 17.6 56.1 2.7.1-.1.3-.1.4-.2l79.9-73.2c6.5-5.9 16.7-5.5 22.6 1 6 6.5 5.5 16.6-1 22.6l-26.1 23.9L504 313.8c2.9 2.4 5.5 5 7.9 7.7V128l-54.6-54.6c-5.9-6-14.1-9.4-22.6-9.4zM544 128.2v223.9c0 17.7 14.3 32 32 32h64V128.2h-96zm48 223.9c-8.8 0-16-7.2-16-16s7.2-16 16-16 16 7.2 16 16-7.2 16-16 16zM0 384h64c17.7 0 32-14.3 32-32V128.2H0V384zm48-63.9c8.8 0 16 7.2 16 16s-7.2 16-16 16-16-7.2-16-16c0-8.9 7.2-16 16-16zm435.9 18.6L334.6 217.5l-30 27.5c-29.7 27.1-75.2 24.5-101.7-4.4-26.9-29.4-24.8-74.9 4.4-101.7L289.1 64h-83.8c-8.5 0-16.6 3.4-22.6 9.4L128 128v223.9h18.3l90.5 81.9c27.4 22.3 67.7 18.1 90-9.3l.2-.2 17.9 15.5c15.9 13 39.4 10.5 52.3-5.4l31.4-38.6 5.4 4.4c13.7 11.1 33.9 9.1 45-4.7l9.5-11.7c11.2-13.8 9.1-33.9-4.6-45.1z\"><\/path><\/svg>\t\t\t\t<\/span>\n\t\t\t<\/div>\n\t\t\t\n\t\t\t\t\t\t<div class=\"elementor-icon-box-content\">\n\n\t\t\t\t\t\t\t\t\t<h3 class=\"elementor-icon-box-title\">\n\t\t\t\t\t\t<span  >\n\t\t\t\t\t\t\tT\u1eadn t\u00e2m v\u00e0 trung th\u1ef1c\t\t\t\t\t\t<\/span>\n\t\t\t\t\t<\/h3>\n\t\t\t\t\n\t\t\t\t\t\t\t\t\t<p class=\"elementor-icon-box-description\">\n\t\t\t\t\t\tCh\u00fang t\u00f4i lu\u00f4n \u0111\u1eb7t l\u1ee3i \u00edch c\u1ee7a kh\u00e1ch h\u00e0ng l\u00ean h\u00e0ng \u0111\u1ea7u v\u00e0 cung c\u1ea5p th\u00f4ng tin minh b\u1ea1ch, trung th\u1ef1c\t\t\t\t\t<\/p>\n\t\t\t\t\n\t\t\t<\/div>\n\t\t\t\n\t\t<\/div>\n\t\t\t\t\t\t<\/div>\n\t\t\t\t<\/div>\n\t\t\t\t<\/div>\n\t\t<div class=\"elementor-element elementor-element-6bcfc50 e-con-full e-flex wpr-particle-no wpr-jarallax-no wpr-parallax-no wpr-sticky-section-no wpr-column-slider-no wpr-equal-height-no e-con e-child\" data-id=\"6bcfc50\" data-element_type=\"container\" data-e-type=\"container\">\n\t\t\t\t<div class=\"elementor-element elementor-element-13fafbb elementor-view-default elementor-position-block-start elementor-mobile-position-block-start elementor-widget elementor-widget-icon-box\" data-id=\"13fafbb\" data-element_type=\"widget\" data-e-type=\"widget\" data-widget_type=\"icon-box.default\">\n\t\t\t\t<div class=\"elementor-widget-container\">\n\t\t\t\t\t\t\t<div class=\"elementor-icon-box-wrapper\">\n\n\t\t\t\t\t\t<div class=\"elementor-icon-box-icon\">\n\t\t\t\t<span  class=\"elementor-icon\">\n\t\t\t\t<svg aria-hidden=\"true\" class=\"e-font-icon-svg e-fas-graduation-cap\" viewBox=\"0 0 640 512\" xmlns=\"http:\/\/www.w3.org\/2000\/svg\"><path d=\"M622.34 153.2L343.4 67.5c-15.2-4.67-31.6-4.67-46.79 0L17.66 153.2c-23.54 7.23-23.54 38.36 0 45.59l48.63 14.94c-10.67 13.19-17.23 29.28-17.88 46.9C38.78 266.15 32 276.11 32 288c0 10.78 5.68 19.85 13.86 25.65L20.33 428.53C18.11 438.52 25.71 448 35.94 448h56.11c10.24 0 17.84-9.48 15.62-19.47L82.14 313.65C90.32 307.85 96 298.78 96 288c0-11.57-6.47-21.25-15.66-26.87.76-15.02 8.44-28.3 20.69-36.72L296.6 284.5c9.06 2.78 26.44 6.25 46.79 0l278.95-85.7c23.55-7.24 23.55-38.36 0-45.6zM352.79 315.09c-28.53 8.76-52.84 3.92-65.59 0l-145.02-44.55L128 384c0 35.35 85.96 64 192 64s192-28.65 192-64l-14.18-113.47-145.03 44.56z\"><\/path><\/svg>\t\t\t\t<\/span>\n\t\t\t<\/div>\n\t\t\t\n\t\t\t\t\t\t<div class=\"elementor-icon-box-content\">\n\n\t\t\t\t\t\t\t\t\t<h3 class=\"elementor-icon-box-title\">\n\t\t\t\t\t\t<span  >\n\t\t\t\t\t\t\tChuy\u00ean m\u00f4n cao\t\t\t\t\t\t<\/span>\n\t\t\t\t\t<\/h3>\n\t\t\t\t\n\t\t\t\t\t\t\t\t\t<p class=\"elementor-icon-box-description\">\n\t\t\t\t\t\t\u0110\u1ed9i ng\u0169 chuy\u00ean gia c\u1ee7a ch\u00fang t\u00f4i c\u00f3 ki\u1ebfn th\u1ee9c s\u00e2u r\u1ed9ng v\u00e0 c\u1eadp nh\u1eadt v\u1ec1 th\u1ecb tr\u01b0\u1eddng t\u00e0i ch\u00ednh, gi\u00fap b\u1ea1n t\u1ef1 tin \u0111\u01b0a ra quy\u1ebft \u0111\u1ecbnh.\t\t\t\t\t<\/p>\n\t\t\t\t\n\t\t\t<\/div>\n\t\t\t\n\t\t<\/div>\n\t\t\t\t\t\t<\/div>\n\t\t\t\t<\/div>\n\t\t\t\t<\/div>\n\t\t<div class=\"elementor-element elementor-element-603efa4 e-con-full e-flex wpr-particle-no wpr-jarallax-no wpr-parallax-no wpr-sticky-section-no wpr-column-slider-no wpr-equal-height-no e-con e-child\" data-id=\"603efa4\" data-element_type=\"container\" data-e-type=\"container\">\n\t\t\t\t<div class=\"elementor-element elementor-element-8e9392c elementor-view-default elementor-position-block-start elementor-mobile-position-block-start elementor-widget elementor-widget-icon-box\" data-id=\"8e9392c\" data-element_type=\"widget\" data-e-type=\"widget\" data-widget_type=\"icon-box.default\">\n\t\t\t\t<div class=\"elementor-widget-container\">\n\t\t\t\t\t\t\t<div class=\"elementor-icon-box-wrapper\">\n\n\t\t\t\t\t\t<div class=\"elementor-icon-box-icon\">\n\t\t\t\t<span  class=\"elementor-icon\">\n\t\t\t\t<svg aria-hidden=\"true\" class=\"e-font-icon-svg e-fas-angle-double-up\" viewBox=\"0 0 320 512\" xmlns=\"http:\/\/www.w3.org\/2000\/svg\"><path d=\"M177 255.7l136 136c9.4 9.4 9.4 24.6 0 33.9l-22.6 22.6c-9.4 9.4-24.6 9.4-33.9 0L160 351.9l-96.4 96.4c-9.4 9.4-24.6 9.4-33.9 0L7 425.7c-9.4-9.4-9.4-24.6 0-33.9l136-136c9.4-9.5 24.6-9.5 34-.1zm-34-192L7 199.7c-9.4 9.4-9.4 24.6 0 33.9l22.6 22.6c9.4 9.4 24.6 9.4 33.9 0l96.4-96.4 96.4 96.4c9.4 9.4 24.6 9.4 33.9 0l22.6-22.6c9.4-9.4 9.4-24.6 0-33.9l-136-136c-9.2-9.4-24.4-9.4-33.8 0z\"><\/path><\/svg>\t\t\t\t<\/span>\n\t\t\t<\/div>\n\t\t\t\n\t\t\t\t\t\t<div class=\"elementor-icon-box-content\">\n\n\t\t\t\t\t\t\t\t\t<h3 class=\"elementor-icon-box-title\">\n\t\t\t\t\t\t<span  >\n\t\t\t\t\t\t\t\u0110\u1ed5i m\u1edbi v\u00e0 ph\u00e1t tri\u1ec3n\t\t\t\t\t\t<\/span>\n\t\t\t\t\t<\/h3>\n\t\t\t\t\n\t\t\t\t\t\t\t\t\t<p class=\"elementor-icon-box-description\">\n\t\t\t\t\t\tCh\u00fang t\u00f4i kh\u00f4ng ng\u1eebng c\u1eadp nh\u1eadt c\u00e1c ph\u01b0\u01a1ng ph\u00e1p v\u00e0 c\u00f4ng c\u1ee5 t\u00e0i ch\u00ednh hi\u1ec7n \u0111\u1ea1i nh\u1ea5t \u0111\u1ec3 ph\u1ee5c v\u1ee5 kh\u00e1ch h\u00e0ng t\u1ed1t h\u01a1n.\t\t\t\t\t<\/p>\n\t\t\t\t\n\t\t\t<\/div>\n\t\t\t\n\t\t<\/div>\n\t\t\t\t\t\t<\/div>\n\t\t\t\t<\/div>\n\t\t\t\t<\/div>\n\t\t\t\t<\/div>\n\t\t\t\t\t<\/div>\n\t\t\t\t<\/div>\n\t\t<div class=\"elementor-element elementor-element-ad5abc8 e-flex e-con-boxed wpr-particle-no wpr-jarallax-no wpr-parallax-no wpr-sticky-section-no wpr-column-slider-no wpr-equal-height-no e-con e-parent\" data-id=\"ad5abc8\" data-element_type=\"container\" data-e-type=\"container\">\n\t\t\t\t\t<div class=\"e-con-inner\">\n\t\t\t\t<div class=\"elementor-element elementor-element-00d93d5 elementor-widget elementor-widget-heading\" data-id=\"00d93d5\" data-element_type=\"widget\" data-e-type=\"widget\" data-widget_type=\"heading.default\">\n\t\t\t\t<div class=\"elementor-widget-container\">\n\t\t\t\t\t<h3 class=\"elementor-heading-title elementor-size-default\">\u0110\u1ed9i ng\u0169 c\u1ee7a ch\u00fang t\u00f4i<\/h3>\t\t\t\t<\/div>\n\t\t\t\t<\/div>\n\t\t\t\t<div class=\"elementor-element elementor-element-0b5f129 elementor-widget elementor-widget-text-editor\" data-id=\"0b5f129\" data-element_type=\"widget\" data-e-type=\"widget\" data-widget_type=\"text-editor.default\">\n\t\t\t\t<div class=\"elementor-widget-container\">\n\t\t\t\t\t\t\t\t\t<p>\u0110\u1ed9i ng\u0169 FinGuddnce bao g\u1ed3m c\u00e1c chuy\u00ean gia t\u00e0i ch\u00ednh, k\u1ebf to\u00e1n, v\u00e0 t\u01b0 v\u1ea5n \u0111\u1ea7u t\u01b0 d\u00e0y d\u1ea1n kinh nghi\u1ec7m, \u0111\u00e3 h\u1ed7 tr\u1ee3 th\u00e0nh c\u00f4ng h\u00e0ng tr\u0103m c\u00e1 nh\u00e2n v\u00e0 doanh nghi\u1ec7p \u0111\u1ea1t \u0111\u01b0\u1ee3c s\u1ef1 \u1ed5n \u0111\u1ecbnh t\u00e0i ch\u00ednh. V\u1edbi ki\u1ebfn th\u1ee9c chuy\u00ean s\u00e2u v\u00e0 kh\u1ea3 n\u0103ng ph\u00e2n t\u00edch nh\u1ea1y b\u00e9n, ch\u00fang t\u00f4i lu\u00f4n s\u1eb5n s\u00e0ng h\u1ed7 tr\u1ee3 b\u1ea1n x\u00e2y d\u1ef1ng m\u1ed9t k\u1ebf ho\u1ea1ch t\u00e0i ch\u00ednh v\u1eefng ch\u1eafc.<\/p>\t\t\t\t\t\t\t\t<\/div>\n\t\t\t\t<\/div>\n\t\t\t\t\t<\/div>\n\t\t\t\t<\/div>\n\t\t<div class=\"elementor-element elementor-element-e5529fd e-grid e-con-full wpr-particle-no wpr-jarallax-no wpr-parallax-no wpr-sticky-section-no wpr-column-slider-no wpr-equal-height-no e-con e-parent\" data-id=\"e5529fd\" data-element_type=\"container\" data-e-type=\"container\">\n\t\t\t\t<div class=\"elementor-element elementor-element-896b1b5 elementor-widget elementor-widget-image\" data-id=\"896b1b5\" data-element_type=\"widget\" data-e-type=\"widget\" data-widget_type=\"image.default\">\n\t\t\t\t<div class=\"elementor-widget-container\">\n\t\t\t\t\t\t\t\t\t\t\t\t\t\t\t<img fetchpriority=\"high\" decoding=\"async\" width=\"400\" height=\"600\" src=\"https:\/\/webchodoanhnghiep.tamkhoa.com\/tu-van-01\/wp-content\/uploads\/sites\/14\/2024\/10\/pexels-shvets-production-7545292.webp\" class=\"attachment-full size-full wp-image-866\" alt=\"\" srcset=\"https:\/\/webchodoanhnghiep.tamkhoa.com\/tu-van-01\/wp-content\/uploads\/sites\/14\/2024\/10\/pexels-shvets-production-7545292.webp 400w, https:\/\/webchodoanhnghiep.tamkhoa.com\/tu-van-01\/wp-content\/uploads\/sites\/14\/2024\/10\/pexels-shvets-production-7545292-200x300.webp 200w\" sizes=\"(max-width: 400px) 100vw, 400px\" \/>\t\t\t\t\t\t\t\t\t\t\t\t\t\t\t<\/div>\n\t\t\t\t<\/div>\n\t\t\t\t<div class=\"elementor-element elementor-element-c0691c8 elementor-widget elementor-widget-image\" data-id=\"c0691c8\" data-element_type=\"widget\" data-e-type=\"widget\" data-widget_type=\"image.default\">\n\t\t\t\t<div class=\"elementor-widget-container\">\n\t\t\t\t\t\t\t\t\t\t\t\t\t\t\t<img decoding=\"async\" width=\"400\" height=\"600\" src=\"https:\/\/webchodoanhnghiep.tamkhoa.com\/tu-van-01\/wp-content\/uploads\/sites\/14\/2024\/10\/pexels-anastasia-shuraeva-5705509.webp\" class=\"attachment-full size-full wp-image-864\" alt=\"\" srcset=\"https:\/\/webchodoanhnghiep.tamkhoa.com\/tu-van-01\/wp-content\/uploads\/sites\/14\/2024\/10\/pexels-anastasia-shuraeva-5705509.webp 400w, https:\/\/webchodoanhnghiep.tamkhoa.com\/tu-van-01\/wp-content\/uploads\/sites\/14\/2024\/10\/pexels-anastasia-shuraeva-5705509-200x300.webp 200w\" sizes=\"(max-width: 400px) 100vw, 400px\" \/>\t\t\t\t\t\t\t\t\t\t\t\t\t\t\t<\/div>\n\t\t\t\t<\/div>\n\t\t\t\t<div class=\"elementor-element elementor-element-758ec1b elementor-widget elementor-widget-image\" data-id=\"758ec1b\" data-element_type=\"widget\" data-e-type=\"widget\" data-widget_type=\"image.default\">\n\t\t\t\t<div class=\"elementor-widget-container\">\n\t\t\t\t\t\t\t\t\t\t\t\t\t\t\t<img decoding=\"async\" width=\"400\" height=\"600\" src=\"https:\/\/webchodoanhnghiep.tamkhoa.com\/tu-van-01\/wp-content\/uploads\/sites\/14\/2024\/10\/pexels-kampus-8439733.webp\" class=\"attachment-full size-full wp-image-865\" alt=\"\" srcset=\"https:\/\/webchodoanhnghiep.tamkhoa.com\/tu-van-01\/wp-content\/uploads\/sites\/14\/2024\/10\/pexels-kampus-8439733.webp 400w, https:\/\/webchodoanhnghiep.tamkhoa.com\/tu-van-01\/wp-content\/uploads\/sites\/14\/2024\/10\/pexels-kampus-8439733-200x300.webp 200w\" sizes=\"(max-width: 400px) 100vw, 400px\" \/>\t\t\t\t\t\t\t\t\t\t\t\t\t\t\t<\/div>\n\t\t\t\t<\/div>\n\t\t\t\t<\/div>\n\t\t\t\t<\/div>\n\t\t","protected":false},"excerpt":{"rendered":"<p>V\u1ec1 ch\u00fang t\u00f4i T\u1ea1i FinGuddnce, ch\u00fang t\u00f4i cam k\u1ebft mang \u0111\u1ebfn gi\u1ea3i ph\u00e1p t\u00e0i ch\u00ednh c\u00e1 nh\u00e2n h\u00f3a, gi\u00fap b\u1ea1n th\u1ef1c hi\u1ec7n m\u1ee5c ti\u00eau t\u00e0i ch\u00ednh v\u00e0 \u0111\u1ea1t \u0111\u01b0\u1ee3c s\u1ef1 \u1ed5n \u0111\u1ecbnh b\u1ec1n v\u1eefng. V\u1edbi \u0111\u1ed9i ng\u0169 chuy\u00ean gia t\u00e0i ch\u00ednh d\u00e0y d\u1ea1n kinh nghi\u1ec7m, ch\u00fang t\u00f4i cung c\u1ea5p c\u00e1c d\u1ecbch v\u1ee5 t\u01b0 v\u1ea5n \u0111\u1ea7u t\u01b0, qu\u1ea3n l\u00fd t\u00e0i s\u1ea3n, l\u1eadp k\u1ebf ho\u1ea1ch h\u01b0u tr\u00ed, t\u01b0 v\u1ea5n thu\u1ebf v\u00e0 nhi\u1ec1u gi\u1ea3i ph\u00e1p t\u00e0i ch\u00ednh kh\u00e1c, nh\u1eb1m \u0111\u1ed3ng h\u00e0nh c\u00f9ng kh\u00e1ch h\u00e0ng tr\u00ean h\u00e0nh tr\u00ecnh x\u00e2y d\u1ef1ng t\u01b0\u01a1ng lai. S\u1ee9 m\u1ec7nh T\u1ea7m nh\u00ecn FinGuddnce \u0111\u01b0\u1ee3c th\u00e0nh l\u1eadp v\u1edbi m\u1ee5c ti\u00eau gi\u00fap \u0111\u1ee1 c\u00e1 nh\u00e2n v\u00e0 doanh nghi\u1ec7p \u0111\u1ea1t \u0111\u01b0\u1ee3c s\u1ef1 ph\u00e1t tri\u1ec3n t\u00e0i ch\u00ednh b\u1ec1n v\u1eefng v\u00e0 th\u00f4ng minh. Ch\u00fang t\u00f4i lu\u00f4n \u0111\u1eb7t l\u1ee3i \u00edch c\u1ee7a kh\u00e1ch h\u00e0ng l\u00ean h\u00e0ng \u0111\u1ea7u v\u00e0 cam k\u1ebft mang \u0111\u1ebfn nh\u1eefng gi\u1ea3i ph\u00e1p t\u1ed1i \u01b0u nh\u1ea5t. Ch\u00fang t\u00f4i tin r\u1eb1ng ai c\u0169ng c\u00f3 th\u1ec3 \u0111\u1ea1t \u0111\u01b0\u1ee3c m\u1ee5c ti\u00eau t\u00e0i ch\u00ednh c\u1ee7a m\u00ecnh v\u1edbi s\u1ef1 \u0111\u1ed3ng h\u00e0nh \u0111\u00fang \u0111\u1eafn. FinGuddnce h\u01b0\u1edbng t\u1edbi vi\u1ec7c tr\u1edf th\u00e0nh \u0111\u1ed1i t\u00e1c tin c\u1eady v\u00e0 chuy\u00ean nghi\u1ec7p trong l\u0129nh v\u1ef1c t\u01b0 v\u1ea5n t\u00e0i ch\u00ednh t\u1ea1i Vi\u1ec7t Nam, mang l\u1ea1i c\u00e1c gi\u00e1 tr\u1ecb thi\u1ebft th\u1ef1c v\u00e0 l\u00e2u d\u00e0i cho kh\u00e1ch h\u00e0ng. FinGuddnce \u0111\u01b0\u1ee3c th\u00e0nh l\u1eadp v\u1edbi m\u1ee5c ti\u00eau gi\u00fap \u0111\u1ee1 c\u00e1 nh\u00e2n v\u00e0 doanh nghi\u1ec7p \u0111\u1ea1t \u0111\u01b0\u1ee3c s\u1ef1 ph\u00e1t tri\u1ec3n t\u00e0i ch\u00ednh b\u1ec1n v\u1eefng v\u00e0 th\u00f4ng minh. Ch\u00fang t\u00f4i lu\u00f4n \u0111\u1eb7t l\u1ee3i \u00edch c\u1ee7a kh\u00e1ch h\u00e0ng l\u00ean h\u00e0ng \u0111\u1ea7u v\u00e0 cam k\u1ebft mang \u0111\u1ebfn nh\u1eefng gi\u1ea3i ph\u00e1p t\u1ed1i \u01b0u nh\u1ea5t. Ch\u00fang t\u00f4i tin r\u1eb1ng ai c\u0169ng c\u00f3 th\u1ec3 \u0111\u1ea1t \u0111\u01b0\u1ee3c m\u1ee5c ti\u00eau t\u00e0i ch\u00ednh c\u1ee7a m\u00ecnh v\u1edbi s\u1ef1 \u0111\u1ed3ng h\u00e0nh \u0111\u00fang \u0111\u1eafn. FinGuddnce h\u01b0\u1edbng t\u1edbi vi\u1ec7c tr\u1edf th\u00e0nh \u0111\u1ed1i t\u00e1c tin c\u1eady v\u00e0 chuy\u00ean nghi\u1ec7p trong l\u0129nh v\u1ef1c t\u01b0 v\u1ea5n t\u00e0i ch\u00ednh t\u1ea1i Vi\u1ec7t Nam, mang l\u1ea1i c\u00e1c gi\u00e1 tr\u1ecb thi\u1ebft th\u1ef1c v\u00e0 l\u00e2u d\u00e0i cho kh\u00e1ch h\u00e0ng. Gi\u00e1 tr\u1ecb c\u1ed1t l\u00f5i T\u1eadn t\u00e2m v\u00e0 trung th\u1ef1c Ch\u00fang t\u00f4i lu\u00f4n \u0111\u1eb7t l\u1ee3i \u00edch c\u1ee7a kh\u00e1ch h\u00e0ng l\u00ean h\u00e0ng \u0111\u1ea7u v\u00e0 cung c\u1ea5p th\u00f4ng tin minh b\u1ea1ch, trung th\u1ef1c Chuy\u00ean m\u00f4n cao \u0110\u1ed9i ng\u0169 chuy\u00ean gia c\u1ee7a ch\u00fang t\u00f4i c\u00f3 ki\u1ebfn th\u1ee9c s\u00e2u r\u1ed9ng v\u00e0 c\u1eadp nh\u1eadt v\u1ec1 th\u1ecb tr\u01b0\u1eddng t\u00e0i ch\u00ednh, gi\u00fap b\u1ea1n t\u1ef1 tin \u0111\u01b0a ra quy\u1ebft \u0111\u1ecbnh. \u0110\u1ed5i m\u1edbi v\u00e0 ph\u00e1t tri\u1ec3n Ch\u00fang t\u00f4i kh\u00f4ng ng\u1eebng c\u1eadp nh\u1eadt c\u00e1c ph\u01b0\u01a1ng ph\u00e1p v\u00e0 c\u00f4ng c\u1ee5 t\u00e0i ch\u00ednh hi\u1ec7n \u0111\u1ea1i nh\u1ea5t \u0111\u1ec3 ph\u1ee5c v\u1ee5 kh\u00e1ch h\u00e0ng t\u1ed1t h\u01a1n. \u0110\u1ed9i ng\u0169 c\u1ee7a ch\u00fang t\u00f4i \u0110\u1ed9i ng\u0169 FinGuddnce bao g\u1ed3m c\u00e1c chuy\u00ean gia t\u00e0i ch\u00ednh, k\u1ebf to\u00e1n, v\u00e0 t\u01b0 v\u1ea5n \u0111\u1ea7u t\u01b0 d\u00e0y d\u1ea1n kinh nghi\u1ec7m, \u0111\u00e3 h\u1ed7 tr\u1ee3 th\u00e0nh c\u00f4ng h\u00e0ng tr\u0103m c\u00e1 nh\u00e2n v\u00e0 doanh nghi\u1ec7p \u0111\u1ea1t \u0111\u01b0\u1ee3c s\u1ef1 \u1ed5n \u0111\u1ecbnh t\u00e0i ch\u00ednh. V\u1edbi ki\u1ebfn th\u1ee9c chuy\u00ean s\u00e2u v\u00e0 kh\u1ea3 n\u0103ng ph\u00e2n t\u00edch nh\u1ea1y b\u00e9n, ch\u00fang t\u00f4i lu\u00f4n s\u1eb5n s\u00e0ng h\u1ed7 tr\u1ee3 b\u1ea1n x\u00e2y d\u1ef1ng m\u1ed9t k\u1ebf ho\u1ea1ch t\u00e0i ch\u00ednh v\u1eefng ch\u1eafc.<\/p>\n","protected":false},"author":1,"featured_media":0,"parent":0,"menu_order":0,"comment_status":"closed","ping_status":"closed","template":"","meta":{"footnotes":""},"class_list":["post-381","page","type-page","status-publish","hentry"],"_links":{"self":[{"href":"https:\/\/webchodoanhnghiep.tamkhoa.com\/tu-van-01\/wp-json\/wp\/v2\/pages\/381"}],"collection":[{"href":"https:\/\/webchodoanhnghiep.tamkhoa.com\/tu-van-01\/wp-json\/wp\/v2\/pages"}],"about":[{"href":"https:\/\/webchodoanhnghiep.tamkhoa.com\/tu-van-01\/wp-json\/wp\/v2\/types\/page"}],"author":[{"embeddable":true,"href":"https:\/\/webchodoanhnghiep.tamkhoa.com\/tu-van-01\/wp-json\/wp\/v2\/users\/1"}],"replies":[{"embeddable":true,"href":"https:\/\/webchodoanhnghiep.tamkhoa.com\/tu-van-01\/wp-json\/wp\/v2\/comments?post=381"}],"version-history":[{"count":48,"href":"https:\/\/webchodoanhnghiep.tamkhoa.com\/tu-van-01\/wp-json\/wp\/v2\/pages\/381\/revisions"}],"predecessor-version":[{"id":1040,"href":"https:\/\/webchodoanhnghiep.tamkhoa.com\/tu-van-01\/wp-json\/wp\/v2\/pages\/381\/revisions\/1040"}],"wp:attachment":[{"href":"https:\/\/webchodoanhnghiep.tamkhoa.com\/tu-van-01\/wp-json\/wp\/v2\/media?parent=381"}],"curies":[{"name":"wp","href":"https:\/\/api.w.org\/{rel}","templated":true}]}}