{"id":12,"date":"2024-09-10T06:49:27","date_gmt":"2024-09-10T06:49:27","guid":{"rendered":"https:\/\/dulich.tamkhoa.com\/xay-dung-01\/?page_id=12"},"modified":"2024-11-06T08:59:09","modified_gmt":"2024-11-06T08:59:09","slug":"dich-vu","status":"publish","type":"page","link":"https:\/\/webchodoanhnghiep.tamkhoa.com\/van-tai-01\/dich-vu\/","title":{"rendered":"D\u1ecbch v\u1ee5"},"content":{"rendered":"\t\t<div data-elementor-type=\"wp-page\" data-elementor-id=\"12\" class=\"elementor elementor-12\">\n\t\t\t\t<div class=\"elementor-element elementor-element-b5713cd e-con-full e-flex wpr-particle-no wpr-jarallax-no wpr-parallax-no wpr-sticky-section-no wpr-column-slider-no wpr-equal-height-no e-con e-parent\" data-id=\"b5713cd\" data-element_type=\"container\" data-e-type=\"container\" data-settings=\"{&quot;background_background&quot;:&quot;classic&quot;}\">\n\t\t\t\t<div class=\"elementor-element elementor-element-9349132 elementor-widget elementor-widget-image\" data-id=\"9349132\" data-element_type=\"widget\" data-e-type=\"widget\" data-widget_type=\"image.default\">\n\t\t\t\t<div class=\"elementor-widget-container\">\n\t\t\t\t\t\t\t\t\t\t\t\t\t\t\t<img fetchpriority=\"high\" decoding=\"async\" width=\"1920\" height=\"1080\" src=\"https:\/\/webchodoanhnghiep.tamkhoa.com\/van-tai-01\/wp-content\/uploads\/sites\/18\/2024\/11\/pexels-joey-lu-49400-186537.webp\" class=\"attachment-full size-full wp-image-808\" alt=\"\" srcset=\"https:\/\/webchodoanhnghiep.tamkhoa.com\/van-tai-01\/wp-content\/uploads\/sites\/18\/2024\/11\/pexels-joey-lu-49400-186537.webp 1920w, https:\/\/webchodoanhnghiep.tamkhoa.com\/van-tai-01\/wp-content\/uploads\/sites\/18\/2024\/11\/pexels-joey-lu-49400-186537-300x169.webp 300w, https:\/\/webchodoanhnghiep.tamkhoa.com\/van-tai-01\/wp-content\/uploads\/sites\/18\/2024\/11\/pexels-joey-lu-49400-186537-1024x576.webp 1024w, https:\/\/webchodoanhnghiep.tamkhoa.com\/van-tai-01\/wp-content\/uploads\/sites\/18\/2024\/11\/pexels-joey-lu-49400-186537-768x432.webp 768w, https:\/\/webchodoanhnghiep.tamkhoa.com\/van-tai-01\/wp-content\/uploads\/sites\/18\/2024\/11\/pexels-joey-lu-49400-186537-1536x864.webp 1536w\" sizes=\"(max-width: 1920px) 100vw, 1920px\" \/>\t\t\t\t\t\t\t\t\t\t\t\t\t\t\t<\/div>\n\t\t\t\t<\/div>\n\t\t<div class=\"elementor-element elementor-element-778ff8e e-con-full e-flex wpr-particle-no wpr-jarallax-no wpr-parallax-no wpr-sticky-section-no wpr-column-slider-no wpr-equal-height-no e-con e-child\" data-id=\"778ff8e\" data-element_type=\"container\" data-e-type=\"container\">\n\t\t\t\t<div class=\"elementor-element elementor-element-f840dc7 elementor-widget elementor-widget-heading\" data-id=\"f840dc7\" data-element_type=\"widget\" data-e-type=\"widget\" data-widget_type=\"heading.default\">\n\t\t\t\t<div class=\"elementor-widget-container\">\n\t\t\t\t\t<h4 class=\"elementor-heading-title elementor-size-default\">C\u00e1c d\u1ecbch v\u1ee5 c\u1ee7a ch\u00fang t\u00f4i<\/h4>\t\t\t\t<\/div>\n\t\t\t\t<\/div>\n\t\t\t\t<div class=\"elementor-element elementor-element-906ffe1 elementor-widget elementor-widget-text-editor\" data-id=\"906ffe1\" data-element_type=\"widget\" data-e-type=\"widget\" data-widget_type=\"text-editor.default\">\n\t\t\t\t<div class=\"elementor-widget-container\">\n\t\t\t\t\t\t\t\t\t<p>Ch\u00fang t\u00f4i chuy\u00ean cung c\u1ea5p d\u1ecbch v\u1ee5 chuy\u1ec3n v\u0103n ph\u00f2ng, chuy\u1ec3n nh\u00e0, v\u00e0 v\u1eadn chuy\u1ec3n h\u00e0ng h\u00f3a b\u1eb1ng xe ba g\u00e1c. V\u1edbi \u0111\u1ed9i ng\u0169 t\u00e0i x\u1ebf gi\u00e0u kinh nghi\u1ec7m v\u00e0 s\u1ef1 t\u1eadn t\u00e2m, Movelix cam k\u1ebft mang \u0111\u1ebfn cho b\u1ea1n tr\u1ea3i nghi\u1ec7m v\u1eadn chuy\u1ec3n an to\u00e0n, nhanh ch\u00f3ng v\u00e0 ti\u1ebft ki\u1ec7m chi ph\u00ed<\/p>\t\t\t\t\t\t\t\t<\/div>\n\t\t\t\t<\/div>\n\t\t\t\t<div class=\"elementor-element elementor-element-a7effc3 elementor-align-left elementor-widget elementor-widget-button\" data-id=\"a7effc3\" data-element_type=\"widget\" data-e-type=\"widget\" data-widget_type=\"button.default\">\n\t\t\t\t<div class=\"elementor-widget-container\">\n\t\t\t\t\t\t\t\t\t<div class=\"elementor-button-wrapper\">\n\t\t\t\t\t<a class=\"elementor-button elementor-button-link elementor-size-sm\" href=\"https:\/\/webchodoanhnghiep.tamkhoa.com\/van-tai-01\/lien-he\/\">\n\t\t\t\t\t\t<span class=\"elementor-button-content-wrapper\">\n\t\t\t\t\t\t\t\t\t<span class=\"elementor-button-text\">Li\u00ean h\u1ec7 ngay<\/span>\n\t\t\t\t\t<\/span>\n\t\t\t\t\t<\/a>\n\t\t\t\t<\/div>\n\t\t\t\t\t\t\t\t<\/div>\n\t\t\t\t<\/div>\n\t\t\t\t<\/div>\n\t\t\t\t<\/div>\n\t\t<div class=\"elementor-element elementor-element-87f2c8e e-flex e-con-boxed wpr-particle-no wpr-jarallax-no wpr-parallax-no wpr-sticky-section-no wpr-column-slider-no wpr-equal-height-no e-con e-parent\" data-id=\"87f2c8e\" data-element_type=\"container\" data-e-type=\"container\">\n\t\t\t\t\t<div class=\"e-con-inner\">\n\t\t\t\t<div class=\"elementor-element elementor-element-ae527f6 elementor-widget elementor-widget-spacer\" data-id=\"ae527f6\" data-element_type=\"widget\" data-e-type=\"widget\" data-widget_type=\"spacer.default\">\n\t\t\t\t<div class=\"elementor-widget-container\">\n\t\t\t\t\t\t\t<div class=\"elementor-spacer\">\n\t\t\t<div class=\"elementor-spacer-inner\"><\/div>\n\t\t<\/div>\n\t\t\t\t\t\t<\/div>\n\t\t\t\t<\/div>\n\t\t\t\t\t<\/div>\n\t\t\t\t<\/div>\n\t\t<div class=\"elementor-element elementor-element-dd2c62f e-grid e-con-full wpr-particle-no wpr-jarallax-no wpr-parallax-no wpr-sticky-section-no wpr-column-slider-no wpr-equal-height-no e-con e-parent\" data-id=\"dd2c62f\" data-element_type=\"container\" data-e-type=\"container\">\n\t\t<div class=\"elementor-element elementor-element-58f77ed e-con-full e-flex wpr-particle-no wpr-jarallax-no wpr-parallax-no wpr-sticky-section-no wpr-column-slider-no wpr-equal-height-no e-con e-child\" data-id=\"58f77ed\" data-element_type=\"container\" data-e-type=\"container\" data-settings=\"{&quot;background_background&quot;:&quot;classic&quot;}\">\n\t\t\t\t<div class=\"elementor-element elementor-element-b3c61c7 elementor-widget elementor-widget-image\" data-id=\"b3c61c7\" data-element_type=\"widget\" data-e-type=\"widget\" data-widget_type=\"image.default\">\n\t\t\t\t<div class=\"elementor-widget-container\">\n\t\t\t\t\t\t\t\t\t\t\t\t\t\t\t<img decoding=\"async\" width=\"1920\" height=\"1080\" src=\"https:\/\/webchodoanhnghiep.tamkhoa.com\/van-tai-01\/wp-content\/uploads\/sites\/18\/2024\/11\/pexels-a2pro-8561771.webp\" class=\"attachment-full size-full wp-image-801\" alt=\"\" srcset=\"https:\/\/webchodoanhnghiep.tamkhoa.com\/van-tai-01\/wp-content\/uploads\/sites\/18\/2024\/11\/pexels-a2pro-8561771.webp 1920w, https:\/\/webchodoanhnghiep.tamkhoa.com\/van-tai-01\/wp-content\/uploads\/sites\/18\/2024\/11\/pexels-a2pro-8561771-300x169.webp 300w, https:\/\/webchodoanhnghiep.tamkhoa.com\/van-tai-01\/wp-content\/uploads\/sites\/18\/2024\/11\/pexels-a2pro-8561771-1024x576.webp 1024w, https:\/\/webchodoanhnghiep.tamkhoa.com\/van-tai-01\/wp-content\/uploads\/sites\/18\/2024\/11\/pexels-a2pro-8561771-768x432.webp 768w, https:\/\/webchodoanhnghiep.tamkhoa.com\/van-tai-01\/wp-content\/uploads\/sites\/18\/2024\/11\/pexels-a2pro-8561771-1536x864.webp 1536w\" sizes=\"(max-width: 1920px) 100vw, 1920px\" \/>\t\t\t\t\t\t\t\t\t\t\t\t\t\t\t<\/div>\n\t\t\t\t<\/div>\n\t\t<div class=\"elementor-element elementor-element-3f921c5 e-con-full e-flex wpr-particle-no wpr-jarallax-no wpr-parallax-no wpr-sticky-section-no wpr-column-slider-no wpr-equal-height-no e-con e-child\" data-id=\"3f921c5\" data-element_type=\"container\" data-e-type=\"container\">\n\t\t\t\t<div class=\"elementor-element elementor-element-d34925d elementor-widget elementor-widget-heading\" data-id=\"d34925d\" data-element_type=\"widget\" data-e-type=\"widget\" data-widget_type=\"heading.default\">\n\t\t\t\t<div class=\"elementor-widget-container\">\n\t\t\t\t\t<h4 class=\"elementor-heading-title elementor-size-default\">Chuy\u1ec3n V\u0103n Ph\u00f2ng<\/h4>\t\t\t\t<\/div>\n\t\t\t\t<\/div>\n\t\t\t\t<div class=\"elementor-element elementor-element-11273a1 elementor-widget elementor-widget-text-editor\" data-id=\"11273a1\" data-element_type=\"widget\" data-e-type=\"widget\" data-widget_type=\"text-editor.default\">\n\t\t\t\t<div class=\"elementor-widget-container\">\n\t\t\t\t\t\t\t\t\t<p>\u0110\u1ea3m b\u1ea3o chuy\u1ec3n thi\u1ebft b\u1ecb v\u0103n ph\u00f2ng, t\u00e0i li\u1ec7u, v\u00e0 \u0111\u1ed3 n\u1ed9i th\u1ea5t m\u1ed9t c\u00e1ch an to\u00e0n v\u00e0 hi\u1ec7u qu\u1ea3<\/p>\t\t\t\t\t\t\t\t<\/div>\n\t\t\t\t<\/div>\n\t\t\t\t<\/div>\n\t\t\t\t<\/div>\n\t\t<div class=\"elementor-element elementor-element-5ad5d4a e-con-full e-flex wpr-particle-no wpr-jarallax-no wpr-parallax-no wpr-sticky-section-no wpr-column-slider-no wpr-equal-height-no e-con e-child\" data-id=\"5ad5d4a\" data-element_type=\"container\" data-e-type=\"container\" data-settings=\"{&quot;background_background&quot;:&quot;classic&quot;}\">\n\t\t\t\t<div class=\"elementor-element elementor-element-6f92b05 elementor-widget elementor-widget-image\" data-id=\"6f92b05\" data-element_type=\"widget\" data-e-type=\"widget\" data-widget_type=\"image.default\">\n\t\t\t\t<div class=\"elementor-widget-container\">\n\t\t\t\t\t\t\t\t\t\t\t\t\t\t\t<img decoding=\"async\" width=\"1920\" height=\"1080\" src=\"https:\/\/webchodoanhnghiep.tamkhoa.com\/van-tai-01\/wp-content\/uploads\/sites\/18\/2024\/11\/pexels-grizzlybear-528426.webp\" class=\"attachment-full size-full wp-image-807\" alt=\"\" srcset=\"https:\/\/webchodoanhnghiep.tamkhoa.com\/van-tai-01\/wp-content\/uploads\/sites\/18\/2024\/11\/pexels-grizzlybear-528426.webp 1920w, https:\/\/webchodoanhnghiep.tamkhoa.com\/van-tai-01\/wp-content\/uploads\/sites\/18\/2024\/11\/pexels-grizzlybear-528426-300x169.webp 300w, https:\/\/webchodoanhnghiep.tamkhoa.com\/van-tai-01\/wp-content\/uploads\/sites\/18\/2024\/11\/pexels-grizzlybear-528426-1024x576.webp 1024w, https:\/\/webchodoanhnghiep.tamkhoa.com\/van-tai-01\/wp-content\/uploads\/sites\/18\/2024\/11\/pexels-grizzlybear-528426-768x432.webp 768w, https:\/\/webchodoanhnghiep.tamkhoa.com\/van-tai-01\/wp-content\/uploads\/sites\/18\/2024\/11\/pexels-grizzlybear-528426-1536x864.webp 1536w\" sizes=\"(max-width: 1920px) 100vw, 1920px\" \/>\t\t\t\t\t\t\t\t\t\t\t\t\t\t\t<\/div>\n\t\t\t\t<\/div>\n\t\t<div class=\"elementor-element elementor-element-615bd6a e-con-full e-flex wpr-particle-no wpr-jarallax-no wpr-parallax-no wpr-sticky-section-no wpr-column-slider-no wpr-equal-height-no e-con e-child\" data-id=\"615bd6a\" data-element_type=\"container\" data-e-type=\"container\">\n\t\t\t\t<div class=\"elementor-element elementor-element-dac91ba elementor-widget elementor-widget-heading\" data-id=\"dac91ba\" data-element_type=\"widget\" data-e-type=\"widget\" data-widget_type=\"heading.default\">\n\t\t\t\t<div class=\"elementor-widget-container\">\n\t\t\t\t\t<h4 class=\"elementor-heading-title elementor-size-default\">Chuy\u1ec3n Nh\u00e0<\/h4>\t\t\t\t<\/div>\n\t\t\t\t<\/div>\n\t\t\t\t<div class=\"elementor-element elementor-element-e01e5eb elementor-widget elementor-widget-text-editor\" data-id=\"e01e5eb\" data-element_type=\"widget\" data-e-type=\"widget\" data-widget_type=\"text-editor.default\">\n\t\t\t\t<div class=\"elementor-widget-container\">\n\t\t\t\t\t\t\t\t\t<p>V\u1eadn chuy\u1ec3n \u0111\u1ed3 \u0111\u1ea1c gia \u0111\u00ecnh, bao g\u1ed3m \u0111\u00f3ng g\u00f3i, b\u1ed1c x\u1ebfp, v\u00e0 v\u1eadn chuy\u1ec3n \u0111\u1ebfn \u0111\u1ecba \u0111i\u1ec3m m\u1edbi<\/p>\t\t\t\t\t\t\t\t<\/div>\n\t\t\t\t<\/div>\n\t\t\t\t<\/div>\n\t\t\t\t<\/div>\n\t\t<div class=\"elementor-element elementor-element-8bdd0a7 e-con-full e-flex wpr-particle-no wpr-jarallax-no wpr-parallax-no wpr-sticky-section-no wpr-column-slider-no wpr-equal-height-no e-con e-child\" data-id=\"8bdd0a7\" data-element_type=\"container\" data-e-type=\"container\" data-settings=\"{&quot;background_background&quot;:&quot;classic&quot;}\">\n\t\t\t\t<div class=\"elementor-element elementor-element-72e1875 elementor-widget elementor-widget-image\" data-id=\"72e1875\" data-element_type=\"widget\" data-e-type=\"widget\" data-widget_type=\"image.default\">\n\t\t\t\t<div class=\"elementor-widget-container\">\n\t\t\t\t\t\t\t\t\t\t\t\t\t\t\t<img loading=\"lazy\" decoding=\"async\" width=\"1920\" height=\"1080\" src=\"https:\/\/webchodoanhnghiep.tamkhoa.com\/van-tai-01\/wp-content\/uploads\/sites\/18\/2024\/11\/pexels-cristian-rojas-10041303.webp\" class=\"attachment-full size-full wp-image-803\" alt=\"\" srcset=\"https:\/\/webchodoanhnghiep.tamkhoa.com\/van-tai-01\/wp-content\/uploads\/sites\/18\/2024\/11\/pexels-cristian-rojas-10041303.webp 1920w, https:\/\/webchodoanhnghiep.tamkhoa.com\/van-tai-01\/wp-content\/uploads\/sites\/18\/2024\/11\/pexels-cristian-rojas-10041303-300x169.webp 300w, https:\/\/webchodoanhnghiep.tamkhoa.com\/van-tai-01\/wp-content\/uploads\/sites\/18\/2024\/11\/pexels-cristian-rojas-10041303-1024x576.webp 1024w, https:\/\/webchodoanhnghiep.tamkhoa.com\/van-tai-01\/wp-content\/uploads\/sites\/18\/2024\/11\/pexels-cristian-rojas-10041303-768x432.webp 768w, https:\/\/webchodoanhnghiep.tamkhoa.com\/van-tai-01\/wp-content\/uploads\/sites\/18\/2024\/11\/pexels-cristian-rojas-10041303-1536x864.webp 1536w\" sizes=\"(max-width: 1920px) 100vw, 1920px\" \/>\t\t\t\t\t\t\t\t\t\t\t\t\t\t\t<\/div>\n\t\t\t\t<\/div>\n\t\t<div class=\"elementor-element elementor-element-a4a984b e-con-full e-flex wpr-particle-no wpr-jarallax-no wpr-parallax-no wpr-sticky-section-no wpr-column-slider-no wpr-equal-height-no e-con e-child\" data-id=\"a4a984b\" data-element_type=\"container\" data-e-type=\"container\">\n\t\t\t\t<div class=\"elementor-element elementor-element-7206456 elementor-widget elementor-widget-heading\" data-id=\"7206456\" data-element_type=\"widget\" data-e-type=\"widget\" data-widget_type=\"heading.default\">\n\t\t\t\t<div class=\"elementor-widget-container\">\n\t\t\t\t\t<h4 class=\"elementor-heading-title elementor-size-default\">Ch\u1edf H\u00e0ng<\/h4>\t\t\t\t<\/div>\n\t\t\t\t<\/div>\n\t\t\t\t<div class=\"elementor-element elementor-element-6b31027 elementor-widget elementor-widget-text-editor\" data-id=\"6b31027\" data-element_type=\"widget\" data-e-type=\"widget\" data-widget_type=\"text-editor.default\">\n\t\t\t\t<div class=\"elementor-widget-container\">\n\t\t\t\t\t\t\t\t\t<p>D\u00e0nh cho c\u00e1c doanh nghi\u1ec7p ho\u1eb7c c\u00e1 nh\u00e2n c\u1ea7n v\u1eadn chuy\u1ec3n h\u00e0ng h\u00f3a nh\u1ecf \u0111\u1ebfn c\u00e1c \u0111i\u1ec3m ph\u00e2n ph\u1ed1i<\/p>\t\t\t\t\t\t\t\t<\/div>\n\t\t\t\t<\/div>\n\t\t\t\t<\/div>\n\t\t\t\t<\/div>\n\t\t<div class=\"elementor-element elementor-element-899513d e-con-full e-flex wpr-particle-no wpr-jarallax-no wpr-parallax-no wpr-sticky-section-no wpr-column-slider-no wpr-equal-height-no e-con e-child\" data-id=\"899513d\" data-element_type=\"container\" data-e-type=\"container\" data-settings=\"{&quot;background_background&quot;:&quot;classic&quot;}\">\n\t\t\t\t<div class=\"elementor-element elementor-element-3b6da97 elementor-widget elementor-widget-image\" data-id=\"3b6da97\" data-element_type=\"widget\" data-e-type=\"widget\" data-widget_type=\"image.default\">\n\t\t\t\t<div class=\"elementor-widget-container\">\n\t\t\t\t\t\t\t\t\t\t\t\t\t\t\t<img loading=\"lazy\" decoding=\"async\" width=\"1920\" height=\"1080\" src=\"https:\/\/webchodoanhnghiep.tamkhoa.com\/van-tai-01\/wp-content\/uploads\/sites\/18\/2024\/11\/pexels-pixabay-221284.webp\" class=\"attachment-full size-full wp-image-814\" alt=\"\" srcset=\"https:\/\/webchodoanhnghiep.tamkhoa.com\/van-tai-01\/wp-content\/uploads\/sites\/18\/2024\/11\/pexels-pixabay-221284.webp 1920w, https:\/\/webchodoanhnghiep.tamkhoa.com\/van-tai-01\/wp-content\/uploads\/sites\/18\/2024\/11\/pexels-pixabay-221284-300x169.webp 300w, https:\/\/webchodoanhnghiep.tamkhoa.com\/van-tai-01\/wp-content\/uploads\/sites\/18\/2024\/11\/pexels-pixabay-221284-1024x576.webp 1024w, https:\/\/webchodoanhnghiep.tamkhoa.com\/van-tai-01\/wp-content\/uploads\/sites\/18\/2024\/11\/pexels-pixabay-221284-768x432.webp 768w, https:\/\/webchodoanhnghiep.tamkhoa.com\/van-tai-01\/wp-content\/uploads\/sites\/18\/2024\/11\/pexels-pixabay-221284-1536x864.webp 1536w\" sizes=\"(max-width: 1920px) 100vw, 1920px\" \/>\t\t\t\t\t\t\t\t\t\t\t\t\t\t\t<\/div>\n\t\t\t\t<\/div>\n\t\t<div class=\"elementor-element elementor-element-b78a380 e-con-full e-flex wpr-particle-no wpr-jarallax-no wpr-parallax-no wpr-sticky-section-no wpr-column-slider-no wpr-equal-height-no e-con e-child\" data-id=\"b78a380\" data-element_type=\"container\" data-e-type=\"container\">\n\t\t\t\t<div class=\"elementor-element elementor-element-661affd elementor-widget elementor-widget-heading\" data-id=\"661affd\" data-element_type=\"widget\" data-e-type=\"widget\" data-widget_type=\"heading.default\">\n\t\t\t\t<div class=\"elementor-widget-container\">\n\t\t\t\t\t<h4 class=\"elementor-heading-title elementor-size-default\">Chuy\u1ec3n \u0110\u1ed3 Kh\u1ea9n C\u1ea5p<\/h4>\t\t\t\t<\/div>\n\t\t\t\t<\/div>\n\t\t\t\t<div class=\"elementor-element elementor-element-e3e9006 elementor-widget elementor-widget-text-editor\" data-id=\"e3e9006\" data-element_type=\"widget\" data-e-type=\"widget\" data-widget_type=\"text-editor.default\">\n\t\t\t\t<div class=\"elementor-widget-container\">\n\t\t\t\t\t\t\t\t\t<p>D\u1ecbch v\u1ee5 nhanh ch\u00f3ng trong tr\u01b0\u1eddng h\u1ee3p kh\u00e1ch h\u00e0ng c\u1ea7n v\u1eadn chuy\u1ec3n kh\u1ea9n c\u1ea5p<\/p>\t\t\t\t\t\t\t\t<\/div>\n\t\t\t\t<\/div>\n\t\t\t\t<\/div>\n\t\t\t\t<\/div>\n\t\t\t\t<\/div>\n\t\t<div class=\"elementor-element elementor-element-b81a1af e-flex e-con-boxed wpr-particle-no wpr-jarallax-no wpr-parallax-no wpr-sticky-section-no wpr-column-slider-no wpr-equal-height-no e-con e-parent\" data-id=\"b81a1af\" data-element_type=\"container\" data-e-type=\"container\">\n\t\t\t\t\t<div class=\"e-con-inner\">\n\t\t\t\t<div class=\"elementor-element elementor-element-0560ae4 elementor-widget elementor-widget-spacer\" data-id=\"0560ae4\" data-element_type=\"widget\" data-e-type=\"widget\" data-widget_type=\"spacer.default\">\n\t\t\t\t<div class=\"elementor-widget-container\">\n\t\t\t\t\t\t\t<div class=\"elementor-spacer\">\n\t\t\t<div class=\"elementor-spacer-inner\"><\/div>\n\t\t<\/div>\n\t\t\t\t\t\t<\/div>\n\t\t\t\t<\/div>\n\t\t\t\t\t<\/div>\n\t\t\t\t<\/div>\n\t\t\t\t<\/div>\n\t\t","protected":false},"excerpt":{"rendered":"<p>C\u00e1c d\u1ecbch v\u1ee5 c\u1ee7a ch\u00fang t\u00f4i Ch\u00fang t\u00f4i chuy\u00ean cung c\u1ea5p d\u1ecbch v\u1ee5 chuy\u1ec3n v\u0103n ph\u00f2ng, chuy\u1ec3n nh\u00e0, v\u00e0 v\u1eadn chuy\u1ec3n h\u00e0ng h\u00f3a b\u1eb1ng xe ba g\u00e1c. V\u1edbi \u0111\u1ed9i ng\u0169 t\u00e0i x\u1ebf gi\u00e0u kinh nghi\u1ec7m v\u00e0 s\u1ef1 t\u1eadn t\u00e2m, Movelix cam k\u1ebft mang \u0111\u1ebfn cho b\u1ea1n tr\u1ea3i nghi\u1ec7m v\u1eadn chuy\u1ec3n an to\u00e0n, nhanh ch\u00f3ng v\u00e0 ti\u1ebft ki\u1ec7m chi ph\u00ed Li\u00ean h\u1ec7 ngay Chuy\u1ec3n V\u0103n Ph\u00f2ng \u0110\u1ea3m b\u1ea3o chuy\u1ec3n thi\u1ebft b\u1ecb v\u0103n ph\u00f2ng, t\u00e0i li\u1ec7u, v\u00e0 \u0111\u1ed3 n\u1ed9i th\u1ea5t m\u1ed9t c\u00e1ch an to\u00e0n v\u00e0 hi\u1ec7u qu\u1ea3 Chuy\u1ec3n Nh\u00e0 V\u1eadn chuy\u1ec3n \u0111\u1ed3 \u0111\u1ea1c gia \u0111\u00ecnh, bao g\u1ed3m \u0111\u00f3ng g\u00f3i, b\u1ed1c x\u1ebfp, v\u00e0 v\u1eadn chuy\u1ec3n \u0111\u1ebfn \u0111\u1ecba \u0111i\u1ec3m m\u1edbi Ch\u1edf H\u00e0ng D\u00e0nh cho c\u00e1c doanh nghi\u1ec7p ho\u1eb7c c\u00e1 nh\u00e2n c\u1ea7n v\u1eadn chuy\u1ec3n h\u00e0ng h\u00f3a nh\u1ecf \u0111\u1ebfn c\u00e1c \u0111i\u1ec3m ph\u00e2n ph\u1ed1i Chuy\u1ec3n \u0110\u1ed3 Kh\u1ea9n C\u1ea5p D\u1ecbch v\u1ee5 nhanh ch\u00f3ng trong tr\u01b0\u1eddng h\u1ee3p kh\u00e1ch h\u00e0ng c\u1ea7n v\u1eadn chuy\u1ec3n kh\u1ea9n c\u1ea5p<\/p>\n","protected":false},"author":1,"featured_media":0,"parent":0,"menu_order":0,"comment_status":"closed","ping_status":"closed","template":"","meta":{"footnotes":""},"class_list":["post-12","page","type-page","status-publish","hentry"],"_links":{"self":[{"href":"https:\/\/webchodoanhnghiep.tamkhoa.com\/van-tai-01\/wp-json\/wp\/v2\/pages\/12"}],"collection":[{"href":"https:\/\/webchodoanhnghiep.tamkhoa.com\/van-tai-01\/wp-json\/wp\/v2\/pages"}],"about":[{"href":"https:\/\/webchodoanhnghiep.tamkhoa.com\/van-tai-01\/wp-json\/wp\/v2\/types\/page"}],"author":[{"embeddable":true,"href":"https:\/\/webchodoanhnghiep.tamkhoa.com\/van-tai-01\/wp-json\/wp\/v2\/users\/1"}],"replies":[{"embeddable":true,"href":"https:\/\/webchodoanhnghiep.tamkhoa.com\/van-tai-01\/wp-json\/wp\/v2\/comments?post=12"}],"version-history":[{"count":84,"href":"https:\/\/webchodoanhnghiep.tamkhoa.com\/van-tai-01\/wp-json\/wp\/v2\/pages\/12\/revisions"}],"predecessor-version":[{"id":998,"href":"https:\/\/webchodoanhnghiep.tamkhoa.com\/van-tai-01\/wp-json\/wp\/v2\/pages\/12\/revisions\/998"}],"wp:attachment":[{"href":"https:\/\/webchodoanhnghiep.tamkhoa.com\/van-tai-01\/wp-json\/wp\/v2\/media?parent=12"}],"curies":[{"name":"wp","href":"https:\/\/api.w.org\/{rel}","templated":true}]}}