{"id":381,"date":"2024-09-10T06:48:14","date_gmt":"2024-09-10T06:48:14","guid":{"rendered":"https:\/\/dulich.tamkhoa.com\/xay-dung-01\/?page_id=10"},"modified":"2024-11-06T08:17:41","modified_gmt":"2024-11-06T08:17:41","slug":"gioi-thieu","status":"publish","type":"page","link":"https:\/\/webchodoanhnghiep.tamkhoa.com\/van-tai-01\/gioi-thieu\/","title":{"rendered":"Gi\u1edbi thi\u1ec7u"},"content":{"rendered":"\t\t<div data-elementor-type=\"wp-page\" data-elementor-id=\"381\" class=\"elementor elementor-381\">\n\t\t\t\t<div class=\"elementor-element elementor-element-ed8a97d e-con-full e-flex wpr-particle-no wpr-jarallax-no wpr-parallax-no wpr-sticky-section-no wpr-column-slider-no wpr-equal-height-no e-con e-parent\" data-id=\"ed8a97d\" data-element_type=\"container\" data-e-type=\"container\" data-settings=\"{&quot;background_background&quot;:&quot;classic&quot;}\">\n\t\t<div class=\"elementor-element elementor-element-f09752b e-flex e-con-boxed wpr-particle-no wpr-jarallax-no wpr-parallax-no wpr-sticky-section-no wpr-column-slider-no wpr-equal-height-no e-con e-child\" data-id=\"f09752b\" data-element_type=\"container\" data-e-type=\"container\">\n\t\t\t\t\t<div class=\"e-con-inner\">\n\t\t\t\t<div class=\"elementor-element elementor-element-542f532 elementor-widget elementor-widget-heading\" data-id=\"542f532\" data-element_type=\"widget\" data-e-type=\"widget\" data-widget_type=\"heading.default\">\n\t\t\t\t<div class=\"elementor-widget-container\">\n\t\t\t\t\t<h2 class=\"elementor-heading-title elementor-size-default\">V\u1ec1 ch\u00fang t\u00f4i<\/h2>\t\t\t\t<\/div>\n\t\t\t\t<\/div>\n\t\t\t\t\t<\/div>\n\t\t\t\t<\/div>\n\t\t\t\t<\/div>\n\t\t<div class=\"elementor-element elementor-element-45e85e3 e-flex e-con-boxed wpr-particle-no wpr-jarallax-no wpr-parallax-no wpr-sticky-section-no wpr-column-slider-no wpr-equal-height-no e-con e-parent\" data-id=\"45e85e3\" data-element_type=\"container\" data-e-type=\"container\">\n\t\t\t\t\t<div class=\"e-con-inner\">\n\t\t\t\t<div class=\"elementor-element elementor-element-c761c90 elementor-widget elementor-widget-heading\" data-id=\"c761c90\" data-element_type=\"widget\" data-e-type=\"widget\" data-widget_type=\"heading.default\">\n\t\t\t\t<div class=\"elementor-widget-container\">\n\t\t\t\t\t<h5 class=\"elementor-heading-title elementor-size-default\">Gi\u1edbi thi\u1ec7u<\/h5>\t\t\t\t<\/div>\n\t\t\t\t<\/div>\n\t\t\t\t<div class=\"elementor-element elementor-element-1709bc7 elementor-widget elementor-widget-text-editor\" data-id=\"1709bc7\" data-element_type=\"widget\" data-e-type=\"widget\" data-widget_type=\"text-editor.default\">\n\t\t\t\t<div class=\"elementor-widget-container\">\n\t\t\t\t\t\t\t\t\t<p><strong>Movelix<\/strong> l\u00e0 \u0111\u01a1n v\u1ecb chuy\u00ean nghi\u1ec7p cung c\u1ea5p d\u1ecbch v\u1ee5 v\u1eadn chuy\u1ec3n b\u1eb1ng xe ba g\u00e1c, mang \u0111\u1ebfn gi\u1ea3i ph\u00e1p v\u1eadn chuy\u1ec3n t\u1ed1i \u01b0u cho kh\u00e1ch h\u00e0ng t\u1ea1i c\u00e1c khu \u0111\u00f4 th\u1ecb s\u1ea7m u\u1ea5t. V\u1edbi s\u1ef1 t\u1eadn t\u00e2m v\u00e0 chuy\u00ean nghi\u1ec7p, ch\u00fang t\u00f4i gi\u00fap kh\u00e1ch h\u00e0ng d\u1ec5 d\u00e0ng chuy\u1ec3n v\u0103n ph\u00f2ng, chuy\u1ec3n nh\u00e0, v\u00e0 v\u1eadn chuy\u1ec3n h\u00e0ng h\u00f3a m\u1ecdi l\u00fac m\u1ecdi n\u01a1i.<\/p><p>Ch\u00fang t\u00f4i hi\u1ec3u r\u1eb1ng m\u1ed7i chuy\u1ebfn h\u00e0ng \u0111\u1ec1u quan tr\u1ecdng, v\u00e0 v\u00ec v\u1eady \u0111\u1ed9i ng\u0169 Movelix lu\u00f4n s\u1eb5n s\u00e0ng h\u1ed7 tr\u1ee3 b\u1ea1n t\u1eeb kh\u00e2u \u0111\u00f3ng g\u00f3i \u0111\u1ebfn v\u1eadn chuy\u1ec3n an to\u00e0n. V\u1edbi ph\u01b0\u01a1ng ch\u00e2m <strong>\u201cNhanh ch\u00f3ng \u2013 An to\u00e0n \u2013 Gi\u00e1 tr\u1ecb\u201d<\/strong>, Movelix cam k\u1ebft mang l\u1ea1i d\u1ecbch v\u1ee5 \u0111\u00e1ng tin c\u1eady, ti\u1ebft ki\u1ec7m chi ph\u00ed v\u00e0 hi\u1ec7u qu\u1ea3.<\/p>\t\t\t\t\t\t\t\t<\/div>\n\t\t\t\t<\/div>\n\t\t\t\t\t<\/div>\n\t\t\t\t<\/div>\n\t\t<div class=\"elementor-element elementor-element-a5e7adf e-flex e-con-boxed wpr-particle-no wpr-jarallax-no wpr-parallax-no wpr-sticky-section-no wpr-column-slider-no wpr-equal-height-no e-con e-parent\" data-id=\"a5e7adf\" data-element_type=\"container\" data-e-type=\"container\" data-settings=\"{&quot;background_background&quot;:&quot;classic&quot;}\">\n\t\t\t\t\t<div class=\"e-con-inner\">\n\t\t<div class=\"elementor-element elementor-element-4c079e4 e-con-full e-flex wpr-particle-no wpr-jarallax-no wpr-parallax-no wpr-sticky-section-no wpr-column-slider-no wpr-equal-height-no e-con e-child\" data-id=\"4c079e4\" data-element_type=\"container\" data-e-type=\"container\" data-settings=\"{&quot;background_background&quot;:&quot;classic&quot;}\">\n\t\t\t\t<div class=\"elementor-element elementor-element-fb02959 elementor-widget elementor-widget-heading\" data-id=\"fb02959\" data-element_type=\"widget\" data-e-type=\"widget\" data-widget_type=\"heading.default\">\n\t\t\t\t<div class=\"elementor-widget-container\">\n\t\t\t\t\t<h5 class=\"elementor-heading-title elementor-size-default\">Nhanh ch\u00f3ng - An to\u00e0n - Gi\u00e1 tr\u1ecb<\/h5>\t\t\t\t<\/div>\n\t\t\t\t<\/div>\n\t\t\t\t<div class=\"elementor-element elementor-element-bc289f9 elementor-widget elementor-widget-text-editor\" data-id=\"bc289f9\" data-element_type=\"widget\" data-e-type=\"widget\" data-widget_type=\"text-editor.default\">\n\t\t\t\t<div class=\"elementor-widget-container\">\n\t\t\t\t\t\t\t\t\t<p>Ch\u00fang t\u00f4i lu\u00f4n n\u1ed7 l\u1ef1c tr\u1edf th\u00e0nh l\u1ef1a ch\u1ecdn h\u00e0ng \u0111\u1ea7u v\u1ec1 v\u1eadn chuy\u1ec3n b\u1eb1ng xe ba g\u00e1c, mang \u0111\u1ebfn s\u1ef1 h\u00e0i l\u00f2ng tuy\u1ec7t \u0111\u1ed1i cho kh\u00e1ch h\u00e0ng th\u00f4ng qua d\u1ecbch v\u1ee5 t\u1eadn t\u00e2m, \u0111\u00e1ng tin c\u1eady v\u00e0 an to\u00e0n<\/p><p><strong>Hotline<\/strong>: 028.7106.1666<\/p>\t\t\t\t\t\t\t\t<\/div>\n\t\t\t\t<\/div>\n\t\t\t\t<div class=\"elementor-element elementor-element-d5d1341 elementor-align-right elementor-widget elementor-widget-button\" data-id=\"d5d1341\" data-element_type=\"widget\" data-e-type=\"widget\" data-widget_type=\"button.default\">\n\t\t\t\t<div class=\"elementor-widget-container\">\n\t\t\t\t\t\t\t\t\t<div class=\"elementor-button-wrapper\">\n\t\t\t\t\t<a class=\"elementor-button elementor-button-link elementor-size-sm\" href=\"https:\/\/webchodoanhnghiep.tamkhoa.com\/van-tai-01\/lien-he\/\">\n\t\t\t\t\t\t<span class=\"elementor-button-content-wrapper\">\n\t\t\t\t\t\t\t\t\t<span class=\"elementor-button-text\">Li\u00ean h\u1ec7 ngay<\/span>\n\t\t\t\t\t<\/span>\n\t\t\t\t\t<\/a>\n\t\t\t\t<\/div>\n\t\t\t\t\t\t\t\t<\/div>\n\t\t\t\t<\/div>\n\t\t\t\t<\/div>\n\t\t\t\t\t<\/div>\n\t\t\t\t<\/div>\n\t\t\t\t<\/div>\n\t\t","protected":false},"excerpt":{"rendered":"<p>V\u1ec1 ch\u00fang t\u00f4i Gi\u1edbi thi\u1ec7u Movelix l\u00e0 \u0111\u01a1n v\u1ecb chuy\u00ean nghi\u1ec7p cung c\u1ea5p d\u1ecbch v\u1ee5 v\u1eadn chuy\u1ec3n b\u1eb1ng xe ba g\u00e1c, mang \u0111\u1ebfn gi\u1ea3i ph\u00e1p v\u1eadn chuy\u1ec3n t\u1ed1i \u01b0u cho kh\u00e1ch h\u00e0ng t\u1ea1i c\u00e1c khu \u0111\u00f4 th\u1ecb s\u1ea7m u\u1ea5t. V\u1edbi s\u1ef1 t\u1eadn t\u00e2m v\u00e0 chuy\u00ean nghi\u1ec7p, ch\u00fang t\u00f4i gi\u00fap kh\u00e1ch h\u00e0ng d\u1ec5 d\u00e0ng chuy\u1ec3n v\u0103n ph\u00f2ng, chuy\u1ec3n nh\u00e0, v\u00e0 v\u1eadn chuy\u1ec3n h\u00e0ng h\u00f3a m\u1ecdi l\u00fac m\u1ecdi n\u01a1i. Ch\u00fang t\u00f4i hi\u1ec3u r\u1eb1ng m\u1ed7i chuy\u1ebfn h\u00e0ng \u0111\u1ec1u quan tr\u1ecdng, v\u00e0 v\u00ec v\u1eady \u0111\u1ed9i ng\u0169 Movelix lu\u00f4n s\u1eb5n s\u00e0ng h\u1ed7 tr\u1ee3 b\u1ea1n t\u1eeb kh\u00e2u \u0111\u00f3ng g\u00f3i \u0111\u1ebfn v\u1eadn chuy\u1ec3n an to\u00e0n. V\u1edbi ph\u01b0\u01a1ng ch\u00e2m \u201cNhanh ch\u00f3ng \u2013 An to\u00e0n \u2013 Gi\u00e1 tr\u1ecb\u201d, Movelix cam k\u1ebft mang l\u1ea1i d\u1ecbch v\u1ee5 \u0111\u00e1ng tin c\u1eady, ti\u1ebft ki\u1ec7m chi ph\u00ed v\u00e0 hi\u1ec7u qu\u1ea3. Nhanh ch\u00f3ng &#8211; An to\u00e0n &#8211; Gi\u00e1 tr\u1ecb Ch\u00fang t\u00f4i lu\u00f4n n\u1ed7 l\u1ef1c tr\u1edf th\u00e0nh l\u1ef1a ch\u1ecdn h\u00e0ng \u0111\u1ea7u v\u1ec1 v\u1eadn chuy\u1ec3n b\u1eb1ng xe ba g\u00e1c, mang \u0111\u1ebfn s\u1ef1 h\u00e0i l\u00f2ng tuy\u1ec7t \u0111\u1ed1i cho kh\u00e1ch h\u00e0ng th\u00f4ng qua d\u1ecbch v\u1ee5 t\u1eadn t\u00e2m, \u0111\u00e1ng tin c\u1eady v\u00e0 an to\u00e0n Hotline: 028.7106.1666 Li\u00ean h\u1ec7 ngay<\/p>\n","protected":false},"author":1,"featured_media":0,"parent":0,"menu_order":0,"comment_status":"closed","ping_status":"closed","template":"","meta":{"footnotes":""},"class_list":["post-381","page","type-page","status-publish","hentry"],"_links":{"self":[{"href":"https:\/\/webchodoanhnghiep.tamkhoa.com\/van-tai-01\/wp-json\/wp\/v2\/pages\/381"}],"collection":[{"href":"https:\/\/webchodoanhnghiep.tamkhoa.com\/van-tai-01\/wp-json\/wp\/v2\/pages"}],"about":[{"href":"https:\/\/webchodoanhnghiep.tamkhoa.com\/van-tai-01\/wp-json\/wp\/v2\/types\/page"}],"author":[{"embeddable":true,"href":"https:\/\/webchodoanhnghiep.tamkhoa.com\/van-tai-01\/wp-json\/wp\/v2\/users\/1"}],"replies":[{"embeddable":true,"href":"https:\/\/webchodoanhnghiep.tamkhoa.com\/van-tai-01\/wp-json\/wp\/v2\/comments?post=381"}],"version-history":[{"count":78,"href":"https:\/\/webchodoanhnghiep.tamkhoa.com\/van-tai-01\/wp-json\/wp\/v2\/pages\/381\/revisions"}],"predecessor-version":[{"id":925,"href":"https:\/\/webchodoanhnghiep.tamkhoa.com\/van-tai-01\/wp-json\/wp\/v2\/pages\/381\/revisions\/925"}],"wp:attachment":[{"href":"https:\/\/webchodoanhnghiep.tamkhoa.com\/van-tai-01\/wp-json\/wp\/v2\/media?parent=381"}],"curies":[{"name":"wp","href":"https:\/\/api.w.org\/{rel}","templated":true}]}}