{"id":12,"date":"2024-09-10T06:49:27","date_gmt":"2024-09-10T06:49:27","guid":{"rendered":"https:\/\/dulich.tamkhoa.com\/xay-dung-01\/?page_id=12"},"modified":"2024-11-09T04:57:05","modified_gmt":"2024-11-09T04:57:05","slug":"dich-vu","status":"publish","type":"page","link":"https:\/\/webchodoanhnghiep.tamkhoa.com\/van-tai-02\/dich-vu\/","title":{"rendered":"D\u1ecbch v\u1ee5"},"content":{"rendered":"\t\t<div data-elementor-type=\"wp-page\" data-elementor-id=\"12\" class=\"elementor elementor-12\">\n\t\t\t\t<div class=\"elementor-element elementor-element-0ce7c22 e-flex e-con-boxed wpr-particle-no wpr-jarallax-no wpr-parallax-no wpr-sticky-section-no wpr-column-slider-no wpr-equal-height-no e-con e-parent\" data-id=\"0ce7c22\" data-element_type=\"container\" data-e-type=\"container\">\n\t\t\t\t\t<div class=\"e-con-inner\">\n\t\t\t\t<div class=\"elementor-element elementor-element-be17e82 elementor-widget elementor-widget-page-title\" data-id=\"be17e82\" data-element_type=\"widget\" data-e-type=\"widget\" data-settings=\"{&quot;align&quot;:&quot;center&quot;}\" data-widget_type=\"page-title.default\">\n\t\t\t\t<div class=\"elementor-widget-container\">\n\t\t\t\t\t\t\t\n\t\t<div class=\"hfe-page-title hfe-page-title-wrapper elementor-widget-heading\">\n\n\t\t\t\t\t\t\t\t<h2 class=\"elementor-heading-title elementor-size-default\">\n\t\t\t\t\t\t\t\t\n\t\t\t\tD\u1ecbch v\u1ee5  \n\t\t\t<\/h2 > \n\t\t\t\t\t<\/div>\n\t\t\t\t\t\t<\/div>\n\t\t\t\t<\/div>\n\t\t\t\t\t<\/div>\n\t\t\t\t<\/div>\n\t\t<div class=\"elementor-element elementor-element-c4e8798 e-flex e-con-boxed wpr-particle-no wpr-jarallax-no wpr-parallax-no wpr-sticky-section-no wpr-column-slider-no wpr-equal-height-no e-con e-parent\" data-id=\"c4e8798\" data-element_type=\"container\" data-e-type=\"container\">\n\t\t\t\t\t<div class=\"e-con-inner\">\n\t\t\t\t<div class=\"elementor-element elementor-element-a3ee364 elementor-widget elementor-widget-heading\" data-id=\"a3ee364\" data-element_type=\"widget\" data-e-type=\"widget\" data-widget_type=\"heading.default\">\n\t\t\t\t<div class=\"elementor-widget-container\">\n\t\t\t\t\t<h5 class=\"elementor-heading-title elementor-size-default\">Ch\u00fang t\u00f4i cung c\u1ea5p c\u00e1c d\u1ecbch v\u1ee5 v\u1eadn chuy\u1ec3n sau \u0111\u00e2y<\/h5>\t\t\t\t<\/div>\n\t\t\t\t<\/div>\n\t\t\t\t\t<\/div>\n\t\t\t\t<\/div>\n\t\t<div class=\"elementor-element elementor-element-4be09aa e-flex e-con-boxed wpr-particle-no wpr-jarallax-no wpr-parallax-no wpr-sticky-section-no wpr-column-slider-no wpr-equal-height-no e-con e-parent\" data-id=\"4be09aa\" data-element_type=\"container\" data-e-type=\"container\">\n\t\t\t\t\t<div class=\"e-con-inner\">\n\t\t<div class=\"elementor-element elementor-element-0321fc8 e-con-full e-flex wpr-particle-no wpr-jarallax-no wpr-parallax-no wpr-sticky-section-no wpr-column-slider-no wpr-equal-height-no e-con e-child\" data-id=\"0321fc8\" data-element_type=\"container\" data-e-type=\"container\" data-settings=\"{&quot;background_background&quot;:&quot;classic&quot;}\">\n\t\t<div class=\"elementor-element elementor-element-af63824 e-con-full e-flex wpr-particle-no wpr-jarallax-no wpr-parallax-no wpr-sticky-section-no wpr-column-slider-no wpr-equal-height-no e-con e-child\" data-id=\"af63824\" data-element_type=\"container\" data-e-type=\"container\">\n\t\t\t\t<div class=\"elementor-element elementor-element-66557c9 elementor-widget elementor-widget-image\" data-id=\"66557c9\" data-element_type=\"widget\" data-e-type=\"widget\" data-widget_type=\"image.default\">\n\t\t\t\t<div class=\"elementor-widget-container\">\n\t\t\t\t\t\t\t\t\t\t\t\t\t\t\t<img fetchpriority=\"high\" decoding=\"async\" width=\"1920\" height=\"1080\" src=\"https:\/\/webchodoanhnghiep.tamkhoa.com\/van-tai-02\/wp-content\/uploads\/sites\/19\/2024\/11\/pexels-joey-lu-49400-186537.webp\" class=\"attachment-full size-full wp-image-808\" alt=\"\" srcset=\"https:\/\/webchodoanhnghiep.tamkhoa.com\/van-tai-02\/wp-content\/uploads\/sites\/19\/2024\/11\/pexels-joey-lu-49400-186537.webp 1920w, https:\/\/webchodoanhnghiep.tamkhoa.com\/van-tai-02\/wp-content\/uploads\/sites\/19\/2024\/11\/pexels-joey-lu-49400-186537-300x169.webp 300w, https:\/\/webchodoanhnghiep.tamkhoa.com\/van-tai-02\/wp-content\/uploads\/sites\/19\/2024\/11\/pexels-joey-lu-49400-186537-1024x576.webp 1024w, https:\/\/webchodoanhnghiep.tamkhoa.com\/van-tai-02\/wp-content\/uploads\/sites\/19\/2024\/11\/pexels-joey-lu-49400-186537-768x432.webp 768w, https:\/\/webchodoanhnghiep.tamkhoa.com\/van-tai-02\/wp-content\/uploads\/sites\/19\/2024\/11\/pexels-joey-lu-49400-186537-1536x864.webp 1536w\" sizes=\"(max-width: 1920px) 100vw, 1920px\" \/>\t\t\t\t\t\t\t\t\t\t\t\t\t\t\t<\/div>\n\t\t\t\t<\/div>\n\t\t\t\t<\/div>\n\t\t<div class=\"elementor-element elementor-element-ad613a4 e-con-full e-flex wpr-particle-no wpr-jarallax-no wpr-parallax-no wpr-sticky-section-no wpr-column-slider-no wpr-equal-height-no e-con e-child\" data-id=\"ad613a4\" data-element_type=\"container\" data-e-type=\"container\">\n\t\t\t\t<div class=\"elementor-element elementor-element-850ff65 elementor-widget elementor-widget-heading\" data-id=\"850ff65\" data-element_type=\"widget\" data-e-type=\"widget\" data-widget_type=\"heading.default\">\n\t\t\t\t<div class=\"elementor-widget-container\">\n\t\t\t\t\t<h4 class=\"elementor-heading-title elementor-size-default\">V\u1eadn Chuy\u1ec3n H\u00e0ng H\u00f3a N\u1ed9i \u0110\u00f4<\/h4>\t\t\t\t<\/div>\n\t\t\t\t<\/div>\n\t\t\t\t<div class=\"elementor-element elementor-element-166c5d9 elementor-widget elementor-widget-text-editor\" data-id=\"166c5d9\" data-element_type=\"widget\" data-e-type=\"widget\" data-widget_type=\"text-editor.default\">\n\t\t\t\t<div class=\"elementor-widget-container\">\n\t\t\t\t\t\t\t\t\t<p>D\u1ecbch v\u1ee5 v\u1eadn chuy\u1ec3n nhanh ch\u00f3ng cho c\u00e1c lo\u1ea1i h\u00e0ng h\u00f3a trong khu v\u1ef1c th\u00e0nh ph\u1ed1. Ph\u00f9 h\u1ee3p cho doanh nghi\u1ec7p ho\u1eb7c c\u00e1 nh\u00e2n c\u1ea7n giao nh\u1eadn h\u00e0ng h\u00f3a trong th\u1eddi gian ng\u1eafn.<\/p>\t\t\t\t\t\t\t\t<\/div>\n\t\t\t\t<\/div>\n\t\t\t\t<\/div>\n\t\t\t\t<\/div>\n\t\t<div class=\"elementor-element elementor-element-4d7363d e-con-full e-flex wpr-particle-no wpr-jarallax-no wpr-parallax-no wpr-sticky-section-no wpr-column-slider-no wpr-equal-height-no e-con e-child\" data-id=\"4d7363d\" data-element_type=\"container\" data-e-type=\"container\" data-settings=\"{&quot;background_background&quot;:&quot;classic&quot;}\">\n\t\t<div class=\"elementor-element elementor-element-446fa01 e-con-full e-flex wpr-particle-no wpr-jarallax-no wpr-parallax-no wpr-sticky-section-no wpr-column-slider-no wpr-equal-height-no e-con e-child\" data-id=\"446fa01\" data-element_type=\"container\" data-e-type=\"container\">\n\t\t\t\t<div class=\"elementor-element elementor-element-6ed67ec elementor-widget elementor-widget-image\" data-id=\"6ed67ec\" data-element_type=\"widget\" data-e-type=\"widget\" data-widget_type=\"image.default\">\n\t\t\t\t<div class=\"elementor-widget-container\">\n\t\t\t\t\t\t\t\t\t\t\t\t\t\t\t<img decoding=\"async\" width=\"1920\" height=\"1080\" src=\"https:\/\/webchodoanhnghiep.tamkhoa.com\/van-tai-02\/wp-content\/uploads\/sites\/19\/2024\/11\/pexels-mikebirdy-192364.webp\" class=\"attachment-full size-full wp-image-1141\" alt=\"\" srcset=\"https:\/\/webchodoanhnghiep.tamkhoa.com\/van-tai-02\/wp-content\/uploads\/sites\/19\/2024\/11\/pexels-mikebirdy-192364.webp 1920w, https:\/\/webchodoanhnghiep.tamkhoa.com\/van-tai-02\/wp-content\/uploads\/sites\/19\/2024\/11\/pexels-mikebirdy-192364-300x169.webp 300w, https:\/\/webchodoanhnghiep.tamkhoa.com\/van-tai-02\/wp-content\/uploads\/sites\/19\/2024\/11\/pexels-mikebirdy-192364-1024x576.webp 1024w, https:\/\/webchodoanhnghiep.tamkhoa.com\/van-tai-02\/wp-content\/uploads\/sites\/19\/2024\/11\/pexels-mikebirdy-192364-768x432.webp 768w, https:\/\/webchodoanhnghiep.tamkhoa.com\/van-tai-02\/wp-content\/uploads\/sites\/19\/2024\/11\/pexels-mikebirdy-192364-1536x864.webp 1536w\" sizes=\"(max-width: 1920px) 100vw, 1920px\" \/>\t\t\t\t\t\t\t\t\t\t\t\t\t\t\t<\/div>\n\t\t\t\t<\/div>\n\t\t\t\t<\/div>\n\t\t<div class=\"elementor-element elementor-element-78f622a e-con-full e-flex wpr-particle-no wpr-jarallax-no wpr-parallax-no wpr-sticky-section-no wpr-column-slider-no wpr-equal-height-no e-con e-child\" data-id=\"78f622a\" data-element_type=\"container\" data-e-type=\"container\">\n\t\t\t\t<div class=\"elementor-element elementor-element-7aa81ad elementor-widget elementor-widget-heading\" data-id=\"7aa81ad\" data-element_type=\"widget\" data-e-type=\"widget\" data-widget_type=\"heading.default\">\n\t\t\t\t<div class=\"elementor-widget-container\">\n\t\t\t\t\t<h4 class=\"elementor-heading-title elementor-size-default\">V\u1eadn Chuy\u1ec3n Li\u00ean T\u1ec9nh<\/h4>\t\t\t\t<\/div>\n\t\t\t\t<\/div>\n\t\t\t\t<div class=\"elementor-element elementor-element-cf65cd9 elementor-widget elementor-widget-text-editor\" data-id=\"cf65cd9\" data-element_type=\"widget\" data-e-type=\"widget\" data-widget_type=\"text-editor.default\">\n\t\t\t\t<div class=\"elementor-widget-container\">\n\t\t\t\t\t\t\t\t\t<p>QuickFret cung c\u1ea5p gi\u1ea3i ph\u00e1p v\u1eadn chuy\u1ec3n h\u00e0ng h\u00f3a li\u00ean t\u1ec9nh, \u0111\u1ea3m b\u1ea3o h\u00e0ng h\u00f3a \u0111\u1ebfn n\u01a1i \u0111\u00fang th\u1eddi gian v\u00e0 an to\u00e0n.<\/p>\t\t\t\t\t\t\t\t<\/div>\n\t\t\t\t<\/div>\n\t\t\t\t<\/div>\n\t\t\t\t<\/div>\n\t\t<div class=\"elementor-element elementor-element-54cdbe8 e-con-full e-flex wpr-particle-no wpr-jarallax-no wpr-parallax-no wpr-sticky-section-no wpr-column-slider-no wpr-equal-height-no e-con e-child\" data-id=\"54cdbe8\" data-element_type=\"container\" data-e-type=\"container\" data-settings=\"{&quot;background_background&quot;:&quot;classic&quot;}\">\n\t\t<div class=\"elementor-element elementor-element-fadd74e e-con-full e-flex wpr-particle-no wpr-jarallax-no wpr-parallax-no wpr-sticky-section-no wpr-column-slider-no wpr-equal-height-no e-con e-child\" data-id=\"fadd74e\" data-element_type=\"container\" data-e-type=\"container\">\n\t\t\t\t<div class=\"elementor-element elementor-element-bac6502 elementor-widget elementor-widget-image\" data-id=\"bac6502\" data-element_type=\"widget\" data-e-type=\"widget\" data-widget_type=\"image.default\">\n\t\t\t\t<div class=\"elementor-widget-container\">\n\t\t\t\t\t\t\t\t\t\t\t\t\t\t\t<img decoding=\"async\" width=\"1920\" height=\"1080\" src=\"https:\/\/webchodoanhnghiep.tamkhoa.com\/van-tai-02\/wp-content\/uploads\/sites\/19\/2024\/11\/pexels-pavel-danilyuk-6407384.webp\" class=\"attachment-full size-full wp-image-1142\" alt=\"\" srcset=\"https:\/\/webchodoanhnghiep.tamkhoa.com\/van-tai-02\/wp-content\/uploads\/sites\/19\/2024\/11\/pexels-pavel-danilyuk-6407384.webp 1920w, https:\/\/webchodoanhnghiep.tamkhoa.com\/van-tai-02\/wp-content\/uploads\/sites\/19\/2024\/11\/pexels-pavel-danilyuk-6407384-300x169.webp 300w, https:\/\/webchodoanhnghiep.tamkhoa.com\/van-tai-02\/wp-content\/uploads\/sites\/19\/2024\/11\/pexels-pavel-danilyuk-6407384-1024x576.webp 1024w, https:\/\/webchodoanhnghiep.tamkhoa.com\/van-tai-02\/wp-content\/uploads\/sites\/19\/2024\/11\/pexels-pavel-danilyuk-6407384-768x432.webp 768w, https:\/\/webchodoanhnghiep.tamkhoa.com\/van-tai-02\/wp-content\/uploads\/sites\/19\/2024\/11\/pexels-pavel-danilyuk-6407384-1536x864.webp 1536w\" sizes=\"(max-width: 1920px) 100vw, 1920px\" \/>\t\t\t\t\t\t\t\t\t\t\t\t\t\t\t<\/div>\n\t\t\t\t<\/div>\n\t\t\t\t<\/div>\n\t\t<div class=\"elementor-element elementor-element-3db25ef e-con-full e-flex wpr-particle-no wpr-jarallax-no wpr-parallax-no wpr-sticky-section-no wpr-column-slider-no wpr-equal-height-no e-con e-child\" data-id=\"3db25ef\" data-element_type=\"container\" data-e-type=\"container\">\n\t\t\t\t<div class=\"elementor-element elementor-element-9c30483 elementor-widget elementor-widget-heading\" data-id=\"9c30483\" data-element_type=\"widget\" data-e-type=\"widget\" data-widget_type=\"heading.default\">\n\t\t\t\t<div class=\"elementor-widget-container\">\n\t\t\t\t\t<h4 class=\"elementor-heading-title elementor-size-default\">D\u1ecbch V\u1ee5 Chuy\u1ec3n Nh\u00e0, Chuy\u1ec3n V\u0103n Ph\u00f2ng<\/h4>\t\t\t\t<\/div>\n\t\t\t\t<\/div>\n\t\t\t\t<div class=\"elementor-element elementor-element-eaa19a9 elementor-widget elementor-widget-text-editor\" data-id=\"eaa19a9\" data-element_type=\"widget\" data-e-type=\"widget\" data-widget_type=\"text-editor.default\">\n\t\t\t\t<div class=\"elementor-widget-container\">\n\t\t\t\t\t\t\t\t\t<p>\u0110\u1ed9i ng\u0169 chuy\u00ean nghi\u1ec7p c\u1ee7a ch\u00fang t\u00f4i h\u1ed7 tr\u1ee3 kh\u00e1ch h\u00e0ng t\u1eeb kh\u00e2u \u0111\u00f3ng g\u00f3i \u0111\u1ebfn v\u1eadn chuy\u1ec3n, gi\u00fap qu\u00e1 tr\u00ecnh chuy\u1ec3n nh\u00e0 hay v\u0103n ph\u00f2ng tr\u1edf n\u00ean \u0111\u01a1n gi\u1ea3n v\u00e0 thu\u1eadn ti\u1ec7n.<\/p>\t\t\t\t\t\t\t\t<\/div>\n\t\t\t\t<\/div>\n\t\t\t\t<\/div>\n\t\t\t\t<\/div>\n\t\t<div class=\"elementor-element elementor-element-634fcc3 e-con-full e-flex wpr-particle-no wpr-jarallax-no wpr-parallax-no wpr-sticky-section-no wpr-column-slider-no wpr-equal-height-no e-con e-child\" data-id=\"634fcc3\" data-element_type=\"container\" data-e-type=\"container\" data-settings=\"{&quot;background_background&quot;:&quot;classic&quot;}\">\n\t\t<div class=\"elementor-element elementor-element-eccafa3 e-con-full e-flex wpr-particle-no wpr-jarallax-no wpr-parallax-no wpr-sticky-section-no wpr-column-slider-no wpr-equal-height-no e-con e-child\" data-id=\"eccafa3\" data-element_type=\"container\" data-e-type=\"container\">\n\t\t\t\t<div class=\"elementor-element elementor-element-4e8db78 elementor-widget elementor-widget-image\" data-id=\"4e8db78\" data-element_type=\"widget\" data-e-type=\"widget\" data-widget_type=\"image.default\">\n\t\t\t\t<div class=\"elementor-widget-container\">\n\t\t\t\t\t\t\t\t\t\t\t\t\t\t\t<img loading=\"lazy\" decoding=\"async\" width=\"1920\" height=\"1080\" src=\"https:\/\/webchodoanhnghiep.tamkhoa.com\/van-tai-02\/wp-content\/uploads\/sites\/19\/2024\/11\/pexels-kindelmedia-9716225.webp\" class=\"attachment-full size-full wp-image-1140\" alt=\"\" srcset=\"https:\/\/webchodoanhnghiep.tamkhoa.com\/van-tai-02\/wp-content\/uploads\/sites\/19\/2024\/11\/pexels-kindelmedia-9716225.webp 1920w, https:\/\/webchodoanhnghiep.tamkhoa.com\/van-tai-02\/wp-content\/uploads\/sites\/19\/2024\/11\/pexels-kindelmedia-9716225-300x169.webp 300w, https:\/\/webchodoanhnghiep.tamkhoa.com\/van-tai-02\/wp-content\/uploads\/sites\/19\/2024\/11\/pexels-kindelmedia-9716225-1024x576.webp 1024w, https:\/\/webchodoanhnghiep.tamkhoa.com\/van-tai-02\/wp-content\/uploads\/sites\/19\/2024\/11\/pexels-kindelmedia-9716225-768x432.webp 768w, https:\/\/webchodoanhnghiep.tamkhoa.com\/van-tai-02\/wp-content\/uploads\/sites\/19\/2024\/11\/pexels-kindelmedia-9716225-1536x864.webp 1536w\" sizes=\"(max-width: 1920px) 100vw, 1920px\" \/>\t\t\t\t\t\t\t\t\t\t\t\t\t\t\t<\/div>\n\t\t\t\t<\/div>\n\t\t\t\t<\/div>\n\t\t<div class=\"elementor-element elementor-element-3ee2f73 e-con-full e-flex wpr-particle-no wpr-jarallax-no wpr-parallax-no wpr-sticky-section-no wpr-column-slider-no wpr-equal-height-no e-con e-child\" data-id=\"3ee2f73\" data-element_type=\"container\" data-e-type=\"container\">\n\t\t\t\t<div class=\"elementor-element elementor-element-ca846b7 elementor-widget elementor-widget-heading\" data-id=\"ca846b7\" data-element_type=\"widget\" data-e-type=\"widget\" data-widget_type=\"heading.default\">\n\t\t\t\t<div class=\"elementor-widget-container\">\n\t\t\t\t\t<h4 class=\"elementor-heading-title elementor-size-default\">V\u1eadn Chuy\u1ec3n H\u00e0ng H\u00f3a Nh\u1eb9 V\u00e0 H\u00e0ng H\u00f3a C\u1ed3ng K\u1ec1nh<\/h4>\t\t\t\t<\/div>\n\t\t\t\t<\/div>\n\t\t\t\t<div class=\"elementor-element elementor-element-ef83403 elementor-widget elementor-widget-text-editor\" data-id=\"ef83403\" data-element_type=\"widget\" data-e-type=\"widget\" data-widget_type=\"text-editor.default\">\n\t\t\t\t<div class=\"elementor-widget-container\">\n\t\t\t\t\t\t\t\t\t<p>D\u00f9 l\u00e0 h\u00e0ng h\u00f3a nh\u1ecf hay h\u00e0ng c\u1ed3ng k\u1ec1nh, QuickFret c\u00f3 \u0111\u1ed9i ng\u0169 xe v\u00e0 t\u00e0i x\u1ebf chuy\u00ean nghi\u1ec7p s\u1eb5n s\u00e0ng ph\u1ee5c v\u1ee5, \u0111\u1ea3m b\u1ea3o v\u1eadn chuy\u1ec3n an to\u00e0n v\u00e0 \u0111\u00fang y\u00eau c\u1ea7u.<\/p>\t\t\t\t\t\t\t\t<\/div>\n\t\t\t\t<\/div>\n\t\t\t\t<\/div>\n\t\t\t\t<\/div>\n\t\t\t\t\t<\/div>\n\t\t\t\t<\/div>\n\t\t<div class=\"elementor-element elementor-element-c539f18 e-flex e-con-boxed wpr-particle-no wpr-jarallax-no wpr-parallax-no wpr-sticky-section-no wpr-column-slider-no wpr-equal-height-no e-con e-parent\" data-id=\"c539f18\" data-element_type=\"container\" data-e-type=\"container\">\n\t\t\t\t\t<div class=\"e-con-inner\">\n\t\t\t\t<div class=\"elementor-element elementor-element-dfa3d33 elementor-widget elementor-widget-spacer\" data-id=\"dfa3d33\" data-element_type=\"widget\" data-e-type=\"widget\" data-widget_type=\"spacer.default\">\n\t\t\t\t<div class=\"elementor-widget-container\">\n\t\t\t\t\t\t\t<div class=\"elementor-spacer\">\n\t\t\t<div class=\"elementor-spacer-inner\"><\/div>\n\t\t<\/div>\n\t\t\t\t\t\t<\/div>\n\t\t\t\t<\/div>\n\t\t\t\t\t<\/div>\n\t\t\t\t<\/div>\n\t\t\t\t<\/div>\n\t\t","protected":false},"excerpt":{"rendered":"<p>D\u1ecbch v\u1ee5 Ch\u00fang t\u00f4i cung c\u1ea5p c\u00e1c d\u1ecbch v\u1ee5 v\u1eadn chuy\u1ec3n sau \u0111\u00e2y V\u1eadn Chuy\u1ec3n H\u00e0ng H\u00f3a N\u1ed9i \u0110\u00f4 D\u1ecbch v\u1ee5 v\u1eadn chuy\u1ec3n nhanh ch\u00f3ng cho c\u00e1c lo\u1ea1i h\u00e0ng h\u00f3a trong khu v\u1ef1c th\u00e0nh ph\u1ed1. Ph\u00f9 h\u1ee3p cho doanh nghi\u1ec7p ho\u1eb7c c\u00e1 nh\u00e2n c\u1ea7n giao nh\u1eadn h\u00e0ng h\u00f3a trong th\u1eddi gian ng\u1eafn. V\u1eadn Chuy\u1ec3n Li\u00ean T\u1ec9nh QuickFret cung c\u1ea5p gi\u1ea3i ph\u00e1p v\u1eadn chuy\u1ec3n h\u00e0ng h\u00f3a li\u00ean t\u1ec9nh, \u0111\u1ea3m b\u1ea3o h\u00e0ng h\u00f3a \u0111\u1ebfn n\u01a1i \u0111\u00fang th\u1eddi gian v\u00e0 an to\u00e0n. D\u1ecbch V\u1ee5 Chuy\u1ec3n Nh\u00e0, Chuy\u1ec3n V\u0103n Ph\u00f2ng \u0110\u1ed9i ng\u0169 chuy\u00ean nghi\u1ec7p c\u1ee7a ch\u00fang t\u00f4i h\u1ed7 tr\u1ee3 kh\u00e1ch h\u00e0ng t\u1eeb kh\u00e2u \u0111\u00f3ng g\u00f3i \u0111\u1ebfn v\u1eadn chuy\u1ec3n, gi\u00fap qu\u00e1 tr\u00ecnh chuy\u1ec3n nh\u00e0 hay v\u0103n ph\u00f2ng tr\u1edf n\u00ean \u0111\u01a1n gi\u1ea3n v\u00e0 thu\u1eadn ti\u1ec7n. V\u1eadn Chuy\u1ec3n H\u00e0ng H\u00f3a Nh\u1eb9 V\u00e0 H\u00e0ng H\u00f3a C\u1ed3ng K\u1ec1nh D\u00f9 l\u00e0 h\u00e0ng h\u00f3a nh\u1ecf hay h\u00e0ng c\u1ed3ng k\u1ec1nh, QuickFret c\u00f3 \u0111\u1ed9i ng\u0169 xe v\u00e0 t\u00e0i x\u1ebf chuy\u00ean nghi\u1ec7p s\u1eb5n s\u00e0ng ph\u1ee5c v\u1ee5, \u0111\u1ea3m b\u1ea3o v\u1eadn chuy\u1ec3n an to\u00e0n v\u00e0 \u0111\u00fang y\u00eau c\u1ea7u.<\/p>\n","protected":false},"author":1,"featured_media":0,"parent":0,"menu_order":0,"comment_status":"closed","ping_status":"closed","template":"","meta":{"footnotes":""},"class_list":["post-12","page","type-page","status-publish","hentry"],"_links":{"self":[{"href":"https:\/\/webchodoanhnghiep.tamkhoa.com\/van-tai-02\/wp-json\/wp\/v2\/pages\/12"}],"collection":[{"href":"https:\/\/webchodoanhnghiep.tamkhoa.com\/van-tai-02\/wp-json\/wp\/v2\/pages"}],"about":[{"href":"https:\/\/webchodoanhnghiep.tamkhoa.com\/van-tai-02\/wp-json\/wp\/v2\/types\/page"}],"author":[{"embeddable":true,"href":"https:\/\/webchodoanhnghiep.tamkhoa.com\/van-tai-02\/wp-json\/wp\/v2\/users\/1"}],"replies":[{"embeddable":true,"href":"https:\/\/webchodoanhnghiep.tamkhoa.com\/van-tai-02\/wp-json\/wp\/v2\/comments?post=12"}],"version-history":[{"count":108,"href":"https:\/\/webchodoanhnghiep.tamkhoa.com\/van-tai-02\/wp-json\/wp\/v2\/pages\/12\/revisions"}],"predecessor-version":[{"id":1259,"href":"https:\/\/webchodoanhnghiep.tamkhoa.com\/van-tai-02\/wp-json\/wp\/v2\/pages\/12\/revisions\/1259"}],"wp:attachment":[{"href":"https:\/\/webchodoanhnghiep.tamkhoa.com\/van-tai-02\/wp-json\/wp\/v2\/media?parent=12"}],"curies":[{"name":"wp","href":"https:\/\/api.w.org\/{rel}","templated":true}]}}