{"id":1266,"date":"2024-11-11T03:09:50","date_gmt":"2024-11-11T03:09:50","guid":{"rendered":"https:\/\/webchodoanhnghiep.tamkhoa.com\/vai-tai-02\/?page_id=1266"},"modified":"2024-11-11T03:19:58","modified_gmt":"2024-11-11T03:19:58","slug":"cau-hoi-thuong-gap","status":"publish","type":"page","link":"https:\/\/webchodoanhnghiep.tamkhoa.com\/van-tai-02\/cau-hoi-thuong-gap\/","title":{"rendered":"C\u00e2u h\u1ecfi th\u01b0\u1eddng g\u1eb7p"},"content":{"rendered":"\t\t<div data-elementor-type=\"wp-page\" data-elementor-id=\"1266\" class=\"elementor elementor-1266\">\n\t\t\t\t<div class=\"elementor-element elementor-element-197ef1a e-flex e-con-boxed wpr-particle-no wpr-jarallax-no wpr-parallax-no wpr-sticky-section-no wpr-column-slider-no wpr-equal-height-no e-con e-parent\" data-id=\"197ef1a\" data-element_type=\"container\" data-e-type=\"container\">\n\t\t\t\t\t<div class=\"e-con-inner\">\n\t\t\t\t<div class=\"elementor-element elementor-element-88afae4 elementor-widget elementor-widget-page-title\" data-id=\"88afae4\" data-element_type=\"widget\" data-e-type=\"widget\" data-settings=\"{&quot;align&quot;:&quot;center&quot;}\" data-widget_type=\"page-title.default\">\n\t\t\t\t<div class=\"elementor-widget-container\">\n\t\t\t\t\t\t\t\n\t\t<div class=\"hfe-page-title hfe-page-title-wrapper elementor-widget-heading\">\n\n\t\t\t\t\t\t\t\t<h2 class=\"elementor-heading-title elementor-size-default\">\n\t\t\t\t\t\t\t\t\n\t\t\t\tC\u00e2u h\u1ecfi th\u01b0\u1eddng g\u1eb7p  \n\t\t\t<\/h2 > \n\t\t\t\t\t<\/div>\n\t\t\t\t\t\t<\/div>\n\t\t\t\t<\/div>\n\t\t\t\t\t<\/div>\n\t\t\t\t<\/div>\n\t\t<div class=\"elementor-element elementor-element-9c4a2dd e-flex e-con-boxed wpr-particle-no wpr-jarallax-no wpr-parallax-no wpr-sticky-section-no wpr-column-slider-no wpr-equal-height-no e-con e-parent\" data-id=\"9c4a2dd\" data-element_type=\"container\" data-e-type=\"container\">\n\t\t\t\t\t<div class=\"e-con-inner\">\n\t\t\t\t<div class=\"elementor-element elementor-element-f00a367 elementor-widget elementor-widget-bdt-accordion\" data-id=\"f00a367\" data-element_type=\"widget\" data-e-type=\"widget\" data-widget_type=\"bdt-accordion.default\">\n\t\t\t\t<div class=\"elementor-widget-container\">\n\t\t\t\t\t\t\t<div class=\"bdt-ep-accordion-container\">\n\t\t\t<div id=\"bdt-ep-accordion-f00a367\" class=\"bdt-ep-accordion bdt-accordion\" data-bdt-accordion=\"{&quot;collapsible&quot;:true,&quot;multiple&quot;:true,&quot;animation&quot;:true,&quot;transition&quot;:&quot;ease-in-out&quot;,&quot;duration&quot;:200}\" \t\tdata-settings=\"{&quot;id&quot;:&quot;bdt-ep-accordion-f00a367&quot;,&quot;activeHash&quot;:&quot;no&quot;,&quot;activeScrollspy&quot;:null,&quot;hashTopOffset&quot;:false,&quot;hashScrollspyTime&quot;:false,&quot;closeAllItemsOnMobile&quot;:false}\">\n\t\t\t\t\t\t\t\t\t<div class=\"bdt-ep-accordion-item\">\n\t\t\t\t\t\t<div\t\t\t\t\t\t\tclass=\"bdt-ep-accordion-title bdt-accordion-title bdt-flex bdt-flex-middle bdt-flex-between\" id=\"bdt-ep-accordion-quickfret-c-th-vn-chuyn-nhng-loi-hng-ha-no\"\n\t\t\t\t\t\t\tdata-accordion-index=\"0\" data-title=\"quickfret-c-th-v-n-chuy-n-nh-ng-lo-i-h-ng-h-a-n-o\">\n\n\t\t\t\t\t\t\t\t\t\t\t\t\t\t\t<span class=\"bdt-ep-accordion-icon bdt-flex-align-right\"\n\t\t\t\t\t\t\t\t\taria-hidden=\"true\">\n\n\t\t\t\t\t\t\t\t\t\t\t\t\t\t\t\t\t\t\t<span class=\"bdt-ep-accordion-icon-closed\">\n\t\t\t\t\t\t\t\t\t\t\t<svg aria-hidden=\"true\" class=\"fa-fw e-font-icon-svg e-fas-plus\" viewBox=\"0 0 448 512\" xmlns=\"http:\/\/www.w3.org\/2000\/svg\"><path d=\"M416 208H272V64c0-17.67-14.33-32-32-32h-32c-17.67 0-32 14.33-32 32v144H32c-17.67 0-32 14.33-32 32v32c0 17.67 14.33 32 32 32h144v144c0 17.67 14.33 32 32 32h32c17.67 0 32-14.33 32-32V304h144c17.67 0 32-14.33 32-32v-32c0-17.67-14.33-32-32-32z\"><\/path><\/svg>\t\t\t\t\t\t\t\t\t\t<\/span>\n\t\t\t\t\t\t\t\t\t\n\t\t\t\t\t\t\t\t\t\t\t\t\t\t\t\t\t\t\t<span class=\"bdt-ep-accordion-icon-opened\">\n\t\t\t\t\t\t\t\t\t\t\t<svg aria-hidden=\"true\" class=\"fa-fw e-font-icon-svg e-fas-minus\" viewBox=\"0 0 448 512\" xmlns=\"http:\/\/www.w3.org\/2000\/svg\"><path d=\"M416 208H32c-17.67 0-32 14.33-32 32v32c0 17.67 14.33 32 32 32h384c17.67 0 32-14.33 32-32v-32c0-17.67-14.33-32-32-32z\"><\/path><\/svg>\t\t\t\t\t\t\t\t\t\t<\/span>\n\t\t\t\t\t\t\t\t\t\n\t\t\t\t\t\t\t\t<\/span>\n\t\t\t\t\t\t\t\n\t\t\t\t\t\t\t<span role=\"heading\" class=\"bdt-ep-title-text bdt-flex-inline bdt-flex-middle\" >\n\n\t\t\t\t\t\t\t\t\t\t\t\t\t\t\t\tQuickFret c\u00f3 th\u1ec3 v\u1eadn chuy\u1ec3n nh\u1eefng lo\u1ea1i h\u00e0ng h\u00f3a n\u00e0o?\t\t\t\t\t\t\t<\/span>\n\n\t\t\t\t\t\t<\/div>\n\t\t\t\t\t\t<div class=\"bdt-ep-accordion-content bdt-accordion-content\">\n\t\t\t\t\t\t\t<p>QuickFret chuy\u00ean v\u1eadn chuy\u1ec3n \u0111a d\u1ea1ng c\u00e1c lo\u1ea1i h\u00e0ng h\u00f3a, t\u1eeb \u0111\u1ed3 gia d\u1ee5ng, \u0111\u1ed3 \u0111\u1ea1c v\u0103n ph\u00f2ng \u0111\u1ebfn h\u00e0ng h\u00f3a c\u1ed3ng k\u1ec1nh. Tuy nhi\u00ean, m\u1ed9t s\u1ed1 m\u1eb7t h\u00e0ng \u0111\u1eb7c bi\u1ec7t (nh\u01b0 h\u00f3a ch\u1ea5t nguy hi\u1ec3m) c\u00f3 th\u1ec3 c\u1ea7n ki\u1ec3m tra tr\u01b0\u1edbc khi nh\u1eadn.<\/p>\t\t\t\t\t\t<\/div>\n\t\t\t\t\t<\/div>\n\t\t\t\t\t\t\t\t\t<div class=\"bdt-ep-accordion-item\">\n\t\t\t\t\t\t<div\t\t\t\t\t\t\tclass=\"bdt-ep-accordion-title bdt-accordion-title bdt-flex bdt-flex-middle bdt-flex-between\" id=\"bdt-ep-accordion-gi-cc-vn-chuyn-c-tnh-nh-th-no\"\n\t\t\t\t\t\t\tdata-accordion-index=\"1\" data-title=\"gi-c-c-v-n-chuy-n-c-t-nh-nh-th-n-o\">\n\n\t\t\t\t\t\t\t\t\t\t\t\t\t\t\t<span class=\"bdt-ep-accordion-icon bdt-flex-align-right\"\n\t\t\t\t\t\t\t\t\taria-hidden=\"true\">\n\n\t\t\t\t\t\t\t\t\t\t\t\t\t\t\t\t\t\t\t<span class=\"bdt-ep-accordion-icon-closed\">\n\t\t\t\t\t\t\t\t\t\t\t<svg aria-hidden=\"true\" class=\"fa-fw e-font-icon-svg e-fas-plus\" viewBox=\"0 0 448 512\" xmlns=\"http:\/\/www.w3.org\/2000\/svg\"><path d=\"M416 208H272V64c0-17.67-14.33-32-32-32h-32c-17.67 0-32 14.33-32 32v144H32c-17.67 0-32 14.33-32 32v32c0 17.67 14.33 32 32 32h144v144c0 17.67 14.33 32 32 32h32c17.67 0 32-14.33 32-32V304h144c17.67 0 32-14.33 32-32v-32c0-17.67-14.33-32-32-32z\"><\/path><\/svg>\t\t\t\t\t\t\t\t\t\t<\/span>\n\t\t\t\t\t\t\t\t\t\n\t\t\t\t\t\t\t\t\t\t\t\t\t\t\t\t\t\t\t<span class=\"bdt-ep-accordion-icon-opened\">\n\t\t\t\t\t\t\t\t\t\t\t<svg aria-hidden=\"true\" class=\"fa-fw e-font-icon-svg e-fas-minus\" viewBox=\"0 0 448 512\" xmlns=\"http:\/\/www.w3.org\/2000\/svg\"><path d=\"M416 208H32c-17.67 0-32 14.33-32 32v32c0 17.67 14.33 32 32 32h384c17.67 0 32-14.33 32-32v-32c0-17.67-14.33-32-32-32z\"><\/path><\/svg>\t\t\t\t\t\t\t\t\t\t<\/span>\n\t\t\t\t\t\t\t\t\t\n\t\t\t\t\t\t\t\t<\/span>\n\t\t\t\t\t\t\t\n\t\t\t\t\t\t\t<span role=\"heading\" class=\"bdt-ep-title-text bdt-flex-inline bdt-flex-middle\" >\n\n\t\t\t\t\t\t\t\t\t\t\t\t\t\t\t\tGi\u00e1 c\u01b0\u1edbc v\u1eadn chuy\u1ec3n \u0111\u01b0\u1ee3c t\u00ednh nh\u01b0 th\u1ebf n\u00e0o?\t\t\t\t\t\t\t<\/span>\n\n\t\t\t\t\t\t<\/div>\n\t\t\t\t\t\t<div class=\"bdt-ep-accordion-content bdt-accordion-content\">\n\t\t\t\t\t\t\t<p>Gi\u00e1 c\u01b0\u1edbc c\u1ee7a QuickFret ch\u1ee7 y\u1ebfu \u0111\u01b0\u1ee3c t\u00ednh d\u1ef1a tr\u00ean qu\u00e3ng \u0111\u01b0\u1eddng di chuy\u1ec3n v\u00e0 lo\u1ea1i h\u00ecnh d\u1ecbch v\u1ee5. B\u1ea1n c\u00f3 th\u1ec3 tham kh\u1ea3o b\u1ea3ng gi\u00e1 tr\u00ean website ho\u1eb7c li\u00ean h\u1ec7 \u0111\u1ec3 nh\u1eadn b\u00e1o gi\u00e1 chi ti\u1ebft<\/p>\t\t\t\t\t\t<\/div>\n\t\t\t\t\t<\/div>\n\t\t\t\t\t\t\t\t\t<div class=\"bdt-ep-accordion-item\">\n\t\t\t\t\t\t<div\t\t\t\t\t\t\tclass=\"bdt-ep-accordion-title bdt-accordion-title bdt-flex bdt-flex-middle bdt-flex-between\" id=\"bdt-ep-accordion-quickfret-c-h-tr-ng-gi-hng-ha-khng\"\n\t\t\t\t\t\t\tdata-accordion-index=\"2\" data-title=\"quickfret-c-h-tr-ng-g-i-h-ng-h-a-kh-ng\">\n\n\t\t\t\t\t\t\t\t\t\t\t\t\t\t\t<span class=\"bdt-ep-accordion-icon bdt-flex-align-right\"\n\t\t\t\t\t\t\t\t\taria-hidden=\"true\">\n\n\t\t\t\t\t\t\t\t\t\t\t\t\t\t\t\t\t\t\t<span class=\"bdt-ep-accordion-icon-closed\">\n\t\t\t\t\t\t\t\t\t\t\t<svg aria-hidden=\"true\" class=\"fa-fw e-font-icon-svg e-fas-plus\" viewBox=\"0 0 448 512\" xmlns=\"http:\/\/www.w3.org\/2000\/svg\"><path d=\"M416 208H272V64c0-17.67-14.33-32-32-32h-32c-17.67 0-32 14.33-32 32v144H32c-17.67 0-32 14.33-32 32v32c0 17.67 14.33 32 32 32h144v144c0 17.67 14.33 32 32 32h32c17.67 0 32-14.33 32-32V304h144c17.67 0 32-14.33 32-32v-32c0-17.67-14.33-32-32-32z\"><\/path><\/svg>\t\t\t\t\t\t\t\t\t\t<\/span>\n\t\t\t\t\t\t\t\t\t\n\t\t\t\t\t\t\t\t\t\t\t\t\t\t\t\t\t\t\t<span class=\"bdt-ep-accordion-icon-opened\">\n\t\t\t\t\t\t\t\t\t\t\t<svg aria-hidden=\"true\" class=\"fa-fw e-font-icon-svg e-fas-minus\" viewBox=\"0 0 448 512\" xmlns=\"http:\/\/www.w3.org\/2000\/svg\"><path d=\"M416 208H32c-17.67 0-32 14.33-32 32v32c0 17.67 14.33 32 32 32h384c17.67 0 32-14.33 32-32v-32c0-17.67-14.33-32-32-32z\"><\/path><\/svg>\t\t\t\t\t\t\t\t\t\t<\/span>\n\t\t\t\t\t\t\t\t\t\n\t\t\t\t\t\t\t\t<\/span>\n\t\t\t\t\t\t\t\n\t\t\t\t\t\t\t<span role=\"heading\" class=\"bdt-ep-title-text bdt-flex-inline bdt-flex-middle\" >\n\n\t\t\t\t\t\t\t\t\t\t\t\t\t\t\t\tQuickFret c\u00f3 h\u1ed7 tr\u1ee3 \u0111\u00f3ng g\u00f3i h\u00e0ng h\u00f3a kh\u00f4ng?\t\t\t\t\t\t\t<\/span>\n\n\t\t\t\t\t\t<\/div>\n\t\t\t\t\t\t<div class=\"bdt-ep-accordion-content bdt-accordion-content\">\n\t\t\t\t\t\t\t<p>C\u00f3, ch\u00fang t\u00f4i c\u00f3 cung c\u1ea5p d\u1ecbch v\u1ee5 \u0111\u00f3ng g\u00f3i h\u00e0ng h\u00f3a theo y\u00eau c\u1ea7u. Chi ph\u00ed \u0111\u00f3ng g\u00f3i s\u1ebd \u0111\u01b0\u1ee3c t\u00ednh ri\u00eang, t\u00f9y thu\u1ed9c v\u00e0o lo\u1ea1i h\u00e0ng h\u00f3a v\u00e0 y\u00eau c\u1ea7u c\u1ee7a kh\u00e1ch h\u00e0ng.<\/p>\t\t\t\t\t\t<\/div>\n\t\t\t\t\t<\/div>\n\t\t\t\t\t\t\t\t\t<div class=\"bdt-ep-accordion-item\">\n\t\t\t\t\t\t<div\t\t\t\t\t\t\tclass=\"bdt-ep-accordion-title bdt-accordion-title bdt-flex bdt-flex-middle bdt-flex-between\" id=\"bdt-ep-accordion-c-th-t-lch-vn-chuyn-trc-khng\"\n\t\t\t\t\t\t\tdata-accordion-index=\"3\" data-title=\"c-th-t-l-ch-v-n-chuy-n-tr-c-kh-ng\">\n\n\t\t\t\t\t\t\t\t\t\t\t\t\t\t\t<span class=\"bdt-ep-accordion-icon bdt-flex-align-right\"\n\t\t\t\t\t\t\t\t\taria-hidden=\"true\">\n\n\t\t\t\t\t\t\t\t\t\t\t\t\t\t\t\t\t\t\t<span class=\"bdt-ep-accordion-icon-closed\">\n\t\t\t\t\t\t\t\t\t\t\t<svg aria-hidden=\"true\" class=\"fa-fw e-font-icon-svg e-fas-plus\" viewBox=\"0 0 448 512\" xmlns=\"http:\/\/www.w3.org\/2000\/svg\"><path d=\"M416 208H272V64c0-17.67-14.33-32-32-32h-32c-17.67 0-32 14.33-32 32v144H32c-17.67 0-32 14.33-32 32v32c0 17.67 14.33 32 32 32h144v144c0 17.67 14.33 32 32 32h32c17.67 0 32-14.33 32-32V304h144c17.67 0 32-14.33 32-32v-32c0-17.67-14.33-32-32-32z\"><\/path><\/svg>\t\t\t\t\t\t\t\t\t\t<\/span>\n\t\t\t\t\t\t\t\t\t\n\t\t\t\t\t\t\t\t\t\t\t\t\t\t\t\t\t\t\t<span class=\"bdt-ep-accordion-icon-opened\">\n\t\t\t\t\t\t\t\t\t\t\t<svg aria-hidden=\"true\" class=\"fa-fw e-font-icon-svg e-fas-minus\" viewBox=\"0 0 448 512\" xmlns=\"http:\/\/www.w3.org\/2000\/svg\"><path d=\"M416 208H32c-17.67 0-32 14.33-32 32v32c0 17.67 14.33 32 32 32h384c17.67 0 32-14.33 32-32v-32c0-17.67-14.33-32-32-32z\"><\/path><\/svg>\t\t\t\t\t\t\t\t\t\t<\/span>\n\t\t\t\t\t\t\t\t\t\n\t\t\t\t\t\t\t\t<\/span>\n\t\t\t\t\t\t\t\n\t\t\t\t\t\t\t<span role=\"heading\" class=\"bdt-ep-title-text bdt-flex-inline bdt-flex-middle\" >\n\n\t\t\t\t\t\t\t\t\t\t\t\t\t\t\t\tC\u00f3 th\u1ec3 \u0111\u1eb7t l\u1ecbch v\u1eadn chuy\u1ec3n tr\u01b0\u1edbc kh\u00f4ng?\t\t\t\t\t\t\t<\/span>\n\n\t\t\t\t\t\t<\/div>\n\t\t\t\t\t\t<div class=\"bdt-ep-accordion-content bdt-accordion-content\">\n\t\t\t\t\t\t\t<p>C\u00f3, ch\u00fang t\u00f4i c\u00f3 cung c\u1ea5p d\u1ecbch v\u1ee5 \u0111\u00f3ng g\u00f3i h\u00e0ng h\u00f3a theo y\u00eau c\u1ea7u. Chi ph\u00ed \u0111\u00f3ng g\u00f3i s\u1ebd \u0111\u01b0\u1ee3c t\u00ednh ri\u00eang, t\u00f9y thu\u1ed9c v\u00e0o lo\u1ea1i h\u00e0ng h\u00f3a v\u00e0 y\u00eau c\u1ea7u c\u1ee7a kh\u00e1ch h\u00e0ng.<\/p>\t\t\t\t\t\t<\/div>\n\t\t\t\t\t<\/div>\n\t\t\t\t\t\t\t\t\t<div class=\"bdt-ep-accordion-item\">\n\t\t\t\t\t\t<div\t\t\t\t\t\t\tclass=\"bdt-ep-accordion-title bdt-accordion-title bdt-flex bdt-flex-middle bdt-flex-between\" id=\"bdt-ep-accordion-quickfret-c-h-tr-vn-chuyn-hng-ha-vo-cui-tun-v-ngy-l-khng\"\n\t\t\t\t\t\t\tdata-accordion-index=\"4\" data-title=\"quickfret-c-h-tr-v-n-chuy-n-h-ng-h-a-v-o-cu-i-tu-n-v-ng-y-l-kh-ng\">\n\n\t\t\t\t\t\t\t\t\t\t\t\t\t\t\t<span class=\"bdt-ep-accordion-icon bdt-flex-align-right\"\n\t\t\t\t\t\t\t\t\taria-hidden=\"true\">\n\n\t\t\t\t\t\t\t\t\t\t\t\t\t\t\t\t\t\t\t<span class=\"bdt-ep-accordion-icon-closed\">\n\t\t\t\t\t\t\t\t\t\t\t<svg aria-hidden=\"true\" class=\"fa-fw e-font-icon-svg e-fas-plus\" viewBox=\"0 0 448 512\" xmlns=\"http:\/\/www.w3.org\/2000\/svg\"><path d=\"M416 208H272V64c0-17.67-14.33-32-32-32h-32c-17.67 0-32 14.33-32 32v144H32c-17.67 0-32 14.33-32 32v32c0 17.67 14.33 32 32 32h144v144c0 17.67 14.33 32 32 32h32c17.67 0 32-14.33 32-32V304h144c17.67 0 32-14.33 32-32v-32c0-17.67-14.33-32-32-32z\"><\/path><\/svg>\t\t\t\t\t\t\t\t\t\t<\/span>\n\t\t\t\t\t\t\t\t\t\n\t\t\t\t\t\t\t\t\t\t\t\t\t\t\t\t\t\t\t<span class=\"bdt-ep-accordion-icon-opened\">\n\t\t\t\t\t\t\t\t\t\t\t<svg aria-hidden=\"true\" class=\"fa-fw e-font-icon-svg e-fas-minus\" viewBox=\"0 0 448 512\" xmlns=\"http:\/\/www.w3.org\/2000\/svg\"><path d=\"M416 208H32c-17.67 0-32 14.33-32 32v32c0 17.67 14.33 32 32 32h384c17.67 0 32-14.33 32-32v-32c0-17.67-14.33-32-32-32z\"><\/path><\/svg>\t\t\t\t\t\t\t\t\t\t<\/span>\n\t\t\t\t\t\t\t\t\t\n\t\t\t\t\t\t\t\t<\/span>\n\t\t\t\t\t\t\t\n\t\t\t\t\t\t\t<span role=\"heading\" class=\"bdt-ep-title-text bdt-flex-inline bdt-flex-middle\" >\n\n\t\t\t\t\t\t\t\t\t\t\t\t\t\t\t\tQuickFret c\u00f3 h\u1ed7 tr\u1ee3 v\u1eadn chuy\u1ec3n h\u00e0ng h\u00f3a v\u00e0o cu\u1ed1i tu\u1ea7n v\u00e0 ng\u00e0y l\u1ec5 kh\u00f4ng?\t\t\t\t\t\t\t<\/span>\n\n\t\t\t\t\t\t<\/div>\n\t\t\t\t\t\t<div class=\"bdt-ep-accordion-content bdt-accordion-content\">\n\t\t\t\t\t\t\t<p>C\u00f3, ch\u00fang t\u00f4i cung c\u1ea5p d\u1ecbch v\u1ee5 v\u1eadn chuy\u1ec3n v\u00e0o t\u1ea5t c\u1ea3 c\u00e1c ng\u00e0y trong tu\u1ea7n, bao g\u1ed3m c\u1ea3 cu\u1ed1i tu\u1ea7n v\u00e0 ng\u00e0y l\u1ec5. Tuy nhi\u00ean, c\u1ea7n l\u01b0u \u00fd r\u1eb1ng m\u1ed9t s\u1ed1 ng\u00e0y l\u1ec5 c\u00f3 th\u1ec3 c\u00f3 ph\u1ee5 ph\u00ed.<\/p>\t\t\t\t\t\t<\/div>\n\t\t\t\t\t<\/div>\n\t\t\t\t\t\t\t\t\t<div class=\"bdt-ep-accordion-item\">\n\t\t\t\t\t\t<div\t\t\t\t\t\t\tclass=\"bdt-ep-accordion-title bdt-accordion-title bdt-flex bdt-flex-middle bdt-flex-between\" id=\"bdt-ep-accordion-quickfret-c-bo-him-hng-ha-khng\"\n\t\t\t\t\t\t\tdata-accordion-index=\"5\" data-title=\"quickfret-c-b-o-hi-m-h-ng-h-a-kh-ng\">\n\n\t\t\t\t\t\t\t\t\t\t\t\t\t\t\t<span class=\"bdt-ep-accordion-icon bdt-flex-align-right\"\n\t\t\t\t\t\t\t\t\taria-hidden=\"true\">\n\n\t\t\t\t\t\t\t\t\t\t\t\t\t\t\t\t\t\t\t<span class=\"bdt-ep-accordion-icon-closed\">\n\t\t\t\t\t\t\t\t\t\t\t<svg aria-hidden=\"true\" class=\"fa-fw e-font-icon-svg e-fas-plus\" viewBox=\"0 0 448 512\" xmlns=\"http:\/\/www.w3.org\/2000\/svg\"><path d=\"M416 208H272V64c0-17.67-14.33-32-32-32h-32c-17.67 0-32 14.33-32 32v144H32c-17.67 0-32 14.33-32 32v32c0 17.67 14.33 32 32 32h144v144c0 17.67 14.33 32 32 32h32c17.67 0 32-14.33 32-32V304h144c17.67 0 32-14.33 32-32v-32c0-17.67-14.33-32-32-32z\"><\/path><\/svg>\t\t\t\t\t\t\t\t\t\t<\/span>\n\t\t\t\t\t\t\t\t\t\n\t\t\t\t\t\t\t\t\t\t\t\t\t\t\t\t\t\t\t<span class=\"bdt-ep-accordion-icon-opened\">\n\t\t\t\t\t\t\t\t\t\t\t<svg aria-hidden=\"true\" class=\"fa-fw e-font-icon-svg e-fas-minus\" viewBox=\"0 0 448 512\" xmlns=\"http:\/\/www.w3.org\/2000\/svg\"><path d=\"M416 208H32c-17.67 0-32 14.33-32 32v32c0 17.67 14.33 32 32 32h384c17.67 0 32-14.33 32-32v-32c0-17.67-14.33-32-32-32z\"><\/path><\/svg>\t\t\t\t\t\t\t\t\t\t<\/span>\n\t\t\t\t\t\t\t\t\t\n\t\t\t\t\t\t\t\t<\/span>\n\t\t\t\t\t\t\t\n\t\t\t\t\t\t\t<span role=\"heading\" class=\"bdt-ep-title-text bdt-flex-inline bdt-flex-middle\" >\n\n\t\t\t\t\t\t\t\t\t\t\t\t\t\t\t\tQuickFret c\u00f3 b\u1ea3o hi\u1ec3m h\u00e0ng h\u00f3a kh\u00f4ng?\t\t\t\t\t\t\t<\/span>\n\n\t\t\t\t\t\t<\/div>\n\t\t\t\t\t\t<div class=\"bdt-ep-accordion-content bdt-accordion-content\">\n\t\t\t\t\t\t\t<p>C\u00f3, QuickFret cung c\u1ea5p b\u1ea3o hi\u1ec3m h\u00e0ng h\u00f3a \u0111\u1ec3 \u0111\u1ea3m b\u1ea3o quy\u1ec1n l\u1ee3i c\u1ee7a kh\u00e1ch h\u00e0ng trong tr\u01b0\u1eddng h\u1ee3p c\u00f3 s\u1ef1 c\u1ed1 x\u1ea3y ra. H\u00e3y li\u00ean h\u1ec7 \u0111\u1ec3 bi\u1ebft th\u00eam th\u00f4ng tin v\u1ec1 g\u00f3i b\u1ea3o hi\u1ec3m c\u1ee5 th\u1ec3.<\/p>\t\t\t\t\t\t<\/div>\n\t\t\t\t\t<\/div>\n\t\t\t\t\t\t\t\t\t<div class=\"bdt-ep-accordion-item\">\n\t\t\t\t\t\t<div\t\t\t\t\t\t\tclass=\"bdt-ep-accordion-title bdt-accordion-title bdt-flex bdt-flex-middle bdt-flex-between\" id=\"bdt-ep-accordion-nu-c-h-hng-xy-ra-trong-qu-trnh-vn-chuyn-quickfret-s-x-l-nh-th-no\"\n\t\t\t\t\t\t\tdata-accordion-index=\"6\" data-title=\"n-u-c-h-h-ng-x-y-ra-trong-qu-tr-nh-v-n-chuy-n-quickfret-s-x-l-nh-th-n-o\">\n\n\t\t\t\t\t\t\t\t\t\t\t\t\t\t\t<span class=\"bdt-ep-accordion-icon bdt-flex-align-right\"\n\t\t\t\t\t\t\t\t\taria-hidden=\"true\">\n\n\t\t\t\t\t\t\t\t\t\t\t\t\t\t\t\t\t\t\t<span class=\"bdt-ep-accordion-icon-closed\">\n\t\t\t\t\t\t\t\t\t\t\t<svg aria-hidden=\"true\" class=\"fa-fw e-font-icon-svg e-fas-plus\" viewBox=\"0 0 448 512\" xmlns=\"http:\/\/www.w3.org\/2000\/svg\"><path d=\"M416 208H272V64c0-17.67-14.33-32-32-32h-32c-17.67 0-32 14.33-32 32v144H32c-17.67 0-32 14.33-32 32v32c0 17.67 14.33 32 32 32h144v144c0 17.67 14.33 32 32 32h32c17.67 0 32-14.33 32-32V304h144c17.67 0 32-14.33 32-32v-32c0-17.67-14.33-32-32-32z\"><\/path><\/svg>\t\t\t\t\t\t\t\t\t\t<\/span>\n\t\t\t\t\t\t\t\t\t\n\t\t\t\t\t\t\t\t\t\t\t\t\t\t\t\t\t\t\t<span class=\"bdt-ep-accordion-icon-opened\">\n\t\t\t\t\t\t\t\t\t\t\t<svg aria-hidden=\"true\" class=\"fa-fw e-font-icon-svg e-fas-minus\" viewBox=\"0 0 448 512\" xmlns=\"http:\/\/www.w3.org\/2000\/svg\"><path d=\"M416 208H32c-17.67 0-32 14.33-32 32v32c0 17.67 14.33 32 32 32h384c17.67 0 32-14.33 32-32v-32c0-17.67-14.33-32-32-32z\"><\/path><\/svg>\t\t\t\t\t\t\t\t\t\t<\/span>\n\t\t\t\t\t\t\t\t\t\n\t\t\t\t\t\t\t\t<\/span>\n\t\t\t\t\t\t\t\n\t\t\t\t\t\t\t<span role=\"heading\" class=\"bdt-ep-title-text bdt-flex-inline bdt-flex-middle\" >\n\n\t\t\t\t\t\t\t\t\t\t\t\t\t\t\t\tN\u1ebfu c\u00f3 h\u01b0 h\u1ecfng x\u1ea3y ra trong qu\u00e1 tr\u00ecnh v\u1eadn chuy\u1ec3n, QuickFret s\u1ebd x\u1eed l\u00fd nh\u01b0 th\u1ebf n\u00e0o?\t\t\t\t\t\t\t<\/span>\n\n\t\t\t\t\t\t<\/div>\n\t\t\t\t\t\t<div class=\"bdt-ep-accordion-content bdt-accordion-content\">\n\t\t\t\t\t\t\t<p>QuickFret cam k\u1ebft b\u1ea3o \u0111\u1ea3m an to\u00e0n cho h\u00e0ng h\u00f3a trong su\u1ed1t qu\u00e1 tr\u00ecnh v\u1eadn chuy\u1ec3n. Trong tr\u01b0\u1eddng h\u1ee3p x\u1ea3y ra h\u01b0 h\u1ecfng, ch\u00fang t\u00f4i s\u1ebd h\u1ed7 tr\u1ee3 gi\u1ea3i quy\u1ebft theo ch\u00ednh s\u00e1ch b\u1ea3o hi\u1ec3m v\u00e0 cam k\u1ebft \u0111\u00e3 th\u1ecfa thu\u1eadn v\u1edbi kh\u00e1ch h\u00e0ng.<\/p>\t\t\t\t\t\t<\/div>\n\t\t\t\t\t<\/div>\n\t\t\t\t\t\t\t<\/div>\n\t\t<\/div>\n\t\t\t\t\t\t<\/div>\n\t\t\t\t<\/div>\n\t\t\t\t\t<\/div>\n\t\t\t\t<\/div>\n\t\t\t\t<\/div>\n\t\t","protected":false},"excerpt":{"rendered":"<p>C\u00e2u h\u1ecfi th\u01b0\u1eddng g\u1eb7p QuickFret c\u00f3 th\u1ec3 v\u1eadn chuy\u1ec3n nh\u1eefng lo\u1ea1i h\u00e0ng h\u00f3a n\u00e0o? QuickFret chuy\u00ean v\u1eadn chuy\u1ec3n \u0111a d\u1ea1ng c\u00e1c lo\u1ea1i h\u00e0ng h\u00f3a, t\u1eeb \u0111\u1ed3 gia d\u1ee5ng, \u0111\u1ed3 \u0111\u1ea1c v\u0103n ph\u00f2ng \u0111\u1ebfn h\u00e0ng h\u00f3a c\u1ed3ng k\u1ec1nh. Tuy nhi\u00ean, m\u1ed9t s\u1ed1 m\u1eb7t h\u00e0ng \u0111\u1eb7c bi\u1ec7t (nh\u01b0 h\u00f3a ch\u1ea5t nguy hi\u1ec3m) c\u00f3 th\u1ec3 c\u1ea7n ki\u1ec3m tra tr\u01b0\u1edbc khi nh\u1eadn. Gi\u00e1 c\u01b0\u1edbc v\u1eadn chuy\u1ec3n \u0111\u01b0\u1ee3c t\u00ednh nh\u01b0 th\u1ebf n\u00e0o? Gi\u00e1 c\u01b0\u1edbc c\u1ee7a QuickFret ch\u1ee7 y\u1ebfu \u0111\u01b0\u1ee3c t\u00ednh d\u1ef1a tr\u00ean qu\u00e3ng \u0111\u01b0\u1eddng di chuy\u1ec3n v\u00e0 lo\u1ea1i h\u00ecnh d\u1ecbch v\u1ee5. B\u1ea1n c\u00f3 th\u1ec3 tham kh\u1ea3o b\u1ea3ng gi\u00e1 tr\u00ean website ho\u1eb7c li\u00ean h\u1ec7 \u0111\u1ec3 nh\u1eadn b\u00e1o gi\u00e1 chi ti\u1ebft QuickFret c\u00f3 h\u1ed7 tr\u1ee3 \u0111\u00f3ng g\u00f3i h\u00e0ng h\u00f3a kh\u00f4ng? C\u00f3, ch\u00fang t\u00f4i c\u00f3 cung c\u1ea5p d\u1ecbch v\u1ee5 \u0111\u00f3ng g\u00f3i h\u00e0ng h\u00f3a theo y\u00eau c\u1ea7u. Chi ph\u00ed \u0111\u00f3ng g\u00f3i s\u1ebd \u0111\u01b0\u1ee3c t\u00ednh ri\u00eang, t\u00f9y thu\u1ed9c v\u00e0o lo\u1ea1i h\u00e0ng h\u00f3a v\u00e0 y\u00eau c\u1ea7u c\u1ee7a kh\u00e1ch h\u00e0ng. C\u00f3 th\u1ec3 \u0111\u1eb7t l\u1ecbch v\u1eadn chuy\u1ec3n tr\u01b0\u1edbc kh\u00f4ng? C\u00f3, ch\u00fang t\u00f4i c\u00f3 cung c\u1ea5p d\u1ecbch v\u1ee5 \u0111\u00f3ng g\u00f3i h\u00e0ng h\u00f3a theo y\u00eau c\u1ea7u. Chi ph\u00ed \u0111\u00f3ng g\u00f3i s\u1ebd \u0111\u01b0\u1ee3c t\u00ednh ri\u00eang, t\u00f9y thu\u1ed9c v\u00e0o lo\u1ea1i h\u00e0ng h\u00f3a v\u00e0 y\u00eau c\u1ea7u c\u1ee7a kh\u00e1ch h\u00e0ng. QuickFret c\u00f3 h\u1ed7 tr\u1ee3 v\u1eadn chuy\u1ec3n h\u00e0ng h\u00f3a v\u00e0o cu\u1ed1i tu\u1ea7n v\u00e0 ng\u00e0y l\u1ec5 kh\u00f4ng? C\u00f3, ch\u00fang t\u00f4i cung c\u1ea5p d\u1ecbch v\u1ee5 v\u1eadn chuy\u1ec3n v\u00e0o t\u1ea5t c\u1ea3 c\u00e1c ng\u00e0y trong tu\u1ea7n, bao g\u1ed3m c\u1ea3 cu\u1ed1i tu\u1ea7n v\u00e0 ng\u00e0y l\u1ec5. Tuy nhi\u00ean, c\u1ea7n l\u01b0u \u00fd r\u1eb1ng m\u1ed9t s\u1ed1 ng\u00e0y l\u1ec5 c\u00f3 th\u1ec3 c\u00f3 ph\u1ee5 ph\u00ed. QuickFret c\u00f3 b\u1ea3o hi\u1ec3m h\u00e0ng h\u00f3a kh\u00f4ng? C\u00f3, QuickFret cung c\u1ea5p b\u1ea3o hi\u1ec3m h\u00e0ng h\u00f3a \u0111\u1ec3 \u0111\u1ea3m b\u1ea3o quy\u1ec1n l\u1ee3i c\u1ee7a kh\u00e1ch h\u00e0ng trong tr\u01b0\u1eddng h\u1ee3p c\u00f3 s\u1ef1 c\u1ed1 x\u1ea3y ra. H\u00e3y li\u00ean h\u1ec7 \u0111\u1ec3 bi\u1ebft th\u00eam th\u00f4ng tin v\u1ec1 g\u00f3i b\u1ea3o hi\u1ec3m c\u1ee5 th\u1ec3. N\u1ebfu c\u00f3 h\u01b0 h\u1ecfng x\u1ea3y ra trong qu\u00e1 tr\u00ecnh v\u1eadn chuy\u1ec3n, QuickFret s\u1ebd x\u1eed l\u00fd nh\u01b0 th\u1ebf n\u00e0o? QuickFret cam k\u1ebft b\u1ea3o \u0111\u1ea3m an to\u00e0n cho h\u00e0ng h\u00f3a trong su\u1ed1t qu\u00e1 tr\u00ecnh v\u1eadn chuy\u1ec3n. Trong tr\u01b0\u1eddng h\u1ee3p x\u1ea3y ra h\u01b0 h\u1ecfng, ch\u00fang t\u00f4i s\u1ebd h\u1ed7 tr\u1ee3 gi\u1ea3i quy\u1ebft theo ch\u00ednh s\u00e1ch b\u1ea3o hi\u1ec3m v\u00e0 cam k\u1ebft \u0111\u00e3 th\u1ecfa thu\u1eadn v\u1edbi kh\u00e1ch h\u00e0ng.<\/p>\n","protected":false},"author":1,"featured_media":0,"parent":0,"menu_order":0,"comment_status":"closed","ping_status":"closed","template":"","meta":{"footnotes":""},"class_list":["post-1266","page","type-page","status-publish","hentry"],"_links":{"self":[{"href":"https:\/\/webchodoanhnghiep.tamkhoa.com\/van-tai-02\/wp-json\/wp\/v2\/pages\/1266"}],"collection":[{"href":"https:\/\/webchodoanhnghiep.tamkhoa.com\/van-tai-02\/wp-json\/wp\/v2\/pages"}],"about":[{"href":"https:\/\/webchodoanhnghiep.tamkhoa.com\/van-tai-02\/wp-json\/wp\/v2\/types\/page"}],"author":[{"embeddable":true,"href":"https:\/\/webchodoanhnghiep.tamkhoa.com\/van-tai-02\/wp-json\/wp\/v2\/users\/1"}],"replies":[{"embeddable":true,"href":"https:\/\/webchodoanhnghiep.tamkhoa.com\/van-tai-02\/wp-json\/wp\/v2\/comments?post=1266"}],"version-history":[{"count":13,"href":"https:\/\/webchodoanhnghiep.tamkhoa.com\/van-tai-02\/wp-json\/wp\/v2\/pages\/1266\/revisions"}],"predecessor-version":[{"id":1280,"href":"https:\/\/webchodoanhnghiep.tamkhoa.com\/van-tai-02\/wp-json\/wp\/v2\/pages\/1266\/revisions\/1280"}],"wp:attachment":[{"href":"https:\/\/webchodoanhnghiep.tamkhoa.com\/van-tai-02\/wp-json\/wp\/v2\/media?parent=1266"}],"curies":[{"name":"wp","href":"https:\/\/api.w.org\/{rel}","templated":true}]}}