{"id":14,"date":"2024-09-10T06:53:18","date_gmt":"2024-09-10T06:53:18","guid":{"rendered":"https:\/\/dulich.tamkhoa.com\/xay-dung-01\/?page_id=14"},"modified":"2024-10-08T03:52:53","modified_gmt":"2024-10-08T03:52:53","slug":"tin-tuc","status":"publish","type":"page","link":"https:\/\/webchodoanhnghiep.tamkhoa.com\/xay-dung-01\/tin-tuc\/","title":{"rendered":"Tin t\u1ee9c"},"content":{"rendered":"\t\t<div data-elementor-type=\"wp-page\" data-elementor-id=\"14\" class=\"elementor elementor-14\">\n\t\t\t\t<div class=\"elementor-element elementor-element-27b2e85 e-flex e-con-boxed wpr-particle-no wpr-jarallax-no wpr-parallax-no wpr-sticky-section-no wpr-column-slider-no wpr-equal-height-no e-con e-parent\" data-id=\"27b2e85\" data-element_type=\"container\" data-e-type=\"container\">\n\t\t\t\t\t<div class=\"e-con-inner\">\n\t\t\t\t<div class=\"elementor-element elementor-element-17268c7 elementor-widget elementor-widget-page-title\" data-id=\"17268c7\" data-element_type=\"widget\" data-e-type=\"widget\" data-settings=\"{&quot;align&quot;:&quot;center&quot;}\" data-widget_type=\"page-title.default\">\n\t\t\t\t<div class=\"elementor-widget-container\">\n\t\t\t\t\t\t\t\n\t\t<div class=\"hfe-page-title hfe-page-title-wrapper elementor-widget-heading\">\n\n\t\t\t\t\t\t\t\t<h2 class=\"elementor-heading-title elementor-size-default\">\n\t\t\t\t\t\t\t\t\n\t\t\t\tTin t\u1ee9c  \n\t\t\t<\/h2 > \n\t\t\t\t\t<\/div>\n\t\t\t\t\t\t<\/div>\n\t\t\t\t<\/div>\n\t\t\t\t\t<\/div>\n\t\t\t\t<\/div>\n\t\t<div class=\"elementor-element elementor-element-99c4f79 e-flex e-con-boxed wpr-particle-no wpr-jarallax-no wpr-parallax-no wpr-sticky-section-no wpr-column-slider-no wpr-equal-height-no e-con e-parent\" data-id=\"99c4f79\" data-element_type=\"container\" data-e-type=\"container\">\n\t\t\t\t\t<div class=\"e-con-inner\">\n\t\t\t\t<div class=\"elementor-element elementor-element-efc18b8 wpr-grid-columns-3 wpr-grid-columns--tablet2 wpr-grid-columns--mobile1 wpr-grid-pagination-center wpr-item-styles-inner elementor-widget elementor-widget-wpr-grid\" data-id=\"efc18b8\" data-element_type=\"widget\" data-e-type=\"widget\" data-widget_type=\"wpr-grid.default\">\n\t\t\t\t<div class=\"elementor-widget-container\">\n\t\t\t\t\t<ul class=\"wpr-grid-filters elementor-clearfix wpr-grid-filters-sep-right\"><li class=\" wpr-pointer-none wpr-pointer-line-fx wpr-pointer-fx-none\"><span   data-ajax-filter=[\"category\",\"tin-tuc\"]  data-filter=\".category-tin-tuc\">Tin t\u1ee9c<\/span><em class=\"wpr-grid-filters-sep\"><\/em><\/li><\/ul><section class=\"wpr-grid elementor-clearfix\" data-settings=\"{&quot;layout&quot;:&quot;fitRows&quot;,&quot;stick_last_element_to_bottom&quot;:&quot;&quot;,&quot;columns_desktop&quot;:3,&quot;gutter_hr&quot;:15,&quot;gutter_hr_mobile&quot;:15,&quot;gutter_hr_mobile_extra&quot;:15,&quot;gutter_hr_tablet&quot;:15,&quot;gutter_hr_tablet_extra&quot;:15,&quot;gutter_hr_laptop&quot;:15,&quot;gutter_hr_widescreen&quot;:15,&quot;gutter_vr&quot;:15,&quot;gutter_vr_mobile&quot;:15,&quot;gutter_vr_mobile_extra&quot;:15,&quot;gutter_vr_tablet&quot;:15,&quot;gutter_vr_tablet_extra&quot;:15,&quot;gutter_vr_laptop&quot;:15,&quot;gutter_vr_widescreen&quot;:15,&quot;animation&quot;:&quot;default&quot;,&quot;animation_duration&quot;:0.3,&quot;animation_delay&quot;:0.1,&quot;deeplinking&quot;:&quot;&quot;,&quot;filters_linkable&quot;:&quot;no&quot;,&quot;filters_default_filter&quot;:&quot;&quot;,&quot;filters_count&quot;:&quot;&quot;,&quot;filters_hide_empty&quot;:&quot;no&quot;,&quot;filters_animation&quot;:&quot;default&quot;,&quot;filters_animation_duration&quot;:0.3,&quot;filters_animation_delay&quot;:0.1,&quot;pagination_type&quot;:&quot;load-more&quot;,&quot;pagination_max_pages&quot;:1,&quot;lightbox&quot;:{&quot;selector&quot;:&quot;.wpr-grid-image-wrap&quot;,&quot;iframeMaxWidth&quot;:&quot;60%&quot;,&quot;hash&quot;:false,&quot;autoplay&quot;:&quot;true&quot;,&quot;pause&quot;:5000,&quot;progressBar&quot;:&quot;true&quot;,&quot;counter&quot;:&quot;true&quot;,&quot;controls&quot;:&quot;true&quot;,&quot;getCaptionFromTitleOrAlt&quot;:&quot;true&quot;,&quot;thumbnail&quot;:&quot;&quot;,&quot;showThumbByDefault&quot;:&quot;&quot;,&quot;share&quot;:&quot;&quot;,&quot;zoom&quot;:&quot;true&quot;,&quot;fullScreen&quot;:&quot;true&quot;,&quot;download&quot;:&quot;true&quot;}}\" data-advanced-filters=\"no\"><article class=\"wpr-grid-item elementor-clearfix post-317 post type-post status-publish format-standard has-post-thumbnail hentry category-tin-tuc\"><div class=\"wpr-grid-item-inner\"><div class=\"wpr-grid-media-wrap wpr-effect-size-medium \" data-overlay-link=\"yes\"><div class=\"wpr-grid-image-wrap\" data-src=\"https:\/\/webchodoanhnghiep.tamkhoa.com\/xay-dung-01\/wp-content\/uploads\/sites\/5\/2024\/09\/pexels-pixabay-221540-scaled-1.webp\" data-img-on-hover=\"\"  data-src-secondary=\"\"><img decoding=\"async\" data-no-lazy=\"1\" src=\"https:\/\/webchodoanhnghiep.tamkhoa.com\/xay-dung-01\/wp-content\/uploads\/sites\/5\/2024\/09\/pexels-pixabay-221540-scaled-1.webp\" alt=\"Tin tuc 2\" class=\"wpr-anim-timing-ease-default\"><\/div><div class=\"wpr-grid-media-hover wpr-animation-wrap\"><div class=\"wpr-grid-media-hover-bg  wpr-overlay-fade-in wpr-anim-size-large wpr-anim-timing-ease-default wpr-anim-transparency\" data-url=\"https:\/\/webchodoanhnghiep.tamkhoa.com\/xay-dung-01\/2024\/09\/18\/tin-tuc-2\/\"><\/div><\/div><\/div><div class=\"wpr-grid-item-below-content elementor-clearfix\"><h2 class=\"wpr-grid-item-title elementor-repeater-item-90e7f85 wpr-grid-item-display-block wpr-grid-item-align-left wpr-pointer-none wpr-pointer-line-fx wpr-pointer-fx-fade\"><div class=\"inner-block\"><a target=\"_self\"  href=\"https:\/\/webchodoanhnghiep.tamkhoa.com\/xay-dung-01\/2024\/09\/18\/tin-tuc-2\/\">Tin tuc 2<\/a><\/div><\/h2><div class=\"wpr-grid-item-date elementor-repeater-item-e64fff3 wpr-grid-item-display-inline wpr-grid-item-align-left\"><div class=\"inner-block\"><span>September 18, 2024<span class=\"wpr-grid-extra-text-right\">\/<\/span><\/span><\/div><\/div><div class=\"wpr-grid-item-comments elementor-repeater-item-11011a1 wpr-grid-item-display-inline wpr-grid-item-align-left\"><div class=\"inner-block\"><a href=\"https:\/\/webchodoanhnghiep.tamkhoa.com\/xay-dung-01\/2024\/09\/18\/tin-tuc-2\/#respond\"><span>No Comments<\/span><\/a><\/div><\/div><div class=\"wpr-grid-item-excerpt elementor-repeater-item-cb377c3 wpr-grid-item-display-block wpr-grid-item-align-left\"><div class=\"inner-block\"><p>Vinhomes Riverside l\u00e0 khu \u0111\u00f4 th\u1ecb sinh th\u00e1i \u0111\u1eb3ng c\u1ea5p qu\u1ed1c t\u1ebf v\u1edbi quy m\u00f4 l\u1edbn v\u00e0 kh\u00f4ng gian xanh...<\/p><\/div><\/div><div class=\"wpr-grid-item-read-more elementor-repeater-item-061925b wpr-grid-item-display-block wpr-grid-item-align-left\"><div class=\"inner-block\"><a target=\"_self\" href=\"https:\/\/webchodoanhnghiep.tamkhoa.com\/xay-dung-01\/2024\/09\/18\/tin-tuc-2\/\" class=\"wpr-button-effect wpr-button-none\"><span>Read More<\/span><\/a><\/div><\/div><\/div><\/div><\/article><article class=\"wpr-grid-item elementor-clearfix post-318 post type-post status-publish format-standard has-post-thumbnail hentry category-tin-tuc\"><div class=\"wpr-grid-item-inner\"><div class=\"wpr-grid-media-wrap wpr-effect-size-medium \" data-overlay-link=\"yes\"><div class=\"wpr-grid-image-wrap\" data-src=\"https:\/\/webchodoanhnghiep.tamkhoa.com\/xay-dung-01\/wp-content\/uploads\/sites\/5\/2024\/09\/pexels-sevenstormphotography-439416-scaled-1.webp\" data-img-on-hover=\"\"  data-src-secondary=\"\"><img decoding=\"async\" data-no-lazy=\"1\" src=\"https:\/\/webchodoanhnghiep.tamkhoa.com\/xay-dung-01\/wp-content\/uploads\/sites\/5\/2024\/09\/pexels-sevenstormphotography-439416-scaled-1.webp\" alt=\"Tin tuc 3\" class=\"wpr-anim-timing-ease-default\"><\/div><div class=\"wpr-grid-media-hover wpr-animation-wrap\"><div class=\"wpr-grid-media-hover-bg  wpr-overlay-fade-in wpr-anim-size-large wpr-anim-timing-ease-default wpr-anim-transparency\" data-url=\"https:\/\/webchodoanhnghiep.tamkhoa.com\/xay-dung-01\/2024\/09\/18\/tin-tuc-3\/\"><\/div><\/div><\/div><div class=\"wpr-grid-item-below-content elementor-clearfix\"><h2 class=\"wpr-grid-item-title elementor-repeater-item-90e7f85 wpr-grid-item-display-block wpr-grid-item-align-left wpr-pointer-none wpr-pointer-line-fx wpr-pointer-fx-fade\"><div class=\"inner-block\"><a target=\"_self\"  href=\"https:\/\/webchodoanhnghiep.tamkhoa.com\/xay-dung-01\/2024\/09\/18\/tin-tuc-3\/\">Tin tuc 3<\/a><\/div><\/h2><div class=\"wpr-grid-item-date elementor-repeater-item-e64fff3 wpr-grid-item-display-inline wpr-grid-item-align-left\"><div class=\"inner-block\"><span>September 18, 2024<span class=\"wpr-grid-extra-text-right\">\/<\/span><\/span><\/div><\/div><div class=\"wpr-grid-item-comments elementor-repeater-item-11011a1 wpr-grid-item-display-inline wpr-grid-item-align-left\"><div class=\"inner-block\"><a href=\"https:\/\/webchodoanhnghiep.tamkhoa.com\/xay-dung-01\/2024\/09\/18\/tin-tuc-3\/#respond\"><span>No Comments<\/span><\/a><\/div><\/div><div class=\"wpr-grid-item-excerpt elementor-repeater-item-cb377c3 wpr-grid-item-display-block wpr-grid-item-align-left\"><div class=\"inner-block\"><p>Vinhomes Riverside l\u00e0 khu \u0111\u00f4 th\u1ecb sinh th\u00e1i \u0111\u1eb3ng c\u1ea5p qu\u1ed1c t\u1ebf v\u1edbi quy m\u00f4 l\u1edbn v\u00e0 kh\u00f4ng gian xanh...<\/p><\/div><\/div><div class=\"wpr-grid-item-read-more elementor-repeater-item-061925b wpr-grid-item-display-block wpr-grid-item-align-left\"><div class=\"inner-block\"><a target=\"_self\" href=\"https:\/\/webchodoanhnghiep.tamkhoa.com\/xay-dung-01\/2024\/09\/18\/tin-tuc-3\/\" class=\"wpr-button-effect wpr-button-none\"><span>Read More<\/span><\/a><\/div><\/div><\/div><\/div><\/article><article class=\"wpr-grid-item elementor-clearfix post-319 post type-post status-publish format-standard has-post-thumbnail hentry category-tin-tuc\"><div class=\"wpr-grid-item-inner\"><div class=\"wpr-grid-media-wrap wpr-effect-size-medium \" data-overlay-link=\"yes\"><div class=\"wpr-grid-image-wrap\" data-src=\"https:\/\/webchodoanhnghiep.tamkhoa.com\/xay-dung-01\/wp-content\/uploads\/sites\/5\/2024\/09\/pexels-pixabay-259886-scaled-1.webp\" data-img-on-hover=\"\"  data-src-secondary=\"\"><img decoding=\"async\" data-no-lazy=\"1\" src=\"https:\/\/webchodoanhnghiep.tamkhoa.com\/xay-dung-01\/wp-content\/uploads\/sites\/5\/2024\/09\/pexels-pixabay-259886-scaled-1.webp\" alt=\"Tin tuc 4\" class=\"wpr-anim-timing-ease-default\"><\/div><div class=\"wpr-grid-media-hover wpr-animation-wrap\"><div class=\"wpr-grid-media-hover-bg  wpr-overlay-fade-in wpr-anim-size-large wpr-anim-timing-ease-default wpr-anim-transparency\" data-url=\"https:\/\/webchodoanhnghiep.tamkhoa.com\/xay-dung-01\/2024\/09\/18\/tin-tuc-4\/\"><\/div><\/div><\/div><div class=\"wpr-grid-item-below-content elementor-clearfix\"><h2 class=\"wpr-grid-item-title elementor-repeater-item-90e7f85 wpr-grid-item-display-block wpr-grid-item-align-left wpr-pointer-none wpr-pointer-line-fx wpr-pointer-fx-fade\"><div class=\"inner-block\"><a target=\"_self\"  href=\"https:\/\/webchodoanhnghiep.tamkhoa.com\/xay-dung-01\/2024\/09\/18\/tin-tuc-4\/\">Tin tuc 4<\/a><\/div><\/h2><div class=\"wpr-grid-item-date elementor-repeater-item-e64fff3 wpr-grid-item-display-inline wpr-grid-item-align-left\"><div class=\"inner-block\"><span>September 18, 2024<span class=\"wpr-grid-extra-text-right\">\/<\/span><\/span><\/div><\/div><div class=\"wpr-grid-item-comments elementor-repeater-item-11011a1 wpr-grid-item-display-inline wpr-grid-item-align-left\"><div class=\"inner-block\"><a href=\"https:\/\/webchodoanhnghiep.tamkhoa.com\/xay-dung-01\/2024\/09\/18\/tin-tuc-4\/#respond\"><span>No Comments<\/span><\/a><\/div><\/div><div class=\"wpr-grid-item-excerpt elementor-repeater-item-cb377c3 wpr-grid-item-display-block wpr-grid-item-align-left\"><div class=\"inner-block\"><p>Vinhomes Riverside l\u00e0 khu \u0111\u00f4 th\u1ecb sinh th\u00e1i \u0111\u1eb3ng c\u1ea5p qu\u1ed1c t\u1ebf v\u1edbi quy m\u00f4 l\u1edbn v\u00e0 kh\u00f4ng gian xanh...<\/p><\/div><\/div><div class=\"wpr-grid-item-read-more elementor-repeater-item-061925b wpr-grid-item-display-block wpr-grid-item-align-left\"><div class=\"inner-block\"><a target=\"_self\" href=\"https:\/\/webchodoanhnghiep.tamkhoa.com\/xay-dung-01\/2024\/09\/18\/tin-tuc-4\/\" class=\"wpr-button-effect wpr-button-none\"><span>Read More<\/span><\/a><\/div><\/div><\/div><\/div><\/article><article class=\"wpr-grid-item elementor-clearfix post-380 post type-post status-publish format-standard has-post-thumbnail hentry category-tin-tuc\"><div class=\"wpr-grid-item-inner\"><div class=\"wpr-grid-media-wrap wpr-effect-size-medium \" data-overlay-link=\"yes\"><div class=\"wpr-grid-image-wrap\" data-src=\"https:\/\/webchodoanhnghiep.tamkhoa.com\/xay-dung-01\/wp-content\/uploads\/sites\/5\/2024\/09\/pexels-ljupco-dzambazovski-581180-1398761-scaled-1.webp\" data-img-on-hover=\"\"  data-src-secondary=\"\"><img decoding=\"async\" data-no-lazy=\"1\" src=\"https:\/\/webchodoanhnghiep.tamkhoa.com\/xay-dung-01\/wp-content\/uploads\/sites\/5\/2024\/09\/pexels-ljupco-dzambazovski-581180-1398761-scaled-1.webp\" alt=\"Tin tuc 1\" class=\"wpr-anim-timing-ease-default\"><\/div><div class=\"wpr-grid-media-hover wpr-animation-wrap\"><div class=\"wpr-grid-media-hover-bg  wpr-overlay-fade-in wpr-anim-size-large wpr-anim-timing-ease-default wpr-anim-transparency\" data-url=\"https:\/\/webchodoanhnghiep.tamkhoa.com\/xay-dung-01\/2024\/09\/10\/hello-world-2\/\"><\/div><\/div><\/div><div class=\"wpr-grid-item-below-content elementor-clearfix\"><h2 class=\"wpr-grid-item-title elementor-repeater-item-90e7f85 wpr-grid-item-display-block wpr-grid-item-align-left wpr-pointer-none wpr-pointer-line-fx wpr-pointer-fx-fade\"><div class=\"inner-block\"><a target=\"_self\"  href=\"https:\/\/webchodoanhnghiep.tamkhoa.com\/xay-dung-01\/2024\/09\/10\/hello-world-2\/\">Tin tuc 1<\/a><\/div><\/h2><div class=\"wpr-grid-item-date elementor-repeater-item-e64fff3 wpr-grid-item-display-inline wpr-grid-item-align-left\"><div class=\"inner-block\"><span>September 10, 2024<span class=\"wpr-grid-extra-text-right\">\/<\/span><\/span><\/div><\/div><div class=\"wpr-grid-item-comments elementor-repeater-item-11011a1 wpr-grid-item-display-inline wpr-grid-item-align-left\"><div class=\"inner-block\"><a href=\"https:\/\/webchodoanhnghiep.tamkhoa.com\/xay-dung-01\/2024\/09\/10\/hello-world-2\/#comments\"><span>1&nbsp;Comment<\/span><\/a><\/div><\/div><div class=\"wpr-grid-item-excerpt elementor-repeater-item-cb377c3 wpr-grid-item-display-block wpr-grid-item-align-left\"><div class=\"inner-block\"><p>Vinhomes Riverside l\u00e0 khu \u0111\u00f4 th\u1ecb sinh th\u00e1i \u0111\u1eb3ng c\u1ea5p qu\u1ed1c t\u1ebf v\u1edbi quy m\u00f4 l\u1edbn v\u00e0 kh\u00f4ng gian xanh...<\/p><\/div><\/div><div class=\"wpr-grid-item-read-more elementor-repeater-item-061925b wpr-grid-item-display-block wpr-grid-item-align-left\"><div class=\"inner-block\"><a target=\"_self\" href=\"https:\/\/webchodoanhnghiep.tamkhoa.com\/xay-dung-01\/2024\/09\/10\/hello-world-2\/\" class=\"wpr-button-effect wpr-button-none\"><span>Read More<\/span><\/a><\/div><\/div><\/div><\/div><\/article><\/section>\t\t\t\t<\/div>\n\t\t\t\t<\/div>\n\t\t\t\t\t<\/div>\n\t\t\t\t<\/div>\n\t\t\t\t<\/div>\n\t\t","protected":false},"excerpt":{"rendered":"<p>Tin t\u1ee9c Tin t\u1ee9c Tin tuc 2 September 18, 2024\/No Comments Vinhomes Riverside l\u00e0 khu \u0111\u00f4 th\u1ecb sinh th\u00e1i \u0111\u1eb3ng c\u1ea5p qu\u1ed1c t\u1ebf v\u1edbi quy m\u00f4 l\u1edbn v\u00e0 kh\u00f4ng gian xanh&hellip; Read More Tin tuc 3 September 18, 2024\/No Comments Vinhomes Riverside l\u00e0 khu \u0111\u00f4 th\u1ecb sinh th\u00e1i \u0111\u1eb3ng c\u1ea5p qu\u1ed1c t\u1ebf v\u1edbi quy m\u00f4 l\u1edbn v\u00e0 kh\u00f4ng gian xanh&hellip; Read More Tin tuc 4 September 18, 2024\/No Comments Vinhomes Riverside l\u00e0 khu \u0111\u00f4 th\u1ecb sinh th\u00e1i \u0111\u1eb3ng c\u1ea5p qu\u1ed1c t\u1ebf v\u1edbi quy m\u00f4 l\u1edbn v\u00e0 kh\u00f4ng gian xanh&hellip; Read More Tin tuc 1 September 10, 2024\/1&nbsp;Comment Vinhomes Riverside l\u00e0 khu \u0111\u00f4 th\u1ecb sinh th\u00e1i \u0111\u1eb3ng c\u1ea5p qu\u1ed1c t\u1ebf v\u1edbi quy m\u00f4 l\u1edbn v\u00e0 kh\u00f4ng gian xanh&hellip; Read More<\/p>\n","protected":false},"author":1,"featured_media":0,"parent":0,"menu_order":0,"comment_status":"closed","ping_status":"closed","template":"","meta":{"footnotes":""},"class_list":["post-14","page","type-page","status-publish","hentry"],"_links":{"self":[{"href":"https:\/\/webchodoanhnghiep.tamkhoa.com\/xay-dung-01\/wp-json\/wp\/v2\/pages\/14"}],"collection":[{"href":"https:\/\/webchodoanhnghiep.tamkhoa.com\/xay-dung-01\/wp-json\/wp\/v2\/pages"}],"about":[{"href":"https:\/\/webchodoanhnghiep.tamkhoa.com\/xay-dung-01\/wp-json\/wp\/v2\/types\/page"}],"author":[{"embeddable":true,"href":"https:\/\/webchodoanhnghiep.tamkhoa.com\/xay-dung-01\/wp-json\/wp\/v2\/users\/1"}],"replies":[{"embeddable":true,"href":"https:\/\/webchodoanhnghiep.tamkhoa.com\/xay-dung-01\/wp-json\/wp\/v2\/comments?post=14"}],"version-history":[{"count":3,"href":"https:\/\/webchodoanhnghiep.tamkhoa.com\/xay-dung-01\/wp-json\/wp\/v2\/pages\/14\/revisions"}],"predecessor-version":[{"id":410,"href":"https:\/\/webchodoanhnghiep.tamkhoa.com\/xay-dung-01\/wp-json\/wp\/v2\/pages\/14\/revisions\/410"}],"wp:attachment":[{"href":"https:\/\/webchodoanhnghiep.tamkhoa.com\/xay-dung-01\/wp-json\/wp\/v2\/media?parent=14"}],"curies":[{"name":"wp","href":"https:\/\/api.w.org\/{rel}","templated":true}]}}