{"id":381,"date":"2024-09-10T06:48:14","date_gmt":"2024-09-10T06:48:14","guid":{"rendered":"https:\/\/dulich.tamkhoa.com\/xay-dung-01\/?page_id=10"},"modified":"2024-09-10T06:48:14","modified_gmt":"2024-09-10T06:48:14","slug":"gioi-thieu","status":"publish","type":"page","link":"https:\/\/webchodoanhnghiep.tamkhoa.com\/xay-dung-01\/gioi-thieu\/","title":{"rendered":"Gi\u1edbi thi\u1ec7u"},"content":{"rendered":"\t\t<div data-elementor-type=\"wp-page\" data-elementor-id=\"381\" class=\"elementor elementor-381\">\n\t\t\t\t<div class=\"elementor-element elementor-element-d05b874 e-flex e-con-boxed wpr-particle-no wpr-jarallax-no wpr-parallax-no wpr-sticky-section-no wpr-column-slider-no wpr-equal-height-no e-con e-parent\" data-id=\"d05b874\" data-element_type=\"container\" data-e-type=\"container\">\n\t\t\t\t\t<div class=\"e-con-inner\">\n\t\t\t\t<div class=\"elementor-element elementor-element-d39c10b elementor-widget elementor-widget-page-title\" data-id=\"d39c10b\" data-element_type=\"widget\" data-e-type=\"widget\" data-settings=\"{&quot;align&quot;:&quot;center&quot;}\" data-widget_type=\"page-title.default\">\n\t\t\t\t<div class=\"elementor-widget-container\">\n\t\t\t\t\t\t\t\n\t\t<div class=\"hfe-page-title hfe-page-title-wrapper elementor-widget-heading\">\n\n\t\t\t\t\t\t\t\t<h2 class=\"elementor-heading-title elementor-size-default\">\n\t\t\t\t\t\t\t\t\n\t\t\t\tGi\u1edbi thi\u1ec7u  \n\t\t\t<\/h2 > \n\t\t\t\t\t<\/div>\n\t\t\t\t\t\t<\/div>\n\t\t\t\t<\/div>\n\t\t\t\t\t<\/div>\n\t\t\t\t<\/div>\n\t\t<div class=\"elementor-element elementor-element-9303538 e-con-full e-flex wpr-particle-no wpr-jarallax-no wpr-parallax-no wpr-sticky-section-no wpr-column-slider-no wpr-equal-height-no e-con e-parent\" data-id=\"9303538\" data-element_type=\"container\" data-e-type=\"container\">\n\t\t\t\t<div class=\"elementor-element elementor-element-ad8a313 elementor-widget elementor-widget-image\" data-id=\"ad8a313\" data-element_type=\"widget\" data-e-type=\"widget\" data-widget_type=\"image.default\">\n\t\t\t\t<div class=\"elementor-widget-container\">\n\t\t\t\t\t\t\t\t\t\t\t\t\t\t\t<img fetchpriority=\"high\" decoding=\"async\" width=\"2560\" height=\"1836\" src=\"https:\/\/webchodoanhnghiep.tamkhoa.com\/xay-dung-01\/wp-content\/uploads\/sites\/5\/2024\/09\/pexels-kawserhamid-176342-scaled-1.webp\" class=\"attachment-full size-full wp-image-206\" alt=\"\" srcset=\"https:\/\/webchodoanhnghiep.tamkhoa.com\/xay-dung-01\/wp-content\/uploads\/sites\/5\/2024\/09\/pexels-kawserhamid-176342-scaled-1.webp 2560w, https:\/\/webchodoanhnghiep.tamkhoa.com\/xay-dung-01\/wp-content\/uploads\/sites\/5\/2024\/09\/pexels-kawserhamid-176342-scaled-1-300x215.webp 300w, https:\/\/webchodoanhnghiep.tamkhoa.com\/xay-dung-01\/wp-content\/uploads\/sites\/5\/2024\/09\/pexels-kawserhamid-176342-scaled-1-1024x734.webp 1024w, https:\/\/webchodoanhnghiep.tamkhoa.com\/xay-dung-01\/wp-content\/uploads\/sites\/5\/2024\/09\/pexels-kawserhamid-176342-scaled-1-768x551.webp 768w, https:\/\/webchodoanhnghiep.tamkhoa.com\/xay-dung-01\/wp-content\/uploads\/sites\/5\/2024\/09\/pexels-kawserhamid-176342-scaled-1-1536x1102.webp 1536w, https:\/\/webchodoanhnghiep.tamkhoa.com\/xay-dung-01\/wp-content\/uploads\/sites\/5\/2024\/09\/pexels-kawserhamid-176342-scaled-1-2048x1469.webp 2048w\" sizes=\"(max-width: 2560px) 100vw, 2560px\" \/>\t\t\t\t\t\t\t\t\t\t\t\t\t\t\t<\/div>\n\t\t\t\t<\/div>\n\t\t\t\t<\/div>\n\t\t<div class=\"elementor-element elementor-element-b56c814 e-flex e-con-boxed wpr-particle-no wpr-jarallax-no wpr-parallax-no wpr-sticky-section-no wpr-column-slider-no wpr-equal-height-no e-con e-parent\" data-id=\"b56c814\" data-element_type=\"container\" data-e-type=\"container\">\n\t\t\t\t\t<div class=\"e-con-inner\">\n\t\t\t\t<div class=\"elementor-element elementor-element-d1aaf4e elementor-widget elementor-widget-text-editor\" data-id=\"d1aaf4e\" data-element_type=\"widget\" data-e-type=\"widget\" data-widget_type=\"text-editor.default\">\n\t\t\t\t<div class=\"elementor-widget-container\">\n\t\t\t\t\t\t\t\t\t<div class=\"flex-1 overflow-hidden\"><div class=\"h-full\"><div class=\"react-scroll-to-bottom--css-dddxp-79elbk h-full\"><div class=\"react-scroll-to-bottom--css-dddxp-1n7m0yu\"><div class=\"flex flex-col text-sm md:pb-9\"><article class=\"w-full text-token-text-primary focus-visible:outline-2 focus-visible:outline-offset-[-4px]\" dir=\"auto\" data-testid=\"conversation-turn-5\" data-scroll-anchor=\"true\"><div class=\"text-base py-[18px] px-3 md:px-4 m-auto w-full md:px-5 lg:px-1 xl:px-5\"><div class=\"mx-auto flex flex-1 gap-4 text-base md:gap-5 lg:gap-6 md:max-w-3xl lg:max-w-[40rem] xl:max-w-[48rem]\"><div class=\"group\/conversation-turn relative flex w-full min-w-0 flex-col agent-turn\"><div class=\"flex-col gap-1 md:gap-3\"><div class=\"flex max-w-full flex-col flex-grow\"><div class=\"min-h-[20px] text-message flex w-full flex-col items-end gap-2 whitespace-normal break-words [.text-message+&amp;]:mt-5\" dir=\"auto\" data-message-author-role=\"assistant\" data-message-id=\"d74554e8-756c-4b51-91fd-f9ce584bc369\"><div class=\"flex w-full flex-col gap-1 empty:hidden first:pt-[3px]\"><div class=\"markdown prose w-full break-words dark:prose-invert dark\"><p>Ch\u00e0o m\u1eebng b\u1ea1n \u0111\u1ebfn v\u1edbi <strong>Connstriction<\/strong>, \u0111\u01a1n v\u1ecb h\u00e0ng \u0111\u1ea7u trong l\u0129nh v\u1ef1c x\u00e2y d\u1ef1ng v\u00e0 ph\u00e1t tri\u1ec3n h\u1ea1 t\u1ea7ng t\u1ea1i Vi\u1ec7t Nam. V\u1edbi s\u1ee9 m\u1ec7nh mang \u0111\u1ebfn nh\u1eefng c\u00f4ng tr\u00ecnh ch\u1ea5t l\u01b0\u1ee3ng v\u01b0\u1ee3t tr\u1ed9i, b\u1ec1n v\u1eefng theo th\u1eddi gian, ch\u00fang t\u00f4i t\u1ef1 h\u00e0o l\u00e0 \u0111\u1ed1i t\u00e1c tin c\u1eady c\u1ee7a h\u00e0ng lo\u1ea1t d\u1ef1 \u00e1n l\u1edbn nh\u1ecf, t\u1eeb c\u00f4ng tr\u00ecnh d\u00e2n d\u1ee5ng \u0111\u1ebfn c\u00e1c d\u1ef1 \u00e1n th\u01b0\u01a1ng m\u1ea1i v\u00e0 c\u00f4ng nghi\u1ec7p.<\/p><p>V\u1edbi \u0111\u1ed9i ng\u0169 k\u1ef9 s\u01b0 v\u00e0 chuy\u00ean gia gi\u00e0u kinh nghi\u1ec7m, <strong>Connstriction<\/strong> lu\u00f4n cam k\u1ebft s\u1eed d\u1ee5ng c\u00e1c gi\u1ea3i ph\u00e1p k\u1ef9 thu\u1eadt ti\u00ean ti\u1ebfn, v\u1eadt li\u1ec7u cao c\u1ea5p, v\u00e0 quy tr\u00ecnh thi c\u00f4ng nghi\u00eam ng\u1eb7t \u0111\u1ec3 \u0111\u1ea3m b\u1ea3o m\u1ed7i c\u00f4ng tr\u00ecnh \u0111\u1ec1u \u0111\u00e1p \u1ee9ng nh\u1eefng ti\u00eau chu\u1ea9n cao nh\u1ea5t v\u1ec1 an to\u00e0n, ch\u1ea5t l\u01b0\u1ee3ng, v\u00e0 th\u1ea9m m\u1ef9.<\/p><p>Ch\u00fang t\u00f4i kh\u00f4ng ch\u1ec9 x\u00e2y d\u1ef1ng nh\u1eefng c\u00f4ng tr\u00ecnh, m\u00e0 c\u00f2n x\u00e2y d\u1ef1ng ni\u1ec1m tin t\u1eeb s\u1ef1 h\u00e0i l\u00f2ng c\u1ee7a kh\u00e1ch h\u00e0ng. V\u1edbi ph\u01b0\u01a1ng ch\u00e2m \u201cCh\u1ea5t l\u01b0\u1ee3ng l\u00e0 n\u1ec1n m\u00f3ng c\u1ee7a th\u00e0nh c\u00f4ng,\u201d <strong>Connstriction<\/strong> mong mu\u1ed1n \u0111\u1ed3ng h\u00e0nh c\u00f9ng b\u1ea1n trong m\u1ed7i b\u01b0\u1edbc ti\u1ebfn tr\u00ean h\u00e0nh tr\u00ecnh ph\u00e1t tri\u1ec3n b\u1ec1n v\u1eefng. H\u00e3y \u0111\u1ec3 ch\u00fang t\u00f4i bi\u1ebfn \u00fd t\u01b0\u1edfng c\u1ee7a b\u1ea1n th\u00e0nh hi\u1ec7n th\u1ef1c.<\/p><\/div><\/div><\/div><\/div><\/div><\/div><\/div><\/div><\/article><\/div><\/div><\/div><\/div><\/div>\t\t\t\t\t\t\t\t<\/div>\n\t\t\t\t<\/div>\n\t\t\t\t\t<\/div>\n\t\t\t\t<\/div>\n\t\t\t\t<\/div>\n\t\t","protected":false},"excerpt":{"rendered":"<p>Gi\u1edbi thi\u1ec7u Ch\u00e0o m\u1eebng b\u1ea1n \u0111\u1ebfn v\u1edbi Connstriction, \u0111\u01a1n v\u1ecb h\u00e0ng \u0111\u1ea7u trong l\u0129nh v\u1ef1c x\u00e2y d\u1ef1ng v\u00e0 ph\u00e1t tri\u1ec3n h\u1ea1 t\u1ea7ng t\u1ea1i Vi\u1ec7t Nam. V\u1edbi s\u1ee9 m\u1ec7nh mang \u0111\u1ebfn nh\u1eefng c\u00f4ng tr\u00ecnh ch\u1ea5t l\u01b0\u1ee3ng v\u01b0\u1ee3t tr\u1ed9i, b\u1ec1n v\u1eefng theo th\u1eddi gian, ch\u00fang t\u00f4i t\u1ef1 h\u00e0o l\u00e0 \u0111\u1ed1i t\u00e1c tin c\u1eady c\u1ee7a h\u00e0ng lo\u1ea1t d\u1ef1 \u00e1n l\u1edbn nh\u1ecf, t\u1eeb c\u00f4ng tr\u00ecnh d\u00e2n d\u1ee5ng \u0111\u1ebfn c\u00e1c d\u1ef1 \u00e1n th\u01b0\u01a1ng m\u1ea1i v\u00e0 c\u00f4ng nghi\u1ec7p. V\u1edbi \u0111\u1ed9i ng\u0169 k\u1ef9 s\u01b0 v\u00e0 chuy\u00ean gia gi\u00e0u kinh nghi\u1ec7m, Connstriction lu\u00f4n cam k\u1ebft s\u1eed d\u1ee5ng c\u00e1c gi\u1ea3i ph\u00e1p k\u1ef9 thu\u1eadt ti\u00ean ti\u1ebfn, v\u1eadt li\u1ec7u cao c\u1ea5p, v\u00e0 quy tr\u00ecnh thi c\u00f4ng nghi\u00eam ng\u1eb7t \u0111\u1ec3 \u0111\u1ea3m b\u1ea3o m\u1ed7i c\u00f4ng tr\u00ecnh \u0111\u1ec1u \u0111\u00e1p \u1ee9ng nh\u1eefng ti\u00eau chu\u1ea9n cao nh\u1ea5t v\u1ec1 an to\u00e0n, ch\u1ea5t l\u01b0\u1ee3ng, v\u00e0 th\u1ea9m m\u1ef9. Ch\u00fang t\u00f4i kh\u00f4ng ch\u1ec9 x\u00e2y d\u1ef1ng nh\u1eefng c\u00f4ng tr\u00ecnh, m\u00e0 c\u00f2n x\u00e2y d\u1ef1ng ni\u1ec1m tin t\u1eeb s\u1ef1 h\u00e0i l\u00f2ng c\u1ee7a kh\u00e1ch h\u00e0ng. V\u1edbi ph\u01b0\u01a1ng ch\u00e2m \u201cCh\u1ea5t l\u01b0\u1ee3ng l\u00e0 n\u1ec1n m\u00f3ng c\u1ee7a th\u00e0nh c\u00f4ng,\u201d Connstriction mong mu\u1ed1n \u0111\u1ed3ng h\u00e0nh c\u00f9ng b\u1ea1n trong m\u1ed7i b\u01b0\u1edbc ti\u1ebfn tr\u00ean h\u00e0nh tr\u00ecnh ph\u00e1t tri\u1ec3n b\u1ec1n v\u1eefng. H\u00e3y \u0111\u1ec3 ch\u00fang t\u00f4i bi\u1ebfn \u00fd t\u01b0\u1edfng c\u1ee7a b\u1ea1n th\u00e0nh hi\u1ec7n th\u1ef1c.<\/p>\n","protected":false},"author":1,"featured_media":0,"parent":0,"menu_order":0,"comment_status":"closed","ping_status":"closed","template":"","meta":{"footnotes":""},"class_list":["post-381","page","type-page","status-publish","hentry"],"_links":{"self":[{"href":"https:\/\/webchodoanhnghiep.tamkhoa.com\/xay-dung-01\/wp-json\/wp\/v2\/pages\/381"}],"collection":[{"href":"https:\/\/webchodoanhnghiep.tamkhoa.com\/xay-dung-01\/wp-json\/wp\/v2\/pages"}],"about":[{"href":"https:\/\/webchodoanhnghiep.tamkhoa.com\/xay-dung-01\/wp-json\/wp\/v2\/types\/page"}],"author":[{"embeddable":true,"href":"https:\/\/webchodoanhnghiep.tamkhoa.com\/xay-dung-01\/wp-json\/wp\/v2\/users\/1"}],"replies":[{"embeddable":true,"href":"https:\/\/webchodoanhnghiep.tamkhoa.com\/xay-dung-01\/wp-json\/wp\/v2\/comments?post=381"}],"version-history":[{"count":0,"href":"https:\/\/webchodoanhnghiep.tamkhoa.com\/xay-dung-01\/wp-json\/wp\/v2\/pages\/381\/revisions"}],"wp:attachment":[{"href":"https:\/\/webchodoanhnghiep.tamkhoa.com\/xay-dung-01\/wp-json\/wp\/v2\/media?parent=381"}],"curies":[{"name":"wp","href":"https:\/\/api.w.org\/{rel}","templated":true}]}}